{"id":29131,"date":"2024-09-24T19:35:20","date_gmt":"2024-09-24T19:35:20","guid":{"rendered":"https:\/\/boostgrowb.com\/newsletter\/"},"modified":"2025-08-26T11:20:07","modified_gmt":"2025-08-26T11:20:07","slug":"newsletter","status":"publish","type":"page","link":"https:\/\/boostgrowb.com\/en\/newsletter\/","title":{"rendered":"Newsletter"},"content":{"rendered":"\t\t<div data-elementor-type=\"wp-page\" data-elementor-id=\"29131\" class=\"elementor elementor-29131 elementor-8353\" data-elementor-post-type=\"page\">\n\t\t\t\t\t\t<section class=\"elementor-section elementor-top-section elementor-element elementor-element-de87e4f elementor-section-boxed elementor-section-height-default elementor-section-height-default wpr-particle-no wpr-jarallax-no wpr-parallax-no wpr-sticky-section-no\" data-id=\"de87e4f\" data-element_type=\"section\" data-e-type=\"section\">\n\t\t\t\t\t\t<div class=\"elementor-container elementor-column-gap-default\">\n\t\t\t\t\t<div class=\"elementor-column elementor-col-100 elementor-top-column elementor-element elementor-element-8ee7c1d\" data-id=\"8ee7c1d\" data-element_type=\"column\" data-e-type=\"column\">\n\t\t\t<div class=\"elementor-widget-wrap elementor-element-populated\">\n\t\t\t\t\t\t<section class=\"elementor-section elementor-inner-section elementor-element elementor-element-caac207 elementor-section-boxed elementor-section-height-default elementor-section-height-default wpr-particle-no wpr-jarallax-no wpr-parallax-no wpr-sticky-section-no\" data-id=\"caac207\" data-element_type=\"section\" data-e-type=\"section\">\n\t\t\t\t\t\t<div class=\"elementor-container elementor-column-gap-default\">\n\t\t\t\t\t<div class=\"elementor-column elementor-col-50 elementor-inner-column elementor-element elementor-element-38bd802\" data-id=\"38bd802\" data-element_type=\"column\" data-e-type=\"column\">\n\t\t\t<div class=\"elementor-widget-wrap elementor-element-populated\">\n\t\t\t\t\t\t<div class=\"elementor-element elementor-element-731208d elementor-widget-mobile__width-inherit elementor-widget elementor-widget-elementskit-heading\" data-id=\"731208d\" data-element_type=\"widget\" data-e-type=\"widget\" data-widget_type=\"elementskit-heading.default\">\n\t\t\t\t<div class=\"elementor-widget-container\">\n\t\t\t\t\t<div class=\"ekit-wid-con\" ><div class=\"ekit-heading elementskit-section-title-wraper    ekit_heading_tablet-   ekit_heading_mobile-\"><h1 class=\"ekit-heading--title elementskit-section-title \">Don't miss any more opportunities!<\/h1>\t\t\t\t<div class='ekit-heading__description'>\n\t\t\t\t\t<p>Receive a 100% actionable newsletter every week to help you move forward with your projects. Whether you're an entrepreneur, freelancer or manager, boost your business with high value-added content specially designed for you. Subscribe now and don't miss out on any opportunity to grow your business!  <\/p>\n\t\t\t\t<\/div>\n\t\t\t<\/div><\/div>\t\t\t\t<\/div>\n\t\t\t\t<\/div>\n\t\t\t\t<div class=\"elementor-element elementor-element-abeac40 elementor-button-align-stretch elementor-widget elementor-widget-form\" data-id=\"abeac40\" data-element_type=\"widget\" data-e-type=\"widget\" data-settings=\"{&quot;button_width&quot;:&quot;33&quot;,&quot;step_next_label&quot;:&quot;Next&quot;,&quot;step_previous_label&quot;:&quot;Previous&quot;,&quot;step_type&quot;:&quot;number_text&quot;,&quot;step_icon_shape&quot;:&quot;circle&quot;}\" data-widget_type=\"form.default\">\n\t\t\t\t<div class=\"elementor-widget-container\">\n\t\t\t\t\t\t\t<form class=\"elementor-form\" method=\"post\" name=\"New Form\" aria-label=\"New Form\">\n\t\t\t<input type=\"hidden\" name=\"post_id\" value=\"29131\"\/>\n\t\t\t<input type=\"hidden\" name=\"form_id\" value=\"abeac40\"\/>\n\t\t\t<input type=\"hidden\" name=\"referer_title\" value=\"Newsletter with our exclusive tips | Boost Growb\" \/>\n\n\t\t\t\t\t\t\t<input type=\"hidden\" name=\"queried_id\" value=\"29131\"\/>\n\t\t\t\n\t\t\t<div class=\"elementor-form-fields-wrapper elementor-labels-above\">\n\t\t\t\t\t\t\t\t<div class=\"elementor-field-type-email elementor-field-group elementor-column elementor-field-group-email elementor-col-66 elementor-field-required\">\n\t\t\t\t\t\t\t\t\t\t\t\t\t<input size=\"1\" type=\"email\" name=\"form_fields[email]\" id=\"form-field-email\" class=\"elementor-field elementor-size-sm  elementor-field-textual\" placeholder=\"Your e-mail address\" required=\"required\">\n\t\t\t\t\t\t\t\t\t\t\t<\/div>\n\t\t\t\t\t\t\t\t<div class=\"elementor-field-group elementor-column elementor-field-type-submit elementor-col-33 e-form__buttons\">\n\t\t\t\t\t<button class=\"elementor-button elementor-size-sm\" type=\"submit\">\n\t\t\t\t\t\t<span class=\"elementor-button-content-wrapper\">\n\t\t\t\t\t\t\t\t\t\t\t\t\t\t\t\t\t\t\t\t\t\t<span class=\"elementor-button-text\">Subscribe<\/span>\n\t\t\t\t\t\t\t\t\t\t\t\t\t<\/span>\n\t\t\t\t\t<\/button>\n\t\t\t\t<\/div>\n\t\t\t<\/div>\n\t\t<\/form>\n\t\t\t\t\t\t<\/div>\n\t\t\t\t<\/div>\n\t\t\t\t\t<\/div>\n\t\t<\/div>\n\t\t\t\t<div class=\"elementor-column elementor-col-50 elementor-inner-column elementor-element elementor-element-a2de1c8\" data-id=\"a2de1c8\" data-element_type=\"column\" data-e-type=\"column\">\n\t\t\t<div class=\"elementor-widget-wrap elementor-element-populated\">\n\t\t\t\t\t\t<div class=\"elementor-element elementor-element-9a914bc ekit-equal-height-disable elementor-widget elementor-widget-elementskit-icon-box\" data-id=\"9a914bc\" data-element_type=\"widget\" data-e-type=\"widget\" data-widget_type=\"elementskit-icon-box.default\">\n\t\t\t\t<div class=\"elementor-widget-container\">\n\t\t\t\t\t<div class=\"ekit-wid-con\" >        <!-- link opening -->\n                <a href=\"#\" class=\"ekit_global_links\">\n                <!-- end link opening -->\n\n        <div class=\"elementskit-infobox text- text-left icon-lef-right-aligin elementor-animation- media  \">\n                    <div class=\"elementskit-box-header elementor-animation-\">\n                <div class=\"elementskit-info-box-icon  text-center\">\n                    <i aria-hidden=\"true\" class=\"elementkit-infobox-icon icon icon-trophy1\"><\/i>\n                <\/div>\n          <\/div>\n                        <div class=\"box-body\">\n                            <h3 class=\"elementskit-info-box-title\">\n                    Better tool selection                <\/h3>\n                        \t\t  \t<p>Receive our best selection of AI and CRM tools<\/p>\n                                <\/div>\n        \n        \n                <\/div>\n                <\/a>\n        <\/div>\t\t\t\t<\/div>\n\t\t\t\t<\/div>\n\t\t\t\t<div class=\"elementor-element elementor-element-be0e154 ekit-equal-height-disable elementor-widget elementor-widget-elementskit-icon-box\" data-id=\"be0e154\" data-element_type=\"widget\" data-e-type=\"widget\" data-widget_type=\"elementskit-icon-box.default\">\n\t\t\t\t<div class=\"elementor-widget-container\">\n\t\t\t\t\t<div class=\"ekit-wid-con\" >        <!-- link opening -->\n                <a href=\"#\" class=\"ekit_global_links\">\n                <!-- end link opening -->\n\n        <div class=\"elementskit-infobox text- text-left icon-lef-right-aligin elementor-animation- media  \">\n                    <div class=\"elementskit-box-header elementor-animation-\">\n                <div class=\"elementskit-info-box-icon  text-center\">\n                    <i aria-hidden=\"true\" class=\"elementkit-infobox-icon icon icon-light-bulb-1\"><\/i>\n                <\/div>\n          <\/div>\n                        <div class=\"box-body\">\n                            <h3 class=\"elementskit-info-box-title\">\n                    Our best I&#039;A tips &amp; tricks                <\/h3>\n                        \t\t  \t<p>Get our tips and tricks for using AI<\/p>\n                                <\/div>\n        \n        \n                <\/div>\n                <\/a>\n        <\/div>\t\t\t\t<\/div>\n\t\t\t\t<\/div>\n\t\t\t\t<div class=\"elementor-element elementor-element-7661769 ekit-equal-height-disable elementor-widget elementor-widget-elementskit-icon-box\" data-id=\"7661769\" data-element_type=\"widget\" data-e-type=\"widget\" data-widget_type=\"elementskit-icon-box.default\">\n\t\t\t\t<div class=\"elementor-widget-container\">\n\t\t\t\t\t<div class=\"ekit-wid-con\" >        <!-- link opening -->\n                <a href=\"#\" class=\"ekit_global_links\">\n                <!-- end link opening -->\n\n        <div class=\"elementskit-infobox text- text-left icon-lef-right-aligin elementor-animation- media  \">\n                    <div class=\"elementskit-box-header elementor-animation-\">\n                <div class=\"elementskit-info-box-icon  text-center\">\n                    <i aria-hidden=\"true\" class=\"elementkit-infobox-icon icon icon-agenda\"><\/i>\n                <\/div>\n          <\/div>\n                        <div class=\"box-body\">\n                            <h3 class=\"elementskit-info-box-title\">\n                    The best resources of the week                <\/h3>\n                        \t\t  \t<p>Receive the best actionable resources and the latest news on AI<\/p>\n                                <\/div>\n        \n        \n                <\/div>\n                <\/a>\n        <\/div>\t\t\t\t<\/div>\n\t\t\t\t<\/div>\n\t\t\t\t<div class=\"elementor-element elementor-element-5ecda51 elementor-widget__width-initial elementor-absolute elementor-widget-divider--view-line elementor-widget elementor-widget-divider\" data-id=\"5ecda51\" data-element_type=\"widget\" data-e-type=\"widget\" data-settings=\"{&quot;_position&quot;:&quot;absolute&quot;}\" data-widget_type=\"divider.default\">\n\t\t\t\t<div class=\"elementor-widget-container\">\n\t\t\t\t\t\t\t<div class=\"elementor-divider\">\n\t\t\t<span class=\"elementor-divider-separator\">\n\t\t\t\t\t\t<\/span>\n\t\t<\/div>\n\t\t\t\t\t\t<\/div>\n\t\t\t\t<\/div>\n\t\t\t\t\t<\/div>\n\t\t<\/div>\n\t\t\t\t\t<\/div>\n\t\t<\/section>\n\t\t\t\t\t<\/div>\n\t\t<\/div>\n\t\t\t\t\t<\/div>\n\t\t<\/section>\n\t\t\t\t<section class=\"elementor-section elementor-top-section elementor-element elementor-element-41bd608f elementor-section-boxed elementor-section-height-default elementor-section-height-default wpr-particle-no wpr-jarallax-no wpr-parallax-no wpr-sticky-section-no\" data-id=\"41bd608f\" data-element_type=\"section\" data-e-type=\"section\" id=\"xs_faq_1\">\n\t\t\t\t\t\t<div class=\"elementor-container elementor-column-gap-default\">\n\t\t\t\t\t<div class=\"elementor-column elementor-col-100 elementor-top-column elementor-element elementor-element-f9a0b37\" data-id=\"f9a0b37\" data-element_type=\"column\" data-e-type=\"column\">\n\t\t\t<div class=\"elementor-widget-wrap elementor-element-populated\">\n\t\t\t\t\t\t<section class=\"elementor-section elementor-inner-section elementor-element elementor-element-16e58ab2 elementor-section-boxed elementor-section-height-default elementor-section-height-default wpr-particle-no wpr-jarallax-no wpr-parallax-no wpr-sticky-section-no\" data-id=\"16e58ab2\" data-element_type=\"section\" data-e-type=\"section\">\n\t\t\t\t\t\t<div class=\"elementor-container elementor-column-gap-default\">\n\t\t\t\t\t<div class=\"elementor-column elementor-col-50 elementor-inner-column elementor-element elementor-element-1e2968ac\" data-id=\"1e2968ac\" data-element_type=\"column\" data-e-type=\"column\">\n\t\t\t<div class=\"elementor-widget-wrap elementor-element-populated\">\n\t\t\t\t\t\t<div class=\"elementor-element elementor-element-39650b3e elementor-widget elementor-widget-elementskit-faq\" data-id=\"39650b3e\" data-element_type=\"widget\" data-e-type=\"widget\" data-widget_type=\"elementskit-faq.default\">\n\t\t\t\t<div class=\"elementor-widget-container\">\n\t\t\t\t\t<div class=\"ekit-wid-con\" >\n                <div class=\"elementskit-single-faq elementor-repeater-item-d9fa2c9\">\n            <div class=\"elementskit-faq-header\">\n                <h2 class=\"elementskit-faq-title\">Pourquoi devrais-je m&#039;inscrire \u00e0 la newsletter ?<\/h2>\n            <\/div>\n            <div class=\"elementskit-faq-body\">\n                Notre newsletter vous apporte des conseils, des astuces et des actualit\u00e9s sur les meilleurs outils num\u00e9riques pour d\u00e9velopper votre entreprise. C'est une mani\u00e8re simple et efficace de rester inform\u00e9 et de b\u00e9n\u00e9ficier de contenus exclusifs directement dans votre bo\u00eete mail.            <\/div>\n        <\/div>\n                <div class=\"elementskit-single-faq elementor-repeater-item-1a01986\">\n            <div class=\"elementskit-faq-header\">\n                <h2 class=\"elementskit-faq-title\">\u00c0 quelle fr\u00e9quence vais-je recevoir des emails ?<\/h2>\n            <\/div>\n            <div class=\"elementskit-faq-body\">\n                Vous recevrez notre newsletter une fois par semaine. Nous veillons \u00e0 vous envoyer des informations pertinentes sans surcharger votre bo\u00eete de r\u00e9ception.            <\/div>\n        <\/div>\n                \n    <\/div>\t\t\t\t<\/div>\n\t\t\t\t<\/div>\n\t\t\t\t\t<\/div>\n\t\t<\/div>\n\t\t\t\t<div class=\"elementor-column elementor-col-50 elementor-inner-column elementor-element elementor-element-4542c068\" data-id=\"4542c068\" data-element_type=\"column\" data-e-type=\"column\">\n\t\t\t<div class=\"elementor-widget-wrap elementor-element-populated\">\n\t\t\t\t\t\t<div class=\"elementor-element elementor-element-697415a5 elementor-widget elementor-widget-elementskit-faq\" data-id=\"697415a5\" data-element_type=\"widget\" data-e-type=\"widget\" data-widget_type=\"elementskit-faq.default\">\n\t\t\t\t<div class=\"elementor-widget-container\">\n\t\t\t\t\t<div class=\"ekit-wid-con\" >\n                <div class=\"elementskit-single-faq elementor-repeater-item-8e6e01e\">\n            <div class=\"elementskit-faq-header\">\n                <h2 class=\"elementskit-faq-title\">Puis-je me d\u00e9sinscrire \u00e0 tout moment ?<\/h2>\n            <\/div>\n            <div class=\"elementskit-faq-body\">\n                Bien s\u00fbr ! Vous pouvez vous d\u00e9sinscrire \u00e0 tout moment en cliquant sur le lien de d\u00e9sinscription situ\u00e9 en bas de chaque email que nous envoyons.            <\/div>\n        <\/div>\n                <div class=\"elementskit-single-faq elementor-repeater-item-55e5019\">\n            <div class=\"elementskit-faq-header\">\n                <h2 class=\"elementskit-faq-title\">Que contiendra la newsletter ?<\/h2>\n            <\/div>\n            <div class=\"elementskit-faq-body\">\n                Notre newsletter contient des articles sur le d\u00e9veloppement de votre entreprise gr\u00e2ce \u00e0 des outils comme le marketing digital, la gestion de projet, les logiciels de comptabilit\u00e9 et les outils d'IA, ainsi que des astuces pour booster votre business et rester \u00e0 jour sur les nouvelles tendances.            <\/div>\n        <\/div>\n                \n    <\/div>\t\t\t\t<\/div>\n\t\t\t\t<\/div>\n\t\t\t\t\t<\/div>\n\t\t<\/div>\n\t\t\t\t\t<\/div>\n\t\t<\/section>\n\t\t\t\t\t<\/div>\n\t\t<\/div>\n\t\t\t\t\t<\/div>\n\t\t<\/section>\n\t\t\t\t<\/div>\n\t\t","protected":false},"excerpt":{"rendered":"<p>Don&#8217;t miss any more opportunities! Receive a 100% actionable newsletter every week to help you move forward with your projects. Whether you&#8217;re an entrepreneur, freelancer or manager, boost your business with high value-added content specially designed for you. Subscribe now and don&#8217;t miss out on any opportunity to grow your business! Better tool selection Receive our best selection of AI and CRM tools Our best I&#039;A tips &amp; tricks Get our tips and tricks for using AI The best resources of the week Receive the best actionable resources and the latest news on AI Pourquoi devrais-je m&#039;inscrire \u00e0 la newsletter ? Notre newsletter vous apporte des conseils, des astuces et des actualit\u00e9s sur les meilleurs outils num\u00e9riques pour d\u00e9velopper votre entreprise. C&#8217;est une mani\u00e8re simple et efficace de rester inform\u00e9 et de b\u00e9n\u00e9ficier de contenus exclusifs directement dans votre bo\u00eete mail. \u00c0 quelle fr\u00e9quence vais-je recevoir des emails ? Vous recevrez notre newsletter une fois par semaine. Nous veillons \u00e0 vous envoyer des informations pertinentes sans surcharger votre bo\u00eete de r\u00e9ception. Puis-je me d\u00e9sinscrire \u00e0 tout moment ? Bien s\u00fbr ! Vous pouvez vous d\u00e9sinscrire \u00e0 tout moment en cliquant sur le lien de d\u00e9sinscription situ\u00e9 en bas de chaque email que nous envoyons. Que contiendra la newsletter ? Notre newsletter contient des articles sur le d\u00e9veloppement de votre entreprise gr\u00e2ce \u00e0 des outils comme le marketing digital, la gestion de projet, les logiciels de comptabilit\u00e9 et les outils d&#8217;IA, ainsi que des astuces pour booster votre business et rester \u00e0 jour sur les nouvelles tendances.<\/p>\n","protected":false},"author":4,"featured_media":0,"parent":0,"menu_order":0,"comment_status":"closed","ping_status":"closed","template":"","meta":{"_acf_changed":false,"_glsr_average":0,"_glsr_ranking":0,"_glsr_reviews":0,"footnotes":""},"class_list":["post-29131","page","type-page","status-publish","hentry"],"acf":[],"_links":{"self":[{"href":"https:\/\/boostgrowb.com\/en\/wp-json\/wp\/v2\/pages\/29131","targetHints":{"allow":["GET"]}}],"collection":[{"href":"https:\/\/boostgrowb.com\/en\/wp-json\/wp\/v2\/pages"}],"about":[{"href":"https:\/\/boostgrowb.com\/en\/wp-json\/wp\/v2\/types\/page"}],"author":[{"embeddable":true,"href":"https:\/\/boostgrowb.com\/en\/wp-json\/wp\/v2\/users\/4"}],"replies":[{"embeddable":true,"href":"https:\/\/boostgrowb.com\/en\/wp-json\/wp\/v2\/comments?post=29131"}],"version-history":[{"count":0,"href":"https:\/\/boostgrowb.com\/en\/wp-json\/wp\/v2\/pages\/29131\/revisions"}],"wp:attachment":[{"href":"https:\/\/boostgrowb.com\/en\/wp-json\/wp\/v2\/media?parent=29131"}],"curies":[{"name":"wp","href":"https:\/\/api.w.org\/{rel}","templated":true}]}}