{"id":29703,"date":"2024-06-12T14:50:47","date_gmt":"2024-06-12T14:50:47","guid":{"rendered":"https:\/\/boostgrowb.com\/uso-de-cookies\/"},"modified":"2025-07-04T06:47:35","modified_gmt":"2025-07-04T06:47:35","slug":"uso-de-cookies","status":"publish","type":"page","link":"https:\/\/boostgrowb.com\/es\/uso-de-cookies\/","title":{"rendered":"Uso de cookies"},"content":{"rendered":"\t\t<div data-elementor-type=\"wp-page\" data-elementor-id=\"29703\" class=\"elementor elementor-29703 elementor-1847\" data-elementor-post-type=\"page\">\n\t\t\t\t\t\t<section class=\"elementor-section elementor-top-section elementor-element elementor-element-75df665 elementor-section-height-min-height elementor-section-content-middle elementor-section-boxed elementor-section-height-default elementor-section-items-middle wpr-particle-no wpr-jarallax-no wpr-parallax-no wpr-sticky-section-no\" data-id=\"75df665\" data-element_type=\"section\" data-e-type=\"section\" data-settings=\"{&quot;background_background&quot;:&quot;classic&quot;,&quot;shape_divider_bottom&quot;:&quot;tilt&quot;}\">\n\t\t\t\t\t\t\t<div class=\"elementor-background-overlay\"><\/div>\n\t\t\t\t\t\t<div class=\"elementor-shape elementor-shape-bottom\" aria-hidden=\"true\" data-negative=\"false\">\n\t\t\t<svg xmlns=\"http:\/\/www.w3.org\/2000\/svg\" viewBox=\"0 0 1000 100\" preserveAspectRatio=\"none\">\n\t<path class=\"elementor-shape-fill\" d=\"M0,6V0h1000v100L0,6z\"\/>\n<\/svg>\t\t<\/div>\n\t\t\t\t\t<div class=\"elementor-container elementor-column-gap-default\">\n\t\t\t\t\t<div class=\"elementor-column elementor-col-100 elementor-top-column elementor-element elementor-element-a07450d\" data-id=\"a07450d\" data-element_type=\"column\" data-e-type=\"column\">\n\t\t\t<div class=\"elementor-widget-wrap elementor-element-populated\">\n\t\t\t\t\t\t<div class=\"elementor-element elementor-element-2a7563f elementor-widget elementor-widget-heading\" data-id=\"2a7563f\" data-element_type=\"widget\" data-e-type=\"widget\" data-widget_type=\"heading.default\">\n\t\t\t\t<div class=\"elementor-widget-container\">\n\t\t\t\t\t<h2 class=\"elementor-heading-title elementor-size-default\">Uso de cookies<\/h2>\t\t\t\t<\/div>\n\t\t\t\t<\/div>\n\t\t\t\t\t<\/div>\n\t\t<\/div>\n\t\t\t\t\t<\/div>\n\t\t<\/section>\n\t\t\t\t<section class=\"elementor-section elementor-top-section elementor-element elementor-element-878370d elementor-section-boxed elementor-section-height-default elementor-section-height-default wpr-particle-no wpr-jarallax-no wpr-parallax-no wpr-sticky-section-no\" data-id=\"878370d\" data-element_type=\"section\" data-e-type=\"section\" data-settings=\"{&quot;background_background&quot;:&quot;classic&quot;}\">\n\t\t\t\t\t\t<div class=\"elementor-container elementor-column-gap-default\">\n\t\t\t\t\t<div class=\"elementor-column elementor-col-100 elementor-top-column elementor-element elementor-element-b658cbe\" data-id=\"b658cbe\" data-element_type=\"column\" data-e-type=\"column\" data-settings=\"{&quot;background_background&quot;:&quot;classic&quot;}\">\n\t\t\t<div class=\"elementor-widget-wrap elementor-element-populated\">\n\t\t\t\t\t\t<div class=\"elementor-element elementor-element-0971fa7 elementor-widget elementor-widget-text-editor\" data-id=\"0971fa7\" data-element_type=\"widget\" data-e-type=\"widget\" data-widget_type=\"text-editor.default\">\n\t\t\t\t<div class=\"elementor-widget-container\">\n\t\t\t\t\t\t\t\t\t<p>BoostGrowb utiliza cookies y tecnolog\u00edas similares en su sitio web para mejorar la experiencia de navegaci\u00f3n de sus usuarios y comprender mejor sus usos y preferencias.<\/p><h4>\u00bfQu\u00e9 es una galleta?<\/h4><p>Una cookie es un peque\u00f1o archivo de texto que un sitio web almacena en el dispositivo del usuario (ordenador, smartphone, tableta, etc.) cuando lo visita. Se utiliza para almacenar cierta informaci\u00f3n sobre la navegaci\u00f3n del usuario. <\/p><h4>\u00bfQu\u00e9 tipos de cookies se utilizan en BoostGrowb?<\/h4><p>En el sitio web de BoostGrowb se utilizan varios tipos de cookies:<\/p><p><strong>Cookies t\u00e9cnicas :<\/strong><\/p><p>Son necesarias para el funcionamiento del sitio web y la prestaci\u00f3n de los servicios ofrecidos (por ejemplo, para recordar los art\u00edculos de una cesta de la compra).<\/p><p><strong>Cookies de medici\u00f3n de audiencia :<\/strong><\/p><p>Se utilizan para medir las visitas y el uso del sitio web con el fin de mejorar el rendimiento y la navegaci\u00f3n (por ejemplo, Google Analytics).<\/p><p><strong>Cookies publicitarias :<\/strong><\/p><p>Nos permiten ofrecerte publicidad y contenidos relevantes basados en tus centros de inter\u00e9s (por ejemplo, para presentarte ofertas de software relacionadas con tu actividad).<\/p><h4>Gesti\u00f3n de cookies<\/h4><p>Puedes configurar las cookies cambiando los ajustes de tu navegador. Tambi\u00e9n puedes desactivar determinadas cookies no esenciales en la configuraci\u00f3n del sitio web. <\/p><p>Si tienes alguna pregunta, ponte en contacto con nosotros en <span style=\"color: #000000;\"><strong><a style=\"color: #000000;\" href=\"mailto:cookies@boostgrowb.com\" target=\"_blank\" rel=\"noopener\">cookies@boostgrowb.com.<\/a><\/strong><\/span><\/p>\t\t\t\t\t\t\t\t<\/div>\n\t\t\t\t<\/div>\n\t\t\t\t\t<\/div>\n\t\t<\/div>\n\t\t\t\t\t<\/div>\n\t\t<\/section>\n\t\t\t\t<\/div>\n\t\t","protected":false},"excerpt":{"rendered":"<p>BoostGrowb utiliza cookies y tecnolog\u00edas similares en su sitio web para mejorar la experiencia de navegaci\u00f3n de sus usuarios y comprender mejor sus usos y preferencias. \u00bfQu\u00e9 es una galleta? Una cookie es un peque\u00f1o archivo de texto que un sitio web almacena en el dispositivo del usuario (ordenador, smartphone, tableta, etc.) cuando lo visita. Se utiliza para almacenar cierta informaci\u00f3n sobre la navegaci\u00f3n del usuario. \u00bfQu\u00e9 tipos de cookies se utilizan en BoostGrowb? En el sitio web de BoostGrowb se utilizan varios tipos de cookies: Cookies t\u00e9cnicas : Son necesarias para el funcionamiento del sitio web y la prestaci\u00f3n de los servicios ofrecidos (por ejemplo, para recordar los art\u00edculos de una cesta de la compra). Cookies de medici\u00f3n de audiencia : Se utilizan para medir las visitas y el uso del sitio web con el fin de mejorar el rendimiento y la navegaci\u00f3n (por ejemplo, Google Analytics). Cookies publicitarias : Nos permiten ofrecerte publicidad y contenidos relevantes basados en tus centros de inter\u00e9s (por ejemplo, para presentarte ofertas de software relacionadas con tu actividad). Gesti\u00f3n de cookies Puedes configurar las cookies cambiando los ajustes de tu navegador. Tambi\u00e9n puedes desactivar determinadas cookies no esenciales en la configuraci\u00f3n del sitio web. Si tienes alguna pregunta, ponte en contacto con nosotros en cookies@boostgrowb.com.<\/p>\n","protected":false},"author":4,"featured_media":0,"parent":0,"menu_order":0,"comment_status":"closed","ping_status":"closed","template":"elementor_header_footer","meta":{"_acf_changed":false,"_glsr_average":0,"_glsr_ranking":0,"_glsr_reviews":0,"footnotes":""},"class_list":["post-29703","page","type-page","status-publish","hentry"],"acf":[],"_links":{"self":[{"href":"https:\/\/boostgrowb.com\/es\/wp-json\/wp\/v2\/pages\/29703","targetHints":{"allow":["GET"]}}],"collection":[{"href":"https:\/\/boostgrowb.com\/es\/wp-json\/wp\/v2\/pages"}],"about":[{"href":"https:\/\/boostgrowb.com\/es\/wp-json\/wp\/v2\/types\/page"}],"author":[{"embeddable":true,"href":"https:\/\/boostgrowb.com\/es\/wp-json\/wp\/v2\/users\/4"}],"replies":[{"embeddable":true,"href":"https:\/\/boostgrowb.com\/es\/wp-json\/wp\/v2\/comments?post=29703"}],"version-history":[{"count":0,"href":"https:\/\/boostgrowb.com\/es\/wp-json\/wp\/v2\/pages\/29703\/revisions"}],"wp:attachment":[{"href":"https:\/\/boostgrowb.com\/es\/wp-json\/wp\/v2\/media?parent=29703"}],"curies":[{"name":"wp","href":"https:\/\/api.w.org\/{rel}","templated":true}]}}