{"id":29707,"date":"2024-06-12T08:20:50","date_gmt":"2024-06-12T08:20:50","guid":{"rendered":"https:\/\/boostgrowb.com\/informacion-legal\/"},"modified":"2025-08-28T17:13:46","modified_gmt":"2025-08-28T17:13:46","slug":"informacion-legal","status":"publish","type":"page","link":"https:\/\/boostgrowb.com\/es\/informacion-legal\/","title":{"rendered":"Informaci\u00f3n legal"},"content":{"rendered":"\t\t<div data-elementor-type=\"wp-page\" data-elementor-id=\"29707\" class=\"elementor elementor-29707 elementor-1723\" data-elementor-post-type=\"page\">\n\t\t\t\t\t\t<section class=\"elementor-section elementor-top-section elementor-element elementor-element-d95cfd7 elementor-section-height-min-height elementor-section-content-middle elementor-section-boxed elementor-section-height-default elementor-section-items-middle wpr-particle-no wpr-jarallax-no wpr-parallax-no wpr-sticky-section-no\" data-id=\"d95cfd7\" data-element_type=\"section\" data-e-type=\"section\" data-settings=\"{&quot;background_background&quot;:&quot;classic&quot;,&quot;shape_divider_bottom&quot;:&quot;tilt&quot;}\">\n\t\t\t\t\t\t\t<div class=\"elementor-background-overlay\"><\/div>\n\t\t\t\t\t\t<div class=\"elementor-shape elementor-shape-bottom\" aria-hidden=\"true\" data-negative=\"false\">\n\t\t\t<svg xmlns=\"http:\/\/www.w3.org\/2000\/svg\" viewBox=\"0 0 1000 100\" preserveAspectRatio=\"none\">\n\t<path class=\"elementor-shape-fill\" d=\"M0,6V0h1000v100L0,6z\"\/>\n<\/svg>\t\t<\/div>\n\t\t\t\t\t<div class=\"elementor-container elementor-column-gap-default\">\n\t\t\t\t\t<div class=\"elementor-column elementor-col-100 elementor-top-column elementor-element elementor-element-c55b3dc\" data-id=\"c55b3dc\" data-element_type=\"column\" data-e-type=\"column\">\n\t\t\t<div class=\"elementor-widget-wrap elementor-element-populated\">\n\t\t\t\t\t\t<div class=\"elementor-element elementor-element-25c8447 elementor-widget elementor-widget-heading\" data-id=\"25c8447\" data-element_type=\"widget\" data-e-type=\"widget\" data-widget_type=\"heading.default\">\n\t\t\t\t<div class=\"elementor-widget-container\">\n\t\t\t\t\t<h2 class=\"elementor-heading-title elementor-size-default\">Informaci\u00f3n legal<\/h2>\t\t\t\t<\/div>\n\t\t\t\t<\/div>\n\t\t\t\t\t<\/div>\n\t\t<\/div>\n\t\t\t\t\t<\/div>\n\t\t<\/section>\n\t\t\t\t<section class=\"elementor-section elementor-top-section elementor-element elementor-element-7f9bb9a elementor-section-boxed elementor-section-height-default elementor-section-height-default wpr-particle-no wpr-jarallax-no wpr-parallax-no wpr-sticky-section-no\" data-id=\"7f9bb9a\" data-element_type=\"section\" data-e-type=\"section\" data-settings=\"{&quot;background_background&quot;:&quot;classic&quot;}\">\n\t\t\t\t\t\t<div class=\"elementor-container elementor-column-gap-default\">\n\t\t\t\t\t<div class=\"elementor-column elementor-col-100 elementor-top-column elementor-element elementor-element-acc91b0\" data-id=\"acc91b0\" data-element_type=\"column\" data-e-type=\"column\" data-settings=\"{&quot;background_background&quot;:&quot;classic&quot;}\">\n\t\t\t<div class=\"elementor-widget-wrap elementor-element-populated\">\n\t\t\t\t\t\t<div class=\"elementor-element elementor-element-c5ca3d0 elementor-widget elementor-widget-text-editor\" data-id=\"c5ca3d0\" data-element_type=\"widget\" data-e-type=\"widget\" data-widget_type=\"text-editor.default\">\n\t\t\t\t<div class=\"elementor-widget-container\">\n\t\t\t\t\t\t\t\t\t<h4>Informaci\u00f3n legal<\/h4>\n<p><strong>Empresa editora:<\/strong> Boost Growb SAS<br><strong>Forma jur\u00eddica:<\/strong> SARL<br><strong>Domicilio social<\/strong>: 6bis rue john lennon 95370 Montigny les cormeilles<br><strong>N\u00famero de IVA intracomunitario<\/strong>: FR04935330613<\/p>\n<p><strong>Director de la publicaci\u00f3n<\/strong>: <br>Sr. Xxxxxx YYYYYY, Presidente de Boost Growb SARL<\/p>\n<p><strong>Alojamiento: <\/strong><br>Hostinger<br><span style=\"color: rgb(0, 29, 53); font-family: \"Google Sans\", Arial, sans-serif;\">Hostinger, UAB, 34, rue \u0160vitrigailos, 03230 Vilnius, Lituania.<\/span><span jscontroller=\"JHnpme\" data-cid=\"49cf6fa7-dba8-48db-bb86-c8a7d69fe6fd\" jsaction=\"rcuQ6b:npT2md\" style=\"color: rgb(0, 29, 53); font-family: \"Google Sans\", Arial, sans-serif;\"><span style=\"text-wrap-mode: nowrap;\">&nbsp;<\/span><\/span><\/p>\n<h4>Condiciones de uso<\/h4>\n<p>El acceso al sitio web Boost Growb y su uso est\u00e1n sujetos a estas condiciones. Al acceder al sitio, el usuario acepta estas condiciones sin reservas. <\/p>\n<p>Boost Growb se reserva el derecho a modificar estas condiciones en cualquier momento. Por lo tanto, se aconseja a los usuarios que las lean con regularidad. <\/p>\n<h4>Propiedad intelectual<\/h4>\n<p>Todos los elementos del sitio web de Boost Growb (textos, im\u00e1genes, logotipos, software, etc.) son propiedad exclusiva de Boost Growb SARL o de sus socios y est\u00e1n protegidos por el c\u00f3digo de la propiedad intelectual.<\/p>\n<p>Cualquier reproducci\u00f3n, representaci\u00f3n, modificaci\u00f3n, publicaci\u00f3n o adaptaci\u00f3n total o parcial del contenido, marcas o logotipos del sitio est\u00e1 estrictamente prohibida sin la autorizaci\u00f3n previa por escrito de Boost Growb.<\/p>\n<h4>Pol\u00edtica de privacidad<\/h4>\n<p>Boost Growb se compromete a respetar la privacidad de sus usuarios de acuerdo con la normativa vigente en materia de protecci\u00f3n de datos de car\u00e1cter personal.<\/p>\n<p>Puedes acceder a una pol\u00edtica de privacidad detallada a trav\u00e9s de un enlace en el sitio web.<\/p>\n<h4>Ponte en contacto con<\/h4>\n<p>Si tienes alguna duda o reclamaci\u00f3n, ponte en contacto con nosotros:<br>- Por correo electr\u00f3nico: contact@boostgrowb.com<br>- Por tel\u00e9fono: 01 23 45 67 89<br>- Por correo postal: Boost Growb SARL, 6bis rue john lennon 95370 Montigny les cormeilles, Francia<\/p>\t\t\t\t\t\t\t\t<\/div>\n\t\t\t\t<\/div>\n\t\t\t\t\t<\/div>\n\t\t<\/div>\n\t\t\t\t\t<\/div>\n\t\t<\/section>\n\t\t\t\t<\/div>\n\t\t","protected":false},"excerpt":{"rendered":"<p>Informaci\u00f3n legal Empresa editora: Boost Growb SASForma jur\u00eddica: SARLDomicilio social: 6bis rue john lennon 95370 Montigny les cormeillesN\u00famero de IVA intracomunitario: FR04935330613 Director de la publicaci\u00f3n: Sr. Xxxxxx YYYYYY, Presidente de Boost Growb SARL Alojamiento: HostingerHostinger, UAB, 34, rue \u0160vitrigailos, 03230 Vilnius, Lituania.&nbsp; Condiciones de uso El acceso al sitio web Boost Growb y su uso est\u00e1n sujetos a estas condiciones. Al acceder al sitio, el usuario acepta estas condiciones sin reservas. Boost Growb se reserva el derecho a modificar estas condiciones en cualquier momento. Por lo tanto, se aconseja a los usuarios que las lean con regularidad. Propiedad intelectual Todos los elementos del sitio web de Boost Growb (textos, im\u00e1genes, logotipos, software, etc.) son propiedad exclusiva de Boost Growb SARL o de sus socios y est\u00e1n protegidos por el c\u00f3digo de la propiedad intelectual. Cualquier reproducci\u00f3n, representaci\u00f3n, modificaci\u00f3n, publicaci\u00f3n o adaptaci\u00f3n total o parcial del contenido, marcas o logotipos del sitio est\u00e1 estrictamente prohibida sin la autorizaci\u00f3n previa por escrito de Boost Growb. Pol\u00edtica de privacidad Boost Growb se compromete a respetar la privacidad de sus usuarios de acuerdo con la normativa vigente en materia de protecci\u00f3n de datos de car\u00e1cter personal. Puedes acceder a una pol\u00edtica de privacidad detallada a trav\u00e9s de un enlace en el sitio web. Ponte en contacto con Si tienes alguna duda o reclamaci\u00f3n, ponte en contacto con nosotros:- Por correo electr\u00f3nico: contact@boostgrowb.com- Por tel\u00e9fono: 01 23 45 67 89- Por correo postal: Boost Growb SARL, 6bis rue john lennon 95370 Montigny les cormeilles, Francia<\/p>\n","protected":false},"author":4,"featured_media":0,"parent":0,"menu_order":0,"comment_status":"closed","ping_status":"closed","template":"elementor_header_footer","meta":{"_acf_changed":false,"_glsr_average":0,"_glsr_ranking":0,"_glsr_reviews":0,"footnotes":""},"class_list":["post-29707","page","type-page","status-publish","hentry"],"acf":[],"_links":{"self":[{"href":"https:\/\/boostgrowb.com\/es\/wp-json\/wp\/v2\/pages\/29707","targetHints":{"allow":["GET"]}}],"collection":[{"href":"https:\/\/boostgrowb.com\/es\/wp-json\/wp\/v2\/pages"}],"about":[{"href":"https:\/\/boostgrowb.com\/es\/wp-json\/wp\/v2\/types\/page"}],"author":[{"embeddable":true,"href":"https:\/\/boostgrowb.com\/es\/wp-json\/wp\/v2\/users\/4"}],"replies":[{"embeddable":true,"href":"https:\/\/boostgrowb.com\/es\/wp-json\/wp\/v2\/comments?post=29707"}],"version-history":[{"count":0,"href":"https:\/\/boostgrowb.com\/es\/wp-json\/wp\/v2\/pages\/29707\/revisions"}],"wp:attachment":[{"href":"https:\/\/boostgrowb.com\/es\/wp-json\/wp\/v2\/media?parent=29707"}],"curies":[{"name":"wp","href":"https:\/\/api.w.org\/{rel}","templated":true}]}}