{"id":31304,"date":"2024-06-12T08:21:26","date_gmt":"2024-06-12T08:21:26","guid":{"rendered":"https:\/\/boostgrowb.com\/politica-de-privacidad\/"},"modified":"2025-07-04T06:47:34","modified_gmt":"2025-07-04T06:47:34","slug":"politica-de-privacidad","status":"publish","type":"page","link":"https:\/\/boostgrowb.com\/es\/politica-de-privacidad\/","title":{"rendered":"Pol\u00edtica de privacidad"},"content":{"rendered":"\t\t<div data-elementor-type=\"wp-page\" data-elementor-id=\"31304\" class=\"elementor elementor-31304 elementor-1725\" data-elementor-post-type=\"page\">\n\t\t\t\t\t\t<section class=\"elementor-section elementor-top-section elementor-element elementor-element-75df665 elementor-section-height-min-height elementor-section-content-middle elementor-section-boxed elementor-section-height-default elementor-section-items-middle wpr-particle-no wpr-jarallax-no wpr-parallax-no wpr-sticky-section-no\" data-id=\"75df665\" data-element_type=\"section\" data-e-type=\"section\" data-settings=\"{&quot;background_background&quot;:&quot;classic&quot;,&quot;shape_divider_bottom&quot;:&quot;tilt&quot;}\">\n\t\t\t\t\t\t\t<div class=\"elementor-background-overlay\"><\/div>\n\t\t\t\t\t\t<div class=\"elementor-shape elementor-shape-bottom\" aria-hidden=\"true\" data-negative=\"false\">\n\t\t\t<svg xmlns=\"http:\/\/www.w3.org\/2000\/svg\" viewBox=\"0 0 1000 100\" preserveAspectRatio=\"none\">\n\t<path class=\"elementor-shape-fill\" d=\"M0,6V0h1000v100L0,6z\"\/>\n<\/svg>\t\t<\/div>\n\t\t\t\t\t<div class=\"elementor-container elementor-column-gap-default\">\n\t\t\t\t\t<div class=\"elementor-column elementor-col-100 elementor-top-column elementor-element elementor-element-a07450d\" data-id=\"a07450d\" data-element_type=\"column\" data-e-type=\"column\">\n\t\t\t<div class=\"elementor-widget-wrap elementor-element-populated\">\n\t\t\t\t\t\t<div class=\"elementor-element elementor-element-2a7563f elementor-widget elementor-widget-heading\" data-id=\"2a7563f\" data-element_type=\"widget\" data-e-type=\"widget\" data-widget_type=\"heading.default\">\n\t\t\t\t<div class=\"elementor-widget-container\">\n\t\t\t\t\t<h2 class=\"elementor-heading-title elementor-size-default\">Pol\u00edtica de privacidad<\/h2>\t\t\t\t<\/div>\n\t\t\t\t<\/div>\n\t\t\t\t\t<\/div>\n\t\t<\/div>\n\t\t\t\t\t<\/div>\n\t\t<\/section>\n\t\t\t\t<section class=\"elementor-section elementor-top-section elementor-element elementor-element-878370d elementor-section-boxed elementor-section-height-default elementor-section-height-default wpr-particle-no wpr-jarallax-no wpr-parallax-no wpr-sticky-section-no\" data-id=\"878370d\" data-element_type=\"section\" data-e-type=\"section\" data-settings=\"{&quot;background_background&quot;:&quot;classic&quot;}\">\n\t\t\t\t\t\t<div class=\"elementor-container elementor-column-gap-default\">\n\t\t\t\t\t<div class=\"elementor-column elementor-col-100 elementor-top-column elementor-element elementor-element-b658cbe\" data-id=\"b658cbe\" data-element_type=\"column\" data-e-type=\"column\" data-settings=\"{&quot;background_background&quot;:&quot;classic&quot;}\">\n\t\t\t<div class=\"elementor-widget-wrap elementor-element-populated\">\n\t\t\t\t\t\t<div class=\"elementor-element elementor-element-0971fa7 elementor-widget elementor-widget-text-editor\" data-id=\"0971fa7\" data-element_type=\"widget\" data-e-type=\"widget\" data-widget_type=\"text-editor.default\">\n\t\t\t\t<div class=\"elementor-widget-container\">\n\t\t\t\t\t\t\t\t\t<p>BoostGrowb se compromete a proteger la privacidad y los datos personales de sus usuarios de acuerdo con la normativa vigente en materia de protecci\u00f3n de datos.<\/p><h4>\u00bfQu\u00e9 datos recogemos?<\/h4><p>Cuando visitas el sitio web de BoostGrowb o utilizas nuestros servicios, podemos recopilar los siguientes tipos de datos:<\/p><ul><li>Datos de identificaci\u00f3n: apellidos, nombre, direcci\u00f3n de correo electr\u00f3nico, n\u00famero de tel\u00e9fono, etc.<\/li><li>Datos de navegaci\u00f3n: direcci\u00f3n IP, p\u00e1ginas visitadas, enlaces pulsados, etc.<\/li><li>Datos de pago: n\u00famero de tarjeta de cr\u00e9dito, etc. (s\u00f3lo para compras)<\/li><li>Datos de preferencias: centros de inter\u00e9s, historial de navegaci\u00f3n, etc.<\/li><\/ul><h4> <\/h4><h4>\u00bfC\u00f3mo se utilizan estos datos?<\/h4><p>Estos datos se utilizan para :<\/p><ul><li>Proporcionarte los servicios y productos que solicites<\/li><li>Mejorar tu experiencia en nuestro sitio web<\/li><li>Para enviarte ofertas y publicidad personalizadas<\/li><li>Responder a tus solicitudes y gestionar los litigios que puedas tener<\/li><\/ul><h4> <\/h4><h4>\u00bfCu\u00e1les son tus derechos?<\/h4><p>De acuerdo con la normativa, tienes varios derechos en relaci\u00f3n con tus datos personales:<\/p><ul><li>Derecho de acceso, rectificaci\u00f3n, supresi\u00f3n y portabilidad de tus datos<\/li><li>Derecho de oposici\u00f3n al tratamiento de tus datos<\/li><li>Derecho a definir directrices sobre el destino de tus datos tras tu fallecimiento.<\/li><\/ul><p>Para ejercer estos derechos, ponte en contacto con nosotros en <span style=\"color: #000000;\"><strong><a style=\"color: #000000;\" href=\"mailto:privacy@boostgrowb.com\" target=\"_blank\" rel=\"noopener\">contact@boostgrowb.com.<\/a><\/strong><\/span><\/p>\t\t\t\t\t\t\t\t<\/div>\n\t\t\t\t<\/div>\n\t\t\t\t\t<\/div>\n\t\t<\/div>\n\t\t\t\t\t<\/div>\n\t\t<\/section>\n\t\t\t\t<\/div>\n\t\t","protected":false},"excerpt":{"rendered":"<p>BoostGrowb se compromete a proteger la privacidad y los datos personales de sus usuarios de acuerdo con la normativa vigente en materia de protecci\u00f3n de datos. \u00bfQu\u00e9 datos recogemos? Cuando visitas el sitio web de BoostGrowb o utilizas nuestros servicios, podemos recopilar los siguientes tipos de datos: Datos de identificaci\u00f3n: apellidos, nombre, direcci\u00f3n de correo electr\u00f3nico, n\u00famero de tel\u00e9fono, etc. Datos de navegaci\u00f3n: direcci\u00f3n IP, p\u00e1ginas visitadas, enlaces pulsados, etc. Datos de pago: n\u00famero de tarjeta de cr\u00e9dito, etc. (s\u00f3lo para compras) Datos de preferencias: centros de inter\u00e9s, historial de navegaci\u00f3n, etc. \u00bfC\u00f3mo se utilizan estos datos? Estos datos se utilizan para : Proporcionarte los servicios y productos que solicites Mejorar tu experiencia en nuestro sitio web Para enviarte ofertas y publicidad personalizadas Responder a tus solicitudes y gestionar los litigios que puedas tener \u00bfCu\u00e1les son tus derechos? De acuerdo con la normativa, tienes varios derechos en relaci\u00f3n con tus datos personales: Derecho de acceso, rectificaci\u00f3n, supresi\u00f3n y portabilidad de tus datos Derecho de oposici\u00f3n al tratamiento de tus datos Derecho a definir directrices sobre el destino de tus datos tras tu fallecimiento. Para ejercer estos derechos, ponte en contacto con nosotros en contact@boostgrowb.com.<\/p>\n","protected":false},"author":4,"featured_media":0,"parent":0,"menu_order":0,"comment_status":"closed","ping_status":"closed","template":"elementor_header_footer","meta":{"_acf_changed":false,"_glsr_average":0,"_glsr_ranking":0,"_glsr_reviews":0,"footnotes":""},"class_list":["post-31304","page","type-page","status-publish","hentry"],"acf":[],"_links":{"self":[{"href":"https:\/\/boostgrowb.com\/es\/wp-json\/wp\/v2\/pages\/31304","targetHints":{"allow":["GET"]}}],"collection":[{"href":"https:\/\/boostgrowb.com\/es\/wp-json\/wp\/v2\/pages"}],"about":[{"href":"https:\/\/boostgrowb.com\/es\/wp-json\/wp\/v2\/types\/page"}],"author":[{"embeddable":true,"href":"https:\/\/boostgrowb.com\/es\/wp-json\/wp\/v2\/users\/4"}],"replies":[{"embeddable":true,"href":"https:\/\/boostgrowb.com\/es\/wp-json\/wp\/v2\/comments?post=31304"}],"version-history":[{"count":0,"href":"https:\/\/boostgrowb.com\/es\/wp-json\/wp\/v2\/pages\/31304\/revisions"}],"wp:attachment":[{"href":"https:\/\/boostgrowb.com\/es\/wp-json\/wp\/v2\/media?parent=31304"}],"curies":[{"name":"wp","href":"https:\/\/api.w.org\/{rel}","templated":true}]}}