{"id":31670,"date":"2024-09-24T19:35:20","date_gmt":"2024-09-24T19:35:20","guid":{"rendered":"https:\/\/boostgrowb.com\/boletin\/"},"modified":"2025-08-26T11:23:15","modified_gmt":"2025-08-26T11:23:15","slug":"boletin","status":"publish","type":"page","link":"https:\/\/boostgrowb.com\/es\/boletin\/","title":{"rendered":"Bolet\u00edn"},"content":{"rendered":"\t\t<div data-elementor-type=\"wp-page\" data-elementor-id=\"31670\" class=\"elementor elementor-31670 elementor-8353\" data-elementor-post-type=\"page\">\n\t\t\t\t\t\t<section class=\"elementor-section elementor-top-section elementor-element elementor-element-de87e4f elementor-section-boxed elementor-section-height-default elementor-section-height-default wpr-particle-no wpr-jarallax-no wpr-parallax-no wpr-sticky-section-no\" data-id=\"de87e4f\" data-element_type=\"section\" data-e-type=\"section\">\n\t\t\t\t\t\t<div class=\"elementor-container elementor-column-gap-default\">\n\t\t\t\t\t<div class=\"elementor-column elementor-col-100 elementor-top-column elementor-element elementor-element-8ee7c1d\" data-id=\"8ee7c1d\" data-element_type=\"column\" data-e-type=\"column\">\n\t\t\t<div class=\"elementor-widget-wrap elementor-element-populated\">\n\t\t\t\t\t\t<section class=\"elementor-section elementor-inner-section elementor-element elementor-element-caac207 elementor-section-boxed elementor-section-height-default elementor-section-height-default wpr-particle-no wpr-jarallax-no wpr-parallax-no wpr-sticky-section-no\" data-id=\"caac207\" data-element_type=\"section\" data-e-type=\"section\">\n\t\t\t\t\t\t<div class=\"elementor-container elementor-column-gap-default\">\n\t\t\t\t\t<div class=\"elementor-column elementor-col-50 elementor-inner-column elementor-element elementor-element-38bd802\" data-id=\"38bd802\" data-element_type=\"column\" data-e-type=\"column\">\n\t\t\t<div class=\"elementor-widget-wrap elementor-element-populated\">\n\t\t\t\t\t\t<div class=\"elementor-element elementor-element-731208d elementor-widget-mobile__width-inherit elementor-widget elementor-widget-elementskit-heading\" data-id=\"731208d\" data-element_type=\"widget\" data-e-type=\"widget\" data-widget_type=\"elementskit-heading.default\">\n\t\t\t\t<div class=\"elementor-widget-container\">\n\t\t\t\t\t<div class=\"ekit-wid-con\" ><div class=\"ekit-heading elementskit-section-title-wraper    ekit_heading_tablet-   ekit_heading_mobile-\"><h1 class=\"ekit-heading--title elementskit-section-title \">\u00a1No pierdas m\u00e1s oportunidades!<\/h1>\t\t\t\t<div class='ekit-heading__description'>\n\t\t\t\t\t<p>Recibe cada semana un bolet\u00edn 100% procesable que te ayudar\u00e1 a progresar en tus proyectos. Tanto si eres empresario, aut\u00f3nomo o directivo, impulsa tu negocio con contenidos de alto valor a\u00f1adido especialmente dise\u00f1ados para ti. \u00a1Suscr\u00edbete ahora y no pierdas ninguna oportunidad de hacer crecer tu negocio!  <\/p>\n\t\t\t\t<\/div>\n\t\t\t<\/div><\/div>\t\t\t\t<\/div>\n\t\t\t\t<\/div>\n\t\t\t\t<div class=\"elementor-element elementor-element-60be3fb9 wpr-mailchimp-layout-hr elementor-widget elementor-widget-wpr-mailchimp\" data-id=\"60be3fb9\" data-element_type=\"widget\" data-e-type=\"widget\" data-widget_type=\"wpr-mailchimp.default\">\n\t\t\t\t<div class=\"elementor-widget-container\">\n\t\t\t\t\t\n\t\t<form class=\"wpr-mailchimp-form\" id=\"wpr-mailchimp-form-60be3fb9\" method=\"POST\" data-list-id=\"def\" data-clear-fields=\"\">\n\t\t\t<!-- Form Header -->\n\t\t\t\n\t\t\t<div class=\"wpr-mailchimp-fields\">\n\t\t\t\t<!-- Email Input -->\n\t\t\t\t<div class=\"wpr-mailchimp-email\">\n\t\t\t\t\t\t\t\t\t\t<input type=\"email\" name=\"wpr_mailchimp_email\" placeholder=\"Tu direcci\u00f3n de correo electr\u00f3nico\" required=\"required\">\n\t\t\t\t<\/div>\n\n\t\t\t\t<!-- Extra Fields -->\n\t\t\t\t\n\t\t\t\t<!-- Subscribe Button -->\n\t\t\t\t<div class=\"wpr-mailchimp-subscribe\">\n\t\t\t\t\t<button type=\"submit\" id=\"wpr-subscribe-60be3fb9\" class=\"wpr-mailchimp-subscribe-btn\" data-loading=\"Suscribirse...\">\n\t\t\t\t  \t\tSuscr\u00edbete\t\t\t\t\t<\/button>\n\t\t\t\t<\/div>\n\t\t\t<\/div>\n\n\t\t\t<!-- Success\/Error Message -->\n\t\t\t<div class=\"wpr-mailchimp-message\">\n\t\t\t\t<span class=\"wpr-mailchimp-success-message\">\u00a1Te has suscrito correctamente!<\/span>\n\t\t\t\t<span class=\"wpr-mailchimp-error-message\">Operaciones Se ha producido un problema, int\u00e9ntalo de nuevo. <\/span>\n\t\t\t<\/div>\n\t\t<\/form>\n\n\t\t\t\t\t\t<\/div>\n\t\t\t\t<\/div>\n\t\t\t\t\t<\/div>\n\t\t<\/div>\n\t\t\t\t<div class=\"elementor-column elementor-col-50 elementor-inner-column elementor-element elementor-element-a2de1c8\" data-id=\"a2de1c8\" data-element_type=\"column\" data-e-type=\"column\">\n\t\t\t<div class=\"elementor-widget-wrap elementor-element-populated\">\n\t\t\t\t\t\t<div class=\"elementor-element elementor-element-9a914bc ekit-equal-height-disable elementor-widget elementor-widget-elementskit-icon-box\" data-id=\"9a914bc\" data-element_type=\"widget\" data-e-type=\"widget\" data-widget_type=\"elementskit-icon-box.default\">\n\t\t\t\t<div class=\"elementor-widget-container\">\n\t\t\t\t\t<div class=\"ekit-wid-con\" >        <!-- link opening -->\n                <a href=\"#\" class=\"ekit_global_links\">\n                <!-- end link opening -->\n\n        <div class=\"elementskit-infobox text- text-left icon-lef-right-aligin elementor-animation- media  \">\n                    <div class=\"elementskit-box-header elementor-animation-\">\n                <div class=\"elementskit-info-box-icon  text-center\">\n                    <i aria-hidden=\"true\" class=\"elementkit-infobox-icon icon icon-trophy1\"><\/i>\n                <\/div>\n          <\/div>\n                        <div class=\"box-body\">\n                            <h3 class=\"elementskit-info-box-title\">\n                    Una mejor selecci\u00f3n de herramientas                <\/h3>\n                        \t\t  \t<p>Recibe nuestra mejor selecci\u00f3n de herramientas de IA y CRM<\/p>\n                                <\/div>\n        \n        \n                <\/div>\n                <\/a>\n        <\/div>\t\t\t\t<\/div>\n\t\t\t\t<\/div>\n\t\t\t\t<div class=\"elementor-element elementor-element-be0e154 ekit-equal-height-disable elementor-widget elementor-widget-elementskit-icon-box\" data-id=\"be0e154\" data-element_type=\"widget\" data-e-type=\"widget\" data-widget_type=\"elementskit-icon-box.default\">\n\t\t\t\t<div class=\"elementor-widget-container\">\n\t\t\t\t\t<div class=\"ekit-wid-con\" >        <!-- link opening -->\n                <a href=\"#\" class=\"ekit_global_links\">\n                <!-- end link opening -->\n\n        <div class=\"elementskit-infobox text- text-left icon-lef-right-aligin elementor-animation- media  \">\n                    <div class=\"elementskit-box-header elementor-animation-\">\n                <div class=\"elementskit-info-box-icon  text-center\">\n                    <i aria-hidden=\"true\" class=\"elementkit-infobox-icon icon icon-light-bulb-1\"><\/i>\n                <\/div>\n          <\/div>\n                        <div class=\"box-body\">\n                            <h3 class=\"elementskit-info-box-title\">\n                    Nuestros mejores consejos y sugerencias sobre I&#039;A                <\/h3>\n                        \t\t  \t<p>Recibe nuestros consejos y sugerencias sobre el uso de la IA<\/p>\n                                <\/div>\n        \n        \n                <\/div>\n                <\/a>\n        <\/div>\t\t\t\t<\/div>\n\t\t\t\t<\/div>\n\t\t\t\t<div class=\"elementor-element elementor-element-7661769 ekit-equal-height-disable elementor-widget elementor-widget-elementskit-icon-box\" data-id=\"7661769\" data-element_type=\"widget\" data-e-type=\"widget\" data-widget_type=\"elementskit-icon-box.default\">\n\t\t\t\t<div class=\"elementor-widget-container\">\n\t\t\t\t\t<div class=\"ekit-wid-con\" >        <!-- link opening -->\n                <a href=\"#\" class=\"ekit_global_links\">\n                <!-- end link opening -->\n\n        <div class=\"elementskit-infobox text- text-left icon-lef-right-aligin elementor-animation- media  \">\n                    <div class=\"elementskit-box-header elementor-animation-\">\n                <div class=\"elementskit-info-box-icon  text-center\">\n                    <i aria-hidden=\"true\" class=\"elementkit-infobox-icon icon icon-agenda\"><\/i>\n                <\/div>\n          <\/div>\n                        <div class=\"box-body\">\n                            <h3 class=\"elementskit-info-box-title\">\n                    Los mejores recursos de la semana                <\/h3>\n                        \t\t  \t<p>Recibe los mejores recursos pr\u00e1cticos y las \u00faltimas noticias sobre IA<\/p>\n                                <\/div>\n        \n        \n                <\/div>\n                <\/a>\n        <\/div>\t\t\t\t<\/div>\n\t\t\t\t<\/div>\n\t\t\t\t<div class=\"elementor-element elementor-element-5ecda51 elementor-widget__width-initial elementor-absolute elementor-widget-divider--view-line elementor-widget elementor-widget-divider\" data-id=\"5ecda51\" data-element_type=\"widget\" data-e-type=\"widget\" data-settings=\"{&quot;_position&quot;:&quot;absolute&quot;}\" data-widget_type=\"divider.default\">\n\t\t\t\t<div class=\"elementor-widget-container\">\n\t\t\t\t\t\t\t<div class=\"elementor-divider\">\n\t\t\t<span class=\"elementor-divider-separator\">\n\t\t\t\t\t\t<\/span>\n\t\t<\/div>\n\t\t\t\t\t\t<\/div>\n\t\t\t\t<\/div>\n\t\t\t\t\t<\/div>\n\t\t<\/div>\n\t\t\t\t\t<\/div>\n\t\t<\/section>\n\t\t\t\t\t<\/div>\n\t\t<\/div>\n\t\t\t\t\t<\/div>\n\t\t<\/section>\n\t\t\t\t<section class=\"elementor-section elementor-top-section elementor-element elementor-element-41bd608f elementor-section-boxed elementor-section-height-default elementor-section-height-default wpr-particle-no wpr-jarallax-no wpr-parallax-no wpr-sticky-section-no\" data-id=\"41bd608f\" data-element_type=\"section\" data-e-type=\"section\" id=\"xs_faq_1\">\n\t\t\t\t\t\t<div class=\"elementor-container elementor-column-gap-default\">\n\t\t\t\t\t<div class=\"elementor-column elementor-col-100 elementor-top-column elementor-element elementor-element-f9a0b37\" data-id=\"f9a0b37\" data-element_type=\"column\" data-e-type=\"column\">\n\t\t\t<div class=\"elementor-widget-wrap elementor-element-populated\">\n\t\t\t\t\t\t<section class=\"elementor-section elementor-inner-section elementor-element elementor-element-16e58ab2 elementor-section-boxed elementor-section-height-default elementor-section-height-default wpr-particle-no wpr-jarallax-no wpr-parallax-no wpr-sticky-section-no\" data-id=\"16e58ab2\" data-element_type=\"section\" data-e-type=\"section\">\n\t\t\t\t\t\t<div class=\"elementor-container elementor-column-gap-default\">\n\t\t\t\t\t<div class=\"elementor-column elementor-col-50 elementor-inner-column elementor-element elementor-element-1e2968ac\" data-id=\"1e2968ac\" data-element_type=\"column\" data-e-type=\"column\">\n\t\t\t<div class=\"elementor-widget-wrap elementor-element-populated\">\n\t\t\t\t\t\t<div class=\"elementor-element elementor-element-39650b3e elementor-widget elementor-widget-elementskit-faq\" data-id=\"39650b3e\" data-element_type=\"widget\" data-e-type=\"widget\" data-widget_type=\"elementskit-faq.default\">\n\t\t\t\t<div class=\"elementor-widget-container\">\n\t\t\t\t\t<div class=\"ekit-wid-con\" >\n                <div class=\"elementskit-single-faq elementor-repeater-item-d9fa2c9\">\n            <div class=\"elementskit-faq-header\">\n                <h2 class=\"elementskit-faq-title\">\u00bfPor qu\u00e9 deber\u00eda suscribirme al bolet\u00edn informativo?<\/h2>\n            <\/div>\n            <div class=\"elementskit-faq-body\">\n                Nuestro bolet\u00edn informativo le ofrece consejos, trucos y noticias sobre las mejores herramientas digitales para desarrollar su negocio. Es una forma sencilla y eficaz de mantenerse informado y disfrutar de contenidos exclusivos directamente en su bandeja de entrada.            <\/div>\n        <\/div>\n                <div class=\"elementskit-single-faq elementor-repeater-item-1a01986\">\n            <div class=\"elementskit-faq-header\">\n                <h2 class=\"elementskit-faq-title\">\u00bfCon qu\u00e9 frecuencia recibir\u00e9 correos electr\u00f3nicos?<\/h2>\n            <\/div>\n            <div class=\"elementskit-faq-body\">\n                Recibir\u00e1 nuestro bolet\u00edn informativo una vez a la semana. Nos aseguramos de enviarle informaci\u00f3n relevante sin saturar su bandeja de entrada.            <\/div>\n        <\/div>\n                \n    <\/div>\t\t\t\t<\/div>\n\t\t\t\t<\/div>\n\t\t\t\t\t<\/div>\n\t\t<\/div>\n\t\t\t\t<div class=\"elementor-column elementor-col-50 elementor-inner-column elementor-element elementor-element-4542c068\" data-id=\"4542c068\" data-element_type=\"column\" data-e-type=\"column\">\n\t\t\t<div class=\"elementor-widget-wrap elementor-element-populated\">\n\t\t\t\t\t\t<div class=\"elementor-element elementor-element-697415a5 elementor-widget elementor-widget-elementskit-faq\" data-id=\"697415a5\" data-element_type=\"widget\" data-e-type=\"widget\" data-widget_type=\"elementskit-faq.default\">\n\t\t\t\t<div class=\"elementor-widget-container\">\n\t\t\t\t\t<div class=\"ekit-wid-con\" >\n                <div class=\"elementskit-single-faq elementor-repeater-item-8e6e01e\">\n            <div class=\"elementskit-faq-header\">\n                <h2 class=\"elementskit-faq-title\">\u00bfPuedo darme de baja en cualquier momento?<\/h2>\n            <\/div>\n            <div class=\"elementskit-faq-body\">\n                \u00a1Por supuesto! Puedes darte de baja en cualquier momento haciendo clic en el enlace para darse de baja que aparece en la parte inferior de cada correo electr\u00f3nico que enviamos.            <\/div>\n        <\/div>\n                <div class=\"elementskit-single-faq elementor-repeater-item-55e5019\">\n            <div class=\"elementskit-faq-header\">\n                <h2 class=\"elementskit-faq-title\">\u00bfQu\u00e9 contendr\u00e1 el bolet\u00edn informativo?<\/h2>\n            <\/div>\n            <div class=\"elementskit-faq-body\">\n                Nuestro bolet\u00edn informativo contiene art\u00edculos sobre c\u00f3mo desarrollar su negocio mediante herramientas como el marketing digital, la gesti\u00f3n de proyectos, los programas de contabilidad y las herramientas de IA, as\u00ed como consejos para impulsar su negocio y mantenerse al d\u00eda de las \u00faltimas tendencias.            <\/div>\n        <\/div>\n                \n    <\/div>\t\t\t\t<\/div>\n\t\t\t\t<\/div>\n\t\t\t\t\t<\/div>\n\t\t<\/div>\n\t\t\t\t\t<\/div>\n\t\t<\/section>\n\t\t\t\t\t<\/div>\n\t\t<\/div>\n\t\t\t\t\t<\/div>\n\t\t<\/section>\n\t\t\t\t<\/div>\n\t\t","protected":false},"excerpt":{"rendered":"<p>\u00a1No pierdas m\u00e1s oportunidades! Recibe cada semana un bolet\u00edn 100% procesable que te ayudar\u00e1 a progresar en tus proyectos. Tanto si eres empresario, aut\u00f3nomo o directivo, impulsa tu negocio con contenidos de alto valor a\u00f1adido especialmente dise\u00f1ados para ti. \u00a1Suscr\u00edbete ahora y no pierdas ninguna oportunidad de hacer crecer tu negocio! Suscr\u00edbete \u00a1Te has suscrito correctamente! Operaciones Se ha producido un problema, int\u00e9ntalo de nuevo. Una mejor selecci\u00f3n de herramientas Recibe nuestra mejor selecci\u00f3n de herramientas de IA y CRM Nuestros mejores consejos y sugerencias sobre I&#039;A Recibe nuestros consejos y sugerencias sobre el uso de la IA Los mejores recursos de la semana Recibe los mejores recursos pr\u00e1cticos y las \u00faltimas noticias sobre IA \u00bfPor qu\u00e9 deber\u00eda suscribirme al bolet\u00edn informativo? Nuestro bolet\u00edn informativo le ofrece consejos, trucos y noticias sobre las mejores herramientas digitales para desarrollar su negocio. Es una forma sencilla y eficaz de mantenerse informado y disfrutar de contenidos exclusivos directamente en su bandeja de entrada. \u00bfCon qu\u00e9 frecuencia recibir\u00e9 correos electr\u00f3nicos? Recibir\u00e1 nuestro bolet\u00edn informativo una vez a la semana. Nos aseguramos de enviarle informaci\u00f3n relevante sin saturar su bandeja de entrada. \u00bfPuedo darme de baja en cualquier momento? \u00a1Por supuesto! Puedes darte de baja en cualquier momento haciendo clic en el enlace para darse de baja que aparece en la parte inferior de cada correo electr\u00f3nico que enviamos. \u00bfQu\u00e9 contendr\u00e1 el bolet\u00edn informativo? Nuestro bolet\u00edn informativo contiene art\u00edculos sobre c\u00f3mo desarrollar su negocio mediante herramientas como el marketing digital, la gesti\u00f3n de proyectos, los programas de contabilidad y las herramientas de IA, as\u00ed como consejos para impulsar su negocio y mantenerse al d\u00eda de las \u00faltimas tendencias.<\/p>\n","protected":false},"author":4,"featured_media":0,"parent":0,"menu_order":0,"comment_status":"closed","ping_status":"closed","template":"","meta":{"_acf_changed":false,"_glsr_average":0,"_glsr_ranking":0,"_glsr_reviews":0,"footnotes":""},"class_list":["post-31670","page","type-page","status-publish","hentry"],"acf":[],"_links":{"self":[{"href":"https:\/\/boostgrowb.com\/es\/wp-json\/wp\/v2\/pages\/31670","targetHints":{"allow":["GET"]}}],"collection":[{"href":"https:\/\/boostgrowb.com\/es\/wp-json\/wp\/v2\/pages"}],"about":[{"href":"https:\/\/boostgrowb.com\/es\/wp-json\/wp\/v2\/types\/page"}],"author":[{"embeddable":true,"href":"https:\/\/boostgrowb.com\/es\/wp-json\/wp\/v2\/users\/4"}],"replies":[{"embeddable":true,"href":"https:\/\/boostgrowb.com\/es\/wp-json\/wp\/v2\/comments?post=31670"}],"version-history":[{"count":0,"href":"https:\/\/boostgrowb.com\/es\/wp-json\/wp\/v2\/pages\/31670\/revisions"}],"wp:attachment":[{"href":"https:\/\/boostgrowb.com\/es\/wp-json\/wp\/v2\/media?parent=31670"}],"curies":[{"name":"wp","href":"https:\/\/api.w.org\/{rel}","templated":true}]}}