{"id":29490,"date":"2024-06-07T14:04:43","date_gmt":"2024-06-07T14:04:43","guid":{"rendered":"https:\/\/boostgrowb.com\/software\/ovhcloud\/"},"modified":"2026-02-14T14:02:53","modified_gmt":"2026-02-14T14:02:53","slug":"ovhcloud","status":"publish","type":"product","link":"https:\/\/boostgrowb.com\/es\/software\/ovhcloud\/","title":{"rendered":"Ovhcloud"},"content":{"rendered":"\t\t<div data-elementor-type=\"product-post\" data-elementor-id=\"29490\" class=\"elementor elementor-29490 elementor-1468\" data-elementor-post-type=\"product\">\n\t\t\t\t<div class=\"elementor-element elementor-element-2d3abf2 e-flex e-con-boxed wpr-particle-no wpr-jarallax-no wpr-parallax-no wpr-sticky-section-no e-con e-parent\" data-id=\"2d3abf2\" data-element_type=\"container\" data-e-type=\"container\">\n\t\t\t\t\t<div class=\"e-con-inner\">\n\t\t\t\t<div class=\"elementor-element elementor-element-ded9306 elementor-widget elementor-widget-heading\" data-id=\"ded9306\" data-element_type=\"widget\" data-e-type=\"widget\" data-widget_type=\"heading.default\">\n\t\t\t\t<div class=\"elementor-widget-container\">\n\t\t\t\t\t<h2 class=\"elementor-heading-title elementor-size-default\">\u00bfQu\u00e9 es Ovhcloud?<\/h2>\t\t\t\t<\/div>\n\t\t\t\t<\/div>\n\t\t\t\t\t<\/div>\n\t\t\t\t<\/div>\n\t\t<div class=\"elementor-element elementor-element-eed04a0 e-flex e-con-boxed wpr-particle-no wpr-jarallax-no wpr-parallax-no wpr-sticky-section-no e-con e-parent\" data-id=\"eed04a0\" data-element_type=\"container\" data-e-type=\"container\">\n\t\t\t\t\t<div class=\"e-con-inner\">\n\t\t\t\t<div class=\"elementor-element elementor-element-b155503 elementor-widget elementor-widget-text-editor\" data-id=\"b155503\" data-element_type=\"widget\" data-e-type=\"widget\" data-widget_type=\"text-editor.default\">\n\t\t\t\t<div class=\"elementor-widget-container\">\n\t\t\t\t\t\t\t\t\t<p data-start=\"361\" data-end=\"803\"><strong data-start=\"361\" data-end=\"373\">OVHcloud<\/strong> es un proveedor europeo de servicios en la nube y alojamiento web, famoso por su fiabilidad, seguridad y enfoque favorable a los datos. Fundada en Francia, la empresa se ha consolidado como uno de los principales actores de la nube europea, capaz de competir con los gigantes estadounidenses gracias a una oferta variada: alojamiento compartido, servidores dedicados, nube p\u00fablica y privada, soluciones de almacenamiento e infraestructuras personalizadas. <\/p><p data-start=\"805\" data-end=\"1074\">El objetivo de OVHcloud es claro: permitir a <strong data-start=\"853\" data-end=\"908\">las empresas, desarrolladores, start-ups e instituciones<\/strong> desplegar sus proyectos digitales con total confianza, con soluciones de alto rendimiento, escalables y conformes a las normativas europeas, como el <strong data-start=\"1063\" data-end=\"1071\">RGPD<\/strong>.<\/p>\t\t\t\t\t\t\t\t<\/div>\n\t\t\t\t<\/div>\n\t\t\t\t<div class=\"elementor-element elementor-element-646df6c elementor-widget elementor-widget-heading\" data-id=\"646df6c\" data-element_type=\"widget\" data-e-type=\"widget\" data-widget_type=\"heading.default\">\n\t\t\t\t<div class=\"elementor-widget-container\">\n\t\t\t\t\t<h2 class=\"elementor-heading-title elementor-size-default\">Caracter\u00edsticas principales de OVHcloud<\/h2>\t\t\t\t<\/div>\n\t\t\t\t<\/div>\n\t\t\t\t<div class=\"elementor-element elementor-element-dac5805 elementor-widget elementor-widget-text-editor\" data-id=\"dac5805\" data-element_type=\"widget\" data-e-type=\"widget\" data-widget_type=\"text-editor.default\">\n\t\t\t\t<div class=\"elementor-widget-container\">\n\t\t\t\t\t\t\t\t\t<p data-start=\"1124\" data-end=\"1346\"><strong data-start=\"1127\" data-end=\"1169\">Alojamiento web flexible y de alto rendimiento<\/strong>: OVHcloud ofrece paquetes que se adaptan a todas las necesidades, desde sencillos sitios de escaparate a complejas tiendas online, con un rendimiento fiable y alta disponibilidad.<\/p><p data-start=\"1348\" data-end=\"1566\"><strong data-start=\"1352\" data-end=\"1401\">Servidores dedicados potentes y personalizables<\/strong>: las empresas pueden elegir entre una amplia gama de configuraciones para alojar sus aplicaciones cr\u00edticas, con un control total sobre sus recursos.<\/p><p data-start=\"1568\" data-end=\"1780\"><strong data-start=\"1572\" data-end=\"1602\">Soluciones en la nube escalables<\/strong>: OVHcloud ofrece nubes p\u00fablicas, privadas e h\u00edbridas, lo que permite a las organizaciones escalar sus recursos en funci\u00f3n de su crecimiento y necesidades puntuales.<\/p><p data-start=\"1782\" data-end=\"1958\"><strong data-start=\"1785\" data-end=\"1825\">Almacenamiento y copias de seguridad seguros<\/strong>: gracias a los centros de datos certificados ubicados en Europa, los datos est\u00e1n protegidos, con copias de seguridad y accesibles en todo momento.<\/p><p data-start=\"1960\" data-end=\"2182\"><strong data-start=\"1964\" data-end=\"1999\">Servicios gestionados y automatizados<\/strong>: OVHcloud facilita el despliegue de entornos complejos gracias a herramientas integradas como Kubernetes, bases de datos gestionadas y soluciones de virtualizaci\u00f3n.<\/p><p data-start=\"2184\" data-end=\"2442\">Una <strong data-start=\"2188\" data-end=\"2250\">infraestructura que respeta la soberan\u00eda de los datos<\/strong>: OVHcloud garantiza que tus datos permanecen protegidos de las leyes extraterritoriales y cumplen la normativa europea, una baza importante para las empresas sensibles al cumplimiento.<\/p>\t\t\t\t\t\t\t\t<\/div>\n\t\t\t\t<\/div>\n\t\t\t\t<div class=\"elementor-element elementor-element-d697516 elementor-widget elementor-widget-heading\" data-id=\"d697516\" data-element_type=\"widget\" data-e-type=\"widget\" data-widget_type=\"heading.default\">\n\t\t\t\t<div class=\"elementor-widget-container\">\n\t\t\t\t\t<h2 class=\"elementor-heading-title elementor-size-default\">\u00bfC\u00f3mo puedo utilizar OVHcloud de forma eficaz?<\/h2>\t\t\t\t<\/div>\n\t\t\t\t<\/div>\n\t\t\t\t<div class=\"elementor-element elementor-element-eb323fa elementor-widget elementor-widget-text-editor\" data-id=\"eb323fa\" data-element_type=\"widget\" data-e-type=\"widget\" data-widget_type=\"text-editor.default\">\n\t\t\t\t<div class=\"elementor-widget-container\">\n\t\t\t\t\t\t\t\t\t<ol data-start=\"2563\" data-end=\"3507\"><li data-start=\"2563\" data-end=\"2755\"><p data-start=\"2566\" data-end=\"2755\"><strong data-start=\"2566\" data-end=\"2598\">Identifica tus necesidades reales<\/strong>: sitio web sencillo, tienda de comercio electr\u00f3nico, SaaS, aplicaci\u00f3n empresarial o infraestructura compleja en la nube. OVHcloud ofrece soluciones adaptadas a cada uso. <\/p><\/li><li data-start=\"2756\" data-end=\"2975\"><p data-start=\"2759\" data-end=\"2975\"><strong data-start=\"2759\" data-end=\"2787\">Elige el paquete adecuado<\/strong>: opta por un alojamiento compartido si est\u00e1s empezando, un servidor VPS para una mayor flexibilidad, o un servidor dedicado\/soluci\u00f3n en la nube si tus requisitos de potencia y escalabilidad son elevados.<\/p><\/li><li data-start=\"2976\" data-end=\"3152\"><p data-start=\"2979\" data-end=\"3152\"><strong data-start=\"2979\" data-end=\"3025\">Configura y protege tus entornos<\/strong>: activa el certificado SSL, configura copias de seguridad autom\u00e1ticas e implanta s\u00f3lidas pol\u00edticas de seguridad.<\/p><\/li><li data-start=\"3153\" data-end=\"3336\"><p data-start=\"3156\" data-end=\"3336\"><strong data-start=\"3156\" data-end=\"3191\">Utiliza las herramientas de gesti\u00f3n<\/strong>: utiliza la interfaz intuitiva de OVHcloud para supervisar tus recursos, gestionar tus dominios y desplegar tus servicios sin complejidad t\u00e9cnica.<\/p><\/li><li data-start=\"3337\" data-end=\"3507\"><p data-start=\"3340\" data-end=\"3507\"><strong data-start=\"3340\" data-end=\"3372\">Automatiza tus despliegues<\/strong>: para los equipos t\u00e9cnicos, integra OVHcloud con herramientas como Kubernetes, Terraform o Docker para acelerar tus flujos de trabajo.<\/p><\/li><\/ol><p data-start=\"3509\" data-end=\"3669\">Consejo \ud83d\udca1: favorece los centros de datos m\u00e1s cercanos a tus usuarios finales para mejorar la velocidad y reducir la latencia de tus servicios.<\/p>\t\t\t\t\t\t\t\t<\/div>\n\t\t\t\t<\/div>\n\t\t\t\t<div class=\"elementor-element elementor-element-338d429 elementor-widget elementor-widget-heading\" data-id=\"338d429\" data-element_type=\"widget\" data-e-type=\"widget\" data-widget_type=\"heading.default\">\n\t\t\t\t<div class=\"elementor-widget-container\">\n\t\t\t\t\t<h2 class=\"elementor-heading-title elementor-size-default\">\u00bfPor qu\u00e9 OVHcloud es diferente de los dem\u00e1s?<\/h2>\t\t\t\t<\/div>\n\t\t\t\t<\/div>\n\t\t\t\t<div class=\"elementor-element elementor-element-000e83f elementor-widget elementor-widget-text-editor\" data-id=\"000e83f\" data-element_type=\"widget\" data-e-type=\"widget\" data-widget_type=\"text-editor.default\">\n\t\t\t\t<div class=\"elementor-widget-container\">\n\t\t\t\t\t\t\t\t\t<p>Lo que diferencia a OVHcloud de gigantes como AWS, Google Cloud o Azure es su posici\u00f3n \u00fanica como<strong data-start=\"3839\" data-end=\"3868\">actor europeo soberano<\/strong>. La empresa garantiza el cumplimiento del <strong data-start=\"3914\" data-end=\"3922\">RGPD<\/strong>, la protecci\u00f3n frente a leyes extraterritoriales y un enfoque transparente de la gesti\u00f3n de datos. <\/p><p>Tambi\u00e9n ofrece <strong data-start=\"4061\" data-end=\"4095\">una excelente relaci\u00f3n calidad-precio<\/strong>, con tarifas competitivas y una flexibilidad que atrae tanto a aut\u00f3nomos como a grandes organizaciones. Adem\u00e1s, sus <strong data-start=\"4227\" data-end=\"4247\">ra\u00edces europeas<\/strong> y su compromiso con una infraestructura m\u00e1s sostenible hacen que las empresas preocupadas por la seguridad, la soberan\u00eda y la responsabilidad medioambiental conf\u00eden m\u00e1s en el servicio. <\/p>\t\t\t\t\t\t\t\t<\/div>\n\t\t\t\t<\/div>\n\t\t\t\t\t<\/div>\n\t\t\t\t<\/div>\n\t\t\t\t<\/div>\n\t\t","protected":false},"excerpt":{"rendered":"<p>OVHcloud, actor clave del alojamiento web y el cloud computing en Francia, ofrece una amplia gama de infraestructuras adaptadas a las necesidades de las VSE, las PYME, las start-up y las grandes empresas.<\/p>\n<ul>\n<li>Servidores dedicados<\/li>\n<li class=\"odss-text__heading mb-3\">Nube privada<\/li>\n<li>Nombre de dominio gratuito<\/li>\n<li>Certificado SSL<\/li>\n<\/ul>\n","protected":false},"featured_media":29495,"comment_status":"open","ping_status":"closed","template":"","meta":{"_acf_changed":false,"_glsr_average":0,"_glsr_ranking":0,"_glsr_reviews":0},"product_brand":[],"product_cat":[3072],"product_tag":[],"class_list":{"0":"post-29490","1":"product","2":"type-product","3":"status-publish","4":"has-post-thumbnail","6":"product_cat-alojamiento-web","8":"first","9":"instock","10":"featured","11":"shipping-taxable","12":"product-type-external"},"acf":[],"_links":{"self":[{"href":"https:\/\/boostgrowb.com\/es\/wp-json\/wp\/v2\/product\/29490","targetHints":{"allow":["GET"]}}],"collection":[{"href":"https:\/\/boostgrowb.com\/es\/wp-json\/wp\/v2\/product"}],"about":[{"href":"https:\/\/boostgrowb.com\/es\/wp-json\/wp\/v2\/types\/product"}],"replies":[{"embeddable":true,"href":"https:\/\/boostgrowb.com\/es\/wp-json\/wp\/v2\/comments?post=29490"}],"version-history":[{"count":0,"href":"https:\/\/boostgrowb.com\/es\/wp-json\/wp\/v2\/product\/29490\/revisions"}],"wp:featuredmedia":[{"embeddable":true,"href":"https:\/\/boostgrowb.com\/es\/wp-json\/wp\/v2\/media\/29495"}],"wp:attachment":[{"href":"https:\/\/boostgrowb.com\/es\/wp-json\/wp\/v2\/media?parent=29490"}],"wp:term":[{"taxonomy":"product_brand","embeddable":true,"href":"https:\/\/boostgrowb.com\/es\/wp-json\/wp\/v2\/product_brand?post=29490"},{"taxonomy":"product_cat","embeddable":true,"href":"https:\/\/boostgrowb.com\/es\/wp-json\/wp\/v2\/product_cat?post=29490"},{"taxonomy":"product_tag","embeddable":true,"href":"https:\/\/boostgrowb.com\/es\/wp-json\/wp\/v2\/product_tag?post=29490"}],"curies":[{"name":"wp","href":"https:\/\/api.w.org\/{rel}","templated":true}]}}