{"id":29492,"date":"2024-06-07T14:03:19","date_gmt":"2024-06-07T14:03:19","guid":{"rendered":"https:\/\/boostgrowb.com\/software\/interruptor-o2\/"},"modified":"2026-02-16T14:02:50","modified_gmt":"2026-02-16T14:02:50","slug":"interruptor-o2","status":"publish","type":"product","link":"https:\/\/boostgrowb.com\/es\/software\/interruptor-o2\/","title":{"rendered":"Interruptor O2"},"content":{"rendered":"\t\t<div data-elementor-type=\"product-post\" data-elementor-id=\"29492\" class=\"elementor elementor-29492 elementor-1461\" data-elementor-post-type=\"product\">\n\t\t\t\t<div class=\"elementor-element elementor-element-2d0fa3f e-flex e-con-boxed wpr-particle-no wpr-jarallax-no wpr-parallax-no wpr-sticky-section-no e-con e-parent\" data-id=\"2d0fa3f\" data-element_type=\"container\" data-e-type=\"container\">\n\t\t\t\t\t<div class=\"e-con-inner\">\n\t\t\t\t<div class=\"elementor-element elementor-element-c148fed elementor-widget elementor-widget-heading\" data-id=\"c148fed\" data-element_type=\"widget\" data-e-type=\"widget\" data-widget_type=\"heading.default\">\n\t\t\t\t<div class=\"elementor-widget-container\">\n\t\t\t\t\t<h2 class=\"elementor-heading-title elementor-size-default\">\u00bfQu\u00e9 es O2switch?<\/h2>\t\t\t\t<\/div>\n\t\t\t\t<\/div>\n\t\t\t\t\t<\/div>\n\t\t\t\t<\/div>\n\t\t<div class=\"elementor-element elementor-element-4927a33 e-flex e-con-boxed wpr-particle-no wpr-jarallax-no wpr-parallax-no wpr-sticky-section-no e-con e-parent\" data-id=\"4927a33\" data-element_type=\"container\" data-e-type=\"container\">\n\t\t\t\t\t<div class=\"e-con-inner\">\n\t\t\t\t<div class=\"elementor-element elementor-element-8c0c6a9 elementor-widget elementor-widget-text-editor\" data-id=\"8c0c6a9\" data-element_type=\"widget\" data-e-type=\"widget\" data-widget_type=\"text-editor.default\">\n\t\t\t\t<div class=\"elementor-widget-container\">\n\t\t\t\t\t\t\t\t\t<p class=\"\" data-start=\"273\" data-end=\"841\"><strong data-start=\"273\" data-end=\"415\">o2switch es un proveedor de alojamiento web 100% franc\u00e9s con un enfoque \u00fanico: una oferta todo en uno, ilimitada y sin compromisos.<\/strong> A diferencia de la mayor\u00eda de los proveedores que ofrecen paquetes complejos o modulares, o2switch se centra en la <strong data-start=\"527\" data-end=\"563\">transparencia y la simplicidad<\/strong>: un paquete \u00fanico y ultracompleto que incluye todas las funciones que necesitas para que tu sitio sea un \u00e9xito. Tanto si eres bloguero, aut\u00f3nomo, PYME o propietario de un comercio electr\u00f3nico, obtendr\u00e1s un alojamiento potente, estable y escalable, sin costes adicionales. <\/p><p class=\"\" data-start=\"843\" data-end=\"1431\"><strong data-start=\"843\" data-end=\"926\">La infraestructura t\u00e9cnica de o2switch se basa en tecnolog\u00edas de gama alta<\/strong>: servidores de alta disponibilidad alojados en Francia, almacenamiento SSD NVMe, aislamiento de cuentas, rendimiento optimizado para WordPress y acceso a herramientas profesionales (cPanel, PHP multiversi\u00f3n, certificado SSL gratuito, copias de seguridad diarias, etc.). Adem\u00e1s de esta s\u00f3lida base t\u00e9cnica, el proveedor de alojamiento se centra en la <strong data-start=\"1242\" data-end=\"1266\">seguridad de los datos<\/strong>, la <strong data-start=\"1271\" data-end=\"1297\">velocidad de carga<\/strong> y una <strong data-start=\"1305\" data-end=\"1338\">experiencia de usuario fluida<\/strong>, elementos clave para mejorar <strong data-start=\"1376\" data-end=\"1401\">la referenciaci\u00f3n natural<\/strong> y maximizar las conversiones. <\/p><p class=\"\" data-start=\"1433\" data-end=\"1884\"><strong data-start=\"1433\" data-end=\"1608\">Con un servicio de atenci\u00f3n al cliente con base en Francia y una filosof\u00eda de \u00abcero estr\u00e9s\u00bb, o2switch es un socio fiable para alojar tu proyecto con total confianza.<\/strong> Su precio \u00fanico, su enfoque transparente y su excelencia t\u00e9cnica lo convierten en una soluci\u00f3n de alojamiento web muy eficaz, dise\u00f1ada para apoyar el <strong data-start=\"1772\" data-end=\"1795\">crecimiento digital de<\/strong> empresarios y profesionales de la web por igual. Alojamiento sencillo&#8230; pero potente. <\/p>\t\t\t\t\t\t\t\t<\/div>\n\t\t\t\t<\/div>\n\t\t\t\t\t<\/div>\n\t\t\t\t<\/div>\n\t\t<div class=\"elementor-element elementor-element-380b6d8 e-flex e-con-boxed wpr-particle-no wpr-jarallax-no wpr-parallax-no wpr-sticky-section-no e-con e-parent\" data-id=\"380b6d8\" data-element_type=\"container\" data-e-type=\"container\">\n\t\t\t\t\t<div class=\"e-con-inner\">\n\t\t\t\t<div class=\"elementor-element elementor-element-790ec7d elementor-widget elementor-widget-heading\" data-id=\"790ec7d\" data-element_type=\"widget\" data-e-type=\"widget\" data-widget_type=\"heading.default\">\n\t\t\t\t<div class=\"elementor-widget-container\">\n\t\t\t\t\t<h2 class=\"elementor-heading-title elementor-size-default\">Descubre las principales caracter\u00edsticas de O2switch<\/h2>\t\t\t\t<\/div>\n\t\t\t\t<\/div>\n\t\t\t\t\t<\/div>\n\t\t\t\t<\/div>\n\t\t<div class=\"elementor-element elementor-element-65552d9 e-flex e-con-boxed wpr-particle-no wpr-jarallax-no wpr-parallax-no wpr-sticky-section-no e-con e-parent\" data-id=\"65552d9\" data-element_type=\"container\" data-e-type=\"container\">\n\t\t\t\t\t<div class=\"e-con-inner\">\n\t\t\t\t<div class=\"elementor-element elementor-element-4ecd2a0 elementor-widget elementor-widget-heading\" data-id=\"4ecd2a0\" data-element_type=\"widget\" data-e-type=\"widget\" data-widget_type=\"heading.default\">\n\t\t\t\t<div class=\"elementor-widget-container\">\n\t\t\t\t\t<h3 class=\"elementor-heading-title elementor-size-default\">Libera el poder de tu sitio sin restricciones<\/h3>\t\t\t\t<\/div>\n\t\t\t\t<\/div>\n\t\t\t\t\t<\/div>\n\t\t\t\t<\/div>\n\t\t<div class=\"elementor-element elementor-element-01396d5 e-flex e-con-boxed wpr-particle-no wpr-jarallax-no wpr-parallax-no wpr-sticky-section-no e-con e-parent\" data-id=\"01396d5\" data-element_type=\"container\" data-e-type=\"container\">\n\t\t\t\t\t<div class=\"e-con-inner\">\n\t\t\t\t<div class=\"elementor-element elementor-element-9fdb336 elementor-widget elementor-widget-text-editor\" data-id=\"9fdb336\" data-element_type=\"widget\" data-e-type=\"widget\" data-widget_type=\"text-editor.default\">\n\t\t\t\t<div class=\"elementor-widget-container\">\n\t\t\t\t\t\t\t\t\t<p>\u00a1Di adi\u00f3s a las limitaciones con <strong>o2switch<\/strong>! Disfruta de <strong>espacio de almacenamiento ilimitado<\/strong>, tr\u00e1fico sin restricciones y aloja un n\u00famero ilimitado de sitios web. Esta flexibilidad te permite hacer crecer tus proyectos sin preocuparte por el espacio disponible o los costes adicionales. Tanto si tienes un sitio peque\u00f1o como un gran negocio de comercio electr\u00f3nico, o2switch te ofrece la escalabilidad que necesitas para crecer con tranquilidad.   <\/p>\t\t\t\t\t\t\t\t<\/div>\n\t\t\t\t<\/div>\n\t\t\t\t\t<\/div>\n\t\t\t\t<\/div>\n\t\t<div class=\"elementor-element elementor-element-1e60229 e-flex e-con-boxed wpr-particle-no wpr-jarallax-no wpr-parallax-no wpr-sticky-section-no e-con e-parent\" data-id=\"1e60229\" data-element_type=\"container\" data-e-type=\"container\">\n\t\t\t\t\t<div class=\"e-con-inner\">\n\t\t\t\t<div class=\"elementor-element elementor-element-70a3bb5 elementor-widget elementor-widget-heading\" data-id=\"70a3bb5\" data-element_type=\"widget\" data-e-type=\"widget\" data-widget_type=\"heading.default\">\n\t\t\t\t<div class=\"elementor-widget-container\">\n\t\t\t\t\t<h3 class=\"elementor-heading-title elementor-size-default\">Velocidad y estabilidad para una experiencia de usuario \u00f3ptima<\/h3>\t\t\t\t<\/div>\n\t\t\t\t<\/div>\n\t\t\t\t\t<\/div>\n\t\t\t\t<\/div>\n\t\t<div class=\"elementor-element elementor-element-6714b1b e-flex e-con-boxed wpr-particle-no wpr-jarallax-no wpr-parallax-no wpr-sticky-section-no e-con e-parent\" data-id=\"6714b1b\" data-element_type=\"container\" data-e-type=\"container\">\n\t\t\t\t\t<div class=\"e-con-inner\">\n\t\t\t\t<div class=\"elementor-element elementor-element-a61e9d7 elementor-widget elementor-widget-text-editor\" data-id=\"a61e9d7\" data-element_type=\"widget\" data-e-type=\"widget\" data-widget_type=\"text-editor.default\">\n\t\t\t\t<div class=\"elementor-widget-container\">\n\t\t\t\t\t\t\t\t\t<p><strong>El rendimiento<\/strong> est\u00e1 en el centro de la oferta de o2switch. Gracias a tecnolog\u00edas avanzadas como las unidades SSD NVMe ultrarr\u00e1pidas, los potentes procesadores y la<strong>optimizaci\u00f3n LiteSpeed<\/strong>, tu sitio web se beneficia de tiempos de carga extremadamente r\u00e1pidos. Este rendimiento no s\u00f3lo mejora la experiencia del usuario, sino que tambi\u00e9n favorece un mejor posicionamiento en los motores de b\u00fasqueda, dando un verdadero impulso a tu SEO.  <\/p>\t\t\t\t\t\t\t\t<\/div>\n\t\t\t\t<\/div>\n\t\t\t\t\t<\/div>\n\t\t\t\t<\/div>\n\t\t<div class=\"elementor-element elementor-element-67d8eff e-flex e-con-boxed wpr-particle-no wpr-jarallax-no wpr-parallax-no wpr-sticky-section-no e-con e-parent\" data-id=\"67d8eff\" data-element_type=\"container\" data-e-type=\"container\">\n\t\t\t\t\t<div class=\"e-con-inner\">\n\t\t\t\t<div class=\"elementor-element elementor-element-2e9c612 elementor-widget elementor-widget-heading\" data-id=\"2e9c612\" data-element_type=\"widget\" data-e-type=\"widget\" data-widget_type=\"heading.default\">\n\t\t\t\t<div class=\"elementor-widget-container\">\n\t\t\t\t\t<h3 class=\"elementor-heading-title elementor-size-default\">Gesti\u00f3n simplificada<\/h3>\t\t\t\t<\/div>\n\t\t\t\t<\/div>\n\t\t\t\t\t<\/div>\n\t\t\t\t<\/div>\n\t\t<div class=\"elementor-element elementor-element-960e2a6 e-flex e-con-boxed wpr-particle-no wpr-jarallax-no wpr-parallax-no wpr-sticky-section-no e-con e-parent\" data-id=\"960e2a6\" data-element_type=\"container\" data-e-type=\"container\">\n\t\t\t\t\t<div class=\"e-con-inner\">\n\t\t\t\t<div class=\"elementor-element elementor-element-8e44322 elementor-widget elementor-widget-text-editor\" data-id=\"8e44322\" data-element_type=\"widget\" data-e-type=\"widget\" data-widget_type=\"text-editor.default\">\n\t\t\t\t<div class=\"elementor-widget-container\">\n\t\t\t\t\t\t\t\t\t<p>Tanto si eres un principiante como un experto, <strong>cPanel<\/strong> es la herramienta perfecta para gestionar tu sitio web con facilidad. o2switch incluye esta interfaz intuitiva que te permite gestionar tus archivos, bases de datos, correos electr\u00f3nicos y certificados SSL con s\u00f3lo unos clics. Con las instalaciones de un solo clic para CMS como <strong>WordPress<\/strong>, crear y gestionar tu sitio web es un juego de ni\u00f1os. No necesitas conocimientos t\u00e9cnicos avanzados: cPanel te gu\u00eda en cada paso.   <\/p>\t\t\t\t\t\t\t\t<\/div>\n\t\t\t\t<\/div>\n\t\t\t\t\t<\/div>\n\t\t\t\t<\/div>\n\t\t<div class=\"elementor-element elementor-element-bd778ea e-flex e-con-boxed wpr-particle-no wpr-jarallax-no wpr-parallax-no wpr-sticky-section-no e-con e-parent\" data-id=\"bd778ea\" data-element_type=\"container\" data-e-type=\"container\">\n\t\t\t\t\t<div class=\"e-con-inner\">\n\t\t\t\t<div class=\"elementor-element elementor-element-f72b127 elementor-widget elementor-widget-heading\" data-id=\"f72b127\" data-element_type=\"widget\" data-e-type=\"widget\" data-widget_type=\"heading.default\">\n\t\t\t\t<div class=\"elementor-widget-container\">\n\t\t\t\t\t<h3 class=\"elementor-heading-title elementor-size-default\">Tranquilidad para tus datos<\/h3>\t\t\t\t<\/div>\n\t\t\t\t<\/div>\n\t\t\t\t\t<\/div>\n\t\t\t\t<\/div>\n\t\t<div class=\"elementor-element elementor-element-fa9dbe4 e-flex e-con-boxed wpr-particle-no wpr-jarallax-no wpr-parallax-no wpr-sticky-section-no e-con e-parent\" data-id=\"fa9dbe4\" data-element_type=\"container\" data-e-type=\"container\">\n\t\t\t\t\t<div class=\"e-con-inner\">\n\t\t\t\t<div class=\"elementor-element elementor-element-cb0a509 elementor-widget elementor-widget-text-editor\" data-id=\"cb0a509\" data-element_type=\"widget\" data-e-type=\"widget\" data-widget_type=\"text-editor.default\">\n\t\t\t\t<div class=\"elementor-widget-container\">\n\t\t\t\t\t\t\t\t\t<p>La seguridad de tus datos es esencial, y <strong>o2switch<\/strong> lo entiende. Todos los d\u00edas se realizan <strong>copias de seguridad autom\u00e1ticas<\/strong> de tu sitio para garantizar que tus datos permanecen protegidos. En caso de problema o manipulaci\u00f3n accidental, puedes restaurar f\u00e1cilmente una versi\u00f3n anterior de tu sitio. Esta funci\u00f3n es una verdadera red de seguridad, que te permite concentrarte en lo esencial sin miedo a perder tu informaci\u00f3n importante.   <\/p>\t\t\t\t\t\t\t\t<\/div>\n\t\t\t\t<\/div>\n\t\t\t\t\t<\/div>\n\t\t\t\t<\/div>\n\t\t<div class=\"elementor-element elementor-element-5cde8e6 e-flex e-con-boxed wpr-particle-no wpr-jarallax-no wpr-parallax-no wpr-sticky-section-no e-con e-parent\" data-id=\"5cde8e6\" data-element_type=\"container\" data-e-type=\"container\">\n\t\t\t\t\t<div class=\"e-con-inner\">\n\t\t\t\t<div class=\"elementor-element elementor-element-3b3943a elementor-widget elementor-widget-heading\" data-id=\"3b3943a\" data-element_type=\"widget\" data-e-type=\"widget\" data-widget_type=\"heading.default\">\n\t\t\t\t<div class=\"elementor-widget-container\">\n\t\t\t\t\t<h3 class=\"elementor-heading-title elementor-size-default\">Protege tus sitios en un instante<\/h3>\t\t\t\t<\/div>\n\t\t\t\t<\/div>\n\t\t\t\t<div class=\"elementor-element elementor-element-c059861 elementor-widget elementor-widget-text-editor\" data-id=\"c059861\" data-element_type=\"widget\" data-e-type=\"widget\" data-widget_type=\"text-editor.default\">\n\t\t\t\t<div class=\"elementor-widget-container\">\n\t\t\t\t\t\t\t\t\t<p>La seguridad online es esencial, sobre todo para ganarte la confianza de tus visitantes. <strong>o2switch<\/strong> incluye <strong>certificados SSL<\/strong> gratuitos para todos tus sitios, que garantizan la encriptaci\u00f3n de los datos intercambiados. Esto no s\u00f3lo refuerza la seguridad de tu sitio, sino que tambi\u00e9n mejora tu posicionamiento en los motores de b\u00fasqueda, ya que siempre se favorece un sitio seguro. As\u00ed que puedes proteger tu sitio sin coste adicional.  <\/p>\t\t\t\t\t\t\t\t<\/div>\n\t\t\t\t<\/div>\n\t\t\t\t\t<\/div>\n\t\t\t\t<\/div>\n\t\t<div class=\"elementor-element elementor-element-10f1847 e-flex e-con-boxed wpr-particle-no wpr-jarallax-no wpr-parallax-no wpr-sticky-section-no e-con e-parent\" data-id=\"10f1847\" data-element_type=\"container\" data-e-type=\"container\">\n\t\t\t\t\t<div class=\"e-con-inner\">\n\t\t\t\t<div class=\"elementor-element elementor-element-25ae599 elementor-widget elementor-widget-heading\" data-id=\"25ae599\" data-element_type=\"widget\" data-e-type=\"widget\" data-widget_type=\"heading.default\">\n\t\t\t\t<div class=\"elementor-widget-container\">\n\t\t\t\t\t<h3 class=\"elementor-heading-title elementor-size-default\">\u00bfPara qui\u00e9n es o2switch?  <\/h3>\t\t\t\t<\/div>\n\t\t\t\t<\/div>\n\t\t\t\t\t<\/div>\n\t\t\t\t<\/div>\n\t\t<div class=\"elementor-element elementor-element-4924622 e-flex e-con-boxed wpr-particle-no wpr-jarallax-no wpr-parallax-no wpr-sticky-section-no e-con e-parent\" data-id=\"4924622\" data-element_type=\"container\" data-e-type=\"container\">\n\t\t\t\t\t<div class=\"e-con-inner\">\n\t\t\t\t<div class=\"elementor-element elementor-element-9028ea4 elementor-widget elementor-widget-text-editor\" data-id=\"9028ea4\" data-element_type=\"widget\" data-e-type=\"widget\" data-widget_type=\"text-editor.default\">\n\t\t\t\t<div class=\"elementor-widget-container\">\n\t\t\t\t\t\t\t\t\t<p><strong>o2switch<\/strong> est\u00e1 dirigido a <strong>blogueros<\/strong>, <strong>peque\u00f1as empresas<\/strong>, <strong>aut\u00f3nomos<\/strong> y <strong>agencias<\/strong> que buscan una soluci\u00f3n de alojamiento sencilla y de alto rendimiento sin limitaciones. Tanto si tienes un peque\u00f1o blog como un sitio de comercio electr\u00f3nico de r\u00e1pido crecimiento, la oferta todo en uno de o2switch te ofrece un entorno fiable y seguro con la flexibilidad necesaria para crecer a tu ritmo. <\/p>\t\t\t\t\t\t\t\t<\/div>\n\t\t\t\t<\/div>\n\t\t\t\t\t<\/div>\n\t\t\t\t<\/div>\n\t\t\t\t<\/div>\n\t\t","protected":false},"excerpt":{"rendered":"<p>O2switch es un proveedor franc\u00e9s de alojamiento web especializado en soluciones de alojamiento compartido y dedicado. Conocido por sus servicios de calidad y su excepcional atenci\u00f3n al cliente. <\/p>\n<ul>\n<li>Alojamiento compartido<\/li>\n<li>Servidores dedicados<\/li>\n<li>Espacio ilimitado<\/li>\n<li>Optimizaci\u00f3n de WordPress<\/li>\n<\/ul>\n","protected":false},"featured_media":29497,"comment_status":"open","ping_status":"closed","template":"","meta":{"_acf_changed":false,"_glsr_average":0,"_glsr_ranking":0,"_glsr_reviews":0},"product_brand":[],"product_cat":[3072],"product_tag":[],"class_list":{"0":"post-29492","1":"product","2":"type-product","3":"status-publish","4":"has-post-thumbnail","6":"product_cat-alojamiento-web","8":"first","9":"instock","10":"shipping-taxable","11":"product-type-external"},"acf":[],"_links":{"self":[{"href":"https:\/\/boostgrowb.com\/es\/wp-json\/wp\/v2\/product\/29492","targetHints":{"allow":["GET"]}}],"collection":[{"href":"https:\/\/boostgrowb.com\/es\/wp-json\/wp\/v2\/product"}],"about":[{"href":"https:\/\/boostgrowb.com\/es\/wp-json\/wp\/v2\/types\/product"}],"replies":[{"embeddable":true,"href":"https:\/\/boostgrowb.com\/es\/wp-json\/wp\/v2\/comments?post=29492"}],"version-history":[{"count":0,"href":"https:\/\/boostgrowb.com\/es\/wp-json\/wp\/v2\/product\/29492\/revisions"}],"wp:featuredmedia":[{"embeddable":true,"href":"https:\/\/boostgrowb.com\/es\/wp-json\/wp\/v2\/media\/29497"}],"wp:attachment":[{"href":"https:\/\/boostgrowb.com\/es\/wp-json\/wp\/v2\/media?parent=29492"}],"wp:term":[{"taxonomy":"product_brand","embeddable":true,"href":"https:\/\/boostgrowb.com\/es\/wp-json\/wp\/v2\/product_brand?post=29492"},{"taxonomy":"product_cat","embeddable":true,"href":"https:\/\/boostgrowb.com\/es\/wp-json\/wp\/v2\/product_cat?post=29492"},{"taxonomy":"product_tag","embeddable":true,"href":"https:\/\/boostgrowb.com\/es\/wp-json\/wp\/v2\/product_tag?post=29492"}],"curies":[{"name":"wp","href":"https:\/\/api.w.org\/{rel}","templated":true}]}}