{"id":29494,"date":"2024-06-07T14:02:27","date_gmt":"2024-06-07T14:02:27","guid":{"rendered":"https:\/\/boostgrowb.com\/software\/hostinger\/"},"modified":"2026-02-15T14:03:35","modified_gmt":"2026-02-15T14:03:35","slug":"hostinger","status":"publish","type":"product","link":"https:\/\/boostgrowb.com\/es\/software\/hostinger\/","title":{"rendered":"Hostinger"},"content":{"rendered":"\t\t<div data-elementor-type=\"product-post\" data-elementor-id=\"29494\" class=\"elementor elementor-29494 elementor-1458\" data-elementor-post-type=\"product\">\n\t\t\t\t<div class=\"elementor-element elementor-element-b5504c1 e-flex e-con-boxed wpr-particle-no wpr-jarallax-no wpr-parallax-no wpr-sticky-section-no e-con e-parent\" data-id=\"b5504c1\" data-element_type=\"container\" data-e-type=\"container\">\n\t\t\t\t\t<div class=\"e-con-inner\">\n\t\t\t\t<div class=\"elementor-element elementor-element-45de569 elementor-widget elementor-widget-heading\" data-id=\"45de569\" data-element_type=\"widget\" data-e-type=\"widget\" data-widget_type=\"heading.default\">\n\t\t\t\t<div class=\"elementor-widget-container\">\n\t\t\t\t\t<h2 class=\"elementor-heading-title elementor-size-default\">\u00bfQu\u00e9 es Hostinger?\n<\/h2>\t\t\t\t<\/div>\n\t\t\t\t<\/div>\n\t\t\t\t<div class=\"elementor-element elementor-element-0eeda67 elementor-widget elementor-widget-text-editor\" data-id=\"0eeda67\" data-element_type=\"widget\" data-e-type=\"widget\" data-widget_type=\"text-editor.default\">\n\t\t\t\t<div class=\"elementor-widget-container\">\n\t\t\t\t\t\t\t\t\t<p class=\"\" data-start=\"227\" data-end=\"789\"><strong data-start=\"227\" data-end=\"364\">Hostinger es una soluci\u00f3n de alojamiento web de alto rendimiento dise\u00f1ada para satisfacer las necesidades de los profesionales digitales.<\/strong>  Conocida por su velocidad, fiabilidad y excelente relaci\u00f3n calidad-precio, la plataforma est\u00e1 dirigida tanto a creadores de sitios web aut\u00f3nomos como a empresas en crecimiento. Con servidores optimizados para LiteSpeed, una infraestructura en la nube escalable y potentes herramientas como el panel de gesti\u00f3n hPanel, Hostinger permite desplegar proyectos web robustos simplificando su gesti\u00f3n diaria. <\/p><p class=\"\" data-start=\"791\" data-end=\"1374\"><strong data-start=\"791\" data-end=\"896\">La fuerza de Hostinger reside en su capacidad para combinar el rendimiento t\u00e9cnico con la accesibilidad.<\/strong>  Al incorporar funciones clave como certificados SSL gratuitos, copias de seguridad autom\u00e1ticas, protecci\u00f3n anti-DDoS e instalaci\u00f3n en 1 clic de CMS como WordPress, la plataforma facilita el referenciamiento natural (SEO), mejora la velocidad de carga de las p\u00e1ginas y refuerza la seguridad del sitio. Los tiempos de respuesta ultrarr\u00e1pidos y el tiempo de actividad del 99,9% garantizan una disponibilidad \u00f3ptima, esencial para la conversi\u00f3n y la experiencia del usuario. <\/p><p class=\"\" data-start=\"1376\" data-end=\"1866\"><strong data-start=\"1376\" data-end=\"1465\">Dise\u00f1ado para apoyar a los profesionales de contenidos, desarrolladores, aut\u00f3nomos y PYMES<\/strong>, Hostinger ofrece una interfaz clara, un servicio de atenci\u00f3n al cliente 24 horas al d\u00eda, 7 d\u00edas a la semana, y precios flexibles que te permiten ampliar tus recursos a medida que crece tu proyecto. Cuando eliges Hostinger, no s\u00f3lo alojas un sitio: inviertes en una s\u00f3lida base t\u00e9cnica dise\u00f1ada para respaldar tus objetivos de rendimiento, visibilidad y crecimiento a largo plazo. <\/p>\t\t\t\t\t\t\t\t<\/div>\n\t\t\t\t<\/div>\n\t\t\t\t<div class=\"elementor-element elementor-element-b7f9dbc elementor-widget elementor-widget-heading\" data-id=\"b7f9dbc\" data-element_type=\"widget\" data-e-type=\"widget\" data-widget_type=\"heading.default\">\n\t\t\t\t<div class=\"elementor-widget-container\">\n\t\t\t\t\t<h2 class=\"elementor-heading-title elementor-size-default\">Principales activos de Hostinger  <\/h2>\t\t\t\t<\/div>\n\t\t\t\t<\/div>\n\t\t\t\t<div class=\"elementor-element elementor-element-00c2d99 elementor-widget elementor-widget-text-editor\" data-id=\"00c2d99\" data-element_type=\"widget\" data-e-type=\"widget\" data-widget_type=\"text-editor.default\">\n\t\t\t\t<div class=\"elementor-widget-container\">\n\t\t\t\t\t\t\t\t\t<p data-pm-slice=\"0 0 []\"><b>Excelente rendimiento y velocidad de carga:<\/b> Gracias al uso de servidores LiteSpeed y a la gesti\u00f3n inteligente de la cach\u00e9, Hostinger garantiza tiempos de respuesta ultrarr\u00e1pidos, favoreciendo una mejor referenciaci\u00f3n natural (SEO) y una experiencia de usuario fluida.<\/p><p data-pm-slice=\"0 0 []\"><b>Precios competitivos y escalables:<\/b> Hostinger ofrece planes de alojamiento asequibles sin comprometer la calidad. Ideal para aut\u00f3nomos, PYMEs o sitios de comercio electr\u00f3nico, cada plan est\u00e1 dise\u00f1ado para crecer con tu proyecto. <\/p><p data-pm-slice=\"0 0 []\"><b>Interfaz intuitiva y herramientas profesionales:<\/b> Con su panel de gesti\u00f3n propietario (hPanel), Hostinger simplifica la gesti\u00f3n de tu sitio, al tiempo que ofrece instalaciones con 1 clic (WordPress, WooCommerce, etc.), acceso FTP\/SFTP e integraci\u00f3n con Git o PHP.<\/p><p data-pm-slice=\"0 0 []\"><b>Seguridad avanzada integrada:<\/b> Certificado SSL gratuito, protecci\u00f3n DDoS, copias de seguridad autom\u00e1ticas y supervisi\u00f3n del servidor 24\/7: Hostinger ofrece un entorno seguro para proteger tus datos y aumentar la confianza de tus usuarios.<\/p><p data-pm-slice=\"0 0 []\"><strong>Opciones flexibles:<\/strong> Hostinger ofrece varios tipos de alojamiento: <strong>compartido, VPS, en la nube y dedicado<\/strong>. Sean cuales sean tus necesidades, encontrar\u00e1s una soluci\u00f3n adecuada para ti. <\/p>\t\t\t\t\t\t\t\t<\/div>\n\t\t\t\t<\/div>\n\t\t\t\t<div class=\"elementor-element elementor-element-a1066bc elementor-widget elementor-widget-heading\" data-id=\"a1066bc\" data-element_type=\"widget\" data-e-type=\"widget\" data-widget_type=\"heading.default\">\n\t\t\t\t<div class=\"elementor-widget-container\">\n\t\t\t\t\t<h2 class=\"elementor-heading-title elementor-size-default\">\u00bfPuedo transferir mi sitio existente a Hostinger f\u00e1cilmente?<\/h2>\t\t\t\t<\/div>\n\t\t\t\t<\/div>\n\t\t\t\t<div class=\"elementor-element elementor-element-f8879ab elementor-widget elementor-widget-text-editor\" data-id=\"f8879ab\" data-element_type=\"widget\" data-e-type=\"widget\" data-widget_type=\"text-editor.default\">\n\t\t\t\t<div class=\"elementor-widget-container\">\n\t\t\t\t\t\t\t\t\t<p>Hostinger ofrece un <strong data-start=\"233\" data-end=\"273\">servicio gratuito de migraci\u00f3n de sitios web<\/strong>, disponible para la mayor\u00eda de tipos de sitios web, incluidos WordPress, Joomla, WooCommerce y m\u00e1s. Una vez que te hayas suscrito a un plan, s\u00f3lo tienes que <strong data-start=\"440\" data-end=\"465\">rellenar un formulario<\/strong> en tu panel de control, y el equipo t\u00e9cnico de Hostinger se encargar\u00e1 del resto, sin tiempo de inactividad. <\/p>\t\t\t\t\t\t\t\t<\/div>\n\t\t\t\t<\/div>\n\t\t\t\t\t<\/div>\n\t\t\t\t<\/div>\n\t\t\t\t<\/div>\n\t\t","protected":false},"excerpt":{"rendered":"<p>Hostinger ofrece alojamiento web de alto rendimiento, r\u00e1pido y seguro, ideal para profesionales digitales que quieren desarrollar sus proyectos online de forma fiable y a un precio competitivo.<\/p>\n<ul>\n<li><span class=\"header__list-item\" data-v-9d82c719=\"\">Nombre de dominio gratuito<\/span><\/li>\n<li>Tarifas competitivas<\/li>\n<li><span class=\"header__list-item\" data-v-9d82c719=\"\">Migraci\u00f3n gratuita del sitio web<\/span><\/li>\n<li><span class=\"header__list-item\" data-v-9d82c719=\"\">Atenci\u00f3n al cliente 24 horas al d\u00eda, 7 d\u00edas a la semana<\/span><\/li>\n<\/ul>\n","protected":false},"featured_media":29498,"comment_status":"open","ping_status":"closed","template":"","meta":{"_acf_changed":false,"_glsr_average":0,"_glsr_ranking":0,"_glsr_reviews":0},"product_brand":[],"product_cat":[3072],"product_tag":[],"class_list":{"0":"post-29494","1":"product","2":"type-product","3":"status-publish","4":"has-post-thumbnail","6":"product_cat-alojamiento-web","8":"first","9":"instock","10":"shipping-taxable","11":"product-type-external"},"acf":[],"_links":{"self":[{"href":"https:\/\/boostgrowb.com\/es\/wp-json\/wp\/v2\/product\/29494","targetHints":{"allow":["GET"]}}],"collection":[{"href":"https:\/\/boostgrowb.com\/es\/wp-json\/wp\/v2\/product"}],"about":[{"href":"https:\/\/boostgrowb.com\/es\/wp-json\/wp\/v2\/types\/product"}],"replies":[{"embeddable":true,"href":"https:\/\/boostgrowb.com\/es\/wp-json\/wp\/v2\/comments?post=29494"}],"version-history":[{"count":0,"href":"https:\/\/boostgrowb.com\/es\/wp-json\/wp\/v2\/product\/29494\/revisions"}],"wp:featuredmedia":[{"embeddable":true,"href":"https:\/\/boostgrowb.com\/es\/wp-json\/wp\/v2\/media\/29498"}],"wp:attachment":[{"href":"https:\/\/boostgrowb.com\/es\/wp-json\/wp\/v2\/media?parent=29494"}],"wp:term":[{"taxonomy":"product_brand","embeddable":true,"href":"https:\/\/boostgrowb.com\/es\/wp-json\/wp\/v2\/product_brand?post=29494"},{"taxonomy":"product_cat","embeddable":true,"href":"https:\/\/boostgrowb.com\/es\/wp-json\/wp\/v2\/product_cat?post=29494"},{"taxonomy":"product_tag","embeddable":true,"href":"https:\/\/boostgrowb.com\/es\/wp-json\/wp\/v2\/product_tag?post=29494"}],"curies":[{"name":"wp","href":"https:\/\/api.w.org\/{rel}","templated":true}]}}