{"id":29503,"date":"2024-06-06T13:33:26","date_gmt":"2024-06-06T13:33:26","guid":{"rendered":"https:\/\/boostgrowb.com\/software\/brilla\/"},"modified":"2026-02-14T14:02:55","modified_gmt":"2026-02-14T14:02:55","slug":"brilla","status":"publish","type":"product","link":"https:\/\/boostgrowb.com\/es\/software\/brilla\/","title":{"rendered":"Brilla"},"content":{"rendered":"\t\t<div data-elementor-type=\"product-post\" data-elementor-id=\"29503\" class=\"elementor elementor-29503 elementor-1442\" data-elementor-post-type=\"product\">\n\t\t\t\t<div class=\"elementor-element elementor-element-ce46305 e-flex e-con-boxed wpr-particle-no wpr-jarallax-no wpr-parallax-no wpr-sticky-section-no e-con e-parent\" data-id=\"ce46305\" data-element_type=\"container\" data-e-type=\"container\">\n\t\t\t\t\t<div class=\"e-con-inner\">\n\t\t\t\t<div class=\"elementor-element elementor-element-889721d elementor-widget elementor-widget-heading\" data-id=\"889721d\" data-element_type=\"widget\" data-e-type=\"widget\" data-widget_type=\"heading.default\">\n\t\t\t\t<div class=\"elementor-widget-container\">\n\t\t\t\t\t<h2 class=\"elementor-heading-title elementor-size-default\">\u00bfQu\u00e9 es Shine?<\/h2>\t\t\t\t<\/div>\n\t\t\t\t<\/div>\n\t\t\t\t\t<\/div>\n\t\t\t\t<\/div>\n\t\t<div class=\"elementor-element elementor-element-ec9c4da e-flex e-con-boxed wpr-particle-no wpr-jarallax-no wpr-parallax-no wpr-sticky-section-no e-con e-parent\" data-id=\"ec9c4da\" data-element_type=\"container\" data-e-type=\"container\">\n\t\t\t\t\t<div class=\"e-con-inner\">\n\t\t\t\t<div class=\"elementor-element elementor-element-4e1b8cc elementor-widget elementor-widget-text-editor\" data-id=\"4e1b8cc\" data-element_type=\"widget\" data-e-type=\"widget\" data-widget_type=\"text-editor.default\">\n\t\t\t\t<div class=\"elementor-widget-container\">\n\t\t\t\t\t\t\t\t\t<p class=\"\" data-start=\"186\" data-end=\"628\">Shine, el neobanco dise\u00f1ado para aut\u00f3nomos, empresarios por cuenta propia y gestores de VSE, shine es mucho m\u00e1s que una cuenta de empresa. Es un aut\u00e9ntico copiloto administrativo que centraliza todas las herramientas que necesitas para gestionar tu negocio. A trav\u00e9s de una aplicaci\u00f3n m\u00f3vil f\u00e1cil de usar, puedes gestionar tus finanzas, hacer un seguimiento de tus gastos y emitir presupuestos y facturas en unos pocos clics, mientras mantienes el control de tu tesorer\u00eda.  <\/p><p class=\"\" data-start=\"630\" data-end=\"1029\">M\u00e1s que una herramienta de gesti\u00f3n, Shine te ayuda con todas tus obligaciones administrativas. Declaraciones URSSAF, IVA, recordatorios autom\u00e1ticos, c\u00e1lculos de gastos: todo est\u00e1 automatizado para ahorrarte un tiempo precioso. Tambi\u00e9n te beneficiar\u00e1s de asistencia jur\u00eddica y soporte receptivo, para que puedas dirigir tu empresa con tranquilidad, sin jerga innecesaria ni papeleo que te haga perder tiempo.  <\/p><p class=\"\" data-start=\"1031\" data-end=\"1423\">Al elegir Shine, est\u00e1s optando por una soluci\u00f3n bancaria moderna y 100% digital, dise\u00f1ada para satisfacer las necesidades de los aut\u00f3nomos. Flexible, intuitivo y ultracompleto, este neobanco libera tu mente y te permite concentrarte en lo que realmente importa: desarrollar tu negocio. Se acabaron los quebraderos de cabeza administrativos, Shine simplifica tu d\u00eda a d\u00eda.  <\/p>\t\t\t\t\t\t\t\t<\/div>\n\t\t\t\t<\/div>\n\t\t\t\t<div class=\"elementor-element elementor-element-f3084b3 elementor-widget elementor-widget-heading\" data-id=\"f3084b3\" data-element_type=\"widget\" data-e-type=\"widget\" data-widget_type=\"heading.default\">\n\t\t\t\t<div class=\"elementor-widget-container\">\n\t\t\t\t\t<h2 class=\"elementor-heading-title elementor-size-default\">\u00c9stas son las 5 principales ventajas de Shine<\/h2>\t\t\t\t<\/div>\n\t\t\t\t<\/div>\n\t\t\t\t<div class=\"elementor-element elementor-element-7f1f301 elementor-widget elementor-widget-text-editor\" data-id=\"7f1f301\" data-element_type=\"widget\" data-e-type=\"widget\" data-widget_type=\"text-editor.default\">\n\t\t\t\t<div class=\"elementor-widget-container\">\n\t\t\t\t\t\t\t\t\t<p class=\"\" data-start=\"160\" data-end=\"602\"><strong data-start=\"160\" data-end=\"201\">Abre una cuenta de empresa en un abrir y cerrar de ojos<\/strong>: con Shine, puedes crear una cuenta de empresa en s\u00f3lo unos minutos, directamente desde tu smartphone. Se acabaron los tr\u00e1mites complicados y el papeleo interminable. La aplicaci\u00f3n te ofrece una interfaz clara e intuitiva, perfectamente dise\u00f1ada para aut\u00f3nomos, trabajadores por cuenta propia y empresarios que quieren gestionar sus finanzas sin necesidad de conocimientos avanzados de contabilidad.  <\/p><p class=\"\" data-start=\"604\" data-end=\"1037\"><strong data-start=\"604\" data-end=\"643\">Automatiza tu contabilidad<\/strong>: Shine va mucho m\u00e1s all\u00e1 de una simple cuenta bancaria. Te permite crear, enviar y seguir tus facturas, generar recordatorios autom\u00e1ticos, calcular tus cotizaciones a la Seguridad Social e incluso precumplimentar tus declaraciones de URSSAF e IVA. Gracias a estas funciones automatizadas, puedes ahorrar un tiempo precioso, reducir los errores y estar siempre al d\u00eda de tus obligaciones fiscales.  <\/p><p dir=\"auto\"><strong>Interfaz intuitiva y f\u00e1cil de usar<\/strong>: Shine destaca por su aplicaci\u00f3n m\u00f3vil elegante e intuitiva. Puedes navegar f\u00e1cilmente entre las distintas funciones, haciendo que gestionar tus finanzas sea lo m\u00e1s sencillo posible. <\/p><p dir=\"auto\"><strong style=\"background-color: transparent; text-align: var(--text-align); color: var( --e-global-color-text ); letter-spacing: 0px;\">Flexibilidad y adaptabilidad<\/strong><span style=\"background-color: transparent; text-align: var(--text-align); color: var( --e-global-color-text ); letter-spacing: 0px;\">  : Shine se adapta a tus necesidades, sea cual sea la fase de desarrollo de tu empresa. Benef\u00edciate de servicios flexibles y accesibles, con tarifas transparentes y competitivas, para una gesti\u00f3n financiera a medida. <\/span><\/p><p class=\"\" data-start=\"108\" data-end=\"656\"><strong data-start=\"108\" data-end=\"147\">Un aut\u00e9ntico copiloto administrativo<\/strong>: Shine hace algo m\u00e1s que gestionar tu cuenta bancaria. La plataforma te apoya desde el momento en que creas tu empresa, gui\u00e1ndote paso a paso en el proceso de elecci\u00f3n y configuraci\u00f3n de tu estatuto jur\u00eddico (autoempresario, EURL, SASU, etc.). Te proporciona plantillas de contratos personalizables y te da acceso a una asistencia jur\u00eddica reactiva, integrada directamente en la aplicaci\u00f3n. Esto te ahorra tiempo y te da tranquilidad, para que puedas tomar las decisiones correctas desde el principio.   <\/p>\t\t\t\t\t\t\t\t<\/div>\n\t\t\t\t<\/div>\n\t\t\t\t<div class=\"elementor-element elementor-element-9abe461 elementor-widget elementor-widget-heading\" data-id=\"9abe461\" data-element_type=\"widget\" data-e-type=\"widget\" data-widget_type=\"heading.default\">\n\t\t\t\t<div class=\"elementor-widget-container\">\n\t\t\t\t\t<h2 class=\"elementor-heading-title elementor-size-default\">Conclusi\u00f3n<\/h2>\t\t\t\t<\/div>\n\t\t\t\t<\/div>\n\t\t\t\t<div class=\"elementor-element elementor-element-4755d21 elementor-widget elementor-widget-text-editor\" data-id=\"4755d21\" data-element_type=\"widget\" data-e-type=\"widget\" data-widget_type=\"text-editor.default\">\n\t\t\t\t<div class=\"elementor-widget-container\">\n\t\t\t\t\t\t\t\t\t<p>Al elegir Shine, est\u00e1s adoptando una soluci\u00f3n bancaria moderna e intuitiva, especialmente dise\u00f1ada para satisfacer las necesidades de aut\u00f3nomos, empresarios por cuenta propia y empresas muy peque\u00f1as. Con su interfaz f\u00e1cil de usar y sus potentes funciones para automatizar las tareas administrativas, Shine te permite concentrarte en lo que realmente importa: desarrollar tu negocio. Desde la apertura r\u00e1pida de tu cuenta de empresa hasta la asistencia jur\u00eddica, todos los aspectos de tu gesti\u00f3n diaria se simplifican, proporcion\u00e1ndote total tranquilidad.  <\/p>\t\t\t\t\t\t\t\t<\/div>\n\t\t\t\t<\/div>\n\t\t\t\t\t<\/div>\n\t\t\t\t<\/div>\n\t\t\t\t<\/div>\n\t\t","protected":false},"excerpt":{"rendered":"<p>Shine es un neobanco franc\u00e9s dirigido principalmente a aut\u00f3nomos, trabajadores por cuenta propia y peque\u00f1as empresas, con una combinaci\u00f3n distintiva de servicios bancarios y de gesti\u00f3n empresarial.<\/p>\n<ul>\n<li>Cuenta profesional<\/li>\n<li>Seguimiento del gasto<\/li>\n<li>Gesti\u00f3n contable<\/li>\n<li>Apertura r\u00e1pida de cuenta<\/li>\n<\/ul>\n","protected":false},"featured_media":29519,"comment_status":"open","ping_status":"closed","template":"","meta":{"_acf_changed":false,"_glsr_average":0,"_glsr_ranking":0,"_glsr_reviews":0},"product_brand":[],"product_cat":[3159],"product_tag":[],"class_list":{"0":"post-29503","1":"product","2":"type-product","3":"status-publish","4":"has-post-thumbnail","6":"product_cat-banco-pro","8":"first","9":"instock","10":"shipping-taxable","11":"product-type-external"},"acf":[],"_links":{"self":[{"href":"https:\/\/boostgrowb.com\/es\/wp-json\/wp\/v2\/product\/29503","targetHints":{"allow":["GET"]}}],"collection":[{"href":"https:\/\/boostgrowb.com\/es\/wp-json\/wp\/v2\/product"}],"about":[{"href":"https:\/\/boostgrowb.com\/es\/wp-json\/wp\/v2\/types\/product"}],"replies":[{"embeddable":true,"href":"https:\/\/boostgrowb.com\/es\/wp-json\/wp\/v2\/comments?post=29503"}],"version-history":[{"count":0,"href":"https:\/\/boostgrowb.com\/es\/wp-json\/wp\/v2\/product\/29503\/revisions"}],"wp:featuredmedia":[{"embeddable":true,"href":"https:\/\/boostgrowb.com\/es\/wp-json\/wp\/v2\/media\/29519"}],"wp:attachment":[{"href":"https:\/\/boostgrowb.com\/es\/wp-json\/wp\/v2\/media?parent=29503"}],"wp:term":[{"taxonomy":"product_brand","embeddable":true,"href":"https:\/\/boostgrowb.com\/es\/wp-json\/wp\/v2\/product_brand?post=29503"},{"taxonomy":"product_cat","embeddable":true,"href":"https:\/\/boostgrowb.com\/es\/wp-json\/wp\/v2\/product_cat?post=29503"},{"taxonomy":"product_tag","embeddable":true,"href":"https:\/\/boostgrowb.com\/es\/wp-json\/wp\/v2\/product_tag?post=29503"}],"curies":[{"name":"wp","href":"https:\/\/api.w.org\/{rel}","templated":true}]}}