{"id":29512,"date":"2024-06-06T13:34:08","date_gmt":"2024-06-06T13:34:08","guid":{"rendered":"https:\/\/boostgrowb.com\/software\/hola-banco-pro\/"},"modified":"2026-02-15T14:03:40","modified_gmt":"2026-02-15T14:03:40","slug":"hola-banco-pro","status":"publish","type":"product","link":"https:\/\/boostgrowb.com\/es\/software\/hola-banco-pro\/","title":{"rendered":"Hola Banco Pro"},"content":{"rendered":"\t\t<div data-elementor-type=\"product-post\" data-elementor-id=\"29512\" class=\"elementor elementor-29512 elementor-1444\" data-elementor-post-type=\"product\">\n\t\t\t\t<div class=\"elementor-element elementor-element-fb41dba e-flex e-con-boxed wpr-particle-no wpr-jarallax-no wpr-parallax-no wpr-sticky-section-no e-con e-parent\" data-id=\"fb41dba\" data-element_type=\"container\" data-e-type=\"container\">\n\t\t\t\t\t<div class=\"e-con-inner\">\n\t\t\t\t<div class=\"elementor-element elementor-element-e0a609a elementor-widget elementor-widget-heading\" data-id=\"e0a609a\" data-element_type=\"widget\" data-e-type=\"widget\" data-widget_type=\"heading.default\">\n\t\t\t\t<div class=\"elementor-widget-container\">\n\t\t\t\t\t<h2 class=\"elementor-heading-title elementor-size-default\">\u00bfQu\u00e9 es Hello Bank Pro?<\/h2>\t\t\t\t<\/div>\n\t\t\t\t<\/div>\n\t\t\t\t<div class=\"elementor-element elementor-element-ba2202f elementor-widget elementor-widget-text-editor\" data-id=\"ba2202f\" data-element_type=\"widget\" data-e-type=\"widget\" data-widget_type=\"text-editor.default\">\n\t\t\t\t<div class=\"elementor-widget-container\">\n\t\t\t\t\t\t\t\t\t<p class=\"\" data-start=\"168\" data-end=\"677\"><strong data-start=\"168\" data-end=\"381\">Hello Bank Pro es la soluci\u00f3n de banca online dise\u00f1ada para aut\u00f3nomos, trabajadores por cuenta propia y peque\u00f1as empresas que buscan sencillez, rendimiento y seguridad a la hora de gestionar sus finanzas.<\/strong>  Ofrecida por BNP Paribas, combina la potencia de un gran banco con la flexibilidad de una plataforma 100% digital. Gracias a un r\u00e1pido proceso de apertura de cuenta y a una interfaz fluida, los profesionales pueden gestionar sus actividades bancarias diarias con total autonom\u00eda, est\u00e9n donde est\u00e9n. <\/p><p class=\"\" data-start=\"679\" data-end=\"1260\"><strong data-start=\"679\" data-end=\"981\">Con Hello Bank Pro, obtienes una cuenta de empresa con un IBAN franc\u00e9s, una tarjeta bancaria Visa Business y acceso privilegiado a una amplia gama de servicios: transferencias SEPA gratuitas, gesti\u00f3n de tesorer\u00eda, seguimiento de gastos y categorizaci\u00f3n inteligente de transacciones.<\/strong>  Adem\u00e1s, la aplicaci\u00f3n m\u00f3vil proporciona una visi\u00f3n clara e instant\u00e1nea de tu flujo de caja, ideal para dirigir tu negocio en tiempo real. La soluci\u00f3n se adapta perfectamente a las necesidades de los aut\u00f3nomos que quieren optimizar su tiempo y seguir centrados en su actividad principal. <\/p><p class=\"\" data-start=\"1262\" data-end=\"1739\"><strong data-start=\"1262\" data-end=\"1404\">Como banco online respaldado por un grupo reconocido, Hello Bank Pro garantiza la m\u00e1xima seguridad y una atenci\u00f3n al cliente fiable.<\/strong>  Te beneficias de la experiencia de BNP Paribas, a la vez que accedes a un paquete bancario a precios competitivos y sin cargos ocultos. Tanto si est\u00e1s poniendo en marcha tu empresa como si buscas una alternativa m\u00e1s moderna a tu banco tradicional, Hello Bank Pro es el socio bancario en el que puedes confiar para gestionar las finanzas de tu empresa con agilidad y tranquilidad. <\/p>\t\t\t\t\t\t\t\t<\/div>\n\t\t\t\t<\/div>\n\t\t\t\t\t<\/div>\n\t\t\t\t<\/div>\n\t\t<div class=\"elementor-element elementor-element-b25dfa5 e-flex e-con-boxed wpr-particle-no wpr-jarallax-no wpr-parallax-no wpr-sticky-section-no e-con e-parent\" data-id=\"b25dfa5\" data-element_type=\"container\" data-e-type=\"container\">\n\t\t\t\t\t<div class=\"e-con-inner\">\n\t\t\t\t<div class=\"elementor-element elementor-element-f1545a7 elementor-widget elementor-widget-heading\" data-id=\"f1545a7\" data-element_type=\"widget\" data-e-type=\"widget\" data-widget_type=\"heading.default\">\n\t\t\t\t<div class=\"elementor-widget-container\">\n\t\t\t\t\t<h2 class=\"elementor-heading-title elementor-size-default\">Las principales ventajas de Hello Bank Pro<\/h2>\t\t\t\t<\/div>\n\t\t\t\t<\/div>\n\t\t\t\t\t<\/div>\n\t\t\t\t<\/div>\n\t\t<div class=\"elementor-element elementor-element-9f2000b e-flex e-con-boxed wpr-particle-no wpr-jarallax-no wpr-parallax-no wpr-sticky-section-no e-con e-parent\" data-id=\"9f2000b\" data-element_type=\"container\" data-e-type=\"container\">\n\t\t\t\t\t<div class=\"e-con-inner\">\n\t\t\t\t<div class=\"elementor-element elementor-element-79ab4d8 elementor-widget elementor-widget-text-editor\" data-id=\"79ab4d8\" data-element_type=\"widget\" data-e-type=\"widget\" data-widget_type=\"text-editor.default\">\n\t\t\t\t<div class=\"elementor-widget-container\">\n\t\t\t\t\t\t\t\t\t<p dir=\"auto\"><strong>Un banco online dedicado a los profesionales: <\/strong>Hello Bank Pro destaca como el banco online definitivo para los profesionales, ya sean aut\u00f3nomos, trabajadores por cuenta propia o empresarios. Con una apertura y gesti\u00f3n de cuentas simplificadas, Hello Bank Pro te ofrece un IBAN franc\u00e9s, tarjetas bancarias profesionales y alertas en tiempo real para cada transacci\u00f3n. Desp\u00eddete de las molestias bancarias y conc\u00e9ntrate en lo que mejor sabes hacer: desarrollar tu negocio.  <\/p><p dir=\"auto\"><strong>Gesti\u00f3n de facturas y pagos m\u00e1s f\u00e1cil: <\/strong>Hello Bank Pro hace que la gesti\u00f3n de facturas sea un juego de ni\u00f1os. Crea, env\u00eda y realiza el seguimiento de las facturas de tu empresa con s\u00f3lo unos clics. Los recordatorios de pago est\u00e1n automatizados, para que nunca se te pase un plazo. Realiza pagos seguros directamente desde tu cuenta, garantizando que tus transacciones financieras se desarrollen con la mayor fluidez posible.   <\/p><p dir=\"auto\"><strong>Seguimiento de gastos y gesti\u00f3n de tesorer\u00eda: <\/strong>Optimiza la gesti\u00f3n de los gastos de tu empresa con las herramientas integradas de Hello Bank Pro. Categoriza y realiza un seguimiento de cada gasto para tener una visibilidad total de tu flujo de caja. Accede a informes detallados sobre tu flujo de caja, facilitando la planificaci\u00f3n de tu presupuesto y la toma de decisiones informadas para tu negocio.  <\/p><p dir=\"auto\"><strong>Contabilidad integrada para una gesti\u00f3n financiera simplificada: <\/strong>Hello Bank Pro integra funcionalidades avanzadas de contabilidad para simplificar la gesti\u00f3n de tus finanzas. Controla tus ingresos y gastos, genera informes contables precisos y sincroniza tus datos con tu programa de contabilidad favorito. Una soluci\u00f3n todo en uno para una gesti\u00f3n financiera sin complicaciones.  <\/p><p dir=\"auto\"><strong>Interfaz f\u00e1cil de usar para todos: <\/strong>La intuitiva interfaz de Hello Bank Pro est\u00e1 dise\u00f1ada para ser accesible a todo el mundo, incluso sin conocimientos financieros avanzados. Navega f\u00e1cilmente por las funcionalidades y gestiona las finanzas de tu empresa con una sencillez desconcertante. Hello Bank Pro garantiza una experiencia bancaria fluida y eficaz.  <\/p>\t\t\t\t\t\t\t\t<\/div>\n\t\t\t\t<\/div>\n\t\t\t\t<div class=\"elementor-element elementor-element-e3dbd26 elementor-widget elementor-widget-heading\" data-id=\"e3dbd26\" data-element_type=\"widget\" data-e-type=\"widget\" data-widget_type=\"heading.default\">\n\t\t\t\t<div class=\"elementor-widget-container\">\n\t\t\t\t\t<h2 class=\"elementor-heading-title elementor-size-default\">\u00bfPor qu\u00e9 elegir Hello Bank Pro?<\/h2>\t\t\t\t<\/div>\n\t\t\t\t<\/div>\n\t\t\t\t<div class=\"elementor-element elementor-element-1a8f857 elementor-widget elementor-widget-text-editor\" data-id=\"1a8f857\" data-element_type=\"widget\" data-e-type=\"widget\" data-widget_type=\"text-editor.default\">\n\t\t\t\t<div class=\"elementor-widget-container\">\n\t\t\t\t\t\t\t\t\t<ul><li><strong>Apertura de cuenta r\u00e1pida y segura<\/strong>: Ahorra tiempo con un proceso de apertura de cuenta simplificado.<\/li><\/ul><div> <\/div><ul><li><strong>IBAN franc\u00e9s y tarjetas bancarias profesionales<\/strong>: disfruta de todas las ventajas de un banco tradicional, con la flexibilidad de un banco online.<\/li><\/ul><div> <\/div><ul><li><strong>Automatiza las tareas administrativas<\/strong>: lib\u00e9rate de las trabas administrativas automatizando las facturas y los recordatorios de pago.<\/li><\/ul><div> <\/div><ul><li><strong>Informes financieros detallados<\/strong>: Toma decisiones con conocimiento de causa gracias a informes financieros completos y personalizados.<\/li><\/ul>\t\t\t\t\t\t\t\t<\/div>\n\t\t\t\t<\/div>\n\t\t\t\t\t<\/div>\n\t\t\t\t<\/div>\n\t\t\t\t<\/div>\n\t\t","protected":false},"excerpt":{"rendered":"<p>Hello Bank Pro es una soluci\u00f3n bancaria completa para profesionales, que ofrece cuentas bancarias, herramientas de facturaci\u00f3n, gesti\u00f3n de gastos y financiaci\u00f3n adaptadas a las necesidades espec\u00edficas de empresas y aut\u00f3nomos.<\/p>\n<ul>\n<li class=\"pl-2 font-regular\">Una cuenta de empresa y una tarjeta bancaria<\/li>\n<li class=\"pl-2 font-regular\">Asesores expertos dedicados a los profesionales<\/li>\n<li class=\"pl-2 font-regular\">Una soluci\u00f3n de cr\u00e9dito profesional<\/li>\n<li>Crear y enviar facturas<\/li>\n<\/ul>\n","protected":false},"featured_media":29517,"comment_status":"open","ping_status":"closed","template":"","meta":{"_acf_changed":false,"_glsr_average":0,"_glsr_ranking":0,"_glsr_reviews":0},"product_brand":[],"product_cat":[3159],"product_tag":[],"class_list":{"0":"post-29512","1":"product","2":"type-product","3":"status-publish","4":"has-post-thumbnail","6":"product_cat-banco-pro","8":"first","9":"instock","10":"shipping-taxable","11":"product-type-external"},"acf":[],"_links":{"self":[{"href":"https:\/\/boostgrowb.com\/es\/wp-json\/wp\/v2\/product\/29512","targetHints":{"allow":["GET"]}}],"collection":[{"href":"https:\/\/boostgrowb.com\/es\/wp-json\/wp\/v2\/product"}],"about":[{"href":"https:\/\/boostgrowb.com\/es\/wp-json\/wp\/v2\/types\/product"}],"replies":[{"embeddable":true,"href":"https:\/\/boostgrowb.com\/es\/wp-json\/wp\/v2\/comments?post=29512"}],"version-history":[{"count":0,"href":"https:\/\/boostgrowb.com\/es\/wp-json\/wp\/v2\/product\/29512\/revisions"}],"wp:featuredmedia":[{"embeddable":true,"href":"https:\/\/boostgrowb.com\/es\/wp-json\/wp\/v2\/media\/29517"}],"wp:attachment":[{"href":"https:\/\/boostgrowb.com\/es\/wp-json\/wp\/v2\/media?parent=29512"}],"wp:term":[{"taxonomy":"product_brand","embeddable":true,"href":"https:\/\/boostgrowb.com\/es\/wp-json\/wp\/v2\/product_brand?post=29512"},{"taxonomy":"product_cat","embeddable":true,"href":"https:\/\/boostgrowb.com\/es\/wp-json\/wp\/v2\/product_cat?post=29512"},{"taxonomy":"product_tag","embeddable":true,"href":"https:\/\/boostgrowb.com\/es\/wp-json\/wp\/v2\/product_tag?post=29512"}],"curies":[{"name":"wp","href":"https:\/\/api.w.org\/{rel}","templated":true}]}}