{"id":29528,"date":"2024-06-06T13:35:52","date_gmt":"2024-06-06T13:35:52","guid":{"rendered":"https:\/\/boostgrowb.com\/software\/mona-banq\/"},"modified":"2026-03-18T06:06:27","modified_gmt":"2026-03-18T06:06:27","slug":"mona-banq","status":"publish","type":"product","link":"https:\/\/boostgrowb.com\/es\/software\/mona-banq\/","title":{"rendered":"Mona Banq"},"content":{"rendered":"\t\t<div data-elementor-type=\"product-post\" data-elementor-id=\"29528\" class=\"elementor elementor-29528 elementor-1446\" data-elementor-post-type=\"product\">\n\t\t\t\t<div class=\"elementor-element elementor-element-0d86392 e-flex e-con-boxed wpr-particle-no wpr-jarallax-no wpr-parallax-no wpr-sticky-section-no e-con e-parent\" data-id=\"0d86392\" data-element_type=\"container\" data-e-type=\"container\">\n\t\t\t\t\t<div class=\"e-con-inner\">\n\t\t\t\t<div class=\"elementor-element elementor-element-4e39488 elementor-widget elementor-widget-heading\" data-id=\"4e39488\" data-element_type=\"widget\" data-e-type=\"widget\" data-widget_type=\"heading.default\">\n\t\t\t\t<div class=\"elementor-widget-container\">\n\t\t\t\t\t<h2 class=\"elementor-heading-title elementor-size-default\">\u00bfQu\u00e9 es Mona Banq?<\/h2>\t\t\t\t<\/div>\n\t\t\t\t<\/div>\n\t\t\t\t<div class=\"elementor-element elementor-element-bc34f59 elementor-widget elementor-widget-text-editor\" data-id=\"bc34f59\" data-element_type=\"widget\" data-e-type=\"widget\" data-widget_type=\"text-editor.default\">\n\t\t\t\t<div class=\"elementor-widget-container\">\n\t\t\t\t\t\t\t\t\t<p><strong>Mona Banq<\/strong> es un <strong>innovador banco online<\/strong> especialmente dise\u00f1ado para <strong>aut\u00f3nomos<\/strong>, <strong>emprendedores<\/strong> y <strong>peque\u00f1as empresas<\/strong>. La plataforma ofrece una gama completa de servicios bancarios y de gesti\u00f3n financiera, centrados en la <strong>sencillez<\/strong>, la <strong>transparencia<\/strong> y la<strong>eficacia<\/strong>. Su objetivo es facilitar la gesti\u00f3n de las finanzas empresariales con herramientas intuitivas y funciones avanzadas.  <\/p><p><strong data-start=\"654\" data-end=\"843\">Gracias a una interfaz intuitiva y a servicios bancarios adaptados a los profesionales, Monabanq facilita la gesti\u00f3n de los gastos y la organizaci\u00f3n de tu tesorer\u00eda.<\/strong>  Obtendr\u00e1s una cuenta profesional con un IBAN franc\u00e9s, una tarjeta Visa, transferencias gratuitas y acceso a pr\u00e1cticas herramientas para controlar tus flujos financieros en tiempo real.<\/p><p><strong data-start=\"1152\" data-end=\"1318\">Monabanq Pro se posiciona como una alternativa cre\u00edble y atractiva a los bancos tradicionales.<\/strong>  Tanto si est\u00e1s poniendo en marcha tu negocio como si buscas una soluci\u00f3n m\u00e1s flexible y \u00e1gil para tu gesti\u00f3n financiera, Monabanq te ofrece un paquete claro, seguro y orientado al rendimiento. Un banco online dise\u00f1ado para ahorrarte tiempo&#8230; y tranquilidad. <\/p>\t\t\t\t\t\t\t\t<\/div>\n\t\t\t\t<\/div>\n\t\t\t\t<div class=\"elementor-element elementor-element-08b4067 elementor-widget elementor-widget-heading\" data-id=\"08b4067\" data-element_type=\"widget\" data-e-type=\"widget\" data-widget_type=\"heading.default\">\n\t\t\t\t<div class=\"elementor-widget-container\">\n\t\t\t\t\t<h2 class=\"elementor-heading-title elementor-size-default\">Principales activos de Mona Banq<\/h2>\t\t\t\t<\/div>\n\t\t\t\t<\/div>\n\t\t\t\t<div class=\"elementor-element elementor-element-2cfd7e1 elementor-widget elementor-widget-text-editor\" data-id=\"2cfd7e1\" data-element_type=\"widget\" data-e-type=\"widget\" data-widget_type=\"text-editor.default\">\n\t\t\t\t<div class=\"elementor-widget-container\">\n\t\t\t\t\t\t\t\t\t<ul>\n<li><b>Tareas administrativas automatizadas:<\/b> Para simplificar los tr\u00e1mites administrativos, MonaBanq automatiza las declaraciones fiscales y de la Seguridad Social. Los usuarios son guiados en el proceso de creaci\u00f3n de su empresa y en la gesti\u00f3n de sus obligaciones legales. <\/li>\n<\/ul>\n<div>&nbsp;<\/div>\n<ul>\n<li><b>Gesti\u00f3n de facturas:<\/b> Con Mona Banq, los usuarios pueden crear y enviar <strong>facturas profesionales<\/strong> en unos pocos clics. Las facturas se pueden personalizar y los recordatorios de pago se automatizan, lo que facilita el seguimiento de los pagos pendientes. <\/li>\n<\/ul>\n<div>&nbsp;<\/div>\n<ul>\n<li><strong>Seguimiento de gastos:<\/strong> Mona Banq ofrece herramientas <strong>de gesti\u00f3n de gastos<\/strong> que permiten clasificar los gastos de la empresa y a\u00f1adir recibos. Los usuarios pueden obtener informes detallados de sus gastos mensuales, lo que facilita la gesti\u00f3n del presupuesto. <\/li>\n<\/ul>\n<div>&nbsp;<\/div>\n<ul>\n<li><strong>Cuentas bancarias profesionales en l\u00ednea:<\/strong> <strong>Mona Banq<\/strong> ofrece <strong>cuentas bancarias profesionales<\/strong> con <strong>IBAN franc\u00e9s<\/strong>. Estas cuentas est\u00e1n dise\u00f1adas para satisfacer las necesidades de empresas y aut\u00f3nomos, ofreciendo una gesti\u00f3n simplificada y herramientas adaptadas a las transacciones profesionales. <\/li><\/ul><div><br><\/div><ul>\n<li>\n<p data-pm-slice=\"1 1 []\"><b>Interfaz intuitiva y herramientas pr\u00e1cticas:<\/b> Seguimiento de gastos, transferencias simplificadas, historial claro: la plataforma te permite mantener un control total sobre tu tesorer\u00eda sin necesidad de conocimientos t\u00e9cnicos.<\/p>\n<\/li>\n<\/ul>\t\t\t\t\t\t\t\t<\/div>\n\t\t\t\t<\/div>\n\t\t\t\t\t<\/div>\n\t\t\t\t<\/div>\n\t\t\t\t<\/div>\n\t\t","protected":false},"excerpt":{"rendered":"<p>Monabanq es un banco online franc\u00e9s que ofrece una gama completa de servicios bancarios a particulares. Destaca por su flexibilidad, servicios personalizados y compromiso con una mejor experiencia del cliente. <\/p>\n<ul>\n<li>Un banco sin cargos ocultos<\/li>\n<li>Pr\u00e9stamos y financiaci\u00f3n<\/li>\n<li>Gesti\u00f3n de gastos<\/li>\n<li>Servicio de atenci\u00f3n al cliente dedicado<\/li>\n<\/ul>\n","protected":false},"featured_media":29518,"comment_status":"open","ping_status":"closed","template":"","meta":{"_acf_changed":false,"_glsr_average":0,"_glsr_ranking":0,"_glsr_reviews":0},"product_brand":[],"product_cat":[3159],"product_tag":[],"class_list":{"0":"post-29528","1":"product","2":"type-product","3":"status-publish","4":"has-post-thumbnail","6":"product_cat-banco-pro","8":"first","9":"instock","10":"shipping-taxable","11":"product-type-external"},"acf":[],"_links":{"self":[{"href":"https:\/\/boostgrowb.com\/es\/wp-json\/wp\/v2\/product\/29528","targetHints":{"allow":["GET"]}}],"collection":[{"href":"https:\/\/boostgrowb.com\/es\/wp-json\/wp\/v2\/product"}],"about":[{"href":"https:\/\/boostgrowb.com\/es\/wp-json\/wp\/v2\/types\/product"}],"replies":[{"embeddable":true,"href":"https:\/\/boostgrowb.com\/es\/wp-json\/wp\/v2\/comments?post=29528"}],"version-history":[{"count":0,"href":"https:\/\/boostgrowb.com\/es\/wp-json\/wp\/v2\/product\/29528\/revisions"}],"wp:featuredmedia":[{"embeddable":true,"href":"https:\/\/boostgrowb.com\/es\/wp-json\/wp\/v2\/media\/29518"}],"wp:attachment":[{"href":"https:\/\/boostgrowb.com\/es\/wp-json\/wp\/v2\/media?parent=29528"}],"wp:term":[{"taxonomy":"product_brand","embeddable":true,"href":"https:\/\/boostgrowb.com\/es\/wp-json\/wp\/v2\/product_brand?post=29528"},{"taxonomy":"product_cat","embeddable":true,"href":"https:\/\/boostgrowb.com\/es\/wp-json\/wp\/v2\/product_cat?post=29528"},{"taxonomy":"product_tag","embeddable":true,"href":"https:\/\/boostgrowb.com\/es\/wp-json\/wp\/v2\/product_tag?post=29528"}],"curies":[{"name":"wp","href":"https:\/\/api.w.org\/{rel}","templated":true}]}}