{"id":30335,"date":"2024-06-07T14:01:16","date_gmt":"2024-06-07T14:01:16","guid":{"rendered":"https:\/\/boostgrowb.com\/software\/kinsta\/"},"modified":"2025-07-07T16:03:43","modified_gmt":"2025-07-07T16:03:43","slug":"kinsta","status":"publish","type":"product","link":"https:\/\/boostgrowb.com\/es\/software\/kinsta\/","title":{"rendered":"Kinsta"},"content":{"rendered":"\t\t<div data-elementor-type=\"product-post\" data-elementor-id=\"30335\" class=\"elementor elementor-30335 elementor-1112\" data-elementor-post-type=\"product\">\n\t\t\t\t<div class=\"elementor-element elementor-element-e3f5b36 e-flex e-con-boxed wpr-particle-no wpr-jarallax-no wpr-parallax-no wpr-sticky-section-no e-con e-parent\" data-id=\"e3f5b36\" data-element_type=\"container\" data-e-type=\"container\">\n\t\t\t\t\t<div class=\"e-con-inner\">\n\t\t\t\t<div class=\"elementor-element elementor-element-c5a24ae elementor-widget elementor-widget-heading\" data-id=\"c5a24ae\" data-element_type=\"widget\" data-e-type=\"widget\" data-widget_type=\"heading.default\">\n\t\t\t\t<div class=\"elementor-widget-container\">\n\t\t\t\t\t<h2 class=\"elementor-heading-title elementor-size-default\">\u00bfQu\u00e9 es Kinsta?<\/h2>\t\t\t\t<\/div>\n\t\t\t\t<\/div>\n\t\t\t\t\t<\/div>\n\t\t\t\t<\/div>\n\t\t<div class=\"elementor-element elementor-element-5d6ba47 e-flex e-con-boxed wpr-particle-no wpr-jarallax-no wpr-parallax-no wpr-sticky-section-no e-con e-parent\" data-id=\"5d6ba47\" data-element_type=\"container\" data-e-type=\"container\">\n\t\t\t\t\t<div class=\"e-con-inner\">\n\t\t\t\t<div class=\"elementor-element elementor-element-03aa706 elementor-widget elementor-widget-text-editor\" data-id=\"03aa706\" data-element_type=\"widget\" data-e-type=\"widget\" data-widget_type=\"text-editor.default\">\n\t\t\t\t<div class=\"elementor-widget-container\">\n\t\t\t\t\t\t\t\t\t<p class=\"\" data-start=\"230\" data-end=\"733\"><strong data-start=\"230\" data-end=\"410\">Kinsta es una plataforma premium de alojamiento gestionado de WordPress dise\u00f1ada para empresas exigentes, creadores de contenidos ambiciosos y proyectos con mucho tr\u00e1fico.<\/strong> Impulsada por <strong data-start=\"462\" data-end=\"487\">la<\/strong> infraestructura de alto rendimiento de <strong data-start=\"462\" data-end=\"487\">Google Cloud Platform<\/strong>, Kinsta garantiza tiempos de carga ultrarr\u00e1pidos, alta disponibilidad y escalabilidad instant\u00e1nea. Cada sitio est\u00e1 aislado en un contenedor dedicado, garantizando estabilidad, seguridad y recursos exclusivos, incluso durante los picos de tr\u00e1fico. <\/p><p class=\"\" data-start=\"735\" data-end=\"1272\"><strong data-start=\"735\" data-end=\"853\">Lo que diferencia a Kinsta es su combinaci\u00f3n de tecnolog\u00eda punta y una experiencia de usuario impecable.<\/strong> Gracias a su panel de control propietario <strong data-start=\"895\" data-end=\"907\">MyKinsta<\/strong>, la administraci\u00f3n de tu sitio es sencilla, clara y potente. Te beneficias de una CDN integrada, copias de seguridad diarias, un cortafuegos proactivo, monitorizaci\u00f3n 24\/7 y soporte t\u00e9cnico premium, gestionado por aut\u00e9nticos expertos en WordPress. Todo est\u00e1 optimizado para ofrecer no s\u00f3lo rendimiento, sino sobre todo <strong data-start=\"1235\" data-end=\"1271\">total tranquilidad<\/strong>.  <\/p><p class=\"\" data-start=\"1274\" data-end=\"1783\"><strong data-start=\"1274\" data-end=\"1392\">Ideal para sitios de comercio electr\u00f3nico, blogs con mucho tr\u00e1fico, agencias web y empresas que buscan fiabilidad<\/strong>, Kinsta ofrece una infraestructura construida para ofrecer velocidad, seguridad y escalabilidad. Cuando eliges Kinsta, no s\u00f3lo est\u00e1s eligiendo un alojamiento de alto rendimiento: est\u00e1s invirtiendo en un entorno WordPress gestionado dise\u00f1ado para maximizar tu visibilidad, tu SEO y tu capacidad de conversi\u00f3n. Es un alojamiento dise\u00f1ado para apoyar tu crecimiento digital, sin compromisos.  <\/p>\t\t\t\t\t\t\t\t<\/div>\n\t\t\t\t<\/div>\n\t\t\t\t<div class=\"elementor-element elementor-element-d001fa8 elementor-widget elementor-widget-heading\" data-id=\"d001fa8\" data-element_type=\"widget\" data-e-type=\"widget\" data-widget_type=\"heading.default\">\n\t\t\t\t<div class=\"elementor-widget-container\">\n\t\t\t\t\t<h2 class=\"elementor-heading-title elementor-size-default\">Los 5 activos clave de Kinsta<\/h2>\t\t\t\t<\/div>\n\t\t\t\t<\/div>\n\t\t\t\t<div class=\"elementor-element elementor-element-814980a elementor-widget elementor-widget-text-editor\" data-id=\"814980a\" data-element_type=\"widget\" data-e-type=\"widget\" data-widget_type=\"text-editor.default\">\n\t\t\t\t<div class=\"elementor-widget-container\">\n\t\t\t\t\t\t\t\t\t<ul><li><p><strong><span><span>La velocidad del rayo gracias a Google Cloud<\/span><\/span><\/strong><span><span> Aprovechando la potencia de <\/span><\/span><strong><span><span>plataforma en la nube de Google<\/span><\/span><\/strong><span><span> Kinsta ofrece <\/span><\/span><strong><span><span>tiempos de carga imbatibles<\/span><\/span><\/strong><span><span>  incluso durante las fotos de tr\u00e1fico. Esto mejora la   <\/span><\/span><strong><span><span>experiencia de usuario<\/span><\/span><\/strong><span><span> e impulsar tu <\/span><\/span><strong><span><span>posicionamiento SEO<\/span><\/span><\/strong><span><span> .<\/span><\/span><\/p><\/li><li><p><strong><span><span>Copias de seguridad diarias autom\u00e1ticas<\/span><\/span><\/strong><span><span>  : Con  <\/span><\/span><strong><span><span>copias de seguridad autom\u00e1ticas<\/span><\/span><\/strong><span><span>  podr\u00e1s dormir tranquilo por la noche.  <\/span><\/span><strong><span><span>Kinsta<\/span><\/span><\/strong><span><span>  te permite  <\/span><\/span><strong><span><span>restaura tu sitio en un clic<\/span><\/span><\/strong><span><span>  minimizando el riesgo de p\u00e9rdida de datos.<\/span><\/span><\/p><\/li><li><p><strong><span><span>Seguridad a toda prueba<\/span><\/span><\/strong><span><span> Proteger tu sitio es una prioridad con <\/span><\/span><strong><span><span>Kinsta<\/span><\/span><\/strong><span><span>  . Gracias a  <\/span><\/span><strong><span><span>cortafuegos avanzado<\/span><\/span><\/strong><span><span> cortafuegos <\/span><\/span><strong><span><span>detecci\u00f3n autom\u00e1tica de ataques DDoS<\/span><\/span><\/strong><span><span> y monitorizaci\u00f3n continua, tu sitio est\u00e1 <\/span><\/span><strong><span><span>protegido 24 horas al d\u00eda, 7 d\u00edas a la semana.<\/span><\/span><\/strong><span><span> 24 horas al d\u00eda, 7 d\u00edas a la semana.<\/span><\/span><\/p><\/li><li><p><strong><span><span>Cach\u00e9 de alto rendimiento y CDN gratuita<\/span><\/span><\/strong><span><span> Para garantizar una velocidad de carga \u00f3ptima en cualquier parte del mundo, Kinsta ofrece un <\/span><\/span><strong><span><span>sistema de cach\u00e9<\/span><\/span><\/strong><span><span> de cach\u00e9 y un <\/span><\/span><strong><span><span>CDN premium gratuita<\/span><\/span><\/strong><span><span> gratuito, garantizando que tus visitantes disfruten de una experiencia sin problemas.<\/span><\/span><\/p><\/li><li><p><strong><span><span>Atenci\u00f3n al cliente de \u00e9lite 24 horas al d\u00eda, 7 d\u00edas a la semana<\/span><\/span><\/strong><span><span> Tienes acceso a un equipo de <\/span><\/span><strong><span><span>verdaderos expertos en WordPress<\/span><\/span><\/strong><span><span>  dispuestos a resolver tus problemas en cualquier momento. Tanto si se trata de una cuesti\u00f3n t\u00e9cnica como de un problema de rendimiento,   <\/span><\/span><strong><span><span>Kinsta<\/span><\/span><\/strong><span><span> proporciona <\/span><\/span><strong><span><span>asistencia al cliente de primera clase<\/span><\/span><\/strong><span><span> asistencia.<\/span><\/span><\/p><\/li><\/ul>\t\t\t\t\t\t\t\t<\/div>\n\t\t\t\t<\/div>\n\t\t\t\t<div class=\"elementor-element elementor-element-3b4454a elementor-widget elementor-widget-heading\" data-id=\"3b4454a\" data-element_type=\"widget\" data-e-type=\"widget\" data-widget_type=\"heading.default\">\n\t\t\t\t<div class=\"elementor-widget-container\">\n\t\t\t\t\t<h2 class=\"elementor-heading-title elementor-size-default\">\u00bfCu\u00e1les son las ventajas de utilizar Kinsta?<\/h2>\t\t\t\t<\/div>\n\t\t\t\t<\/div>\n\t\t\t\t<div class=\"elementor-element elementor-element-9b5350b elementor-widget elementor-widget-text-editor\" data-id=\"9b5350b\" data-element_type=\"widget\" data-e-type=\"widget\" data-widget_type=\"text-editor.default\">\n\t\t\t\t<div class=\"elementor-widget-container\">\n\t\t\t\t\t\t\t\t\t<ul><li><p><strong>Alojamiento de alto rendimiento<\/strong>: Kinsta ofrece <strong>tiempos de respuesta ultrarr\u00e1pidos<\/strong>, lo que mejora <strong>la satisfacci\u00f3n de los visitantes<\/strong> e impulsa tu <strong>posicionamiento<\/strong>. Un sitio r\u00e1pido significa m\u00e1s conversiones y una mejor <strong>experiencia de usuario<\/strong>. <\/p><\/li><li><p><strong>Gesti\u00f3n simplificada<\/strong>: Kinsta facilita la <strong>gesti\u00f3n de tu sitio WordPress<\/strong> gracias a una interfaz clara e intuitiva. Incluso sin conocimientos t\u00e9cnicos, puedes gestionar las copias de seguridad, controlar el rendimiento y optimizar tus recursos con s\u00f3lo unos clics. <\/p><\/li><li><p><strong>Seguridad reforzada<\/strong>: Con <strong>una supervisi\u00f3n<\/strong> 24\/7, <strong>sistemas autom\u00e1ticos de detecci\u00f3n de amenazas<\/strong> y <strong>certificados SSL gratuitos<\/strong>, <strong>Kinsta<\/strong> se ha propuesto proteger tu sitio y garantizar su disponibilidad en todo momento.<\/p><\/li><li><p><strong>Escalabilidad y flexibilidad<\/strong>: Kinsta se adapta al crecimiento de tu sitio. Tanto si eres una peque\u00f1a empresa como un sitio de comercio electr\u00f3nico a gran escala, te beneficiar\u00e1s de una <strong>infraestructura escalable<\/strong> que se adapta autom\u00e1ticamente a tu tr\u00e1fico. <\/p><\/li><\/ul>\t\t\t\t\t\t\t\t<\/div>\n\t\t\t\t<\/div>\n\t\t\t\t\t<\/div>\n\t\t\t\t<\/div>\n\t\t<div class=\"elementor-element elementor-element-38b8c92 e-flex e-con-boxed wpr-particle-no wpr-jarallax-no wpr-parallax-no wpr-sticky-section-no e-con e-parent\" data-id=\"38b8c92\" data-element_type=\"container\" data-e-type=\"container\">\n\t\t\t\t\t<div class=\"e-con-inner\">\n\t\t\t\t<div class=\"elementor-element elementor-element-ad18c0d elementor-widget elementor-widget-heading\" data-id=\"ad18c0d\" data-element_type=\"widget\" data-e-type=\"widget\" data-widget_type=\"heading.default\">\n\t\t\t\t<div class=\"elementor-widget-container\">\n\t\t\t\t\t<h2 class=\"elementor-heading-title elementor-size-default\">\u00bfPara qui\u00e9n es Kinsta?<\/h2>\t\t\t\t<\/div>\n\t\t\t\t<\/div>\n\t\t\t\t<div class=\"elementor-element elementor-element-2de3222 elementor-widget elementor-widget-text-editor\" data-id=\"2de3222\" data-element_type=\"widget\" data-e-type=\"widget\" data-widget_type=\"text-editor.default\">\n\t\t\t\t<div class=\"elementor-widget-container\">\n\t\t\t\t\t\t\t\t\t<ul><li><p><strong><span>Comercios electr\u00f3nicos<\/span><\/strong><span> Si tienes una tienda online, Kinsta te ofrece <\/span><strong><span>rapidez, seguridad y disponibilidad<\/span><\/strong><span> tres factores esenciales para maximizar tus <\/span><strong><span>ventas<\/span><\/strong><span> y garantizar una <\/span><strong><span>experiencia de usuario<\/span><\/strong><span> .<\/span><\/p><\/li><li><p><strong><span>Creadores de contenidos<\/span><\/strong><span> Blogueros, creadores de contenidos o editores de sitios WordPress, <\/span><strong><span>Kinsta<\/span><\/strong><span> te permite <\/span><strong><span>garantizar la velocidad<\/span><\/strong><span> de tu sitio y asegurar <\/span><strong><span>una disponibilidad impecable<\/span><\/strong><span> incluso en periodos de mucho tr\u00e1fico.<\/span><\/p><\/li><li><p><strong><span>Agencias digitales y aut\u00f3nomos<\/span><\/strong><span> : <\/span><strong><span>Kinsta<\/span><\/strong><span> ofrece a <\/span><strong><span>potentes herramientas de gesti\u00f3n<\/span><\/strong><span> para gestionar varios sitios WordPress simult\u00e1neamente, con entornos de preparaci\u00f3n, gesti\u00f3n de facturaci\u00f3n integrada y soporte para las complejas necesidades de <\/span><strong><span>necesidades complejas de las agencias<\/span><\/strong><span> .<\/span><\/p><\/li><li><p><strong><span>Empresas en crecimiento<\/span><\/strong><span>  Para empresas que necesitan un alojamiento capaz de  <\/span><strong><span>soportan el tr\u00e1fico pesado<\/span><\/strong><span>  ,  <\/span><strong><span>Kinsta<\/span><\/strong><span>  ofrece una soluci\u00f3n  <\/span><strong><span>fiable<\/span><\/strong><span>  y  <\/span><strong><span>progresiva<\/span><\/strong><span>  que te permite  <\/span><strong><span>mantener un rendimiento \u00f3ptimo<\/span><\/strong><span>  en cualquier momento.<\/span><\/p><\/li><\/ul>\t\t\t\t\t\t\t\t<\/div>\n\t\t\t\t<\/div>\n\t\t\t\t\t<\/div>\n\t\t\t\t<\/div>\n\t\t\t\t<\/div>\n\t\t","protected":false},"excerpt":{"rendered":"<p>Kinsta es un proveedor de alojamiento premium para WordPress, basado en la infraestructura de Google Cloud, que ofrece una velocidad excepcional, seguridad avanzada y gesti\u00f3n optimizada para empresas, agencias y creadores de sitios web que exigen un rendimiento de primer nivel.<\/p>\n<ul>\n<li id=\"h-options-de-sauvegarde-multiples\">Seguridad robusta<\/li>\n<li id=\"h-haute-performance-sans-installation\">Alto rendimiento<\/li>\n<li id=\"h-surveillance-proactive-du-site\">Rendimiento y velocidad<\/li>\n<li>Atenci\u00f3n al cliente excepcional<\/li>\n<\/ul>\n","protected":false},"featured_media":30337,"comment_status":"open","ping_status":"closed","template":"","meta":{"_acf_changed":false,"_glsr_average":0,"_glsr_ranking":0,"_glsr_reviews":0},"product_brand":[],"product_cat":[3072],"product_tag":[],"class_list":{"0":"post-30335","1":"product","2":"type-product","3":"status-publish","4":"has-post-thumbnail","6":"product_cat-alojamiento-web","8":"first","9":"instock","10":"shipping-taxable","11":"product-type-external"},"acf":[],"_links":{"self":[{"href":"https:\/\/boostgrowb.com\/es\/wp-json\/wp\/v2\/product\/30335","targetHints":{"allow":["GET"]}}],"collection":[{"href":"https:\/\/boostgrowb.com\/es\/wp-json\/wp\/v2\/product"}],"about":[{"href":"https:\/\/boostgrowb.com\/es\/wp-json\/wp\/v2\/types\/product"}],"replies":[{"embeddable":true,"href":"https:\/\/boostgrowb.com\/es\/wp-json\/wp\/v2\/comments?post=30335"}],"version-history":[{"count":0,"href":"https:\/\/boostgrowb.com\/es\/wp-json\/wp\/v2\/product\/30335\/revisions"}],"wp:featuredmedia":[{"embeddable":true,"href":"https:\/\/boostgrowb.com\/es\/wp-json\/wp\/v2\/media\/30337"}],"wp:attachment":[{"href":"https:\/\/boostgrowb.com\/es\/wp-json\/wp\/v2\/media?parent=30335"}],"wp:term":[{"taxonomy":"product_brand","embeddable":true,"href":"https:\/\/boostgrowb.com\/es\/wp-json\/wp\/v2\/product_brand?post=30335"},{"taxonomy":"product_cat","embeddable":true,"href":"https:\/\/boostgrowb.com\/es\/wp-json\/wp\/v2\/product_cat?post=30335"},{"taxonomy":"product_tag","embeddable":true,"href":"https:\/\/boostgrowb.com\/es\/wp-json\/wp\/v2\/product_tag?post=30335"}],"curies":[{"name":"wp","href":"https:\/\/api.w.org\/{rel}","templated":true}]}}