{"id":30336,"date":"2024-06-10T10:03:21","date_gmt":"2024-06-10T10:03:21","guid":{"rendered":"https:\/\/boostgrowb.com\/software\/nordvpn\/"},"modified":"2026-02-15T14:03:33","modified_gmt":"2026-02-15T14:03:33","slug":"nordvpn","status":"publish","type":"product","link":"https:\/\/boostgrowb.com\/es\/software\/nordvpn\/","title":{"rendered":"NordVPN"},"content":{"rendered":"\t\t<div data-elementor-type=\"product-post\" data-elementor-id=\"30336\" class=\"elementor elementor-30336 elementor-1359\" data-elementor-post-type=\"product\">\n\t\t\t\t<div class=\"elementor-element elementor-element-f9d66f6 e-flex e-con-boxed wpr-particle-no wpr-jarallax-no wpr-parallax-no wpr-sticky-section-no e-con e-parent\" data-id=\"f9d66f6\" data-element_type=\"container\" data-e-type=\"container\">\n\t\t\t\t\t<div class=\"e-con-inner\">\n\t\t\t\t<div class=\"elementor-element elementor-element-0f549e6 elementor-widget elementor-widget-heading\" data-id=\"0f549e6\" data-element_type=\"widget\" data-e-type=\"widget\" data-widget_type=\"heading.default\">\n\t\t\t\t<div class=\"elementor-widget-container\">\n\t\t\t\t\t<h2 class=\"elementor-heading-title elementor-size-default\">\u00bfQu\u00e9 es NordVPN?<\/h2>\t\t\t\t<\/div>\n\t\t\t\t<\/div>\n\t\t\t\t<div class=\"elementor-element elementor-element-aa6caad elementor-widget elementor-widget-text-editor\" data-id=\"aa6caad\" data-element_type=\"widget\" data-e-type=\"widget\" data-widget_type=\"text-editor.default\">\n\t\t\t\t<div class=\"elementor-widget-container\">\n\t\t\t\t\t\t\t\t\t<p><strong>NordVPN<\/strong> es una de las <strong>VPN m\u00e1s populares y fiables<\/strong> del mercado, utilizada por millones de internautas de todo el mundo para proteger su privacidad en l\u00ednea y asegurar sus conexiones. Este servicio de red privada virtual te permite enmascarar tu direcci\u00f3n IP, encriptar tus datos y navegar con total seguridad, incluso en redes p\u00fablicas vulnerables.   <\/p><p class=\"\" data-start=\"746\" data-end=\"1253\">Dise\u00f1ada para satisfacer las necesidades de particulares y profesionales por igual, <strong data-start=\"821\" data-end=\"832\">NordVPN<\/strong> ofrece funciones de seguridad avanzadas: doble VPN para mejorar el anonimato, cifrado AES-256 de grado militar, protecci\u00f3n contra fugas de DNS, Kill Switch autom\u00e1tico y una estricta pol\u00edtica de no registros. Compatible con Windows, macOS, Android, iOS e incluso instalable directamente en routers, NordVPN puede proteger hasta seis dispositivos simult\u00e1neamente con una sola suscripci\u00f3n. <\/p><p class=\"\" data-start=\"1255\" data-end=\"1691\">Elegir <strong data-start=\"1263\" data-end=\"1274\">NordVPN<\/strong> significa elegir una navegaci\u00f3n libre, segura y sin l\u00edmites. Tanto si quieres proteger tus transacciones bancarias, eludir la censura, desbloquear contenidos con restricciones geogr\u00e1ficas como Netflix US o simplemente preservar tu privacidad digital, NordVPN te ofrece una soluci\u00f3n intuitiva, r\u00e1pida y robusta. Protege tu mundo digital con tecnolog\u00eda de vanguardia y total confidencialidad garantizada.  <\/p>\t\t\t\t\t\t\t\t<\/div>\n\t\t\t\t<\/div>\n\t\t\t\t<div class=\"elementor-element elementor-element-7a6c3aa elementor-widget elementor-widget-heading\" data-id=\"7a6c3aa\" data-element_type=\"widget\" data-e-type=\"widget\" data-widget_type=\"heading.default\">\n\t\t\t\t<div class=\"elementor-widget-container\">\n\t\t\t\t\t<h2 class=\"elementor-heading-title elementor-size-default\">Las principales ventajas de NordVPN<\/h2>\t\t\t\t<\/div>\n\t\t\t\t<\/div>\n\t\t\t\t<div class=\"elementor-element elementor-element-ddb187c elementor-widget elementor-widget-text-editor\" data-id=\"ddb187c\" data-element_type=\"widget\" data-e-type=\"widget\" data-widget_type=\"text-editor.default\">\n\t\t\t\t<div class=\"elementor-widget-container\">\n\t\t\t\t\t\t\t\t\t<ul><li data-start=\"221\" data-end=\"503\"><strong data-start=\"221\" data-end=\"260\">Seguridad de grado militar: <\/strong>NordVPN utiliza encriptaci\u00f3n AES-256 bits, combinada con protocolos VPN de \u00faltima generaci\u00f3n (NordLynx, OpenVPN), que garantizan la protecci\u00f3n de tus datos personales frente a piratas inform\u00e1ticos, esp\u00edas e incluso redes Wi-Fi p\u00fablicas no seguras.<\/li><\/ul><div> <\/div><ul><li data-start=\"505\" data-end=\"756\"><strong data-start=\"505\" data-end=\"547\">Confidencialidad total garantizada: <\/strong>Con su estricta pol\u00edtica de no registros y funciones como Doble VPN y Onion Over VPN, NordVPN garantiza tu total anonimato en Internet, impidiendo cualquier rastreo o vigilancia.<\/li><\/ul><div> <\/div><ul><li data-start=\"758\" data-end=\"1050\"><strong data-start=\"758\" data-end=\"808\">Acceso sin fronteras a contenidos globales: <\/strong>salta las restricciones geogr\u00e1ficas para acceder a las bibliotecas internacionales de Netflix, BBC iPlayer, Disney+ y m\u00e1s de 400 servicios de streaming, con velocidades de conexi\u00f3n ultrarr\u00e1pidas optimizadas para streaming en HD.<\/li><\/ul><div> <\/div><ul><li data-start=\"1052\" data-end=\"1304\"><strong data-start=\"1052\" data-end=\"1105\">Protecci\u00f3n inteligente contra las amenazas: <\/strong>Gracias a la tecnolog\u00eda CyberSec, NordVPN bloquea autom\u00e1ticamente la publicidad intrusiva, los sitios maliciosos y las amenazas en l\u00ednea, mejorando tu seguridad y comodidad de navegaci\u00f3n.<\/li><\/ul><div> <\/div><ul><li data-start=\"1306\" data-end=\"1580\"><strong data-start=\"1306\" data-end=\"1360\">F\u00e1cil de usar en todos tus dispositivos: <\/strong>Con aplicaciones ergon\u00f3micas para Windows, Mac, Android, iOS, Linux e incluso extensiones de navegador, NordVPN te protege con un solo clic en hasta 6 dispositivos simult\u00e1neamente, sin ralentizar tu navegaci\u00f3n.<\/li><\/ul>\t\t\t\t\t\t\t\t<\/div>\n\t\t\t\t<\/div>\n\t\t\t\t<div class=\"elementor-element elementor-element-7849159 elementor-widget elementor-widget-heading\" data-id=\"7849159\" data-element_type=\"widget\" data-e-type=\"widget\" data-widget_type=\"heading.default\">\n\t\t\t\t<div class=\"elementor-widget-container\">\n\t\t\t\t\t<h2 class=\"elementor-heading-title elementor-size-default\">\u00bfPor qu\u00e9 elegir NordVPN para proteger tu privacidad online?<\/h2>\t\t\t\t<\/div>\n\t\t\t\t<\/div>\n\t\t\t\t<div class=\"elementor-element elementor-element-d87a5a7 elementor-widget elementor-widget-text-editor\" data-id=\"d87a5a7\" data-element_type=\"widget\" data-e-type=\"widget\" data-widget_type=\"text-editor.default\">\n\t\t\t\t<div class=\"elementor-widget-container\">\n\t\t\t\t\t\t\t\t\t<p><strong>NordVPN<\/strong> destaca por su perfecta combinaci\u00f3n de <strong>seguridad, rendimiento y facilidad de uso<\/strong>. Tanto si quieres proteger tus datos en una red Wi-Fi p\u00fablica, acceder a contenidos restringidos o simplemente navegar de forma an\u00f3nima, te ofrece una soluci\u00f3n completa para satisfacer todas estas necesidades.   <\/p><p>Con su amplia red de servidores, su encriptaci\u00f3n de grado militar y funciones exclusivas como la Doble VPN, garantiza una experiencia en l\u00ednea fluida, r\u00e1pida y muy segura. Accesible tanto para usuarios principiantes como para expertos en seguridad, es la elecci\u00f3n obvia para quienes desean tomar el control de su privacidad en l\u00ednea. <\/p>\t\t\t\t\t\t\t\t<\/div>\n\t\t\t\t<\/div>\n\t\t\t\t\t<\/div>\n\t\t\t\t<\/div>\n\t\t\t\t<\/div>\n\t\t","protected":false},"excerpt":{"rendered":"<p>NordVPN es un servicio de red privada virtual proporcionado por Nord Security. Da acceso a m\u00e1s de 5.500 servidores en 59 pa\u00edses y puede utilizarse simult\u00e1neamente en seis dispositivos diferentes.  <sup id=\"cite_ref-4\" class=\"reference\"><\/sup><\/p>\n<ul>\n<li>Cifrado de alto nivel<\/li>\n<li>Pol\u00edticas no log<\/li>\n<li>Protocolo de seguridad<\/li>\n<li>Protecci\u00f3n contra las amenazas<\/li>\n<\/ul>\n","protected":false},"featured_media":31150,"comment_status":"open","ping_status":"closed","template":"","meta":{"_acf_changed":false,"_glsr_average":0,"_glsr_ranking":0,"_glsr_reviews":0},"product_brand":[],"product_cat":[4183],"product_tag":[],"class_list":{"0":"post-30336","1":"product","2":"type-product","3":"status-publish","4":"has-post-thumbnail","6":"product_cat-vpn-es","8":"first","9":"instock","10":"shipping-taxable","11":"product-type-external"},"acf":[],"_links":{"self":[{"href":"https:\/\/boostgrowb.com\/es\/wp-json\/wp\/v2\/product\/30336","targetHints":{"allow":["GET"]}}],"collection":[{"href":"https:\/\/boostgrowb.com\/es\/wp-json\/wp\/v2\/product"}],"about":[{"href":"https:\/\/boostgrowb.com\/es\/wp-json\/wp\/v2\/types\/product"}],"replies":[{"embeddable":true,"href":"https:\/\/boostgrowb.com\/es\/wp-json\/wp\/v2\/comments?post=30336"}],"version-history":[{"count":0,"href":"https:\/\/boostgrowb.com\/es\/wp-json\/wp\/v2\/product\/30336\/revisions"}],"wp:featuredmedia":[{"embeddable":true,"href":"https:\/\/boostgrowb.com\/es\/wp-json\/wp\/v2\/media\/31150"}],"wp:attachment":[{"href":"https:\/\/boostgrowb.com\/es\/wp-json\/wp\/v2\/media?parent=30336"}],"wp:term":[{"taxonomy":"product_brand","embeddable":true,"href":"https:\/\/boostgrowb.com\/es\/wp-json\/wp\/v2\/product_brand?post=30336"},{"taxonomy":"product_cat","embeddable":true,"href":"https:\/\/boostgrowb.com\/es\/wp-json\/wp\/v2\/product_cat?post=30336"},{"taxonomy":"product_tag","embeddable":true,"href":"https:\/\/boostgrowb.com\/es\/wp-json\/wp\/v2\/product_tag?post=30336"}],"curies":[{"name":"wp","href":"https:\/\/api.w.org\/{rel}","templated":true}]}}