{"id":30342,"date":"2024-06-10T09:20:49","date_gmt":"2024-06-10T09:20:49","guid":{"rendered":"https:\/\/boostgrowb.com\/software\/wix\/"},"modified":"2025-07-07T16:05:34","modified_gmt":"2025-07-07T16:05:34","slug":"wix","status":"publish","type":"product","link":"https:\/\/boostgrowb.com\/es\/software\/wix\/","title":{"rendered":"Wix"},"content":{"rendered":"\t\t<div data-elementor-type=\"product-post\" data-elementor-id=\"30342\" class=\"elementor elementor-30342 elementor-1318\" data-elementor-post-type=\"product\">\n\t\t\t\t<div class=\"elementor-element elementor-element-38807cc e-flex e-con-boxed wpr-particle-no wpr-jarallax-no wpr-parallax-no wpr-sticky-section-no e-con e-parent\" data-id=\"38807cc\" data-element_type=\"container\" data-e-type=\"container\">\n\t\t\t\t\t<div class=\"e-con-inner\">\n\t\t\t\t<div class=\"elementor-element elementor-element-b8d19cb elementor-widget elementor-widget-heading\" data-id=\"b8d19cb\" data-element_type=\"widget\" data-e-type=\"widget\" data-widget_type=\"heading.default\">\n\t\t\t\t<div class=\"elementor-widget-container\">\n\t\t\t\t\t<h2 class=\"elementor-heading-title elementor-size-default\">\u00bfQu\u00e9 es Wix?<\/h2>\t\t\t\t<\/div>\n\t\t\t\t<\/div>\n\t\t\t\t\t<\/div>\n\t\t\t\t<\/div>\n\t\t<div class=\"elementor-element elementor-element-b854b7a e-flex e-con-boxed wpr-particle-no wpr-jarallax-no wpr-parallax-no wpr-sticky-section-no e-con e-parent\" data-id=\"b854b7a\" data-element_type=\"container\" data-e-type=\"container\">\n\t\t\t\t\t<div class=\"e-con-inner\">\n\t\t\t\t<div class=\"elementor-element elementor-element-b61850c elementor-widget elementor-widget-text-editor\" data-id=\"b61850c\" data-element_type=\"widget\" data-e-type=\"widget\" data-widget_type=\"text-editor.default\">\n\t\t\t\t<div class=\"elementor-widget-container\">\n\t\t\t\t\t\t\t\t\t<p class=\"\" data-start=\"195\" data-end=\"681\"><strong data-start=\"195\" data-end=\"364\">Wix es una plataforma de creaci\u00f3n de sitios web ultraintuitiva, dise\u00f1ada para quienes desean crear un sitio web profesional sin necesidad de conocimientos t\u00e9cnicos.<\/strong>  Tanto si eres empresario, dise\u00f1ador creativo, minorista o aut\u00f3nomo, Wix te permite crear un sitio web personalizado, con capacidad de respuesta y de alto rendimiento en s\u00f3lo unos clics, gracias a su editor visual de arrastrar y soltar. Cada p\u00e1gina es 100% modular, lo que te da total libertad para dise\u00f1ar un escaparate que refleje tu imagen. <\/p><p class=\"\" data-start=\"683\" data-end=\"1103\"><strong data-start=\"683\" data-end=\"764\">M\u00e1s all\u00e1 de su sencillez, Wix es una verdadera palanca de crecimiento digital.<\/strong>  Te beneficias de una biblioteca de m\u00e1s de 800 plantillas modernas, herramientas de marketing integradas (SEO, emailing, CRM, redes sociales), funcionalidad completa de comercio electr\u00f3nico y optimizaci\u00f3n nativa para m\u00f3viles y SEO. Todo est\u00e1 centralizado para ahorrarte tiempo e impulsar tu sitio en los resultados de b\u00fasqueda de Google. <\/p><p class=\"\" data-start=\"1105\" data-end=\"1580\"><strong data-start=\"1105\" data-end=\"1235\">Wix est\u00e1 dirigido tanto a principiantes como a profesionales exigentes que quieran lanzar un sitio web r\u00e1pido, escalable y seguro.<\/strong>  Alojamiento en la nube incluido, s\u00f3lido rendimiento t\u00e9cnico, atenci\u00f3n al cliente receptiva: Wix es mucho m\u00e1s que un constructor de sitios, es una soluci\u00f3n completa para convertir tus ideas en resultados concretos, sin depender de un desarrollador. Crea, personaliza, desarrolla: con Wix, mantienes el control de tu presencia online. <\/p>\t\t\t\t\t\t\t\t<\/div>\n\t\t\t\t<\/div>\n\t\t\t\t<div class=\"elementor-element elementor-element-6fb2e56 elementor-widget elementor-widget-heading\" data-id=\"6fb2e56\" data-element_type=\"widget\" data-e-type=\"widget\" data-widget_type=\"heading.default\">\n\t\t\t\t<div class=\"elementor-widget-container\">\n\t\t\t\t\t<h2 class=\"elementor-heading-title elementor-size-default\">Las principales ventajas de Wix<\/h2>\t\t\t\t<\/div>\n\t\t\t\t<\/div>\n\t\t\t\t<div class=\"elementor-element elementor-element-3e4cb7f elementor-widget elementor-widget-text-editor\" data-id=\"3e4cb7f\" data-element_type=\"widget\" data-e-type=\"widget\" data-widget_type=\"text-editor.default\">\n\t\t\t\t<div class=\"elementor-widget-container\">\n\t\t\t\t\t\t\t\t\t<ul>\n<li data-pm-slice=\"0 0 []\"><b>Crea un sitio web profesional sin c\u00f3digo:<\/b> Con Wix, no necesitas conocimientos t\u00e9cnicos para crear un sitio web de calidad. Su editor de arrastrar y soltar te permite personalizar cada p\u00e1gina por tu cuenta. Es la herramienta ideal para emprendedores, start-ups y PYMES que quieren lanzar su presencia online r\u00e1pidamente.  <\/li>\n<\/ul>\n<div>&nbsp;<\/div>\n<ul>\n<li data-pm-slice=\"0 0 []\"><b>Una soluci\u00f3n de comercio electr\u00f3nico todo en uno: <\/b>lanza tu tienda online sin complicaciones: productos, variantes, pagos, entrega, gesti\u00f3n de existencias&#8230; Todo est\u00e1 incluido. Wix te ayuda a convertir a tus visitantes en compradores con herramientas de venta de alto rendimiento, incluso sin experiencia en comercio electr\u00f3nico. <\/li>\n<\/ul>\n<div>&nbsp;<\/div>\n<ul>\n<li data-pm-slice=\"0 0 []\"><b>Herramientas SEO y de marketing para desarrollar tu visibilidad:<\/b> Wix integra de forma nativa funciones SEO esenciales: etiquetas personalizables, estructura optimizada, mapa del sitio, asistente SEO, etc. A\u00f1ade a esto las funciones de bolet\u00edn de noticias, CRM, automatizaci\u00f3n del marketing y an\u00e1lisis, y tendr\u00e1s una aut\u00e9ntica m\u00e1quina de generar tr\u00e1fico.<\/li>\n<\/ul>\n<div>&nbsp;<\/div>\n<ul>\n<li data-pm-slice=\"0 0 []\"><b>Dise\u00f1o a medida con m\u00e1s de 800 plantillas modernas:<\/b> Wix ofrece una amplia biblioteca de plantillas totalmente personalizables, adecuadas para todos los sectores (restauraci\u00f3n, coaching, comercio electr\u00f3nico, eventos, etc.). Construir\u00e1s un sitio web que refleje fielmente tu imagen de marca y que, al mismo tiempo, sea receptivo y est\u00e9 preparado para dispositivos m\u00f3viles. <\/li><\/ul><div><b><br><\/b><\/div><ul>\n<li data-pm-slice=\"0 0 []\"><b>Flexibilidad y personalizaci\u00f3n totales:<\/b> Wix te ofrece un control total sobre el dise\u00f1o y la funcionalidad de tu sitio web. Tanto si buscas un estilo aerodin\u00e1mico como un dise\u00f1o m\u00e1s din\u00e1mico e interactivo, cada elemento es totalmente personalizable: colores, tipograf\u00eda, animaciones, secciones, efectos&#8230; todo puede ajustarse a tu imagen. Incluso puedes integrar funcionalidades avanzadas (formularios, galer\u00edas, reservas, blog, comercio electr\u00f3nico, etc.) con s\u00f3lo unos clics.  <\/li>\n<\/ul>\t\t\t\t\t\t\t\t<\/div>\n\t\t\t\t<\/div>\n\t\t\t\t\t<\/div>\n\t\t\t\t<\/div>\n\t\t\t\t<\/div>\n\t\t","protected":false},"excerpt":{"rendered":"<div class=\"flex max-w-full flex-col grow\">\n<div class=\"min-h-8 text-message relative flex w-full flex-col items-end gap-2 text-start break-words whitespace-normal [.text-message+&amp;]:mt-5\" dir=\"auto\" data-message-author-role=\"assistant\" data-message-id=\"d9d2dd24-0c1e-4812-aa69-95a8e085c9d8\" data-message-model-slug=\"gpt-4o\">\n<div class=\"flex w-full flex-col gap-1 empty:hidden first:pt-[3px]\">\n<div class=\"markdown prose dark:prose-invert w-full break-words light\">\n<p data-pm-slice=\"0 0 []\">Wix es la plataforma ideal para crear un sitio web a medida, sin necesidad de conocimientos t\u00e9cnicos. Aprovecha las ventajas de un editor de arrastrar y soltar, plantillas profesionales y herramientas integradas de SEO y comercio electr\u00f3nico para impulsar tu negocio online. <\/p>\n<\/div>\n<\/div>\n<\/div>\n<\/div>\n<ul>\n<li>Plantillas profesionales<\/li>\n<li>Dise\u00f1o y personalizaci\u00f3n<\/li>\n<li>Herramientas SEO integradas<\/li>\n<li>Creaci\u00f3n de blogs<\/li>\n<\/ul>\n","protected":false},"featured_media":30344,"comment_status":"open","ping_status":"closed","template":"","meta":{"_acf_changed":false,"_glsr_average":0,"_glsr_ranking":0,"_glsr_reviews":0},"product_brand":[],"product_cat":[4213,4215],"product_tag":[],"class_list":{"0":"post-30342","1":"product","2":"type-product","3":"status-publish","4":"has-post-thumbnail","6":"product_cat-creacion-de-paginas-web","7":"product_cat-paginas-web-y-diseno","9":"first","10":"instock","11":"shipping-taxable","12":"product-type-external"},"acf":[],"_links":{"self":[{"href":"https:\/\/boostgrowb.com\/es\/wp-json\/wp\/v2\/product\/30342","targetHints":{"allow":["GET"]}}],"collection":[{"href":"https:\/\/boostgrowb.com\/es\/wp-json\/wp\/v2\/product"}],"about":[{"href":"https:\/\/boostgrowb.com\/es\/wp-json\/wp\/v2\/types\/product"}],"replies":[{"embeddable":true,"href":"https:\/\/boostgrowb.com\/es\/wp-json\/wp\/v2\/comments?post=30342"}],"version-history":[{"count":0,"href":"https:\/\/boostgrowb.com\/es\/wp-json\/wp\/v2\/product\/30342\/revisions"}],"wp:featuredmedia":[{"embeddable":true,"href":"https:\/\/boostgrowb.com\/es\/wp-json\/wp\/v2\/media\/30344"}],"wp:attachment":[{"href":"https:\/\/boostgrowb.com\/es\/wp-json\/wp\/v2\/media?parent=30342"}],"wp:term":[{"taxonomy":"product_brand","embeddable":true,"href":"https:\/\/boostgrowb.com\/es\/wp-json\/wp\/v2\/product_brand?post=30342"},{"taxonomy":"product_cat","embeddable":true,"href":"https:\/\/boostgrowb.com\/es\/wp-json\/wp\/v2\/product_cat?post=30342"},{"taxonomy":"product_tag","embeddable":true,"href":"https:\/\/boostgrowb.com\/es\/wp-json\/wp\/v2\/product_tag?post=30342"}],"curies":[{"name":"wp","href":"https:\/\/api.w.org\/{rel}","templated":true}]}}