{"id":30343,"date":"2024-06-06T11:47:43","date_gmt":"2024-06-06T11:47:43","guid":{"rendered":"https:\/\/boostgrowb.com\/software\/nocion\/"},"modified":"2026-02-14T14:02:53","modified_gmt":"2026-02-14T14:02:53","slug":"nocion","status":"publish","type":"product","link":"https:\/\/boostgrowb.com\/es\/software\/nocion\/","title":{"rendered":"Noci\u00f3n"},"content":{"rendered":"\t\t<div data-elementor-type=\"product-post\" data-elementor-id=\"30343\" class=\"elementor elementor-30343 elementor-890\" data-elementor-post-type=\"product\">\n\t\t\t\t<div class=\"elementor-element elementor-element-54a20d77 e-flex e-con-boxed wpr-particle-no wpr-jarallax-no wpr-parallax-no wpr-sticky-section-no e-con e-parent\" data-id=\"54a20d77\" data-element_type=\"container\" data-e-type=\"container\">\n\t\t\t\t\t<div class=\"e-con-inner\">\n\t\t\t\t<div class=\"elementor-element elementor-element-be96d2a elementor-widget elementor-widget-heading\" data-id=\"be96d2a\" data-element_type=\"widget\" data-e-type=\"widget\" data-widget_type=\"heading.default\">\n\t\t\t\t<div class=\"elementor-widget-container\">\n\t\t\t\t\t<h2 class=\"elementor-heading-title elementor-size-default\">\u00bfQu\u00e9 es Notion?<\/h2>\t\t\t\t<\/div>\n\t\t\t\t<\/div>\n\t\t\t\t<div class=\"elementor-element elementor-element-759751f3 elementor-widget elementor-widget-text-editor\" data-id=\"759751f3\" data-element_type=\"widget\" data-e-type=\"widget\" data-widget_type=\"text-editor.default\">\n\t\t\t\t<div class=\"elementor-widget-container\">\n\t\t\t\t\t\t\t\t\t<div class=\"elementor-element elementor-element-4338d54 e-con-full e-flex wpr-particle-no wpr-jarallax-no wpr-parallax-no wpr-sticky-section-no e-con e-child\" data-id=\"4338d54\" data-element_type=\"container\" data-settings=\"{\"_ha_eqh_enable\":false}\"><div class=\"elementor-element elementor-element-1ff4745 elementor-widget elementor-widget-heading\" data-id=\"1ff4745\" data-element_type=\"widget\" data-widget_type=\"heading.default\"><div class=\"elementor-widget-container\"><p class=\"\" data-start=\"178\" data-end=\"653\">Notion es una <strong data-start=\"193\" data-end=\"234\">plataforma de productividad todo en uno<\/strong> que revoluciona la forma en que las personas y los equipos organizan su trabajo. A caballo entre la toma de notas, la gesti\u00f3n de proyectos y las bases de datos, Notion centraliza todas tus herramientas en un \u00fanico espacio de trabajo digital. Tanto si eres aut\u00f3nomo, una empresa emergente o una gran empresa, puedes crear un entorno personalizado que se adapte a tus flujos de trabajo, sin l\u00edmites estructurales.  <\/p><p class=\"\" data-start=\"655\" data-end=\"1127\">Lo que realmente diferencia a Notion es su <strong data-start=\"706\" data-end=\"735\">excepcional modularidad<\/strong>. Puedes crear cuadros de mando din\u00e1micos, bases de datos interconectadas, calendarios editoriales, listas de tareas, wikis de equipo e incluso un CRM completo. Cada elemento es totalmente personalizable gracias a un intuitivo sistema de bloques. El resultado: ganas en claridad, coherencia y, sobre todo, productividad, al tiempo que evitas la dispersi\u00f3n entre varias herramientas.   <\/p><p class=\"\" data-start=\"1129\" data-end=\"1646\">Dise\u00f1ado para la <strong data-start=\"1143\" data-end=\"1168\">colaboraci\u00f3n moderna<\/strong>, Notion fomenta la transparencia y el intercambio de informaci\u00f3n en tiempo real. Puedes comentar, asignar tareas, integrar herramientas de terceros y mantener todos tus proyectos alineados en el mismo lugar. M\u00e1s que una herramienta, Notion se convierte en el <strong data-start=\"1415\" data-end=\"1455\">centro neur\u00e1lgico de tu organizaci\u00f3n<\/strong>, capaz de adaptarse a todos los m\u00e9todos (Scrum, Kanban, GTD, etc.). Flexible, potente y escalable, es el activo digital esencial para estructurar, gestionar y desarrollar tus proyectos.   <\/p><\/div><\/div><\/div>\t\t\t\t\t\t\t\t<\/div>\n\t\t\t\t<\/div>\n\t\t\t\t<div class=\"elementor-element elementor-element-8b8a55f elementor-widget elementor-widget-heading\" data-id=\"8b8a55f\" data-element_type=\"widget\" data-e-type=\"widget\" data-widget_type=\"heading.default\">\n\t\t\t\t<div class=\"elementor-widget-container\">\n\t\t\t\t\t<h2 class=\"elementor-heading-title elementor-size-default\">Principales caracter\u00edsticas de Notion<\/h2>\t\t\t\t<\/div>\n\t\t\t\t<\/div>\n\t\t\t\t<div class=\"elementor-element elementor-element-b74bacf elementor-widget elementor-widget-text-editor\" data-id=\"b74bacf\" data-element_type=\"widget\" data-e-type=\"widget\" data-widget_type=\"text-editor.default\">\n\t\t\t\t<div class=\"elementor-widget-container\">\n\t\t\t\t\t\t\t\t\t<ul><li><p dir=\"auto\"><strong>Espacio de trabajo todo en uno<\/strong>: unifica tus notas, documentos, proyectos, tareas y bases de datos en una plataforma \u00fanica, flexible e intuitiva, para una gesti\u00f3n centralizada y eficaz.<\/p><\/li><li><p dir=\"auto\"><strong>Editor inteligente<\/strong>: crea contenidos ricos (texto, im\u00e1genes, v\u00eddeos, c\u00f3digo) sin fricciones, gracias a una interfaz fluida dise\u00f1ada para maximizar tu productividad.<\/p><\/li><li><p dir=\"auto\"><strong>Gesti\u00f3n visual de proyectos<\/strong>: organiza tus tareas mediante tableros Kanban, listas o calendarios, y sigue el progreso de tus proyectos en tiempo real para una mayor visibilidad.<\/p><\/li><li><p dir=\"auto\"><strong>Wikis colaborativos<\/strong>: crea espacios compartidos para documentar procesos internos, compartir recursos clave y mejorar la comunicaci\u00f3n dentro de tu equipo.<\/p><\/li><li><p dir=\"auto\"><strong>Sincronizaci\u00f3n y accesibilidad multiplataforma<\/strong>: trabaja est\u00e9s donde est\u00e9s, desde cualquier dispositivo, y colabora en directo con tus equipos gracias a una sincronizaci\u00f3n instant\u00e1nea y fiable.<\/p><\/li><\/ul>\t\t\t\t\t\t\t\t<\/div>\n\t\t\t\t<\/div>\n\t\t\t\t<div class=\"elementor-element elementor-element-9675238 elementor-widget elementor-widget-heading\" data-id=\"9675238\" data-element_type=\"widget\" data-e-type=\"widget\" data-widget_type=\"heading.default\">\n\t\t\t\t<div class=\"elementor-widget-container\">\n\t\t\t\t\t<h2 class=\"elementor-heading-title elementor-size-default\">\u00bfCu\u00e1les son las ventajas de utilizar Notion?<\/h2>\t\t\t\t<\/div>\n\t\t\t\t<\/div>\n\t\t\t\t<div class=\"elementor-element elementor-element-ff118c2 elementor-widget elementor-widget-text-editor\" data-id=\"ff118c2\" data-element_type=\"widget\" data-e-type=\"widget\" data-widget_type=\"text-editor.default\">\n\t\t\t\t<div class=\"elementor-widget-container\">\n\t\t\t\t\t\t\t\t\t<ul><li><p><strong>Interfaz intuitiva<\/strong>: Notion est\u00e1 dise\u00f1ado para ser f\u00e1cil de usar, incluso para usuarios sin conocimientos t\u00e9cnicos. Te permite <strong>arrastrar y soltar<\/strong> elementos y crear bloques de texto y tablas con s\u00f3lo unos clics. <\/p><\/li><li><p dir=\"auto\"><strong>Integraci\u00f3n con otras herramientas<\/strong>: <span style=\"background-color: transparent; text-align: var(--text-align); color: var( --e-global-color-text ); letter-spacing: 0px;\">Notion te permite integrar varias herramientas de terceros, lo que aumenta su funcionalidad y mejora la interoperabilidad con otros servicios que ya utilices.<\/span><\/p><\/li><li><p dir=\"auto\"><strong>Colaboraci\u00f3n en tiempo real<\/strong>:  <span style=\"background-color: transparent; text-align: var(--text-align); color: var( --e-global-color-text ); letter-spacing: 0px;\">Notion fomenta la colaboraci\u00f3n al permitir que varios usuarios trabajen simult\u00e1neamente en los mismos documentos. Los cambios se sincronizan en tiempo real, facilitando el trabajo en equipo y la comunicaci\u00f3n. <\/span><\/p><\/li><li><p dir=\"auto\"><strong>Flexibilidad y personalizaci\u00f3n<\/strong>:  <span style=\"background-color: transparent; text-align: var(--text-align); color: var( --e-global-color-text ); letter-spacing: 0px;\">Gracias a su sistema de bloques modulares, Notion ofrece una flexibilidad inigualable. Puedes crear p\u00e1ginas y bases de datos totalmente adaptadas a tus necesidades espec\u00edficas, sin estar limitado por estructuras r\u00edgidas. <\/span><\/p><\/li><li><p dir=\"auto\"><strong>Reducci\u00f3n de costes y simplificaci\u00f3n<\/strong>: <span style=\"background-color: transparent; text-align: var(--text-align); color: var( --e-global-color-text ); letter-spacing: 0px;\">Al centralizar todas tus actividades en una \u00fanica herramienta, Notion puede reducir los costes asociados al uso de varios paquetes de software y simplificar tu flujo de trabajo.<\/span><\/p><\/li><\/ul>\t\t\t\t\t\t\t\t<\/div>\n\t\t\t\t<\/div>\n\t\t\t\t\t<\/div>\n\t\t\t\t<\/div>\n\t\t<div class=\"elementor-element elementor-element-b437d9c e-flex e-con-boxed wpr-particle-no wpr-jarallax-no wpr-parallax-no wpr-sticky-section-no e-con e-parent\" data-id=\"b437d9c\" data-element_type=\"container\" data-e-type=\"container\">\n\t\t\t\t\t<div class=\"e-con-inner\">\n\t\t\t\t<div class=\"elementor-element elementor-element-08c85d8 elementor-widget elementor-widget-heading\" data-id=\"08c85d8\" data-element_type=\"widget\" data-e-type=\"widget\" data-widget_type=\"heading.default\">\n\t\t\t\t<div class=\"elementor-widget-container\">\n\t\t\t\t\t<h3 class=\"elementor-heading-title elementor-size-default\">\u00bfPara qui\u00e9n es Notion?<\/h3>\t\t\t\t<\/div>\n\t\t\t\t<\/div>\n\t\t\t\t<div class=\"elementor-element elementor-element-e04561c elementor-widget elementor-widget-text-editor\" data-id=\"e04561c\" data-element_type=\"widget\" data-e-type=\"widget\" data-widget_type=\"text-editor.default\">\n\t\t\t\t<div class=\"elementor-widget-container\">\n\t\t\t\t\t\t\t\t\t<p><strong>Notion<\/strong> es ideal para <strong>aut\u00f3nomos<\/strong>, <strong>PYMES<\/strong>, <strong>startups<\/strong> y <strong>grandes empresas<\/strong> que buscan <strong>organizar sus proyectos<\/strong>, <strong>colaborar eficazmente<\/strong> y <strong>maximizar su productividad<\/strong>. Si necesitas una herramienta que pueda hacerlo todo, desde la <strong>gesti\u00f3n de proyectos<\/strong> a la <strong>toma de notas<\/strong>, pasando por <strong>las bases de datos<\/strong>, <strong>Notion<\/strong> es la herramienta que necesitas. <\/p>\t\t\t\t\t\t\t\t<\/div>\n\t\t\t\t<\/div>\n\t\t\t\t\t<\/div>\n\t\t\t\t<\/div>\n\t\t\t\t<\/div>\n\t\t","protected":false},"excerpt":{"rendered":"<p>Notion es una plataforma de productividad y colaboraci\u00f3n todo en uno que combina la toma de notas, la gesti\u00f3n de proyectos, la gesti\u00f3n de bases de datos y mucho m\u00e1s. Dise\u00f1ada para ser flexible y personalizable<\/p>\n<ul>\n<li>Gesti\u00f3n de proyectos y tareas<\/li>\n<li>Plantillas y modelos preconstruidos<\/li>\n<li>Colaborar y compartir<\/li>\n<li>Personalizaci\u00f3n y flexibilidad<\/li>\n<\/ul>\n","protected":false},"featured_media":30373,"comment_status":"open","ping_status":"closed","template":"","meta":{"_acf_changed":false,"_glsr_average":0,"_glsr_ranking":0,"_glsr_reviews":0},"product_brand":[],"product_cat":[4228,4230,4229],"product_tag":[],"class_list":{"0":"post-30343","1":"product","2":"type-product","3":"status-publish","4":"has-post-thumbnail","6":"product_cat-gestion-de-proyectos","7":"product_cat-gestion-de-proyectos-es-productividad","8":"product_cat-gestion-de-tareas-productividad","10":"first","11":"instock","12":"shipping-taxable","13":"product-type-external"},"acf":[],"_links":{"self":[{"href":"https:\/\/boostgrowb.com\/es\/wp-json\/wp\/v2\/product\/30343","targetHints":{"allow":["GET"]}}],"collection":[{"href":"https:\/\/boostgrowb.com\/es\/wp-json\/wp\/v2\/product"}],"about":[{"href":"https:\/\/boostgrowb.com\/es\/wp-json\/wp\/v2\/types\/product"}],"replies":[{"embeddable":true,"href":"https:\/\/boostgrowb.com\/es\/wp-json\/wp\/v2\/comments?post=30343"}],"version-history":[{"count":0,"href":"https:\/\/boostgrowb.com\/es\/wp-json\/wp\/v2\/product\/30343\/revisions"}],"wp:featuredmedia":[{"embeddable":true,"href":"https:\/\/boostgrowb.com\/es\/wp-json\/wp\/v2\/media\/30373"}],"wp:attachment":[{"href":"https:\/\/boostgrowb.com\/es\/wp-json\/wp\/v2\/media?parent=30343"}],"wp:term":[{"taxonomy":"product_brand","embeddable":true,"href":"https:\/\/boostgrowb.com\/es\/wp-json\/wp\/v2\/product_brand?post=30343"},{"taxonomy":"product_cat","embeddable":true,"href":"https:\/\/boostgrowb.com\/es\/wp-json\/wp\/v2\/product_cat?post=30343"},{"taxonomy":"product_tag","embeddable":true,"href":"https:\/\/boostgrowb.com\/es\/wp-json\/wp\/v2\/product_tag?post=30343"}],"curies":[{"name":"wp","href":"https:\/\/api.w.org\/{rel}","templated":true}]}}