{"id":30366,"date":"2024-06-10T08:32:09","date_gmt":"2024-06-10T08:32:09","guid":{"rendered":"https:\/\/boostgrowb.com\/software\/contenido-ia\/"},"modified":"2026-02-06T14:02:42","modified_gmt":"2026-02-06T14:02:42","slug":"contenido-ia","status":"publish","type":"product","link":"https:\/\/boostgrowb.com\/es\/software\/contenido-ia\/","title":{"rendered":"Contenido IA"},"content":{"rendered":"\t\t<div data-elementor-type=\"product-post\" data-elementor-id=\"30366\" class=\"elementor elementor-30366 elementor-1312\" data-elementor-post-type=\"product\">\n\t\t\t\t<div class=\"elementor-element elementor-element-76777bd e-flex e-con-boxed wpr-particle-no wpr-jarallax-no wpr-parallax-no wpr-sticky-section-no e-con e-parent\" data-id=\"76777bd\" data-element_type=\"container\" data-e-type=\"container\">\n\t\t\t\t\t<div class=\"e-con-inner\">\n\t\t\t\t<div class=\"elementor-element elementor-element-37cd8c5 elementor-widget elementor-widget-heading\" data-id=\"37cd8c5\" data-element_type=\"widget\" data-e-type=\"widget\" data-widget_type=\"heading.default\">\n\t\t\t\t<div class=\"elementor-widget-container\">\n\t\t\t\t\t<h2 class=\"elementor-heading-title elementor-size-default\">\u00bfQu\u00e9 es la IA de Contenidos?<\/h2>\t\t\t\t<\/div>\n\t\t\t\t<\/div>\n\t\t\t\t<div class=\"elementor-element elementor-element-e64d17e elementor-widget elementor-widget-text-editor\" data-id=\"e64d17e\" data-element_type=\"widget\" data-e-type=\"widget\" data-widget_type=\"text-editor.default\">\n\t\t\t\t<div class=\"elementor-widget-container\">\n\t\t\t\t\t\t\t\t\t<p class=\"\" data-start=\"467\" data-end=\"867\">En un mundo en el que la velocidad y la calidad de los contenidos digitales marcan la diferencia, <strong data-start=\"549\" data-end=\"564\">Contents AI<\/strong> es tu socio estrat\u00e9gico. Gracias a su avanzada tecnolog\u00eda de inteligencia artificial, la plataforma te permite producir r\u00e1pidamente art\u00edculos, fichas de producto, boletines y publicaciones sociales, cumpliendo las normas m\u00e1s exigentes del SEO moderno. <\/p><p class=\"\" data-start=\"869\" data-end=\"1290\">Dise\u00f1ado para start-ups tecnol\u00f3gicas y PYMEs ambiciosas, Contents AI combina creatividad y rigor: estructuraci\u00f3n SEO optimizada, enlazado interno inteligente, enriquecimiento sem\u00e1ntico natural&#8230; Cada pieza de contenido est\u00e1 dise\u00f1ada para captar la atenci\u00f3n de tu audiencia al tiempo que maximiza tu visibilidad en Google. Se acabaron los compromisos entre volumen y calidad: puedes ampliar tu creaci\u00f3n de contenidos sin diluir tu imagen de marca. <\/p><p class=\"\" data-start=\"1292\" data-end=\"1575\">Al elegir Contents AI, est\u00e1s adoptando una herramienta \u00e1gil y potente, capaz de alinear tus objetivos empresariales con una estrategia editorial de alto rendimiento. Aumenta tu eficacia, mejora tu tasa de conversi\u00f3n y posiciona tu marca como l\u00edder a largo plazo en tu sector. <\/p>\t\t\t\t\t\t\t\t<\/div>\n\t\t\t\t<\/div>\n\t\t\t\t<div class=\"elementor-element elementor-element-3a822fb elementor-widget elementor-widget-heading\" data-id=\"3a822fb\" data-element_type=\"widget\" data-e-type=\"widget\" data-widget_type=\"heading.default\">\n\t\t\t\t<div class=\"elementor-widget-container\">\n\t\t\t\t\t<h2 class=\"elementor-heading-title elementor-size-default\">Descubre las principales caracter\u00edsticas de la IA de Contenidos<\/h2>\t\t\t\t<\/div>\n\t\t\t\t<\/div>\n\t\t\t\t<div class=\"elementor-element elementor-element-9dd2d99 elementor-widget elementor-widget-heading\" data-id=\"9dd2d99\" data-element_type=\"widget\" data-e-type=\"widget\" data-widget_type=\"heading.default\">\n\t\t\t\t<div class=\"elementor-widget-container\">\n\t\t\t\t\t<h3 class=\"elementor-heading-title elementor-size-default\">Genera contenidos de forma r\u00e1pida y eficaz, adaptados a tus objetivos de marketing\n<\/h3>\t\t\t\t<\/div>\n\t\t\t\t<\/div>\n\t\t\t\t<div class=\"elementor-element elementor-element-889b4d1 elementor-widget elementor-widget-text-editor\" data-id=\"889b4d1\" data-element_type=\"widget\" data-e-type=\"widget\" data-widget_type=\"text-editor.default\">\n\t\t\t\t<div class=\"elementor-widget-container\">\n\t\t\t\t\t\t\t\t\t<p>Una de las caracter\u00edsticas clave de <strong>Contents AI<\/strong> es su capacidad para <strong>generar contenidos autom\u00e1ticamente<\/strong> con s\u00f3lo unos clics. Tanto si necesitas un art\u00edculo completo para un blog, una ficha de producto o un post en las redes sociales, <strong>Contents.ai<\/strong> analiza tus directrices y produce un texto adaptado a tus necesidades. Esta automatizaci\u00f3n permite a las empresas crear contenidos a gran escala sin comprometer la calidad ni el SEO.  <\/p>\t\t\t\t\t\t\t\t<\/div>\n\t\t\t\t<\/div>\n\t\t\t\t<div class=\"elementor-element elementor-element-57d0927 elementor-widget elementor-widget-heading\" data-id=\"57d0927\" data-element_type=\"widget\" data-e-type=\"widget\" data-widget_type=\"heading.default\">\n\t\t\t\t<div class=\"elementor-widget-container\">\n\t\t\t\t\t<h3 class=\"elementor-heading-title elementor-size-default\">Aumenta tu visibilidad en Internet con contenidos optimizados para SEO de forma natural<\/h3>\t\t\t\t<\/div>\n\t\t\t\t<\/div>\n\t\t\t\t<div class=\"elementor-element elementor-element-19835ab elementor-widget elementor-widget-text-editor\" data-id=\"19835ab\" data-element_type=\"widget\" data-e-type=\"widget\" data-widget_type=\"text-editor.default\">\n\t\t\t\t<div class=\"elementor-widget-container\">\n\t\t\t\t\t\t\t\t\t<p><strong>Contents AI<\/strong> est\u00e1 dise\u00f1ada para producir contenidos optimizados para los motores de b\u00fasqueda. La herramienta incorpora funciones<strong>SEO<\/strong> como la sugerencia de palabras clave, la estructuraci\u00f3n de t\u00edtulos y etiquetas, y el an\u00e1lisis de legibilidad. As\u00ed puedes crear contenidos que no s\u00f3lo atraigan a tu audiencia, sino que tambi\u00e9n est\u00e9n dise\u00f1ados para ocupar un lugar destacado en los resultados de b\u00fasqueda.  <\/p>\t\t\t\t\t\t\t\t<\/div>\n\t\t\t\t<\/div>\n\t\t\t\t<div class=\"elementor-element elementor-element-d660cbf elementor-widget elementor-widget-heading\" data-id=\"d660cbf\" data-element_type=\"widget\" data-e-type=\"widget\" data-widget_type=\"heading.default\">\n\t\t\t\t<div class=\"elementor-widget-container\">\n\t\t\t\t\t<h3 class=\"elementor-heading-title elementor-size-default\">Personaliza cada texto para que refleje perfectamente la voz de tu marca<\/h3>\t\t\t\t<\/div>\n\t\t\t\t<\/div>\n\t\t\t\t<div class=\"elementor-element elementor-element-547f6a2 elementor-widget elementor-widget-text-editor\" data-id=\"547f6a2\" data-element_type=\"widget\" data-e-type=\"widget\" data-widget_type=\"text-editor.default\">\n\t\t\t\t<div class=\"elementor-widget-container\">\n\t\t\t\t\t\t\t\t\t<p>Con <strong>Contents AI<\/strong>, puedes personalizar el tono y el estilo del contenido generado. Tanto si quieres un tono profesional, amistoso o m\u00e1s creativo, la herramienta se adapta a tus preferencias para producir textos coherentes con la imagen de tu marca. Esta flexibilidad permite a las empresas mantener una identidad de marca fuerte y coherente en todos sus medios de comunicaci\u00f3n.  <\/p>\t\t\t\t\t\t\t\t<\/div>\n\t\t\t\t<\/div>\n\t\t\t\t<div class=\"elementor-element elementor-element-1de3076 elementor-widget elementor-widget-heading\" data-id=\"1de3076\" data-element_type=\"widget\" data-e-type=\"widget\" data-widget_type=\"heading.default\">\n\t\t\t\t<div class=\"elementor-widget-container\">\n\t\t\t\t\t<h3 class=\"elementor-heading-title elementor-size-default\">Llega a todo el mundo con contenidos multiling\u00fces optimizados para cada mercado<\/h3>\t\t\t\t<\/div>\n\t\t\t\t<\/div>\n\t\t\t\t<div class=\"elementor-element elementor-element-11950d7 elementor-widget elementor-widget-text-editor\" data-id=\"11950d7\" data-element_type=\"widget\" data-e-type=\"widget\" data-widget_type=\"text-editor.default\">\n\t\t\t\t<div class=\"elementor-widget-container\">\n\t\t\t\t\t\t\t\t\t<p><strong>La IA de Contenidos<\/strong> admite la creaci\u00f3n de contenidos en varios idiomas, lo que facilita a las empresas su expansi\u00f3n internacional. Puedes generar contenidos coherentes y optimizados en diferentes idiomas, adaptados a las especificidades culturales y locales de tus mercados objetivo. Esta funci\u00f3n es ideal para las empresas que quieren llegar a un p\u00fablico global.  <\/p>\t\t\t\t\t\t\t\t<\/div>\n\t\t\t\t<\/div>\n\t\t\t\t<div class=\"elementor-element elementor-element-905aa8b elementor-widget elementor-widget-heading\" data-id=\"905aa8b\" data-element_type=\"widget\" data-e-type=\"widget\" data-widget_type=\"heading.default\">\n\t\t\t\t<div class=\"elementor-widget-container\">\n\t\t\t\t\t<h3 class=\"elementor-heading-title elementor-size-default\">Planifica y organiza tus publicaciones para una estrategia de contenidos fluida y coherente<\/h3>\t\t\t\t<\/div>\n\t\t\t\t<\/div>\n\t\t\t\t<div class=\"elementor-element elementor-element-b84e4a0 elementor-widget elementor-widget-text-editor\" data-id=\"b84e4a0\" data-element_type=\"widget\" data-e-type=\"widget\" data-widget_type=\"text-editor.default\">\n\t\t\t\t<div class=\"elementor-widget-container\">\n\t\t\t\t\t\t\t\t\t<p><strong>Contents AI<\/strong> incluye funciones <strong>de planificaci\u00f3n de contenidos<\/strong>, que te permiten gestionar y organizar tus publicaciones con antelaci\u00f3n. Puedes crear un calendario editorial, definir fechas de publicaci\u00f3n y seguir el progreso de tu estrategia de contenidos. Esta gesti\u00f3n centralizada simplifica la coordinaci\u00f3n de las campa\u00f1as de marketing y garantiza la coherencia de tus comunicaciones.  <\/p>\t\t\t\t\t\t\t\t<\/div>\n\t\t\t\t<\/div>\n\t\t\t\t<div class=\"elementor-element elementor-element-1e1a93c elementor-widget elementor-widget-heading\" data-id=\"1e1a93c\" data-element_type=\"widget\" data-e-type=\"widget\" data-widget_type=\"heading.default\">\n\t\t\t\t<div class=\"elementor-widget-container\">\n\t\t\t\t\t<h3 class=\"elementor-heading-title elementor-size-default\">Optimiza continuamente cada texto con sugerencias basadas en datos fiables<\/h3>\t\t\t\t<\/div>\n\t\t\t\t<\/div>\n\t\t\t\t<div class=\"elementor-element elementor-element-72c8ab8 elementor-widget elementor-widget-text-editor\" data-id=\"72c8ab8\" data-element_type=\"widget\" data-e-type=\"widget\" data-widget_type=\"text-editor.default\">\n\t\t\t\t<div class=\"elementor-widget-container\">\n\t\t\t\t\t\t\t\t\t<p>Gracias al an\u00e1lisis en tiempo real, <strong>la IA de Contenidos<\/strong> te ofrece sugerencias para mejorar tus contenidos, ya sea en t\u00e9rminos de estructura, SEO o engagement. Recibir\u00e1s recomendaciones sobre los ajustes que debes hacer para maximizar el impacto de tu contenido y asegurarte de que satisface las expectativas de tu audiencia, al tiempo que cumple las mejores pr\u00e1cticas de SEO. <\/p>\t\t\t\t\t\t\t\t<\/div>\n\t\t\t\t<\/div>\n\t\t\t\t<div class=\"elementor-element elementor-element-b986e8e elementor-widget elementor-widget-heading\" data-id=\"b986e8e\" data-element_type=\"widget\" data-e-type=\"widget\" data-widget_type=\"heading.default\">\n\t\t\t\t<div class=\"elementor-widget-container\">\n\t\t\t\t\t<h3 class=\"elementor-heading-title elementor-size-default\">Ahorra tiempo, mejora tu SEO y atrae a tu audiencia con Contents AI<\/h3>\t\t\t\t<\/div>\n\t\t\t\t<\/div>\n\t\t\t\t<div class=\"elementor-element elementor-element-bee2487 elementor-widget elementor-widget-text-editor\" data-id=\"bee2487\" data-element_type=\"widget\" data-e-type=\"widget\" data-widget_type=\"text-editor.default\">\n\t\t\t\t<div class=\"elementor-widget-container\">\n\t\t\t\t\t\t\t\t\t<p><strong>Contents AI<\/strong> es m\u00e1s que un simple generador de textos; es una <strong>soluci\u00f3n completa de creaci\u00f3n automatizada de contenidos<\/strong> que se adapta a las necesidades de los profesionales que buscan calidad, eficacia y optimizaci\u00f3n SEO. Tanto si eres un profesional del marketing que busca producir contenidos atractivos a gran escala, como una empresa que quiere reforzar su estrategia SEO o un creador de contenidos en busca de inspiraci\u00f3n, <strong>Contents.ai<\/strong> te ofrece las herramientas que necesitas para alcanzar tus objetivos. Con sus potentes funciones, su interfaz intuitiva y sus posibilidades de personalizaci\u00f3n, <strong>Contents.<\/strong> ai es el aliado ideal para todas tus iniciativas de contenidos.  <\/p>\t\t\t\t\t\t\t\t<\/div>\n\t\t\t\t<\/div>\n\t\t\t\t\t<\/div>\n\t\t\t\t<\/div>\n\t\t\t\t<\/div>\n\t\t","protected":false},"excerpt":{"rendered":"<p>Contents AI te permite crear entradas de blog bien estructuradas y optimizadas para SEO en s\u00f3lo unos minutos. La herramienta puede generar introducciones cautivadoras, p\u00e1rrafos informativos y conclusiones relevantes. <\/p>\n<ul>\n<li>Optimizaci\u00f3n SEO<\/li>\n<li>An\u00e1lisis de contenido<\/li>\n<li>Automatizaci\u00f3n y productividad<\/li>\n<li>B\u00fasqueda por palabra clave<\/li>\n<\/ul>\n","protected":false},"featured_media":30369,"comment_status":"open","ping_status":"closed","template":"","meta":{"_acf_changed":false,"_glsr_average":0,"_glsr_ranking":0,"_glsr_reviews":0},"product_brand":[],"product_cat":[4248],"product_tag":[],"class_list":{"0":"post-30366","1":"product","2":"type-product","3":"status-publish","4":"has-post-thumbnail","6":"product_cat-software-de-ia","8":"first","9":"instock","10":"shipping-taxable","11":"product-type-external"},"acf":[],"_links":{"self":[{"href":"https:\/\/boostgrowb.com\/es\/wp-json\/wp\/v2\/product\/30366","targetHints":{"allow":["GET"]}}],"collection":[{"href":"https:\/\/boostgrowb.com\/es\/wp-json\/wp\/v2\/product"}],"about":[{"href":"https:\/\/boostgrowb.com\/es\/wp-json\/wp\/v2\/types\/product"}],"replies":[{"embeddable":true,"href":"https:\/\/boostgrowb.com\/es\/wp-json\/wp\/v2\/comments?post=30366"}],"version-history":[{"count":0,"href":"https:\/\/boostgrowb.com\/es\/wp-json\/wp\/v2\/product\/30366\/revisions"}],"wp:featuredmedia":[{"embeddable":true,"href":"https:\/\/boostgrowb.com\/es\/wp-json\/wp\/v2\/media\/30369"}],"wp:attachment":[{"href":"https:\/\/boostgrowb.com\/es\/wp-json\/wp\/v2\/media?parent=30366"}],"wp:term":[{"taxonomy":"product_brand","embeddable":true,"href":"https:\/\/boostgrowb.com\/es\/wp-json\/wp\/v2\/product_brand?post=30366"},{"taxonomy":"product_cat","embeddable":true,"href":"https:\/\/boostgrowb.com\/es\/wp-json\/wp\/v2\/product_cat?post=30366"},{"taxonomy":"product_tag","embeddable":true,"href":"https:\/\/boostgrowb.com\/es\/wp-json\/wp\/v2\/product_tag?post=30366"}],"curies":[{"name":"wp","href":"https:\/\/api.w.org\/{rel}","templated":true}]}}