{"id":30368,"date":"2024-06-06T11:46:23","date_gmt":"2024-06-06T11:46:23","guid":{"rendered":"https:\/\/boostgrowb.com\/software\/clickup\/"},"modified":"2026-01-19T14:03:22","modified_gmt":"2026-01-19T14:03:22","slug":"clickup","status":"publish","type":"product","link":"https:\/\/boostgrowb.com\/es\/software\/clickup\/","title":{"rendered":"ClickUp"},"content":{"rendered":"\t\t<div data-elementor-type=\"product-post\" data-elementor-id=\"30368\" class=\"elementor elementor-30368 elementor-888\" data-elementor-post-type=\"product\">\n\t\t\t\t<div class=\"elementor-element elementor-element-9bac583 e-flex e-con-boxed wpr-particle-no wpr-jarallax-no wpr-parallax-no wpr-sticky-section-no e-con e-parent\" data-id=\"9bac583\" data-element_type=\"container\" data-e-type=\"container\">\n\t\t\t\t\t<div class=\"e-con-inner\">\n\t\t\t\t<div class=\"elementor-element elementor-element-a386ade elementor-widget elementor-widget-heading\" data-id=\"a386ade\" data-element_type=\"widget\" data-e-type=\"widget\" data-widget_type=\"heading.default\">\n\t\t\t\t<div class=\"elementor-widget-container\">\n\t\t\t\t\t<h1 class=\"elementor-heading-title elementor-size-default\">\u00bfQu\u00e9 es ClickUp?<\/h1>\t\t\t\t<\/div>\n\t\t\t\t<\/div>\n\t\t\t\t<div class=\"elementor-element elementor-element-dff6bb4 elementor-widget elementor-widget-text-editor\" data-id=\"dff6bb4\" data-element_type=\"widget\" data-e-type=\"widget\" data-widget_type=\"text-editor.default\">\n\t\t\t\t<div class=\"elementor-widget-container\">\n\t\t\t\t\t\t\t\t\t<p data-start=\"148\" data-end=\"635\"><b>ClickUp<\/b> es una plataforma de gesti\u00f3n de proyectos ultraflexible, dise\u00f1ada para responder a los retos de los equipos modernos, ya sea en empresas de nueva creaci\u00f3n, PYMES o grandes empresas. Al centralizar todas las tareas, documentos, comunicaciones y objetivos en un \u00fanico espacio, ClickUp simplifica radicalmente la organizaci\u00f3n del trabajo. Su interfaz intuitiva y modular se adapta a todos los estilos de gesti\u00f3n, ofreciendo una experiencia fluida y productiva, incluso para los proyectos m\u00e1s complejos.  <\/p><p data-start=\"637\" data-end=\"1115\">Lo que diferencia a ClickUp es su excepcional grado de personalizaci\u00f3n. Puedes crear vistas personalizadas (lista, tablero Kanban, Gantt, calendario&#8230;), automatizar tus procesos empresariales, seguir el progreso de tus equipos en tiempo real y conectar tus herramientas favoritas (Slack, Google Drive, Zoom, Notion&#8230;). Tanto si eres gestor de proyectos, responsable de marketing o desarrollador, ClickUp se adapta a tus necesidades espec\u00edficas y te ahorra un tiempo precioso.  <\/p><p data-start=\"1117\" data-end=\"1690\">Dise\u00f1ado para optimizar la colaboraci\u00f3n, ClickUp fomenta el trabajo en equipo con funciones como comentarios integrados, recordatorios inteligentes, objetivos compartidos y paneles de rendimiento. Te beneficias de una visibilidad completa del progreso del proyecto, al tiempo que mantienes el control sobre los plazos y las prioridades. <\/p>\t\t\t\t\t\t\t\t<\/div>\n\t\t\t\t<\/div>\n\t\t\t\t<div class=\"elementor-element elementor-element-6eb9f77 elementor-widget elementor-widget-heading\" data-id=\"6eb9f77\" data-element_type=\"widget\" data-e-type=\"widget\" data-widget_type=\"heading.default\">\n\t\t\t\t<div class=\"elementor-widget-container\">\n\t\t\t\t\t<h3 class=\"elementor-heading-title elementor-size-default\">Crea, organiza y controla todas tus tareas<\/h3>\t\t\t\t<\/div>\n\t\t\t\t<\/div>\n\t\t\t\t<div class=\"elementor-element elementor-element-165adb4 elementor-widget elementor-widget-text-editor\" data-id=\"165adb4\" data-element_type=\"widget\" data-e-type=\"widget\" data-widget_type=\"text-editor.default\">\n\t\t\t\t<div class=\"elementor-widget-container\">\n\t\t\t\t\t\t\t\t\t<p>ClickUp te permite estructurar tu trabajo con extrema precisi\u00f3n. Crea tareas, subtareas, listas de comprobaci\u00f3n, hitos y estados totalmente personalizables. Prioriza, planifica, asigna&#8230; cada tarea est\u00e1 dise\u00f1ada para adaptarse a tu m\u00e9todo de trabajo, sea cual sea el tama\u00f1o de tu proyecto.  <\/p>\t\t\t\t\t\t\t\t<\/div>\n\t\t\t\t<\/div>\n\t\t\t\t<div class=\"elementor-element elementor-element-d4017d5 elementor-widget elementor-widget-heading\" data-id=\"d4017d5\" data-element_type=\"widget\" data-e-type=\"widget\" data-widget_type=\"heading.default\">\n\t\t\t\t<div class=\"elementor-widget-container\">\n\t\t\t\t\t<h3 class=\"elementor-heading-title elementor-size-default\">Organiza tus proyectos seg\u00fan tu estilo de trabajo<\/h3>\t\t\t\t<\/div>\n\t\t\t\t<\/div>\n\t\t\t\t<div class=\"elementor-element elementor-element-b2e95ee elementor-widget elementor-widget-text-editor\" data-id=\"b2e95ee\" data-element_type=\"widget\" data-e-type=\"widget\" data-widget_type=\"text-editor.default\">\n\t\t\t\t<div class=\"elementor-widget-container\">\n\t\t\t\t\t\t\t\t\t<p>Uno de los puntos fuertes de ClickUp es la posibilidad de <strong>personalizar las vistas<\/strong> para adaptarlas a tus necesidades. Puedes elegir entre varios modos de visualizaci\u00f3n, como vista de lista, vista de tablero Kanban, vista de calendario, vista de Gantt o incluso vista de mapa mental. Esta flexibilidad permite a cada miembro del equipo organizar la informaci\u00f3n seg\u00fan su propio estilo de trabajo, fomentando una colaboraci\u00f3n m\u00e1s fluida y eficaz.  <\/p>\t\t\t\t\t\t\t\t<\/div>\n\t\t\t\t<\/div>\n\t\t\t\t<div class=\"elementor-element elementor-element-8627f7c elementor-widget elementor-widget-heading\" data-id=\"8627f7c\" data-element_type=\"widget\" data-e-type=\"widget\" data-widget_type=\"heading.default\">\n\t\t\t\t<div class=\"elementor-widget-container\">\n\t\t\t\t\t<h3 class=\"elementor-heading-title elementor-size-default\">Automatiza las tareas repetitivas para ahorrar tiempo<\/h3>\t\t\t\t<\/div>\n\t\t\t\t<\/div>\n\t\t\t\t<div class=\"elementor-element elementor-element-59886ad elementor-widget elementor-widget-text-editor\" data-id=\"59886ad\" data-element_type=\"widget\" data-e-type=\"widget\" data-widget_type=\"text-editor.default\">\n\t\t\t\t<div class=\"elementor-widget-container\">\n\t\t\t\t\t\t\t\t\t<p>ClickUp ofrece <strong>automatizaci\u00f3n<\/strong> integrada para ayudarte a ahorrar tiempo. Puedes automatizar acciones como la asignaci\u00f3n de tareas, las notificaciones o los cambios de estado en funci\u00f3n de desencadenantes espec\u00edficos. Esto te permite centrarte en las tareas importantes sin distraerte con tareas repetitivas y que requieren mucho tiempo.  <\/p>\t\t\t\t\t\t\t\t<\/div>\n\t\t\t\t<\/div>\n\t\t\t\t<div class=\"elementor-element elementor-element-38c099d elementor-widget elementor-widget-heading\" data-id=\"38c099d\" data-element_type=\"widget\" data-e-type=\"widget\" data-widget_type=\"heading.default\">\n\t\t\t\t<div class=\"elementor-widget-container\">\n\t\t\t\t\t<h3 class=\"elementor-heading-title elementor-size-default\">Integraciones - Conecta ClickUp a tus otras herramientas favoritas<\/h3>\t\t\t\t<\/div>\n\t\t\t\t<\/div>\n\t\t\t\t<div class=\"elementor-element elementor-element-236b139 elementor-widget elementor-widget-text-editor\" data-id=\"236b139\" data-element_type=\"widget\" data-e-type=\"widget\" data-widget_type=\"text-editor.default\">\n\t\t\t\t<div class=\"elementor-widget-container\">\n\t\t\t\t\t\t\t\t\t<p>Para facilitar tu flujo de trabajo, <strong>ClickUp<\/strong> ofrece numerosas <strong>integraciones<\/strong> con herramientas de terceros como Google Drive, Slack, Trello, Zoom y muchas otras. As\u00ed, puedes conectar tus aplicaciones favoritas a ClickUp para centralizar toda tu informaci\u00f3n y evitar tener que ir y venir entre distintas aplicaciones. <\/p>\t\t\t\t\t\t\t\t<\/div>\n\t\t\t\t<\/div>\n\t\t\t\t<div class=\"elementor-element elementor-element-afc0bb6 elementor-widget elementor-widget-heading\" data-id=\"afc0bb6\" data-element_type=\"widget\" data-e-type=\"widget\" data-widget_type=\"heading.default\">\n\t\t\t\t<div class=\"elementor-widget-container\">\n\t\t\t\t\t<h2 class=\"elementor-heading-title elementor-size-default\">Conclusi\u00f3n<\/h2>\t\t\t\t<\/div>\n\t\t\t\t<\/div>\n\t\t\t\t<div class=\"elementor-element elementor-element-ae836e4 elementor-widget elementor-widget-text-editor\" data-id=\"ae836e4\" data-element_type=\"widget\" data-e-type=\"widget\" data-widget_type=\"text-editor.default\">\n\t\t\t\t<div class=\"elementor-widget-container\">\n\t\t\t\t\t\t\t\t\t<p><strong>ClickUp<\/strong> es mucho m\u00e1s que un simple gestor de tareas. Es una completa plataforma <strong>de gesti\u00f3n de proyectos<\/strong> que permite a tus equipos <strong>realizar un seguimiento eficaz de<\/strong> cada fase de los proyectos y <strong>automatizar los procesos repetitivos<\/strong>. Tanto si eres una empresa de nueva creaci\u00f3n, una PYME o una gran organizaci\u00f3n, <strong>ClickUp<\/strong> te ayuda a centralizar tus operaciones, aumentar la productividad y mejorar la eficacia general de tu equipo. Si buscas una soluci\u00f3n todo en uno para organizar y optimizar la gesti\u00f3n de tus proyectos, <strong>ClickUp<\/strong> es la herramienta que necesitas.   <\/p>\t\t\t\t\t\t\t\t<\/div>\n\t\t\t\t<\/div>\n\t\t\t\t\t<\/div>\n\t\t\t\t<\/div>\n\t\t\t\t<\/div>\n\t\t","protected":false},"excerpt":{"rendered":"<p>ClickUp es una plataforma vers\u00e1til de gesti\u00f3n de proyectos y colaboraci\u00f3n, que ofrece una amplia funcionalidad para ayudar a los equipos a planificar, organizar y supervisar su trabajo con eficacia.<\/p>\n<ul>\n<li>Mejora de la colaboraci\u00f3n<\/li>\n<li>Gesti\u00f3n de proyectos todo en uno<\/li>\n<li>Integraci\u00f3n con Google Drive<\/li>\n<li>An\u00e1lisis de rendimiento<\/li>\n<\/ul>\n","protected":false},"featured_media":30374,"comment_status":"open","ping_status":"closed","template":"","meta":{"_acf_changed":false,"_glsr_average":0,"_glsr_ranking":0,"_glsr_reviews":0},"product_brand":[],"product_cat":[4228],"product_tag":[],"class_list":{"0":"post-30368","1":"product","2":"type-product","3":"status-publish","4":"has-post-thumbnail","6":"product_cat-gestion-de-proyectos","8":"first","9":"instock","10":"shipping-taxable","11":"product-type-external"},"acf":[],"_links":{"self":[{"href":"https:\/\/boostgrowb.com\/es\/wp-json\/wp\/v2\/product\/30368","targetHints":{"allow":["GET"]}}],"collection":[{"href":"https:\/\/boostgrowb.com\/es\/wp-json\/wp\/v2\/product"}],"about":[{"href":"https:\/\/boostgrowb.com\/es\/wp-json\/wp\/v2\/types\/product"}],"replies":[{"embeddable":true,"href":"https:\/\/boostgrowb.com\/es\/wp-json\/wp\/v2\/comments?post=30368"}],"version-history":[{"count":0,"href":"https:\/\/boostgrowb.com\/es\/wp-json\/wp\/v2\/product\/30368\/revisions"}],"wp:featuredmedia":[{"embeddable":true,"href":"https:\/\/boostgrowb.com\/es\/wp-json\/wp\/v2\/media\/30374"}],"wp:attachment":[{"href":"https:\/\/boostgrowb.com\/es\/wp-json\/wp\/v2\/media?parent=30368"}],"wp:term":[{"taxonomy":"product_brand","embeddable":true,"href":"https:\/\/boostgrowb.com\/es\/wp-json\/wp\/v2\/product_brand?post=30368"},{"taxonomy":"product_cat","embeddable":true,"href":"https:\/\/boostgrowb.com\/es\/wp-json\/wp\/v2\/product_cat?post=30368"},{"taxonomy":"product_tag","embeddable":true,"href":"https:\/\/boostgrowb.com\/es\/wp-json\/wp\/v2\/product_tag?post=30368"}],"curies":[{"name":"wp","href":"https:\/\/api.w.org\/{rel}","templated":true}]}}