{"id":30371,"date":"2024-06-07T14:10:46","date_gmt":"2024-06-07T14:10:46","guid":{"rendered":"https:\/\/boostgrowb.com\/software\/salesforce\/"},"modified":"2025-11-23T14:43:39","modified_gmt":"2025-11-23T14:43:39","slug":"salesforce","status":"publish","type":"product","link":"https:\/\/boostgrowb.com\/es\/software\/salesforce\/","title":{"rendered":"Salesforce"},"content":{"rendered":"\t\t<div data-elementor-type=\"product-post\" data-elementor-id=\"30371\" class=\"elementor elementor-30371 elementor-1121\" data-elementor-post-type=\"product\">\n\t\t\t\t<div class=\"elementor-element elementor-element-9c93c8d e-flex e-con-boxed wpr-particle-no wpr-jarallax-no wpr-parallax-no wpr-sticky-section-no e-con e-parent\" data-id=\"9c93c8d\" data-element_type=\"container\" data-e-type=\"container\">\n\t\t\t\t\t<div class=\"e-con-inner\">\n\t\t\t\t<div class=\"elementor-element elementor-element-6554d0c elementor-widget elementor-widget-heading\" data-id=\"6554d0c\" data-element_type=\"widget\" data-e-type=\"widget\" data-widget_type=\"heading.default\">\n\t\t\t\t<div class=\"elementor-widget-container\">\n\t\t\t\t\t<h2 class=\"elementor-heading-title elementor-size-default\">\u00bfQu\u00e9 es Salesforce?<\/h2>\t\t\t\t<\/div>\n\t\t\t\t<\/div>\n\t\t\t\t<div class=\"elementor-element elementor-element-79c3314 elementor-widget elementor-widget-text-editor\" data-id=\"79c3314\" data-element_type=\"widget\" data-e-type=\"widget\" data-widget_type=\"text-editor.default\">\n\t\t\t\t<div class=\"elementor-widget-container\">\n\t\t\t\t\t\t\t\t\t<p class=\"\" data-start=\"0\" data-end=\"482\">Salesforce es mucho m\u00e1s que un CRM: es una plataforma completa de gesti\u00f3n de relaciones con los clientes dise\u00f1ada para impulsar el rendimiento de las ventas, mejorar la experiencia del usuario y apoyar a las empresas en su crecimiento digital. Tanto si es una empresa emergente de r\u00e1pido crecimiento como una gran empresa que busca soluciones avanzadas, Salesforce ofrece una gama de potentes herramientas para automatizar, personalizar y agilizar sus procesos de ventas. <\/p><p class=\"\" data-start=\"484\" data-end=\"955\">Gracias a su ecosistema modular, Salesforce permite centralizar todos los datos de tus clientes, realizar un seguimiento preciso de tus clientes potenciales, automatizar el seguimiento y gestionar tus ventas con una eficacia formidable. La plataforma tambi\u00e9n ofrece soluciones para la automatizaci\u00f3n del marketing, el servicio de atenci\u00f3n al cliente, el an\u00e1lisis de datos y la colaboraci\u00f3n interna, todo ello en una interfaz intuitiva que puede personalizarse para adaptarse a las necesidades de cada organizaci\u00f3n. <\/p><p class=\"\" data-start=\"957\" data-end=\"1414\">Uno de los principales activos de Salesforce es su escalabilidad: sus funcionalidades crecen con tu negocio. Adem\u00e1s de sus integraciones con herramientas de terceros, Salesforce ofrece un AppExchange rico en aplicaciones para mejorar tu CRM. Al elegir Salesforce, estar\u00e1s invirtiendo en una herramienta estrat\u00e9gica que transforma los datos de los clientes en un motor de crecimiento, al tiempo que refuerza el compromiso de tus equipos y fideliza a tus clientes.  <\/p>\t\t\t\t\t\t\t\t<\/div>\n\t\t\t\t<\/div>\n\t\t\t\t<div class=\"elementor-element elementor-element-188bf11 elementor-widget elementor-widget-heading\" data-id=\"188bf11\" data-element_type=\"widget\" data-e-type=\"widget\" data-widget_type=\"heading.default\">\n\t\t\t\t<div class=\"elementor-widget-container\">\n\t\t\t\t\t<h2 class=\"elementor-heading-title elementor-size-default\">Las 5 principales ventajas de Salesforce  <\/h2>\t\t\t\t<\/div>\n\t\t\t\t<\/div>\n\t\t\t\t<div class=\"elementor-element elementor-element-108d513 elementor-widget elementor-widget-text-editor\" data-id=\"108d513\" data-element_type=\"widget\" data-e-type=\"widget\" data-widget_type=\"text-editor.default\">\n\t\t\t\t<div class=\"elementor-widget-container\">\n\t\t\t\t\t\t\t\t\t<p dir=\"auto\" style=\"border-width: 0px; border-style: solid; border-color: var(--border-color-default,currentColor); border-image: initial; margin: 0px 0px 10px; padding: 0px; white-space-collapse: break-spaces; color: oklch(0.373 0.034 259.733); font-family: Inter, \"Inter Fallback\"; font-size: 16px; background-color: rgb(250, 250, 250);\"><span style=\"border-width: 0px; border-style: solid; border-color: var(--border-color-default,currentColor); border-image: initial; margin: 0px; padding: 0px; font-weight: 700; color: var(--tw-prose-bold);\">CRM ultrapersonalizable<\/span>: Salesforce se adapta perfectamente a todos los sectores de actividad gracias a sus numerosos m\u00f3dulos y a su flexibilidad inigualable. Configura tu CRM en funci\u00f3n de tus procesos, objetivos y tama\u00f1o de empresa para conseguir la m\u00e1xima eficacia. <\/p><p dir=\"auto\" style=\"border-width: 0px; border-style: solid; border-color: var(--border-color-default,currentColor); border-image: initial; margin: 1.25em 0px 10px; padding: 0px; white-space-collapse: break-spaces; color: oklch(0.373 0.034 259.733); font-family: Inter, \"Inter Fallback\"; font-size: 16px; background-color: rgb(250, 250, 250);\"><span style=\"border-width: 0px; border-style: solid; border-color: var(--border-color-default,currentColor); border-image: initial; margin: 0px; padding: 0px; font-weight: 700; color: var(--tw-prose-bold);\">Visi\u00f3n 360\u00b0 del cliente<\/span>: Obt\u00e9n una visi\u00f3n completa y detallada de cada cliente, desde la prospecci\u00f3n hasta el servicio posventa. Datos centralizados, historial de interacciones, preferencias&#8230; todo est\u00e1 dise\u00f1ado para optimizar las relaciones con los clientes y ofrecer una experiencia inigualable. <\/p><p dir=\"auto\" style=\"border-width: 0px; border-style: solid; border-color: var(--border-color-default,currentColor); border-image: initial; margin: 1.25em 0px 10px; padding: 0px; white-space-collapse: break-spaces; color: oklch(0.373 0.034 259.733); font-family: Inter, \"Inter Fallback\"; font-size: 16px; background-color: rgb(250, 250, 250);\"><span style=\"border-width: 0px; border-style: solid; border-color: var(--border-color-default,currentColor); border-image: initial; margin: 0px; padding: 0px; font-weight: 700; color: var(--tw-prose-bold);\">Automatizaci\u00f3n inteligente<\/span>: Ahorra un tiempo precioso con flujos de trabajo automatizados, seguimientos inteligentes y una puntuaci\u00f3n precisa de tus clientes potenciales. La IA integrada (Einstein) impulsa tu rendimiento de ventas anticipando las mejores acciones a realizar. <\/p><p dir=\"auto\" style=\"border-width: 0px; border-style: solid; border-color: var(--border-color-default,currentColor); border-image: initial; margin: 1.25em 0px 10px; padding: 0px; white-space-collapse: break-spaces; color: oklch(0.373 0.034 259.733); font-family: Inter, \"Inter Fallback\"; font-size: 16px; background-color: rgb(250, 250, 250);\"><span style=\"border-width: 0px; border-style: solid; border-color: var(--border-color-default,currentColor); border-image: initial; margin: 0px; padding: 0px; font-weight: 700; color: var(--tw-prose-bold);\">Ecosistema potente y escalable<\/span>: Salesforce ofrece un AppExchange rico en aplicaciones de terceros e integraciones nativas con las herramientas m\u00e1s populares (Slack, Mailchimp, Google, etc.). La plataforma evoluciona a medida que creces, garantizando una adaptabilidad continua. <\/p><p dir=\"auto\" style=\"border-width: 0px; border-style: solid; border-color: var(--border-color-default,currentColor); border-image: initial; margin: 1.25em 0px 0px; padding: 0px; white-space-collapse: break-spaces; color: oklch(0.373 0.034 259.733); font-family: Inter, \"Inter Fallback\"; font-size: 16px; background-color: rgb(250, 250, 250);\"><span style=\"border-width: 0px; border-style: solid; border-color: var(--border-color-default,currentColor); border-image: initial; margin: 0px; padding: 0px; font-weight: 700; color: var(--tw-prose-bold);\">An\u00e1lisis e informes avanzados<\/span>: Toma decisiones informadas con cuadros de mando personalizados, informes detallados y una visi\u00f3n clara de tus KPI. Controla tu negocio en tiempo real y anticipa tus resultados para un rendimiento \u00f3ptimo. <\/p>\t\t\t\t\t\t\t\t<\/div>\n\t\t\t\t<\/div>\n\t\t\t\t\t<\/div>\n\t\t\t\t<\/div>\n\t\t\t\t<\/div>\n\t\t","protected":false},"excerpt":{"rendered":"<p>Salesforce es una plataforma de gesti\u00f3n de relaciones con los clientes (CRM) basada en la nube que permite a las empresas gestionar eficazmente sus relaciones con los clientes actuales y potenciales.<\/p>\n<ul>\n<li>Gesti\u00f3n de contactos<\/li>\n<li>Automatizaci\u00f3n de ventas<\/li>\n<li>Atenci\u00f3n al cliente<\/li>\n<\/ul>\n","protected":false},"featured_media":30396,"comment_status":"open","ping_status":"closed","template":"","meta":{"_acf_changed":false,"_glsr_average":0,"_glsr_ranking":0,"_glsr_reviews":0},"product_brand":[],"product_cat":[4296],"product_tag":[],"class_list":{"0":"post-30371","1":"product","2":"type-product","3":"status-publish","4":"has-post-thumbnail","6":"product_cat-automatizacion-del-marketing","8":"first","9":"instock","10":"shipping-taxable","11":"product-type-external"},"acf":[],"_links":{"self":[{"href":"https:\/\/boostgrowb.com\/es\/wp-json\/wp\/v2\/product\/30371","targetHints":{"allow":["GET"]}}],"collection":[{"href":"https:\/\/boostgrowb.com\/es\/wp-json\/wp\/v2\/product"}],"about":[{"href":"https:\/\/boostgrowb.com\/es\/wp-json\/wp\/v2\/types\/product"}],"replies":[{"embeddable":true,"href":"https:\/\/boostgrowb.com\/es\/wp-json\/wp\/v2\/comments?post=30371"}],"version-history":[{"count":0,"href":"https:\/\/boostgrowb.com\/es\/wp-json\/wp\/v2\/product\/30371\/revisions"}],"wp:featuredmedia":[{"embeddable":true,"href":"https:\/\/boostgrowb.com\/es\/wp-json\/wp\/v2\/media\/30396"}],"wp:attachment":[{"href":"https:\/\/boostgrowb.com\/es\/wp-json\/wp\/v2\/media?parent=30371"}],"wp:term":[{"taxonomy":"product_brand","embeddable":true,"href":"https:\/\/boostgrowb.com\/es\/wp-json\/wp\/v2\/product_brand?post=30371"},{"taxonomy":"product_cat","embeddable":true,"href":"https:\/\/boostgrowb.com\/es\/wp-json\/wp\/v2\/product_cat?post=30371"},{"taxonomy":"product_tag","embeddable":true,"href":"https:\/\/boostgrowb.com\/es\/wp-json\/wp\/v2\/product_tag?post=30371"}],"curies":[{"name":"wp","href":"https:\/\/api.w.org\/{rel}","templated":true}]}}