{"id":30394,"date":"2024-06-07T14:09:51","date_gmt":"2024-06-07T14:09:51","guid":{"rendered":"https:\/\/boostgrowb.com\/software\/hubspot\/"},"modified":"2026-04-26T14:03:48","modified_gmt":"2026-04-26T14:03:48","slug":"hubspot","status":"publish","type":"product","link":"https:\/\/boostgrowb.com\/es\/software\/hubspot\/","title":{"rendered":"Hubspot"},"content":{"rendered":"\t\t<div data-elementor-type=\"product-post\" data-elementor-id=\"30394\" class=\"elementor elementor-30394 elementor-1117\" data-elementor-post-type=\"product\">\n\t\t\t\t<div class=\"elementor-element elementor-element-480bbd2 e-flex e-con-boxed wpr-particle-no wpr-jarallax-no wpr-parallax-no wpr-sticky-section-no e-con e-parent\" data-id=\"480bbd2\" data-element_type=\"container\" data-e-type=\"container\">\n\t\t\t\t\t<div class=\"e-con-inner\">\n\t\t\t\t<div class=\"elementor-element elementor-element-44c6090 elementor-widget elementor-widget-heading\" data-id=\"44c6090\" data-element_type=\"widget\" data-e-type=\"widget\" data-widget_type=\"heading.default\">\n\t\t\t\t<div class=\"elementor-widget-container\">\n\t\t\t\t\t<h2 class=\"elementor-heading-title elementor-size-default\">\u00bfQu\u00e9 es Hubspot?<\/h2>\t\t\t\t<\/div>\n\t\t\t\t<\/div>\n\t\t\t\t<div class=\"elementor-element elementor-element-1c98d25 elementor-widget elementor-widget-text-editor\" data-id=\"1c98d25\" data-element_type=\"widget\" data-e-type=\"widget\" data-widget_type=\"text-editor.default\">\n\t\t\t\t<div class=\"elementor-widget-container\">\n\t\t\t\t\t\t\t\t\t<p><strong>HubSpot<\/strong> es una plataforma integral de <strong>marketing<\/strong>, <strong>ventas<\/strong> y <strong>atenci\u00f3n al cliente<\/strong> dise\u00f1ada para ayudar a las empresas a atraer, fidelizar y satisfacer a sus clientes. Con potentes herramientas de <strong>gesti\u00f3n de contactos (CRM<\/strong>), <strong>gesti\u00f3n de campa\u00f1as de marketing<\/strong>, <strong>nutrici\u00f3n de clientes potenciales<\/strong> y<strong>automatizaci\u00f3n de ventas<\/strong>, <strong>HubSpot<\/strong> permite a las empresas centralizar todas sus actividades de crecimiento. La plataforma tambi\u00e9n ofrece funciones de <strong>creaci\u00f3n de contenidos<\/strong>, <strong>gesti\u00f3n de redes sociales<\/strong> y <strong>generaci\u00f3n de informes<\/strong>, proporcionando una visibilidad completa del <strong>recorrido del cliente<\/strong>.  <\/p><p class=\"\" data-start=\"726\" data-end=\"1222\"><strong data-start=\"726\" data-end=\"800\">Lo que diferencia a HubSpot es el poder de su ecosistema unificado.<\/strong>  Desde la gesti\u00f3n de contactos al env\u00edo de correos electr\u00f3nicos personalizados, pasando por la creaci\u00f3n de flujos de trabajo automatizados, el an\u00e1lisis del rendimiento y la publicaci\u00f3n en redes sociales, cada herramienta est\u00e1 perfectamente conectada dentro de la plataforma. Esto ahorra un tiempo precioso, evita los silos de informaci\u00f3n y garantiza una experiencia de cliente fluida y coherente, desde el primer clic hasta la fidelizaci\u00f3n del cliente. <\/p><p class=\"\" data-start=\"1224\" data-end=\"1691\"><strong data-start=\"1224\" data-end=\"1344\">Adecuado tanto para PYMES como para grandes empresas, HubSpot es una soluci\u00f3n escalable que se adapta a tus necesidades.<\/strong>  Su CRM gratuito lo convierte en un punto de partida ideal, y sus m\u00f3dulos premium (Marketing Hub, Sales Hub, Service Hub, CMS Hub, Operations Hub) te permiten construir una estrategia a medida. Con HubSpot, te beneficias de una fuerte ventaja competitiva: la capacidad de gestionar tu crecimiento de forma centralizada, \u00e1gil y con un alto rendimiento. <\/p>\t\t\t\t\t\t\t\t<\/div>\n\t\t\t\t<\/div>\n\t\t\t\t<div class=\"elementor-element elementor-element-1f56f74 elementor-widget elementor-widget-heading\" data-id=\"1f56f74\" data-element_type=\"widget\" data-e-type=\"widget\" data-widget_type=\"heading.default\">\n\t\t\t\t<div class=\"elementor-widget-container\">\n\t\t\t\t\t<h2 class=\"elementor-heading-title elementor-size-default\">Los 5 activos principales de Hubspot  <\/h2>\t\t\t\t<\/div>\n\t\t\t\t<\/div>\n\t\t\t\t<div class=\"elementor-element elementor-element-b8e460b elementor-widget elementor-widget-text-editor\" data-id=\"b8e460b\" data-element_type=\"widget\" data-e-type=\"widget\" data-widget_type=\"text-editor.default\">\n\t\t\t\t<div class=\"elementor-widget-container\">\n\t\t\t\t\t\t\t\t\t<p data-pm-slice=\"0 0 []\"><strong>Una potente plataforma todo en uno:<\/strong> HubSpot centraliza todas tus herramientas de marketing, ventas y atenci\u00f3n al cliente en un \u00fanico ecosistema. Desde la generaci\u00f3n de clientes potenciales hasta la retenci\u00f3n de clientes, puedes gestionar todo el recorrido del cliente sin tener que hacer malabarismos con varias aplicaciones diferentes. <\/p><p data-pm-slice=\"0 0 []\"><span style=\"text-align: var(--text-align); background-color: var( --e-global-color-ca921c0 );\"><b>Crea contenido optimizado para SEO<\/b><\/span> Gracias <b> a<\/b> su intuitivo y potente editor, HubSpot te facilita la creaci\u00f3n de entradas de blog, p\u00e1ginas de destino y correos electr\u00f3nicos perfectamente optimizados para los motores de b\u00fasqueda. Cada contenido est\u00e1 dise\u00f1ado para mejorar tu visibilidad en los motores de b\u00fasqueda, atraer m\u00e1s tr\u00e1fico cualificado y maximizar tus tasas de conversi\u00f3n. <\/p><p data-pm-slice=\"0 0 []\"><b>Automatizaci\u00f3n inteligente de procesos:<\/b> Con flujos de trabajo potentes y f\u00e1ciles de configurar, puedes automatizar tus campa\u00f1as de marketing, la gesti\u00f3n de clientes potenciales e incluso tus seguimientos de ventas. Ahorra un tiempo precioso personalizando cada interacci\u00f3n. <\/p><p data-pm-slice=\"1 1 []\"><b>Optimiza tu pipeline de ventas de la A a la Z: <\/b>Con HubSpot, puedes gestionar tus pipelines de ventas de forma clara y estructurada: asigna tareas a tus equipos, sigue su progreso en tiempo real y dirige cada etapa de la venta con precisi\u00f3n. Crea gu\u00edas conversacionales personalizadas para mejorar tus intercambios, genera presupuestos de marca y accede a informes detallados para mantener un control total de tu rendimiento de ventas. <\/p><p data-pm-slice=\"1 1 []\"><strong>Plantillas de correo electr\u00f3nico automatizadas:<\/strong> Automatiza f\u00e1cilmente tus correos electr\u00f3nicos en cada etapa del recorrido del cliente gracias a potentes plantillas personalizables (nombre, empresa, etc.). Estas plantillas optimizadas te permiten crear campa\u00f1as espec\u00edficas sin esfuerzo. La integraci\u00f3n directa con Gmail, Outlook y Office 365 te proporciona un acceso r\u00e1pido desde tu bandeja de entrada de correo electr\u00f3nico habitual. Ahorrar\u00e1s tiempo, mejorar\u00e1s tus tasas de conversi\u00f3n y te mantendr\u00e1s en l\u00ednea con tus objetivos empresariales. Una soluci\u00f3n sencilla y potente para impulsar tus relaciones con los clientes.    <\/p>\t\t\t\t\t\t\t\t<\/div>\n\t\t\t\t<\/div>\n\t\t\t\t\t<\/div>\n\t\t\t\t<\/div>\n\t\t\t\t<\/div>\n\t\t","protected":false},"excerpt":{"rendered":"<p>HubSpot es una plataforma todo en uno de gesti\u00f3n de relaciones con los clientes (CRM) y marketing dise\u00f1ada para ayudar a las empresas a atraer, fidelizar y retener a sus clientes. Ideal para empresas que buscan optimizar sus procesos y mejorar el rendimiento. <\/p>\n<ul>\n<li>Automatizaci\u00f3n del marketing<\/li>\n<li>Personalizar el contenido SEO<\/li>\n<li>An\u00e1lisis del rendimiento del sitio<\/li>\n<li>Interfaz intuitiva<\/li>\n<\/ul>\n","protected":false},"featured_media":30397,"comment_status":"open","ping_status":"closed","template":"","meta":{"_acf_changed":false,"_glsr_average":0,"_glsr_ranking":0,"_glsr_reviews":0},"product_brand":[],"product_cat":[4296,4343,4342,4344],"product_tag":[],"class_list":{"0":"post-30394","1":"product","2":"type-product","3":"status-publish","4":"has-post-thumbnail","6":"product_cat-automatizacion-del-marketing","7":"product_cat-crm-es-productividad","8":"product_cat-marketing-es","9":"product_cat-ventas-y-conversion","11":"first","12":"instock","13":"shipping-taxable","14":"product-type-external"},"acf":[],"_links":{"self":[{"href":"https:\/\/boostgrowb.com\/es\/wp-json\/wp\/v2\/product\/30394","targetHints":{"allow":["GET"]}}],"collection":[{"href":"https:\/\/boostgrowb.com\/es\/wp-json\/wp\/v2\/product"}],"about":[{"href":"https:\/\/boostgrowb.com\/es\/wp-json\/wp\/v2\/types\/product"}],"replies":[{"embeddable":true,"href":"https:\/\/boostgrowb.com\/es\/wp-json\/wp\/v2\/comments?post=30394"}],"version-history":[{"count":0,"href":"https:\/\/boostgrowb.com\/es\/wp-json\/wp\/v2\/product\/30394\/revisions"}],"wp:featuredmedia":[{"embeddable":true,"href":"https:\/\/boostgrowb.com\/es\/wp-json\/wp\/v2\/media\/30397"}],"wp:attachment":[{"href":"https:\/\/boostgrowb.com\/es\/wp-json\/wp\/v2\/media?parent=30394"}],"wp:term":[{"taxonomy":"product_brand","embeddable":true,"href":"https:\/\/boostgrowb.com\/es\/wp-json\/wp\/v2\/product_brand?post=30394"},{"taxonomy":"product_cat","embeddable":true,"href":"https:\/\/boostgrowb.com\/es\/wp-json\/wp\/v2\/product_cat?post=30394"},{"taxonomy":"product_tag","embeddable":true,"href":"https:\/\/boostgrowb.com\/es\/wp-json\/wp\/v2\/product_tag?post=30394"}],"curies":[{"name":"wp","href":"https:\/\/api.w.org\/{rel}","templated":true}]}}