{"id":30399,"date":"2024-06-07T14:05:07","date_gmt":"2024-06-07T14:05:07","guid":{"rendered":"https:\/\/boostgrowb.com\/software\/web-liquida\/"},"modified":"2025-07-07T16:12:28","modified_gmt":"2025-07-07T16:12:28","slug":"web-liquida","status":"publish","type":"product","link":"https:\/\/boostgrowb.com\/es\/software\/web-liquida\/","title":{"rendered":"Web l\u00edquida"},"content":{"rendered":"\t\t<div data-elementor-type=\"product-post\" data-elementor-id=\"30399\" class=\"elementor elementor-30399 elementor-1469\" data-elementor-post-type=\"product\">\n\t\t\t\t<div class=\"elementor-element elementor-element-b127a64 e-flex e-con-boxed wpr-particle-no wpr-jarallax-no wpr-parallax-no wpr-sticky-section-no e-con e-parent\" data-id=\"b127a64\" data-element_type=\"container\" data-e-type=\"container\">\n\t\t\t\t\t<div class=\"e-con-inner\">\n\t\t\t\t<div class=\"elementor-element elementor-element-208c4fd elementor-widget elementor-widget-heading\" data-id=\"208c4fd\" data-element_type=\"widget\" data-e-type=\"widget\" data-widget_type=\"heading.default\">\n\t\t\t\t<div class=\"elementor-widget-container\">\n\t\t\t\t\t<h2 class=\"elementor-heading-title elementor-size-default\">\u00bfQu\u00e9 es Liquid Web?<\/h2>\t\t\t\t<\/div>\n\t\t\t\t<\/div>\n\t\t\t\t\t<\/div>\n\t\t\t\t<\/div>\n\t\t<div class=\"elementor-element elementor-element-bda3216 e-flex e-con-boxed wpr-particle-no wpr-jarallax-no wpr-parallax-no wpr-sticky-section-no e-con e-parent\" data-id=\"bda3216\" data-element_type=\"container\" data-e-type=\"container\">\n\t\t\t\t\t<div class=\"e-con-inner\">\n\t\t\t\t<div class=\"elementor-element elementor-element-a8803c3 elementor-widget elementor-widget-text-editor\" data-id=\"a8803c3\" data-element_type=\"widget\" data-e-type=\"widget\" data-widget_type=\"text-editor.default\">\n\t\t\t\t<div class=\"elementor-widget-container\">\n\t\t\t\t\t\t\t\t\t<p class=\"\" data-start=\"0\" data-end=\"605\"><strong data-start=\"0\" data-end=\"192\">Liquid Web es un alojamiento web premium dise\u00f1ado para empresas con requisitos exigentes, que buscan un rendimiento inigualable, disponibilidad absoluta y un soporte excepcional.<\/strong>  Especializada en alojamiento gestionado, ofrece soluciones dedicadas a WordPress, WooCommerce, servidores VPS y bare-metal, as\u00ed como entornos de nube privada a medida. Cada infraestructura est\u00e1 optimizada para ofrecer tiempos de carga ultrarr\u00e1pidos, un tiempo de actividad garantizado al 100% y escalabilidad bajo demanda, lo que le permite hacer frente sin problemas a los picos de tr\u00e1fico m\u00e1s impredecibles. <\/p><p class=\"\" data-start=\"607\" data-end=\"1153\"><strong data-start=\"607\" data-end=\"779\">Lo que diferencia a Liquid Web de los proveedores de alojamiento generalistas es su enfoque de Acuerdos de Nivel de Servicio (SLA) de gama alta y su asistencia de operador 24 horas al d\u00eda, 7 d\u00edas a la semana, 365 d\u00edas al a\u00f1o.<\/strong>  Los clientes se benefician de una asistencia proactiva que incluye copias de seguridad autom\u00e1ticas, actualizaciones de seguridad gestionadas, cortafuegos de \u00faltima generaci\u00f3n y una CDN integrada. Con centros de datos redundantes en EE.UU., Europa y Australia, y una arquitectura de red privada, tu sitio sigue siendo ultraseguro y totalmente conforme con la GDPR. <\/p><p class=\"\" data-start=\"1155\" data-end=\"1693\"><strong data-start=\"1155\" data-end=\"1340\">Por \u00faltimo, Liquid Web ofrece una flexibilidad \u00fanica con opciones de gesti\u00f3n personalizadas, entornos de montaje con un solo clic y una facturaci\u00f3n predecible sin costes ocultos.<\/strong>  Esto permite a las empresas externalizar completamente su infraestructura web, concentrarse en su actividad principal y beneficiarse de un r\u00e1pido retorno de la inversi\u00f3n gracias a una mayor velocidad, fiabilidad y seguridad. Para quienes no se conforman con lo ordinario y exigen excelencia, Liquid Web es el socio de alojamiento preferido. <\/p>\t\t\t\t\t\t\t\t<\/div>\n\t\t\t\t<\/div>\n\t\t\t\t<div class=\"elementor-element elementor-element-44c1121 elementor-widget elementor-widget-heading\" data-id=\"44c1121\" data-element_type=\"widget\" data-e-type=\"widget\" data-widget_type=\"heading.default\">\n\t\t\t\t<div class=\"elementor-widget-container\">\n\t\t\t\t\t<h2 class=\"elementor-heading-title elementor-size-default\">Las principales ventajas de Liquid Web  <\/h2>\t\t\t\t<\/div>\n\t\t\t\t<\/div>\n\t\t\t\t<div class=\"elementor-element elementor-element-930e469 elementor-widget elementor-widget-text-editor\" data-id=\"930e469\" data-element_type=\"widget\" data-e-type=\"widget\" data-widget_type=\"text-editor.default\">\n\t\t\t\t<div class=\"elementor-widget-container\">\n\t\t\t\t\t\t\t\t\t<p data-pm-slice=\"0 0 []\"><b>Alojamiento premium totalmente gestionado:<\/b> Liquid Web se encarga de <strong>todas las tareas t\u00e9cnicas<\/strong>, como el mantenimiento del servidor, las actualizaciones y la seguridad, permiti\u00e9ndote concentrarte en hacer crecer tu negocio.<\/p><p data-pm-slice=\"0 0 []\"><b>Tiempo de actividad garantizado al 100%:<\/b> Con una <strong>infraestructura fiable y redundante<\/strong>, Liquid Web garantiza la disponibilidad constante de tus sitios, incluso durante las fotos de tr\u00e1fico.<\/p><p data-pm-slice=\"0 0 []\"><b>Excelente servicio de atenci\u00f3n al cliente:<\/b> Liquid Web ofrece atenci\u00f3n al cliente 24 horas al d\u00eda, 7 d\u00edas a la semana, 365 d\u00edas al a\u00f1o, con un tiempo medio de respuesta inferior a un minuto. Su equipo de expertos est\u00e1 preparado para resolver r\u00e1pidamente todos tus problemas t\u00e9cnicos. <\/p><p data-pm-slice=\"0 0 []\"><b>Rendimiento superior:<\/b> Gracias a los <strong>r\u00e1pidos servidores SSD<\/strong>, la optimizaci\u00f3n para WordPress y las herramientas avanzadas, Liquid Web garantiza <strong>tiempos de carga ultrarr\u00e1pidos<\/strong>, esenciales para el SEO y la experiencia del usuario.<\/p><p data-pm-slice=\"0 0 []\"><b>Personalizaci\u00f3n avanzada:<\/b> Liquid Web ofrece <strong>soluciones a medida<\/strong>, ideales para empresas con necesidades espec\u00edficas de configuraci\u00f3n y recursos.<\/p>\t\t\t\t\t\t\t\t<\/div>\n\t\t\t\t<\/div>\n\t\t\t\t<div class=\"elementor-element elementor-element-f458456 elementor-widget elementor-widget-heading\" data-id=\"f458456\" data-element_type=\"widget\" data-e-type=\"widget\" data-widget_type=\"heading.default\">\n\t\t\t\t<div class=\"elementor-widget-container\">\n\t\t\t\t\t<h2 class=\"elementor-heading-title elementor-size-default\">\u00bfCu\u00e1les son las ventajas del alojamiento Liquid Web?<\/h2>\t\t\t\t<\/div>\n\t\t\t\t<\/div>\n\t\t\t\t<div class=\"elementor-element elementor-element-7b486ca elementor-widget elementor-widget-text-editor\" data-id=\"7b486ca\" data-element_type=\"widget\" data-e-type=\"widget\" data-widget_type=\"text-editor.default\">\n\t\t\t\t<div class=\"elementor-widget-container\">\n\t\t\t\t\t\t\t\t\t<p data-pm-slice=\"0 0 []\"><b>Potencia y flexibilidad:<\/b> Liquid Web ofrece planes flexibles y de alto rendimiento para una amplia gama de proyectos, desde peque\u00f1as tiendas online hasta complejas infraestructuras corporativas.<\/p><p data-pm-slice=\"1 1 []\"><b>Escalabilidad:<\/b> Los recursos pueden ampliarse f\u00e1cilmente para satisfacer tus crecientes necesidades, sin interrumpir el servicio.<\/p><p data-pm-slice=\"0 0 []\"><b>Soluciones optimizadas para WordPress y WooCommerce:<\/b> Los planes WordPress y WooCommerce de Liquid Web incluyen herramientas integradas para mejorar el rendimiento, como cach\u00e9 avanzada y una CDN.<\/p><p data-pm-slice=\"0 0 []\"><b>Alojamiento sin l\u00edmites :<\/b> Con Liquid Web, no hay restricciones innecesarias: <strong>ni limitaciones de tr\u00e1fico<\/strong>, ni plugins prohibidos, ni recargos inesperados.<\/p>\t\t\t\t\t\t\t\t<\/div>\n\t\t\t\t<\/div>\n\t\t\t\t\t<\/div>\n\t\t\t\t<\/div>\n\t\t\t\t<\/div>\n\t\t","protected":false},"excerpt":{"rendered":"<p>Liquid Web es un proveedor de alojamiento web premium especializado en soluciones de alojamiento gestionado, que ofrece a las empresas m\u00e1s exigentes un rendimiento ultrarr\u00e1pido, m\u00e1xima disponibilidad y un excelente soporte t\u00e9cnico 24 horas al d\u00eda, 7 d\u00edas a la semana.<\/p>\n<ul>\n<li>Alojamiento gestionado<\/li>\n<li>Alto rendimiento<\/li>\n<li>Seguimiento en tiempo real<\/li>\n<li>Certificados SSL gratuitos<\/li>\n<\/ul>\n","protected":false},"featured_media":29496,"comment_status":"open","ping_status":"closed","template":"","meta":{"_acf_changed":false,"_glsr_average":0,"_glsr_ranking":0,"_glsr_reviews":0},"product_brand":[],"product_cat":[3072],"product_tag":[],"class_list":{"0":"post-30399","1":"product","2":"type-product","3":"status-publish","4":"has-post-thumbnail","6":"product_cat-alojamiento-web","8":"first","9":"instock","10":"shipping-taxable","11":"product-type-external"},"acf":[],"_links":{"self":[{"href":"https:\/\/boostgrowb.com\/es\/wp-json\/wp\/v2\/product\/30399","targetHints":{"allow":["GET"]}}],"collection":[{"href":"https:\/\/boostgrowb.com\/es\/wp-json\/wp\/v2\/product"}],"about":[{"href":"https:\/\/boostgrowb.com\/es\/wp-json\/wp\/v2\/types\/product"}],"replies":[{"embeddable":true,"href":"https:\/\/boostgrowb.com\/es\/wp-json\/wp\/v2\/comments?post=30399"}],"version-history":[{"count":0,"href":"https:\/\/boostgrowb.com\/es\/wp-json\/wp\/v2\/product\/30399\/revisions"}],"wp:featuredmedia":[{"embeddable":true,"href":"https:\/\/boostgrowb.com\/es\/wp-json\/wp\/v2\/media\/29496"}],"wp:attachment":[{"href":"https:\/\/boostgrowb.com\/es\/wp-json\/wp\/v2\/media?parent=30399"}],"wp:term":[{"taxonomy":"product_brand","embeddable":true,"href":"https:\/\/boostgrowb.com\/es\/wp-json\/wp\/v2\/product_brand?post=30399"},{"taxonomy":"product_cat","embeddable":true,"href":"https:\/\/boostgrowb.com\/es\/wp-json\/wp\/v2\/product_cat?post=30399"},{"taxonomy":"product_tag","embeddable":true,"href":"https:\/\/boostgrowb.com\/es\/wp-json\/wp\/v2\/product_tag?post=30399"}],"curies":[{"name":"wp","href":"https:\/\/api.w.org\/{rel}","templated":true}]}}