{"id":30405,"date":"2024-06-06T11:52:35","date_gmt":"2024-06-06T11:52:35","guid":{"rendered":"https:\/\/boostgrowb.com\/software\/gestor-de-tareas-nt\/"},"modified":"2025-10-30T20:14:03","modified_gmt":"2025-10-30T20:14:03","slug":"gestor-de-tareas-nt","status":"publish","type":"product","link":"https:\/\/boostgrowb.com\/es\/software\/gestor-de-tareas-nt\/","title":{"rendered":"Gestor de tareas NT"},"content":{"rendered":"\t\t<div data-elementor-type=\"product-post\" data-elementor-id=\"30405\" class=\"elementor elementor-30405 elementor-1391\" data-elementor-post-type=\"product\">\n\t\t\t\t<div class=\"elementor-element elementor-element-fe27cff e-flex e-con-boxed wpr-particle-no wpr-jarallax-no wpr-parallax-no wpr-sticky-section-no e-con e-parent\" data-id=\"fe27cff\" data-element_type=\"container\" data-e-type=\"container\">\n\t\t\t\t\t<div class=\"e-con-inner\">\n\t\t\t\t<div class=\"elementor-element elementor-element-3f39608 elementor-widget elementor-widget-heading\" data-id=\"3f39608\" data-element_type=\"widget\" data-e-type=\"widget\" data-widget_type=\"heading.default\">\n\t\t\t\t<div class=\"elementor-widget-container\">\n\t\t\t\t\t<h2 class=\"elementor-heading-title elementor-size-default\">\u00bfQu\u00e9 es nTask Manager?<\/h2>\t\t\t\t<\/div>\n\t\t\t\t<\/div>\n\t\t\t\t<div class=\"elementor-element elementor-element-516d1a7 elementor-widget elementor-widget-text-editor\" data-id=\"516d1a7\" data-element_type=\"widget\" data-e-type=\"widget\" data-widget_type=\"text-editor.default\">\n\t\t\t\t<div class=\"elementor-widget-container\">\n\t\t\t\t\t\t\t\t\t<p class=\"\" data-start=\"274\" data-end=\"860\"><strong data-start=\"274\" data-end=\"483\">nTask Manager es una completa plataforma de gesti\u00f3n de proyectos dise\u00f1ada para ayudar a los equipos a estructurar, supervisar y gestionar eficazmente todos sus proyectos, sea cual sea su tama\u00f1o o sector.<\/strong>  Con una interfaz intuitiva y una serie de potentes funciones, nTask te permite centralizar la planificaci\u00f3n, la asignaci\u00f3n de tareas, el seguimiento del tiempo y la colaboraci\u00f3n en equipo. Tanto si eres una start-up, una PYME o una empresa m\u00e1s estructurada, esta herramienta se adapta a tu organizaci\u00f3n para impulsar tu productividad y optimizar tus flujos de trabajo. <\/p><p class=\"\" data-start=\"862\" data-end=\"1429\"><strong data-start=\"862\" data-end=\"977\">Lo que diferencia a nTask es su perfecto equilibrio entre facilidad de uso y profundidad funcional.<\/strong>  A diferencia de otras soluciones, a veces demasiado t\u00e9cnicas o compartimentadas, nTask ofrece una experiencia fluida, con m\u00f3dulos dedicados a la gesti\u00f3n de tareas, hojas de horas, gesti\u00f3n de riesgos, reuniones y creaci\u00f3n de diagramas de Gantt interactivos. La herramienta se convierte as\u00ed en un verdadero centro de mando para los gestores de proyectos, promoviendo una visi\u00f3n clara, una ejecuci\u00f3n rigurosa y una comunicaci\u00f3n en equipo sin fricciones. <\/p><p class=\"\" data-start=\"1431\" data-end=\"1998\"><strong data-start=\"1431\" data-end=\"1475\">Dise\u00f1ado pensando en el rendimiento operativo<\/strong>, nTask se integra de forma natural en el entorno digital de las empresas modernas, con integraciones de terceros (Slack, Zoom, Google Calendar, etc.) y automatizaci\u00f3n de procesos repetitivos. Al elegir nTask, est\u00e1s invirtiendo en una soluci\u00f3n \u00e1gil y escalable, dise\u00f1ada para soportar el crecimiento de tus proyectos, al tiempo que mantienes un control total sobre plazos, recursos y objetivos. Es la herramienta que necesitas para convertir tus proyectos en resultados tangibles, sin comprometer la eficacia.  <\/p>\t\t\t\t\t\t\t\t<\/div>\n\t\t\t\t<\/div>\n\t\t\t\t<div class=\"elementor-element elementor-element-e98a944 elementor-widget elementor-widget-heading\" data-id=\"e98a944\" data-element_type=\"widget\" data-e-type=\"widget\" data-widget_type=\"heading.default\">\n\t\t\t\t<div class=\"elementor-widget-container\">\n\t\t\t\t\t<h2 class=\"elementor-heading-title elementor-size-default\">Principales caracter\u00edsticas de nTask Manager<\/h2>\t\t\t\t<\/div>\n\t\t\t\t<\/div>\n\t\t\t\t<div class=\"elementor-element elementor-element-dd686af elementor-widget elementor-widget-text-editor\" data-id=\"dd686af\" data-element_type=\"widget\" data-e-type=\"widget\" data-widget_type=\"text-editor.default\">\n\t\t\t\t<div class=\"elementor-widget-container\">\n\t\t\t\t\t\t\t\t\t<ul>\n<li><b>Planifica tus proyectos con una gesti\u00f3n de tareas optimizada:<\/b> <strong>nTask Manager<\/strong> te permite crear <strong>listas de tareas<\/strong>, asignar responsabilidades y definir fechas de vencimiento. <strong>Los paneles Kanban<\/strong>, los <strong>calendarios<\/strong> y las <strong>listas de tareas<\/strong> te ofrecen una visi\u00f3n clara de tus proyectos, garantizando <strong>una gesti\u00f3n fluida de<\/strong> todas tus actividades. <\/li><\/ul><div><br><\/div><ul>\n<li data-pm-slice=\"0 0 []\"><b>Integraciones y automatizaciones:<\/b> nTask se integra perfectamente con tu entorno de trabajo actual. Ya sea mediante integraciones nativas con Slack, Google Calendar, Zoom o Microsoft Teams, o mediante el uso de Zapier y API personalizadas, puedes automatizar tus procesos y sincronizar la informaci\u00f3n en tiempo real. Ahorrar\u00e1s tiempo, reducir\u00e1s los errores manuales y mejorar\u00e1s la eficiencia de tus operaciones diarias.  <\/li><\/ul><div><br><\/div><ul>\n<li data-pm-slice=\"0 0 []\"><b>Visibilidad completa de tus proyectos:<\/b> Con nTask, ya no vuelas a ciegas. La plataforma te ofrece cuadros de mando personalizables para supervisar el progreso de tus proyectos en tiempo real. Puedes generar informes autom\u00e1ticos, analizar la carga de trabajo de cada miembro, realizar un seguimiento de los indicadores clave de rendimiento y exportar datos para compartirlos con tus interlocutores.  <\/li><\/ul><div><br><\/div><ul>\n<li data-pm-slice=\"0 0 []\"><b>Seguimiento del tiempo y productividad:<\/b> Gracias al m\u00f3dulo integrado de seguimiento del tiempo, nTask te ayuda a medir con precisi\u00f3n el tiempo empleado en cada tarea y proyecto. Puedes acceder a hojas de tiempo detalladas, informes de productividad por usuario o por proyecto, y una comparaci\u00f3n entre el tiempo estimado y el tiempo realmente empleado. Estos datos clave te permiten distribuir mejor las cargas de trabajo y optimizar tus recursos para cumplir tus plazos y presupuestos.  <\/li><\/ul><div><br><\/div><ul>\n<li data-pm-slice=\"0 0 []\"><b>Colabora con tus equipos:<\/b> Se acabaron los intercambios dispersos en varias plataformas: con nTask, toda la comunicaci\u00f3n en torno a un proyecto est\u00e1 centralizada. Cada tarea incluye un \u00e1rea de debate, archivos adjuntos, comentarios y notificaciones autom\u00e1ticas. Tambi\u00e9n puedes organizar tus reuniones directamente dentro de la herramienta, con una agenda integrada, actas y seguimiento de acciones. Todo dise\u00f1ado para mejorar la capacidad de respuesta, la coordinaci\u00f3n y la productividad de tu equipo, incluso a distancia.   <\/li>\n<\/ul>\t\t\t\t\t\t\t\t<\/div>\n\t\t\t\t<\/div>\n\t\t\t\t\t<\/div>\n\t\t\t\t<\/div>\n\t\t\t\t<\/div>\n\t\t","protected":false},"excerpt":{"rendered":"<p>Una soluci\u00f3n de gesti\u00f3n de proyectos todo en uno para organizar tus tareas, supervisar a tus equipos, gestionar los riesgos y automatizar tus flujos de trabajo. Ideal para PYMES, empresas de nueva creaci\u00f3n y grandes empresas. <\/p>\n<ul>\n<li>Gesti\u00f3n de proyectos y tareas<\/li>\n<li>Planificaci\u00f3n del proyecto<\/li>\n<li>Colaboraci\u00f3n y comunicaci\u00f3n<\/li>\n<li>Integraci\u00f3n con Slack<\/li>\n<\/ul>\n","protected":false},"featured_media":30421,"comment_status":"open","ping_status":"closed","template":"","meta":{"_acf_changed":false,"_glsr_average":0,"_glsr_ranking":0,"_glsr_reviews":0},"product_brand":[],"product_cat":[4228],"product_tag":[],"class_list":{"0":"post-30405","1":"product","2":"type-product","3":"status-publish","4":"has-post-thumbnail","6":"product_cat-gestion-de-proyectos","8":"first","9":"instock","10":"shipping-taxable","11":"product-type-external"},"acf":[],"_links":{"self":[{"href":"https:\/\/boostgrowb.com\/es\/wp-json\/wp\/v2\/product\/30405","targetHints":{"allow":["GET"]}}],"collection":[{"href":"https:\/\/boostgrowb.com\/es\/wp-json\/wp\/v2\/product"}],"about":[{"href":"https:\/\/boostgrowb.com\/es\/wp-json\/wp\/v2\/types\/product"}],"replies":[{"embeddable":true,"href":"https:\/\/boostgrowb.com\/es\/wp-json\/wp\/v2\/comments?post=30405"}],"version-history":[{"count":0,"href":"https:\/\/boostgrowb.com\/es\/wp-json\/wp\/v2\/product\/30405\/revisions"}],"wp:featuredmedia":[{"embeddable":true,"href":"https:\/\/boostgrowb.com\/es\/wp-json\/wp\/v2\/media\/30421"}],"wp:attachment":[{"href":"https:\/\/boostgrowb.com\/es\/wp-json\/wp\/v2\/media?parent=30405"}],"wp:term":[{"taxonomy":"product_brand","embeddable":true,"href":"https:\/\/boostgrowb.com\/es\/wp-json\/wp\/v2\/product_brand?post=30405"},{"taxonomy":"product_cat","embeddable":true,"href":"https:\/\/boostgrowb.com\/es\/wp-json\/wp\/v2\/product_cat?post=30405"},{"taxonomy":"product_tag","embeddable":true,"href":"https:\/\/boostgrowb.com\/es\/wp-json\/wp\/v2\/product_tag?post=30405"}],"curies":[{"name":"wp","href":"https:\/\/api.w.org\/{rel}","templated":true}]}}