{"id":30408,"date":"2024-06-11T08:27:04","date_gmt":"2024-06-11T08:27:04","guid":{"rendered":"https:\/\/boostgrowb.com\/software\/indy\/"},"modified":"2026-02-13T14:02:51","modified_gmt":"2026-02-13T14:02:51","slug":"indy","status":"publish","type":"product","link":"https:\/\/boostgrowb.com\/es\/software\/indy\/","title":{"rendered":"Indy"},"content":{"rendered":"\t\t<div data-elementor-type=\"product-post\" data-elementor-id=\"30408\" class=\"elementor elementor-30408 elementor-1497\" data-elementor-post-type=\"product\">\n\t\t\t\t<div class=\"elementor-element elementor-element-976a401 e-flex e-con-boxed wpr-particle-no wpr-jarallax-no wpr-parallax-no wpr-sticky-section-no e-con e-parent\" data-id=\"976a401\" data-element_type=\"container\" data-e-type=\"container\">\n\t\t\t\t\t<div class=\"e-con-inner\">\n\t\t\t\t<div class=\"elementor-element elementor-element-da76637 elementor-widget elementor-widget-heading\" data-id=\"da76637\" data-element_type=\"widget\" data-e-type=\"widget\" data-widget_type=\"heading.default\">\n\t\t\t\t<div class=\"elementor-widget-container\">\n\t\t\t\t\t<h2 class=\"elementor-heading-title elementor-size-default\">\u00bfQu\u00e9 es Indy?<\/h2>\t\t\t\t<\/div>\n\t\t\t\t<\/div>\n\t\t\t\t<div class=\"elementor-element elementor-element-ff00dc2 elementor-widget elementor-widget-text-editor\" data-id=\"ff00dc2\" data-element_type=\"widget\" data-e-type=\"widget\" data-widget_type=\"text-editor.default\">\n\t\t\t\t<div class=\"elementor-widget-container\">\n\t\t\t\t\t\t\t\t\t<p data-start=\"376\" data-end=\"747\"><strong data-start=\"376\" data-end=\"384\">Indy<\/strong> es un software de contabilidad online especialmente dise\u00f1ado para aut\u00f3nomos, profesionales liberales y microempresarios. La herramienta automatiza gran parte de las tareas contables, desde la gesti\u00f3n de facturas hasta la declaraci\u00f3n de impuestos, para que los profesionales puedan concentrarse en su actividad principal y no en tareas administrativas. <\/p><p data-start=\"749\" data-end=\"1115\">A diferencia del software de contabilidad tradicional, que suele ser complejo, Indy se centra en la <strong data-start=\"835\" data-end=\"868\">sencillez y la accesibilidad<\/strong>. La interfaz es intuitiva y est\u00e1 dise\u00f1ada para usuarios que no necesariamente tienen conocimientos de contabilidad. Con Indy, gestionar tu tesorer\u00eda, tus declaraciones fiscales y tus recibos se convierte en algo mucho m\u00e1s r\u00e1pido y mucho menos estresante.<\/p>\t\t\t\t\t\t\t\t<\/div>\n\t\t\t\t<\/div>\n\t\t\t\t<div class=\"elementor-element elementor-element-93fccbe elementor-widget elementor-widget-heading\" data-id=\"93fccbe\" data-element_type=\"widget\" data-e-type=\"widget\" data-widget_type=\"heading.default\">\n\t\t\t\t<div class=\"elementor-widget-container\">\n\t\t\t\t\t<h2 class=\"elementor-heading-title elementor-size-default\">Caracter\u00edsticas principales de Indy<\/h2>\t\t\t\t<\/div>\n\t\t\t\t<\/div>\n\t\t\t\t<div class=\"elementor-element elementor-element-cbc2e3b elementor-widget elementor-widget-text-editor\" data-id=\"cbc2e3b\" data-element_type=\"widget\" data-e-type=\"widget\" data-widget_type=\"text-editor.default\">\n\t\t\t\t<div class=\"elementor-widget-container\">\n\t\t\t\t\t\t\t\t\t<p data-pm-slice=\"1 1 []\"><b>Contabilidad 100% automatizada: <\/b>Indy automatiza toda tu contabilidad: recuperaci\u00f3n de transacciones, categorizaci\u00f3n inteligente, generaci\u00f3n de declaraciones fiscales (IVA, URSSAF, Impuestos). No necesitas pasar horas trabajando en tus cifras, la herramienta se encarga de todo. <\/p><p data-pm-slice=\"0 0 []\"><b>Facturaci\u00f3n r\u00e1pida y sencilla:<\/b> crea presupuestos y facturas profesionales en unos pocos clics, haz un seguimiento de los pagos y env\u00eda recordatorios autom\u00e1ticamente. Indy te permite concentrarte en tu negocio sin perder de vista tu facturaci\u00f3n. <\/p><p data-pm-slice=\"0 0 []\"><b>Sincronizaci\u00f3n bancaria:<\/b> Indy se conecta directamente a tu cuenta bancaria para sincronizar autom\u00e1ticamente tus transacciones. Tendr\u00e1s una visi\u00f3n clara de tu posici\u00f3n de tesorer\u00eda, sin necesidad de volver a introducir datos y sin riesgo de error. <\/p><p data-pm-slice=\"0 0 []\"><b>Cuenta Pro gratuita integrada:<\/b> Dise\u00f1ada pensando en los aut\u00f3nomos, la interfaz de Indy es fluida, moderna y ultraf\u00e1cil de usar. Sin jerga contable ni herramientas complejas: todo est\u00e1 dise\u00f1ado para ayudarte a ahorrar tiempo y trabajar con eficacia. <\/p><p data-pm-slice=\"0 0 []\"><b>Interfaz intuitiva y fluida:<\/b> Dise\u00f1ada pensando en los aut\u00f3nomos, la interfaz de Indy es fluida, moderna y ultraf\u00e1cil de usar. Sin jerga contable ni herramientas complejas: todo est\u00e1 dise\u00f1ado para ayudarte a ahorrar tiempo y trabajar con eficacia. <\/p><p><strong data-start=\"1624\" data-end=\"1659\">Declaraciones fiscales asistidas<\/strong>: la herramienta te gu\u00eda paso a paso en la preparaci\u00f3n y presentaci\u00f3n de tus declaraciones (URSSAF, IVA, paquete fiscal, etc.).<\/p>\t\t\t\t\t\t\t\t<\/div>\n\t\t\t\t<\/div>\n\t\t\t\t<div class=\"elementor-element elementor-element-2cd3a7c elementor-widget elementor-widget-heading\" data-id=\"2cd3a7c\" data-element_type=\"widget\" data-e-type=\"widget\" data-widget_type=\"heading.default\">\n\t\t\t\t<div class=\"elementor-widget-container\">\n\t\t\t\t\t<h2 class=\"elementor-heading-title elementor-size-default\">Pero, \u00bfc\u00f3mo puede utilizarse Indy con eficacia?<\/h2>\t\t\t\t<\/div>\n\t\t\t\t<\/div>\n\t\t\t\t<div class=\"elementor-element elementor-element-65a3483 elementor-widget elementor-widget-text-editor\" data-id=\"65a3483\" data-element_type=\"widget\" data-e-type=\"widget\" data-widget_type=\"text-editor.default\">\n\t\t\t\t<div class=\"elementor-widget-container\">\n\t\t\t\t\t\t\t\t\t<p data-start=\"2227\" data-end=\"2369\">Una de las principales ventajas de Indy es su facilidad de uso. S\u00f3lo tienes que seguir unos sencillos pasos: <\/p><ol data-start=\"2371\" data-end=\"2949\"><li data-start=\"2371\" data-end=\"2477\"><p data-start=\"2374\" data-end=\"2477\"><strong data-start=\"2374\" data-end=\"2409\">Conecta tu cuenta bancaria<\/strong>: tus transacciones se sincronizan autom\u00e1ticamente en la herramienta.<\/p><\/li><li data-start=\"2478\" data-end=\"2594\"><p data-start=\"2481\" data-end=\"2594\"><strong data-start=\"2481\" data-end=\"2507\">Clasifica tus transacciones<\/strong>: Indy ofrece una categorizaci\u00f3n autom\u00e1tica, que puedes ajustar si es necesario.<\/p><\/li><li data-start=\"2595\" data-end=\"2719\"><p data-start=\"2598\" data-end=\"2719\"><strong data-start=\"2598\" data-end=\"2622\">Genera tus facturas<\/strong>: utiliza las plantillas personalizables para crear tus presupuestos y facturas en cuesti\u00f3n de segundos.<\/p><\/li><li data-start=\"2720\" data-end=\"2822\"><p data-start=\"2723\" data-end=\"2822\"><strong data-start=\"2723\" data-end=\"2752\">A\u00f1ade tus justificantes<\/strong>: sube tus recibos y documentos contables para un seguimiento completo.<\/p><\/li><li data-start=\"2823\" data-end=\"2949\"><p data-start=\"2826\" data-end=\"2949\"><strong data-start=\"2826\" data-end=\"2855\">Prepara tus declaraciones fiscales<\/strong>: deja que Indy genere autom\u00e1ticamente tus declaraciones fiscales y las valide con un solo clic.<\/p><\/li><\/ol><p data-start=\"2951\" data-end=\"3097\">Esta automatizaci\u00f3n te ahorra tiempo y reduce el riesgo de errores, haciendo que tu contabilidad sea m\u00e1s fiable y fluida.<\/p>\t\t\t\t\t\t\t\t<\/div>\n\t\t\t\t<\/div>\n\t\t\t\t<div class=\"elementor-element elementor-element-bff5474 elementor-widget elementor-widget-heading\" data-id=\"bff5474\" data-element_type=\"widget\" data-e-type=\"widget\" data-widget_type=\"heading.default\">\n\t\t\t\t<div class=\"elementor-widget-container\">\n\t\t\t\t\t<h2 class=\"elementor-heading-title elementor-size-default\">\u00bfCu\u00e1les son las ventajas de utilizar Indy?<\/h2>\t\t\t\t<\/div>\n\t\t\t\t<\/div>\n\t\t\t\t<div class=\"elementor-element elementor-element-8fd60cc elementor-widget elementor-widget-text-editor\" data-id=\"8fd60cc\" data-element_type=\"widget\" data-e-type=\"widget\" data-widget_type=\"text-editor.default\">\n\t\t\t\t<div class=\"elementor-widget-container\">\n\t\t\t\t\t\t\t\t\t<p data-start=\"207\" data-end=\"612\">Con <strong data-start=\"212\" data-end=\"220\">Indy<\/strong>, la contabilidad ya no es una limitaci\u00f3n. La herramienta automatiza las operaciones cotidianas, genera tus declaraciones fiscales en unos pocos clics y te ofrece una visi\u00f3n clara de tus finanzas a trav\u00e9s de paneles intuitivos. Ahorrar\u00e1s tiempo, reducir\u00e1s los errores y cumplir\u00e1s los requisitos legales, todo ello a un precio mucho m\u00e1s asequible que un censor jurado de cuentas tradicional.<\/p>\t\t\t\t\t\t\t\t<\/div>\n\t\t\t\t<\/div>\n\t\t\t\t<div class=\"elementor-element elementor-element-fc8d325 elementor-widget elementor-widget-heading\" data-id=\"fc8d325\" data-element_type=\"widget\" data-e-type=\"widget\" data-widget_type=\"heading.default\">\n\t\t\t\t<div class=\"elementor-widget-container\">\n\t\t\t\t\t<h2 class=\"elementor-heading-title elementor-size-default\">\u00bfPara qui\u00e9n es Indy?<\/h2>\t\t\t\t<\/div>\n\t\t\t\t<\/div>\n\t\t\t\t<div class=\"elementor-element elementor-element-1aa678a elementor-widget elementor-widget-text-editor\" data-id=\"1aa678a\" data-element_type=\"widget\" data-e-type=\"widget\" data-widget_type=\"text-editor.default\">\n\t\t\t\t<div class=\"elementor-widget-container\">\n\t\t\t\t\t\t\t\t\t<p>Indy se dirige sobre todo a <strong data-start=\"678\" data-end=\"731\">aut\u00f3nomos, trabajadores por cuenta propia y aut\u00f3nomos<\/strong> que quieren simplificar su gesti\u00f3n sin tener conocimientos particulares de contabilidad. Consultores, profesionales creativos, cuidadores e incluso empresarios aut\u00f3nomos encontrar\u00e1n en ella una soluci\u00f3n pr\u00e1ctica para gestionar facturas, cargos y devoluciones. La herramienta tambi\u00e9n es adecuada para las peque\u00f1as empresas que quieren mantener el control de sus finanzas automatizando lo esencial.<\/p>\t\t\t\t\t\t\t\t<\/div>\n\t\t\t\t<\/div>\n\t\t\t\t\t<\/div>\n\t\t\t\t<\/div>\n\t\t\t\t<\/div>\n\t\t","protected":false},"excerpt":{"rendered":"<p>Indy es una plataforma todo en uno dise\u00f1ada espec\u00edficamente para que aut\u00f3nomos, trabajadores por cuenta propia y peque\u00f1as empresas gestionen sus proyectos y clientes de forma eficaz. Indy ofrece un completo conjunto de herramientas para gestionar tareas, facturaci\u00f3n, contratos, etc. <\/p>\n<ul>\n<li>Crear una empresa<\/li>\n<li>Creaci\u00f3n de citas<\/li>\n<li>Firma electr\u00f3nica<\/li>\n<li>Seguimiento del pago<\/li>\n<\/ul>\n","protected":false},"featured_media":30416,"comment_status":"open","ping_status":"closed","template":"","meta":{"_acf_changed":false,"_glsr_average":0,"_glsr_ranking":0,"_glsr_reviews":0},"product_brand":[],"product_cat":[4409],"product_tag":[],"class_list":{"0":"post-30408","1":"product","2":"type-product","3":"status-publish","4":"has-post-thumbnail","6":"product_cat-software-de-contabilidad","8":"first","9":"instock","10":"shipping-taxable","11":"product-type-external"},"acf":[],"_links":{"self":[{"href":"https:\/\/boostgrowb.com\/es\/wp-json\/wp\/v2\/product\/30408","targetHints":{"allow":["GET"]}}],"collection":[{"href":"https:\/\/boostgrowb.com\/es\/wp-json\/wp\/v2\/product"}],"about":[{"href":"https:\/\/boostgrowb.com\/es\/wp-json\/wp\/v2\/types\/product"}],"replies":[{"embeddable":true,"href":"https:\/\/boostgrowb.com\/es\/wp-json\/wp\/v2\/comments?post=30408"}],"version-history":[{"count":0,"href":"https:\/\/boostgrowb.com\/es\/wp-json\/wp\/v2\/product\/30408\/revisions"}],"wp:featuredmedia":[{"embeddable":true,"href":"https:\/\/boostgrowb.com\/es\/wp-json\/wp\/v2\/media\/30416"}],"wp:attachment":[{"href":"https:\/\/boostgrowb.com\/es\/wp-json\/wp\/v2\/media?parent=30408"}],"wp:term":[{"taxonomy":"product_brand","embeddable":true,"href":"https:\/\/boostgrowb.com\/es\/wp-json\/wp\/v2\/product_brand?post=30408"},{"taxonomy":"product_cat","embeddable":true,"href":"https:\/\/boostgrowb.com\/es\/wp-json\/wp\/v2\/product_cat?post=30408"},{"taxonomy":"product_tag","embeddable":true,"href":"https:\/\/boostgrowb.com\/es\/wp-json\/wp\/v2\/product_tag?post=30408"}],"curies":[{"name":"wp","href":"https:\/\/api.w.org\/{rel}","templated":true}]}}