{"id":30417,"date":"2024-06-06T11:51:28","date_gmt":"2024-06-06T11:51:28","guid":{"rendered":"https:\/\/boostgrowb.com\/software\/trabajo-en-equipo\/"},"modified":"2025-07-07T16:09:08","modified_gmt":"2025-07-07T16:09:08","slug":"trabajo-en-equipo","status":"publish","type":"product","link":"https:\/\/boostgrowb.com\/es\/software\/trabajo-en-equipo\/","title":{"rendered":"Trabajo en equipo"},"content":{"rendered":"\t\t<div data-elementor-type=\"product-post\" data-elementor-id=\"30417\" class=\"elementor elementor-30417 elementor-1385\" data-elementor-post-type=\"product\">\n\t\t\t\t<div class=\"elementor-element elementor-element-b178e01 e-flex e-con-boxed wpr-particle-no wpr-jarallax-no wpr-parallax-no wpr-sticky-section-no e-con e-parent\" data-id=\"b178e01\" data-element_type=\"container\" data-e-type=\"container\">\n\t\t\t\t\t<div class=\"e-con-inner\">\n\t\t\t\t<div class=\"elementor-element elementor-element-4c242b9 elementor-widget elementor-widget-heading\" data-id=\"4c242b9\" data-element_type=\"widget\" data-e-type=\"widget\" data-widget_type=\"heading.default\">\n\t\t\t\t<div class=\"elementor-widget-container\">\n\t\t\t\t\t<h2 class=\"elementor-heading-title elementor-size-default\">\u00bfQu\u00e9 es el trabajo en equipo?<\/h2>\t\t\t\t<\/div>\n\t\t\t\t<\/div>\n\t\t\t\t<div class=\"elementor-element elementor-element-52f1ca1 elementor-widget elementor-widget-text-editor\" data-id=\"52f1ca1\" data-element_type=\"widget\" data-e-type=\"widget\" data-widget_type=\"text-editor.default\">\n\t\t\t\t<div class=\"elementor-widget-container\">\n\t\t\t\t\t\t\t\t\t<p><strong>Teamwork<\/strong> es un paquete de software <strong>de gesti\u00f3n de proyectos<\/strong> completo e intuitivo que permite a los equipos <strong>colaborar eficazmente<\/strong>, <strong>realizar un seguimiento de las tareas<\/strong> y <strong>gestionar los proyectos<\/strong> sin problemas.  <span style=\"letter-spacing: 0px;\">M\u00e1s que una simple herramienta de seguimiento de tareas, Teamwork ofrece un conjunto completo de funciones para planificar, ejecutar y entregar proyectos a tiempo. Gracias a su interfaz intuitiva y a su r\u00e1pida curva de aprendizaje, los equipos se vuelven m\u00e1s eficientes desde los primeros d\u00edas de uso, ya gestionen agencias, proyectos de marketing o desarrollo de productos. <\/span><\/p><p data-start=\"765\" data-end=\"1279\"><strong data-start=\"765\" data-end=\"842\"><span style=\"letter-spacing: 0px;\">Uno de los principales activos de Teamwork es<\/span> su capacidad para estructurar el caos.<\/strong> Diagramas de Gantt, seguimiento del tiempo, automatizaci\u00f3n, gesti\u00f3n de la carga de trabajo, herramientas de comunicaci\u00f3n integradas&#8230; todo est\u00e1 dise\u00f1ado para que puedas orquestar tus proyectos desde el briefing hasta la entrega, todo en un mismo lugar. A\u00f1ade a eso las integraciones nativas con Slack, Google Drive, Microsoft Teams y HubSpot, y tendr\u00e1s una plataforma central que agiliza los intercambios, reduce las fricciones y aumenta tu productividad. <\/p><p data-start=\"1281\" data-end=\"1734\"><strong data-start=\"1281\" data-end=\"1457\">Teamwork es la soluci\u00f3n ideal para agencias, equipos de marketing, desarrolladores y organizaciones en crecimiento que ya no quieren perder el tiempo utilizando herramientas dispares.<\/strong>  Su enfoque orientado a los resultados, la gesti\u00f3n granular de proyectos y las funciones de colaboraci\u00f3n te permiten optimizar cada etapa de tu flujo de trabajo.<\/p>\t\t\t\t\t\t\t\t<\/div>\n\t\t\t\t<\/div>\n\t\t\t\t<div class=\"elementor-element elementor-element-3aae0ff elementor-widget elementor-widget-heading\" data-id=\"3aae0ff\" data-element_type=\"widget\" data-e-type=\"widget\" data-widget_type=\"heading.default\">\n\t\t\t\t<div class=\"elementor-widget-container\">\n\t\t\t\t\t<h2 class=\"elementor-heading-title elementor-size-default\">Las 5 caracter\u00edsticas principales del trabajo en equipo<\/h2>\t\t\t\t<\/div>\n\t\t\t\t<\/div>\n\t\t\t\t<div class=\"elementor-element elementor-element-7090fb0 elementor-widget elementor-widget-text-editor\" data-id=\"7090fb0\" data-element_type=\"widget\" data-e-type=\"widget\" data-widget_type=\"text-editor.default\">\n\t\t\t\t<div class=\"elementor-widget-container\">\n\t\t\t\t\t\t\t\t\t<ul><li><p><strong><span>Gesti\u00f3n de tareas y proyectos<\/span><\/strong><span> : <\/span><strong><span>Trabajo en equipo<\/span><\/strong><span> te permite crear y organizar <\/span><strong><span>proyectos completos<\/span><\/strong><span>  con subtareas, plazos y prioridades definidas. Cada miembro del equipo puede hacer un seguimiento de sus tareas y ver los plazos utilizando   <\/span><strong><span>Tableros kanban<\/span><\/strong><span> gr\u00e1ficos, listas o diagramas de Gantt.<\/span><\/p><\/li><li><p><strong><span>Seguimiento del tiempo y la productividad<\/span><\/strong><span> : <\/span><strong><span>Trabajo en equipo<\/span><\/strong><span> incluye un <\/span><strong><span>seguimiento del tiempo<\/span><\/strong><span> que permite a los equipos medir el tiempo dedicado a cada tarea o proyecto, optimizando la gesti\u00f3n de recursos y permitiendo una mejor planificaci\u00f3n de futuros proyectos.<\/span><\/p><\/li><li><p><strong><span>Colaboraci\u00f3n y comunicaci\u00f3n integradas<\/span><\/strong><span> Con <\/span><strong><span>Trabajo en equipo<\/span><\/strong><span> los equipos pueden <\/span><strong><span>compartir archivos<\/span><\/strong><span> , <\/span><strong><span>intercambiar comentarios<\/span><\/strong><span> y <\/span><strong><span>chatear en tiempo real<\/span><\/strong><span>  . Esto evita la dispersi\u00f3n de la informaci\u00f3n por distintos canales, facilitando la coordinaci\u00f3n de los proyectos.<\/span><\/p><\/li><li><p><strong><span>Planificaci\u00f3n de recursos<\/span><\/strong><span> El sitio <\/span><strong><span>planificaci\u00f3n de recursos<\/span><\/strong><span> permite a los gestores de proyectos asignar los recursos de forma \u00f3ptima, evitando sobrecargas de trabajo y garantizando que cada miembro del equipo trabaje en las tareas que se ajustan a sus habilidades.<\/span><\/p><\/li><li><p><strong><span>Potentes integraciones<\/span><\/strong><span> : <\/span><strong><span>Trabajo en equipo<\/span><\/strong><span> se integra con una amplia gama de herramientas populares como <\/span><strong><span>Slack, Google Drive, Microsoft Teams<\/span><\/strong><span> y muchas otras, lo que permite a los equipos tener un flujo de trabajo fluido y conectado sin tener que cambiar de plataforma.<\/span><\/p><\/li><\/ul>\t\t\t\t\t\t\t\t<\/div>\n\t\t\t\t<\/div>\n\t\t\t\t\t<\/div>\n\t\t\t\t<\/div>\n\t\t\t\t<\/div>\n\t\t","protected":false},"excerpt":{"rendered":"<p>Team Work es una plataforma online de gesti\u00f3n de proyectos y colaboraci\u00f3n dise\u00f1ada para ayudar a los equipos a planificar, supervisar y ejecutar proyectos con eficacia.<\/p>\n<ul>\n<li>Colaboraci\u00f3n y comunicaci\u00f3n<\/li>\n<li>Gesti\u00f3n de tareas<\/li>\n<li>Cuadros de mando e informes<\/li>\n<li>Gesti\u00f3n de proyectos<\/li>\n<\/ul>\n","protected":false},"featured_media":30420,"comment_status":"open","ping_status":"closed","template":"","meta":{"_acf_changed":false,"_glsr_average":0,"_glsr_ranking":0,"_glsr_reviews":0},"product_brand":[],"product_cat":[4228],"product_tag":[],"class_list":{"0":"post-30417","1":"product","2":"type-product","3":"status-publish","4":"has-post-thumbnail","6":"product_cat-gestion-de-proyectos","8":"first","9":"instock","10":"shipping-taxable","11":"product-type-external"},"acf":[],"_links":{"self":[{"href":"https:\/\/boostgrowb.com\/es\/wp-json\/wp\/v2\/product\/30417","targetHints":{"allow":["GET"]}}],"collection":[{"href":"https:\/\/boostgrowb.com\/es\/wp-json\/wp\/v2\/product"}],"about":[{"href":"https:\/\/boostgrowb.com\/es\/wp-json\/wp\/v2\/types\/product"}],"replies":[{"embeddable":true,"href":"https:\/\/boostgrowb.com\/es\/wp-json\/wp\/v2\/comments?post=30417"}],"version-history":[{"count":0,"href":"https:\/\/boostgrowb.com\/es\/wp-json\/wp\/v2\/product\/30417\/revisions"}],"wp:featuredmedia":[{"embeddable":true,"href":"https:\/\/boostgrowb.com\/es\/wp-json\/wp\/v2\/media\/30420"}],"wp:attachment":[{"href":"https:\/\/boostgrowb.com\/es\/wp-json\/wp\/v2\/media?parent=30417"}],"wp:term":[{"taxonomy":"product_brand","embeddable":true,"href":"https:\/\/boostgrowb.com\/es\/wp-json\/wp\/v2\/product_brand?post=30417"},{"taxonomy":"product_cat","embeddable":true,"href":"https:\/\/boostgrowb.com\/es\/wp-json\/wp\/v2\/product_cat?post=30417"},{"taxonomy":"product_tag","embeddable":true,"href":"https:\/\/boostgrowb.com\/es\/wp-json\/wp\/v2\/product_tag?post=30417"}],"curies":[{"name":"wp","href":"https:\/\/api.w.org\/{rel}","templated":true}]}}