{"id":30424,"date":"2024-06-10T23:19:20","date_gmt":"2024-06-10T23:19:20","guid":{"rendered":"https:\/\/boostgrowb.com\/software\/inicio-legal\/"},"modified":"2025-07-07T16:12:21","modified_gmt":"2025-07-07T16:12:21","slug":"inicio-legal","status":"publish","type":"product","link":"https:\/\/boostgrowb.com\/es\/software\/inicio-legal\/","title":{"rendered":"Inicio legal"},"content":{"rendered":"\t\t<div data-elementor-type=\"product-post\" data-elementor-id=\"30424\" class=\"elementor elementor-30424 elementor-1472\" data-elementor-post-type=\"product\">\n\t\t\t\t<div class=\"elementor-element elementor-element-0874f66 e-flex e-con-boxed wpr-particle-no wpr-jarallax-no wpr-parallax-no wpr-sticky-section-no e-con e-parent\" data-id=\"0874f66\" data-element_type=\"container\" data-e-type=\"container\">\n\t\t\t\t\t<div class=\"e-con-inner\">\n\t\t\t\t<div class=\"elementor-element elementor-element-f27445b elementor-widget elementor-widget-heading\" data-id=\"f27445b\" data-element_type=\"widget\" data-e-type=\"widget\" data-widget_type=\"heading.default\">\n\t\t\t\t<div class=\"elementor-widget-container\">\n\t\t\t\t\t<h2 class=\"elementor-heading-title elementor-size-default\">\u00bfQu\u00e9 es el Inicio Legal?<\/h2>\t\t\t\t<\/div>\n\t\t\t\t<\/div>\n\t\t\t\t<div class=\"elementor-element elementor-element-f1e6eda elementor-widget elementor-widget-text-editor\" data-id=\"f1e6eda\" data-element_type=\"widget\" data-e-type=\"widget\" data-widget_type=\"text-editor.default\">\n\t\t\t\t<div class=\"elementor-widget-container\">\n\t\t\t\t\t\t\t\t\t<p><strong>LegalStart<\/strong> es una plataforma online que simplifica los tr\u00e1mites administrativos y legales para emprendedores y empresas. Tanto si eres un <strong>empresario aut\u00f3nomo<\/strong>, una <strong>peque\u00f1a empresa<\/strong> o un <strong>aut\u00f3nomo<\/strong>, <strong>LegalStart<\/strong> te permite <strong>crear<\/strong>, <strong>gestionar<\/strong> y <strong>optimizar<\/strong> tu empresa de forma r\u00e1pida, segura y rentable. Gracias a herramientas f\u00e1ciles de usar, puedes realizar todos tus tr\u00e1mites legales directamente en l\u00ednea, ya sea crear una empresa, redactar documentos legales o gestionar tus cuentas.  <\/p><p><strong>LegalStart<\/strong> est\u00e1 dise\u00f1ado para <strong>facilitar<\/strong> los complejos tr\u00e1mites administrativos y legales que a menudo pueden desanimar a los empresarios. Con una interfaz intuitiva y <strong>procesos automatizados<\/strong>, LegalStart te ayuda a navegar por la creaci\u00f3n de empresas, los tr\u00e1mites legales, los contratos y la gesti\u00f3n de tus obligaciones legales con total tranquilidad. No necesitas ser un experto legal para crear y gestionar tu empresa, <strong>LegalStart<\/strong> te gu\u00eda en cada paso del camino, ahorr\u00e1ndote tiempo y dinero.  <\/p>\t\t\t\t\t\t\t\t<\/div>\n\t\t\t\t<\/div>\n\t\t\t\t<div class=\"elementor-element elementor-element-9fbb3a7 elementor-widget elementor-widget-heading\" data-id=\"9fbb3a7\" data-element_type=\"widget\" data-e-type=\"widget\" data-widget_type=\"heading.default\">\n\t\t\t\t<div class=\"elementor-widget-container\">\n\t\t\t\t\t<h2 class=\"elementor-heading-title elementor-size-default\">Principales caracter\u00edsticas de Legal Start<\/h2>\t\t\t\t<\/div>\n\t\t\t\t<\/div>\n\t\t\t\t<div class=\"elementor-element elementor-element-728bd2a elementor-widget elementor-widget-text-editor\" data-id=\"728bd2a\" data-element_type=\"widget\" data-e-type=\"widget\" data-widget_type=\"text-editor.default\">\n\t\t\t\t<div class=\"elementor-widget-container\">\n\t\t\t\t\t\t\t\t\t<ul><li><strong>Crea tu empresa en unos clics:<\/strong> Con <strong>LegalStart<\/strong>, <strong>crear una empresa<\/strong> es f\u00e1cil y r\u00e1pido. Puedes crear <strong>tu propia empresa<\/strong>, <strong>SAS<\/strong>, <strong>SASU<\/strong>, <strong>SARL<\/strong> o cualquier otra forma jur\u00eddica en unos pocos clics. La plataforma te gu\u00eda paso a paso por el proceso y se encarga de los tr\u00e1mites con las autoridades competentes, para que puedas poner en marcha tu empresa sin estr\u00e9s.  <\/li><\/ul><div> <\/div><ul><li><strong>Redacta tus contratos y estatutos en l\u00ednea:<\/strong> Tanto si necesitas redactar <strong>estatutos<\/strong> para tu empresa, <strong>condiciones generales<\/strong> o <strong>contratos de trabajo<\/strong>, <strong>LegalStart<\/strong> te ofrece <strong>plantillas para documentos jur\u00eddicos personalizados<\/strong>. Estas plantillas se adaptan a tus necesidades y cumplen los requisitos legales vigentes. As\u00ed podr\u00e1s gestionar tus asuntos jur\u00eddicos de forma aut\u00f3noma, sin tener que recurrir a un abogado para cada tr\u00e1mite.  <\/li><\/ul><div> <\/div><ul><li><strong>Contabilidad y fiscalidad:<\/strong> <strong>LegalStart<\/strong> tambi\u00e9n te ofrece soluciones para gestionar los asuntos <strong>contables<\/strong> y <strong>fiscales<\/strong> de tu empresa. Podr\u00e1s automatizar la gesti\u00f3n de tus declaraciones fiscales, realizar un seguimiento de tus gastos e ingresos y beneficiarte de asesoramiento para optimizar la gesti\u00f3n financiera de tu empresa. Esto simplificar\u00e1 tu <strong>gesti\u00f3n administrativa<\/strong> y te permitir\u00e1 concentrarte en el desarrollo de tu empresa.  <\/li><\/ul><div> <\/div><ul><li><strong>Benef\u00edciate de la ayuda de expertos:<\/strong> Con <strong>LegalStart<\/strong>, tienes acceso al <strong>asesoramiento jur\u00eddico<\/strong> online de expertos. Si tienes preguntas sobre un tr\u00e1mite concreto o necesitas orientaci\u00f3n sobre una situaci\u00f3n compleja, el equipo de <strong>LegalStart<\/strong> est\u00e1 a tu disposici\u00f3n para orientarte. Puedes obtener respuestas r\u00e1pidas y fiables, sin tener que consultar a un abogado tradicional.  <\/li><\/ul><div> <\/div><ul><li><strong>Ahorra tiempo y automatiza tus obligaciones:<\/strong> LegalStart te ayuda a gestionar los tr\u00e1mites administrativos rutinarios, como <strong>modificar los estatutos<\/strong>, <strong>trasladar el domicilio social<\/strong> o <strong>transferir acciones<\/strong>. Gracias a los procesos automatizados, puedes completar estas formalidades r\u00e1pidamente y sin errores, al tiempo que garantizas el cumplimiento de los requisitos legales. <\/li><\/ul>\t\t\t\t\t\t\t\t<\/div>\n\t\t\t\t<\/div>\n\t\t\t\t\t<\/div>\n\t\t\t\t<\/div>\n\t\t\t\t<\/div>\n\t\t","protected":false},"excerpt":{"rendered":"<p>Legal Start es una soluci\u00f3n 100% digital que cubre todas las necesidades de los emprendedores: creaci\u00f3n de una empresa, tr\u00e1mites legales, gesti\u00f3n administrativa, facturaci\u00f3n, contabilidad, etc.<\/p>\n<ul>\n<li>Elecci\u00f3n del estatuto jur\u00eddico<\/li>\n<li>Creaci\u00f3n de empresas m\u00e1s f\u00e1cil<\/li>\n<li>Gesti\u00f3n administrativa y jur\u00eddica<\/li>\n<li>Integraci\u00f3n y compatibilidad<\/li>\n<\/ul>\n","protected":false},"featured_media":31117,"comment_status":"open","ping_status":"closed","template":"","meta":{"_acf_changed":false,"_glsr_average":0,"_glsr_ranking":0,"_glsr_reviews":0},"product_brand":[],"product_cat":[4409],"product_tag":[],"class_list":{"0":"post-30424","1":"product","2":"type-product","3":"status-publish","4":"has-post-thumbnail","6":"product_cat-software-de-contabilidad","8":"first","9":"instock","10":"shipping-taxable","11":"product-type-external"},"acf":[],"_links":{"self":[{"href":"https:\/\/boostgrowb.com\/es\/wp-json\/wp\/v2\/product\/30424","targetHints":{"allow":["GET"]}}],"collection":[{"href":"https:\/\/boostgrowb.com\/es\/wp-json\/wp\/v2\/product"}],"about":[{"href":"https:\/\/boostgrowb.com\/es\/wp-json\/wp\/v2\/types\/product"}],"replies":[{"embeddable":true,"href":"https:\/\/boostgrowb.com\/es\/wp-json\/wp\/v2\/comments?post=30424"}],"version-history":[{"count":0,"href":"https:\/\/boostgrowb.com\/es\/wp-json\/wp\/v2\/product\/30424\/revisions"}],"wp:featuredmedia":[{"embeddable":true,"href":"https:\/\/boostgrowb.com\/es\/wp-json\/wp\/v2\/media\/31117"}],"wp:attachment":[{"href":"https:\/\/boostgrowb.com\/es\/wp-json\/wp\/v2\/media?parent=30424"}],"wp:term":[{"taxonomy":"product_brand","embeddable":true,"href":"https:\/\/boostgrowb.com\/es\/wp-json\/wp\/v2\/product_brand?post=30424"},{"taxonomy":"product_cat","embeddable":true,"href":"https:\/\/boostgrowb.com\/es\/wp-json\/wp\/v2\/product_cat?post=30424"},{"taxonomy":"product_tag","embeddable":true,"href":"https:\/\/boostgrowb.com\/es\/wp-json\/wp\/v2\/product_tag?post=30424"}],"curies":[{"name":"wp","href":"https:\/\/api.w.org\/{rel}","templated":true}]}}