{"id":30428,"date":"2024-06-06T11:49:59","date_gmt":"2024-06-06T11:49:59","guid":{"rendered":"https:\/\/boostgrowb.com\/software\/asana\/"},"modified":"2026-01-20T14:03:36","modified_gmt":"2026-01-20T14:03:36","slug":"asana","status":"publish","type":"product","link":"https:\/\/boostgrowb.com\/es\/software\/asana\/","title":{"rendered":"Asana"},"content":{"rendered":"\t\t<div data-elementor-type=\"product-post\" data-elementor-id=\"30428\" class=\"elementor elementor-30428 elementor-1377\" data-elementor-post-type=\"product\">\n\t\t\t\t<div class=\"elementor-element elementor-element-f2c5780 e-flex e-con-boxed wpr-particle-no wpr-jarallax-no wpr-parallax-no wpr-sticky-section-no e-con e-parent\" data-id=\"f2c5780\" data-element_type=\"container\" data-e-type=\"container\">\n\t\t\t\t\t<div class=\"e-con-inner\">\n\t\t\t\t<div class=\"elementor-element elementor-element-26f6423 elementor-widget elementor-widget-heading\" data-id=\"26f6423\" data-element_type=\"widget\" data-e-type=\"widget\" data-widget_type=\"heading.default\">\n\t\t\t\t<div class=\"elementor-widget-container\">\n\t\t\t\t\t<h2 class=\"elementor-heading-title elementor-size-default\">\u00bfQu\u00e9 es Asana?<\/h2>\t\t\t\t<\/div>\n\t\t\t\t<\/div>\n\t\t\t\t<div class=\"elementor-element elementor-element-7abfd89 elementor-widget elementor-widget-text-editor\" data-id=\"7abfd89\" data-element_type=\"widget\" data-e-type=\"widget\" data-widget_type=\"text-editor.default\">\n\t\t\t\t<div class=\"elementor-widget-container\">\n\t\t\t\t\t\t\t\t\t<p class=\"\" data-start=\"0\" data-end=\"575\"><strong data-start=\"0\" data-end=\"193\">Asana es una plataforma de gesti\u00f3n de proyectos moderna e intuitiva dise\u00f1ada para ayudar a los equipos a estructurar su trabajo, realizar un seguimiento de las tareas en tiempo real y colaborar sin problemas.<\/strong>  Gracias a su interfaz clara y a sus vistas personalizables (lista, tabla, calendario, l\u00ednea de tiempo), cada miembro del equipo sabe exactamente lo que tiene que hacer, cu\u00e1ndo y en qu\u00e9 contexto. Tanto si eres una start-up \u00e1gil, una PYME din\u00e1mica o una gran empresa estructurada, Asana te ayuda a mantener una visi\u00f3n general de tus proyectos al tiempo que controlas los detalles. <\/p><p class=\"\" data-start=\"577\" data-end=\"1059\"><strong data-start=\"577\" data-end=\"697\">Una de las mayores ventajas de Asana es su flexibilidad y su capacidad para adaptarse a todo tipo de flujos de trabajo.<\/strong>  Puedes crear proyectos sencillos o complejos, automatizar procesos, asignar tareas, fijar plazos y hacer un seguimiento de las prioridades en un abrir y cerrar de ojos. Desde gestionar campa\u00f1as de marketing hasta coordinar equipos t\u00e9cnicos, Asana te permite centralizar la informaci\u00f3n, evitar silos y agilizar la comunicaci\u00f3n entre el personal. <\/p><p class=\"\" data-start=\"1061\" data-end=\"1554\"><strong data-start=\"1061\" data-end=\"1187\">Asana no es s\u00f3lo una herramienta de gesti\u00f3n de tareas, es un verdadero motor de rendimiento para tu organizaci\u00f3n.<\/strong>  Al reducir las reuniones innecesarias, empoderar a los equipos y ofrecer potentes integraciones con tus herramientas cotidianas (Slack, Google Workspace, Zoom, etc.), Asana est\u00e1 transformando la forma en que tu empresa colabora y alcanza sus objetivos. Una herramienta imprescindible para impulsar la productividad, claridad y agilidad de tus proyectos. <\/p>\t\t\t\t\t\t\t\t<\/div>\n\t\t\t\t<\/div>\n\t\t\t\t<div class=\"elementor-element elementor-element-948355e elementor-widget elementor-widget-heading\" data-id=\"948355e\" data-element_type=\"widget\" data-e-type=\"widget\" data-widget_type=\"heading.default\">\n\t\t\t\t<div class=\"elementor-widget-container\">\n\t\t\t\t\t<h2 class=\"elementor-heading-title elementor-size-default\">Las principales ventajas de Asana<\/h2>\t\t\t\t<\/div>\n\t\t\t\t<\/div>\n\t\t\t\t<div class=\"elementor-element elementor-element-7df7c15 elementor-widget elementor-widget-text-editor\" data-id=\"7df7c15\" data-element_type=\"widget\" data-e-type=\"widget\" data-widget_type=\"text-editor.default\">\n\t\t\t\t<div class=\"elementor-widget-container\">\n\t\t\t\t\t\t\t\t\t<ul><li><p><strong><span>Interfaz intuitiva y f\u00e1cil de usar<\/span><\/strong><span> Asana est\u00e1 dise\u00f1ado para ser <\/span><strong><span>accesible para todos<\/span><\/strong><span>  Incluso para usuarios que no son expertos en gesti\u00f3n de proyectos. Se aprende r\u00e1pidamente, por lo que puedes empezar a utilizarlo enseguida, sin necesidad de una larga fase de aprendizaje. <\/span><\/p><\/li><li><p><strong><span>Flexibilidad sin igual<\/span><\/strong><span> Tanto si necesitas gestionar un proyecto sencillo como una colaboraci\u00f3n m\u00e1s compleja, Asana te ofrece <\/span><strong><span>flexibilidad total<\/span><\/strong><span>  . Puedes personalizar tus cuadros de mando, adaptando las vistas a tus necesidades (listas, calendarios, Kanban) y utilizando etiquetas para organizar las tareas a tu manera.<\/span><\/p><\/li><li><p><strong><span>Mejorar la productividad<\/span><\/strong><span> Al centralizar toda tu informaci\u00f3n, Asana ayuda a los equipos a <\/span><strong><span>trabajar de forma m\u00e1s eficiente<\/span><\/strong><span>  . Con herramientas de supervisi\u00f3n y automatizaci\u00f3n, puedes reducir las distracciones y concentrarte en las tareas esenciales.<\/span><\/p><\/li><li><p><strong><span>Integraciones m\u00faltiples<\/span><\/strong><span> : <\/span><strong><span>Asana se integra con muchas herramientas<\/span><\/strong><span>  como Google Drive, Slack, Dropbox y muchas otras. As\u00ed que puedes conectar Asana a tu ecosistema actual de herramientas sin tener que cambiar tus h\u00e1bitos de trabajo. <\/span><\/p><\/li><li><p><strong><span>Mayor transparencia y visibilidad<\/span><\/strong><span> Gracias a los cuadros de mando personalizados y a los informes de progreso, tienes una visi\u00f3n clara del estado de cada proyecto y del rendimiento de tu equipo, lo que facilita la toma de decisiones r\u00e1pidas e informadas.<\/span><\/p><\/li><\/ul>\t\t\t\t\t\t\t\t<\/div>\n\t\t\t\t<\/div>\n\t\t\t\t<div class=\"elementor-element elementor-element-a6d534b elementor-widget elementor-widget-heading\" data-id=\"a6d534b\" data-element_type=\"widget\" data-e-type=\"widget\" data-widget_type=\"heading.default\">\n\t\t\t\t<div class=\"elementor-widget-container\">\n\t\t\t\t\t<h2 class=\"elementor-heading-title elementor-size-default\">\u00bfPara qui\u00e9n es Asana?<\/h2>\t\t\t\t<\/div>\n\t\t\t\t<\/div>\n\t\t\t\t<div class=\"elementor-element elementor-element-a89173f elementor-widget elementor-widget-text-editor\" data-id=\"a89173f\" data-element_type=\"widget\" data-e-type=\"widget\" data-widget_type=\"text-editor.default\">\n\t\t\t\t<div class=\"elementor-widget-container\">\n\t\t\t\t\t\t\t\t\t<p><strong><span>Asana<\/span><\/strong><span> est\u00e1 dise\u00f1ado para una amplia variedad de usuarios, desde peque\u00f1os equipos hasta grandes empresas que buscan <\/span><strong><span>organizar sus proyectos de forma eficiente<\/span><\/strong><span>  . Es especialmente adecuado para  <\/span><strong><span>equipos de marketing, desarrollo de productos y recursos humanos<\/span><\/strong><span>  Necesitan centralizar sus tareas, hacer un seguimiento de los plazos y colaborar en tiempo real. En  <\/span><strong><span>gestores de proyectos<\/span><\/strong><span> y <\/span><strong><span>jefes de equipo<\/span><\/strong><span> encontrar\u00e1n en ella una herramienta inestimable para obtener una <\/span><strong><span>visi\u00f3n general de las prioridades<\/span><\/strong><span>supervisar el progreso de los proyectos y garantizar una <\/span><strong><span>comunicaci\u00f3n fluida<\/span><\/strong><span> dentro de sus equipos. <\/span><\/p><p><span>En <\/span><strong><span>startups<\/span><\/strong><span> y <\/span><strong><span>PYME<\/span><\/strong><span> tambi\u00e9n pueden aprovechar su flexibilidad para <\/span><strong><span>organizar proyectos complejos<\/span><\/strong><span>  o tareas diarias con una interfaz sencilla. En resumen, Asana es perfecta para cualquier organizaci\u00f3n que busque mejorar la productividad, facilitar la colaboraci\u00f3n y   <\/span><strong><span>consigue tus objetivos m\u00e1s r\u00e1pidamente<\/span><\/strong><span> .<\/span><\/p>\t\t\t\t\t\t\t\t<\/div>\n\t\t\t\t<\/div>\n\t\t\t\t\t<\/div>\n\t\t\t\t<\/div>\n\t\t\t\t<\/div>\n\t\t","protected":false},"excerpt":{"rendered":"<p>Asana es una potente herramienta de gesti\u00f3n colaborativa de proyectos todo en uno, dise\u00f1ada para mejorar la planificaci\u00f3n, organizaci\u00f3n y gesti\u00f3n de tareas y proyectos dentro de los equipos.<\/p>\n<ul>\n<li>Cuadros de mando personalizados<\/li>\n<li>Trabajo en equipo<\/li>\n<li>Gesti\u00f3n de tareas<\/li>\n<li>Gesti\u00f3n de proyectos<\/li>\n<\/ul>\n<p>&nbsp;<\/p>\n","protected":false},"featured_media":31410,"comment_status":"open","ping_status":"closed","template":"","meta":{"_acf_changed":false,"_glsr_average":0,"_glsr_ranking":0,"_glsr_reviews":0},"product_brand":[],"product_cat":[4228],"product_tag":[],"class_list":{"0":"post-30428","1":"product","2":"type-product","3":"status-publish","4":"has-post-thumbnail","6":"product_cat-gestion-de-proyectos","8":"first","9":"instock","10":"shipping-taxable","11":"product-type-external"},"acf":[],"_links":{"self":[{"href":"https:\/\/boostgrowb.com\/es\/wp-json\/wp\/v2\/product\/30428","targetHints":{"allow":["GET"]}}],"collection":[{"href":"https:\/\/boostgrowb.com\/es\/wp-json\/wp\/v2\/product"}],"about":[{"href":"https:\/\/boostgrowb.com\/es\/wp-json\/wp\/v2\/types\/product"}],"replies":[{"embeddable":true,"href":"https:\/\/boostgrowb.com\/es\/wp-json\/wp\/v2\/comments?post=30428"}],"version-history":[{"count":0,"href":"https:\/\/boostgrowb.com\/es\/wp-json\/wp\/v2\/product\/30428\/revisions"}],"wp:featuredmedia":[{"embeddable":true,"href":"https:\/\/boostgrowb.com\/es\/wp-json\/wp\/v2\/media\/31410"}],"wp:attachment":[{"href":"https:\/\/boostgrowb.com\/es\/wp-json\/wp\/v2\/media?parent=30428"}],"wp:term":[{"taxonomy":"product_brand","embeddable":true,"href":"https:\/\/boostgrowb.com\/es\/wp-json\/wp\/v2\/product_brand?post=30428"},{"taxonomy":"product_cat","embeddable":true,"href":"https:\/\/boostgrowb.com\/es\/wp-json\/wp\/v2\/product_cat?post=30428"},{"taxonomy":"product_tag","embeddable":true,"href":"https:\/\/boostgrowb.com\/es\/wp-json\/wp\/v2\/product_tag?post=30428"}],"curies":[{"name":"wp","href":"https:\/\/api.w.org\/{rel}","templated":true}]}}