{"id":30433,"date":"2024-06-10T10:18:18","date_gmt":"2024-06-10T10:18:18","guid":{"rendered":"https:\/\/boostgrowb.com\/software\/sucuri\/"},"modified":"2025-07-07T16:04:47","modified_gmt":"2025-07-07T16:04:47","slug":"sucuri","status":"publish","type":"product","link":"https:\/\/boostgrowb.com\/es\/software\/sucuri\/","title":{"rendered":"Sucuri"},"content":{"rendered":"\t\t<div data-elementor-type=\"product-post\" data-elementor-id=\"30433\" class=\"elementor elementor-30433 elementor-1370\" data-elementor-post-type=\"product\">\n\t\t\t\t<div class=\"elementor-element elementor-element-c443b77 e-flex e-con-boxed wpr-particle-no wpr-jarallax-no wpr-parallax-no wpr-sticky-section-no e-con e-parent\" data-id=\"c443b77\" data-element_type=\"container\" data-e-type=\"container\">\n\t\t\t\t\t<div class=\"e-con-inner\">\n\t\t\t\t<div class=\"elementor-element elementor-element-de15be6 elementor-widget elementor-widget-heading\" data-id=\"de15be6\" data-element_type=\"widget\" data-e-type=\"widget\" data-widget_type=\"heading.default\">\n\t\t\t\t<div class=\"elementor-widget-container\">\n\t\t\t\t\t<h2 class=\"elementor-heading-title elementor-size-default\">\u00bfQu\u00e9 es Sucuri?<\/h2>\t\t\t\t<\/div>\n\t\t\t\t<\/div>\n\t\t\t\t\t<\/div>\n\t\t\t\t<\/div>\n\t\t<div class=\"elementor-element elementor-element-d0b28eb e-flex e-con-boxed wpr-particle-no wpr-jarallax-no wpr-parallax-no wpr-sticky-section-no e-con e-parent\" data-id=\"d0b28eb\" data-element_type=\"container\" data-e-type=\"container\">\n\t\t\t\t\t<div class=\"e-con-inner\">\n\t\t\t\t<div class=\"elementor-element elementor-element-fed1ec1 elementor-widget elementor-widget-text-editor\" data-id=\"fed1ec1\" data-element_type=\"widget\" data-e-type=\"widget\" data-widget_type=\"text-editor.default\">\n\t\t\t\t<div class=\"elementor-widget-container\">\n\t\t\t\t\t\t\t\t\t<p><strong>Sucuri<\/strong> es una <strong>soluci\u00f3n integral de seguridad web<\/strong> dedicada a proteger los sitios web contra las ciberamenazas. Dise\u00f1ada para garantizar la seguridad de WordPress, Joomla, Magento y otras plataformas, ofrece servicios para supervisar, proteger y limpiar sitios infectados. Tanto si tienes un blog, un sitio de comercio electr\u00f3nico o un negocio online, te ayuda a proteger tus activos digitales contra ataques maliciosos, intentos de pirateo y malware. Con un enfoque proactivo, garantiza que tu sitio permanezca seguro, optimizado y accesible, incluso frente a las crecientes amenazas.   <\/p>\t\t\t\t\t\t\t\t<\/div>\n\t\t\t\t<\/div>\n\t\t\t\t\t<\/div>\n\t\t\t\t<\/div>\n\t\t<div class=\"elementor-element elementor-element-db160ae e-flex e-con-boxed wpr-particle-no wpr-jarallax-no wpr-parallax-no wpr-sticky-section-no e-con e-parent\" data-id=\"db160ae\" data-element_type=\"container\" data-e-type=\"container\">\n\t\t\t\t\t<div class=\"e-con-inner\">\n\t\t\t\t<div class=\"elementor-element elementor-element-8376266 elementor-widget elementor-widget-heading\" data-id=\"8376266\" data-element_type=\"widget\" data-e-type=\"widget\" data-widget_type=\"heading.default\">\n\t\t\t\t<div class=\"elementor-widget-container\">\n\t\t\t\t\t<h3 class=\"elementor-heading-title elementor-size-default\">Protege tu sitio web con Sucuri: La soluci\u00f3n completa de seguridad web para una protecci\u00f3n continua<\/h3>\t\t\t\t<\/div>\n\t\t\t\t<\/div>\n\t\t\t\t\t<\/div>\n\t\t\t\t<\/div>\n\t\t<div class=\"elementor-element elementor-element-51181bc e-flex e-con-boxed wpr-particle-no wpr-jarallax-no wpr-parallax-no wpr-sticky-section-no e-con e-parent\" data-id=\"51181bc\" data-element_type=\"container\" data-e-type=\"container\">\n\t\t\t\t\t<div class=\"e-con-inner\">\n\t\t\t\t<div class=\"elementor-element elementor-element-15c4d3d elementor-widget elementor-widget-heading\" data-id=\"15c4d3d\" data-element_type=\"widget\" data-e-type=\"widget\" data-widget_type=\"heading.default\">\n\t\t\t\t<div class=\"elementor-widget-container\">\n\t\t\t\t\t<h2 class=\"elementor-heading-title elementor-size-default\">Descubre las principales caracter\u00edsticas de Sucuri<\/h2>\t\t\t\t<\/div>\n\t\t\t\t<\/div>\n\t\t\t\t\t<\/div>\n\t\t\t\t<\/div>\n\t\t<div class=\"elementor-element elementor-element-541ae2e e-flex e-con-boxed wpr-particle-no wpr-jarallax-no wpr-parallax-no wpr-sticky-section-no e-con e-parent\" data-id=\"541ae2e\" data-element_type=\"container\" data-e-type=\"container\">\n\t\t\t\t\t<div class=\"e-con-inner\">\n\t\t\t\t<div class=\"elementor-element elementor-element-75b0e42 elementor-widget elementor-widget-heading\" data-id=\"75b0e42\" data-element_type=\"widget\" data-e-type=\"widget\" data-widget_type=\"heading.default\">\n\t\t\t\t<div class=\"elementor-widget-container\">\n\t\t\t\t\t<h3 class=\"elementor-heading-title elementor-size-default\">Evita las amenazas con un cortafuegos de alto rendimiento que protege tu sitio contra los ataques m\u00e1s comunes\n<\/h3>\t\t\t\t<\/div>\n\t\t\t\t<\/div>\n\t\t\t\t\t<\/div>\n\t\t\t\t<\/div>\n\t\t<div class=\"elementor-element elementor-element-413cb38 e-flex e-con-boxed wpr-particle-no wpr-jarallax-no wpr-parallax-no wpr-sticky-section-no e-con e-parent\" data-id=\"413cb38\" data-element_type=\"container\" data-e-type=\"container\">\n\t\t\t\t\t<div class=\"e-con-inner\">\n\t\t\t\t<div class=\"elementor-element elementor-element-9a5fd7b elementor-widget elementor-widget-text-editor\" data-id=\"9a5fd7b\" data-element_type=\"widget\" data-e-type=\"widget\" data-widget_type=\"text-editor.default\">\n\t\t\t\t<div class=\"elementor-widget-container\">\n\t\t\t\t\t\t\t\t\t<p><strong>El Firewall de<\/strong> Aplicaciones Web (WAF) de <strong>Sucuri<\/strong> es una de las caracter\u00edsticas estrella de la plataforma. Este cortafuegos protege tu sitio bloqueando los ataques antes de que lleguen a tu servidor. Ya se trate de ataques DDoS, inyecciones SQL o intentos de cross-site scripting (XSS), su WAF ofrece protecci\u00f3n en tiempo real, impidiendo que los ciberdelincuentes comprometan la seguridad de tu sitio.  <\/p>\t\t\t\t\t\t\t\t<\/div>\n\t\t\t\t<\/div>\n\t\t\t\t\t<\/div>\n\t\t\t\t<\/div>\n\t\t<div class=\"elementor-element elementor-element-caa101e e-flex e-con-boxed wpr-particle-no wpr-jarallax-no wpr-parallax-no wpr-sticky-section-no e-con e-parent\" data-id=\"caa101e\" data-element_type=\"container\" data-e-type=\"container\">\n\t\t\t\t\t<div class=\"e-con-inner\">\n\t\t\t\t<div class=\"elementor-element elementor-element-421b78d elementor-widget elementor-widget-heading\" data-id=\"421b78d\" data-element_type=\"widget\" data-e-type=\"widget\" data-widget_type=\"heading.default\">\n\t\t\t\t<div class=\"elementor-widget-container\">\n\t\t\t\t\t<h3 class=\"elementor-heading-title elementor-size-default\">Supervisa tu sitio continuamente con an\u00e1lisis automatizados que te alertan de posibles amenazas\n<\/h3>\t\t\t\t<\/div>\n\t\t\t\t<\/div>\n\t\t\t\t\t<\/div>\n\t\t\t\t<\/div>\n\t\t<div class=\"elementor-element elementor-element-95f962d e-flex e-con-boxed wpr-particle-no wpr-jarallax-no wpr-parallax-no wpr-sticky-section-no e-con e-parent\" data-id=\"95f962d\" data-element_type=\"container\" data-e-type=\"container\">\n\t\t\t\t\t<div class=\"e-con-inner\">\n\t\t\t\t<div class=\"elementor-element elementor-element-a9065ce elementor-widget elementor-widget-text-editor\" data-id=\"a9065ce\" data-element_type=\"widget\" data-e-type=\"widget\" data-widget_type=\"text-editor.default\">\n\t\t\t\t<div class=\"elementor-widget-container\">\n\t\t\t\t\t\t\t\t\t<p><strong>Sucuri<\/strong> ofrece <strong>monitorizaci\u00f3n 24\/7 de<\/strong> tu sitio web para detectar amenazas, anomal\u00edas y vulnerabilidades. Gracias a escaneos regulares, la plataforma detecta r\u00e1pidamente cualquier actividad sospechosa, como la presencia de malware o intentos de intrusi\u00f3n. En caso de problema, te alerta inmediatamente para que puedas actuar con rapidez y evitar da\u00f1os a tu reputaci\u00f3n o p\u00e9rdida de ingresos.  <\/p>\t\t\t\t\t\t\t\t<\/div>\n\t\t\t\t<\/div>\n\t\t\t\t\t<\/div>\n\t\t\t\t<\/div>\n\t\t<div class=\"elementor-element elementor-element-f1b9841 e-flex e-con-boxed wpr-particle-no wpr-jarallax-no wpr-parallax-no wpr-sticky-section-no e-con e-parent\" data-id=\"f1b9841\" data-element_type=\"container\" data-e-type=\"container\">\n\t\t\t\t\t<div class=\"e-con-inner\">\n\t\t\t\t<div class=\"elementor-element elementor-element-aad18e2 elementor-widget elementor-widget-heading\" data-id=\"aad18e2\" data-element_type=\"widget\" data-e-type=\"widget\" data-widget_type=\"heading.default\">\n\t\t\t\t<div class=\"elementor-widget-container\">\n\t\t\t\t\t<h3 class=\"elementor-heading-title elementor-size-default\">Recupera tu sitio r\u00e1pidamente tras un ataque con un servicio de limpieza completo y reactivo<\/h3>\t\t\t\t<\/div>\n\t\t\t\t<\/div>\n\t\t\t\t\t<\/div>\n\t\t\t\t<\/div>\n\t\t<div class=\"elementor-element elementor-element-2f85a06 e-flex e-con-boxed wpr-particle-no wpr-jarallax-no wpr-parallax-no wpr-sticky-section-no e-con e-parent\" data-id=\"2f85a06\" data-element_type=\"container\" data-e-type=\"container\">\n\t\t\t\t\t<div class=\"e-con-inner\">\n\t\t\t\t<div class=\"elementor-element elementor-element-a6da30b elementor-widget elementor-widget-text-editor\" data-id=\"a6da30b\" data-element_type=\"widget\" data-e-type=\"widget\" data-widget_type=\"text-editor.default\">\n\t\t\t\t<div class=\"elementor-widget-container\">\n\t\t\t\t\t\t\t\t\t<p>Si tu sitio ya se ha visto comprometido, <strong>Sucuri<\/strong> ofrece un servicio de <strong>limpieza para sitios infectados<\/strong>. Su equipo de expertos eliminar\u00e1 el malware, reparar\u00e1 los archivos da\u00f1ados y restaurar\u00e1 tu sitio a su estado normal. Adem\u00e1s, te proporcionan un informe detallado de las acciones realizadas y recomendaciones para prevenir futuros ataques. Este servicio de limpieza garantiza que tu sitio vuelva a funcionar en un tiempo r\u00e9cord, minimizando las interrupciones de la actividad.   <\/p>\t\t\t\t\t\t\t\t<\/div>\n\t\t\t\t<\/div>\n\t\t\t\t\t<\/div>\n\t\t\t\t<\/div>\n\t\t<div class=\"elementor-element elementor-element-abb022f e-flex e-con-boxed wpr-particle-no wpr-jarallax-no wpr-parallax-no wpr-sticky-section-no e-con e-parent\" data-id=\"abb022f\" data-element_type=\"container\" data-e-type=\"container\">\n\t\t\t\t\t<div class=\"e-con-inner\">\n\t\t\t\t<div class=\"elementor-element elementor-element-902e400 elementor-widget elementor-widget-heading\" data-id=\"902e400\" data-element_type=\"widget\" data-e-type=\"widget\" data-widget_type=\"heading.default\">\n\t\t\t\t<div class=\"elementor-widget-container\">\n\t\t\t\t\t<h3 class=\"elementor-heading-title elementor-size-default\">Mejora la velocidad de tu sitio al tiempo que refuerzas su seguridad con una CDN optimizada y segura<\/h3>\t\t\t\t<\/div>\n\t\t\t\t<\/div>\n\t\t\t\t\t<\/div>\n\t\t\t\t<\/div>\n\t\t<div class=\"elementor-element elementor-element-f68e5a5 e-flex e-con-boxed wpr-particle-no wpr-jarallax-no wpr-parallax-no wpr-sticky-section-no e-con e-parent\" data-id=\"f68e5a5\" data-element_type=\"container\" data-e-type=\"container\">\n\t\t\t\t\t<div class=\"e-con-inner\">\n\t\t\t\t<div class=\"elementor-element elementor-element-7349638 elementor-widget elementor-widget-text-editor\" data-id=\"7349638\" data-element_type=\"widget\" data-e-type=\"widget\" data-widget_type=\"text-editor.default\">\n\t\t\t\t<div class=\"elementor-widget-container\">\n\t\t\t\t\t\t\t\t\t<p><strong>Sucuri<\/strong> tambi\u00e9n integra una <strong>Red de Entrega de Contenidos (CDN)<\/strong> que mejora la velocidad de carga de tu sitio al tiempo que refuerza su seguridad. Al utilizar servidores distribuidos por todo el mundo, la CDN reduce la latencia y proporciona una mejor experiencia al usuario. Adem\u00e1s, esta CDN filtra el tr\u00e1fico malicioso, a\u00f1adiendo una capa adicional de protecci\u00f3n contra ataques.  <\/p>\t\t\t\t\t\t\t\t<\/div>\n\t\t\t\t<\/div>\n\t\t\t\t\t<\/div>\n\t\t\t\t<\/div>\n\t\t<div class=\"elementor-element elementor-element-c77e363 e-flex e-con-boxed wpr-particle-no wpr-jarallax-no wpr-parallax-no wpr-sticky-section-no e-con e-parent\" data-id=\"c77e363\" data-element_type=\"container\" data-e-type=\"container\">\n\t\t\t\t\t<div class=\"e-con-inner\">\n\t\t\t\t<div class=\"elementor-element elementor-element-0dd6204 elementor-widget elementor-widget-heading\" data-id=\"0dd6204\" data-element_type=\"widget\" data-e-type=\"widget\" data-widget_type=\"heading.default\">\n\t\t\t\t<div class=\"elementor-widget-container\">\n\t\t\t\t\t<h3 class=\"elementor-heading-title elementor-size-default\">Protege los datos de tus visitantes con una soluci\u00f3n HTTPS completa y f\u00e1cil de implementar<\/h3>\t\t\t\t<\/div>\n\t\t\t\t<\/div>\n\t\t\t\t\t<\/div>\n\t\t\t\t<\/div>\n\t\t<div class=\"elementor-element elementor-element-05847c7 e-flex e-con-boxed wpr-particle-no wpr-jarallax-no wpr-parallax-no wpr-sticky-section-no e-con e-parent\" data-id=\"05847c7\" data-element_type=\"container\" data-e-type=\"container\">\n\t\t\t\t\t<div class=\"e-con-inner\">\n\t\t\t\t<div class=\"elementor-element elementor-element-29efc67 elementor-widget elementor-widget-text-editor\" data-id=\"29efc67\" data-element_type=\"widget\" data-e-type=\"widget\" data-widget_type=\"text-editor.default\">\n\t\t\t\t<div class=\"elementor-widget-container\">\n\t\t\t\t\t\t\t\t\t<p><strong>Sucuri<\/strong> puede ayudarte a configurar y gestionar tus <strong>certificados SSL<\/strong>, garantizando que todas las comunicaciones entre tu sitio y tus usuarios est\u00e9n encriptadas. Cambiar a HTTPS no s\u00f3lo protege los datos sensibles, sino que tambi\u00e9n mejora tu posicionamiento SEO, ya que los motores de b\u00fasqueda favorecen los sitios seguros. <strong>Sucuri<\/strong> hace que la gesti\u00f3n de certificados SSL sea r\u00e1pida y sencilla.  <\/p>\t\t\t\t\t\t\t\t<\/div>\n\t\t\t\t<\/div>\n\t\t\t\t\t<\/div>\n\t\t\t\t<\/div>\n\t\t<div class=\"elementor-element elementor-element-ab7ce00 e-flex e-con-boxed wpr-particle-no wpr-jarallax-no wpr-parallax-no wpr-sticky-section-no e-con e-parent\" data-id=\"ab7ce00\" data-element_type=\"container\" data-e-type=\"container\">\n\t\t\t\t\t<div class=\"e-con-inner\">\n\t\t\t\t<div class=\"elementor-element elementor-element-81757a5 elementor-widget elementor-widget-heading\" data-id=\"81757a5\" data-element_type=\"widget\" data-e-type=\"widget\" data-widget_type=\"heading.default\">\n\t\t\t\t<div class=\"elementor-widget-container\">\n\t\t\t\t\t<h3 class=\"elementor-heading-title elementor-size-default\">Mant\u00e9n el control de la seguridad de tu sitio web con informes completos y an\u00e1lisis claros<\/h3>\t\t\t\t<\/div>\n\t\t\t\t<\/div>\n\t\t\t\t\t<\/div>\n\t\t\t\t<\/div>\n\t\t<div class=\"elementor-element elementor-element-f13de81 e-flex e-con-boxed wpr-particle-no wpr-jarallax-no wpr-parallax-no wpr-sticky-section-no e-con e-parent\" data-id=\"f13de81\" data-element_type=\"container\" data-e-type=\"container\">\n\t\t\t\t\t<div class=\"e-con-inner\">\n\t\t\t\t<div class=\"elementor-element elementor-element-a389ed4 elementor-widget elementor-widget-text-editor\" data-id=\"a389ed4\" data-element_type=\"widget\" data-e-type=\"widget\" data-widget_type=\"text-editor.default\">\n\t\t\t\t<div class=\"elementor-widget-container\">\n\t\t\t\t\t\t\t\t\t<p>Con <strong>Sucuri<\/strong>, te beneficias de <strong>informes detallados<\/strong> sobre el estado de seguridad de tu sitio. Estos informes incluyen an\u00e1lisis de los intentos de ataque, el malware detectado y las medidas preventivas adoptadas. Gracias a estos conocimientos, puedes comprender mejor las amenazas potenciales y adaptar tus estrategias de seguridad en consecuencia.  <\/p>\t\t\t\t\t\t\t\t<\/div>\n\t\t\t\t<\/div>\n\t\t\t\t\t<\/div>\n\t\t\t\t<\/div>\n\t\t<div class=\"elementor-element elementor-element-8e07e23 e-flex e-con-boxed wpr-particle-no wpr-jarallax-no wpr-parallax-no wpr-sticky-section-no e-con e-parent\" data-id=\"8e07e23\" data-element_type=\"container\" data-e-type=\"container\">\n\t\t\t\t\t<div class=\"e-con-inner\">\n\t\t\t\t<div class=\"elementor-element elementor-element-8805b56 elementor-widget elementor-widget-heading\" data-id=\"8805b56\" data-element_type=\"widget\" data-e-type=\"widget\" data-widget_type=\"heading.default\">\n\t\t\t\t<div class=\"elementor-widget-container\">\n\t\t\t\t\t<h3 class=\"elementor-heading-title elementor-size-default\">\u00bfPor qu\u00e9 elegir Sucuri para la seguridad de tu sitio web?<\/h3>\t\t\t\t<\/div>\n\t\t\t\t<\/div>\n\t\t\t\t\t<\/div>\n\t\t\t\t<\/div>\n\t\t<div class=\"elementor-element elementor-element-0622015 e-flex e-con-boxed wpr-particle-no wpr-jarallax-no wpr-parallax-no wpr-sticky-section-no e-con e-parent\" data-id=\"0622015\" data-element_type=\"container\" data-e-type=\"container\">\n\t\t\t\t\t<div class=\"e-con-inner\">\n\t\t\t\t<div class=\"elementor-element elementor-element-8d3eee2 elementor-widget elementor-widget-text-editor\" data-id=\"8d3eee2\" data-element_type=\"widget\" data-e-type=\"widget\" data-widget_type=\"text-editor.default\">\n\t\t\t\t<div class=\"elementor-widget-container\">\n\t\t\t\t\t\t\t\t\t<p><strong>Sucuri<\/strong> es m\u00e1s que una herramienta de seguridad, es una <strong>soluci\u00f3n completa de protecci\u00f3n web<\/strong> que combina monitorizaci\u00f3n, protecci\u00f3n y respuesta r\u00e1pida a las amenazas. Tanto si tienes un peque\u00f1o blog como si diriges un gran sitio de comercio electr\u00f3nico, te proporciona las herramientas que necesitas para mantener a salvo a tus visitantes y proteger tu reputaci\u00f3n online. Con un robusto cortafuegos, supervisi\u00f3n continua y servicios de limpieza cuando es necesario, garantiza que tu sitio se mantenga en funcionamiento y a salvo de las ciberamenazas.  <\/p>\t\t\t\t\t\t\t\t<\/div>\n\t\t\t\t<\/div>\n\t\t\t\t\t<\/div>\n\t\t\t\t<\/div>\n\t\t\t\t<\/div>\n\t\t","protected":false},"excerpt":{"rendered":"<p>Sucuri crea los servicios basados en la nube m\u00e1s eficaces y asequibles para la seguridad y el rendimiento de los sitios web, al tiempo que produce los recursos educativos m\u00e1s concisos sobre la seguridad de los sitios web.<\/p>\n<ul>\n<li>Protecci\u00f3n contra ciberataques<\/li>\n<li>Control de seguridad<\/li>\n<li>Eliminaci\u00f3n de malware<\/li>\n<li>Atenci\u00f3n al cliente 24\/7<\/li>\n<\/ul>\n","protected":false},"featured_media":31593,"comment_status":"open","ping_status":"closed","template":"","meta":{"_acf_changed":false,"_glsr_average":0,"_glsr_ranking":0,"_glsr_reviews":0},"product_brand":[],"product_cat":[4183],"product_tag":[],"class_list":{"0":"post-30433","1":"product","2":"type-product","3":"status-publish","4":"has-post-thumbnail","6":"product_cat-vpn-es","8":"first","9":"instock","10":"shipping-taxable","11":"product-type-external"},"acf":[],"_links":{"self":[{"href":"https:\/\/boostgrowb.com\/es\/wp-json\/wp\/v2\/product\/30433","targetHints":{"allow":["GET"]}}],"collection":[{"href":"https:\/\/boostgrowb.com\/es\/wp-json\/wp\/v2\/product"}],"about":[{"href":"https:\/\/boostgrowb.com\/es\/wp-json\/wp\/v2\/types\/product"}],"replies":[{"embeddable":true,"href":"https:\/\/boostgrowb.com\/es\/wp-json\/wp\/v2\/comments?post=30433"}],"version-history":[{"count":0,"href":"https:\/\/boostgrowb.com\/es\/wp-json\/wp\/v2\/product\/30433\/revisions"}],"wp:featuredmedia":[{"embeddable":true,"href":"https:\/\/boostgrowb.com\/es\/wp-json\/wp\/v2\/media\/31593"}],"wp:attachment":[{"href":"https:\/\/boostgrowb.com\/es\/wp-json\/wp\/v2\/media?parent=30433"}],"wp:term":[{"taxonomy":"product_brand","embeddable":true,"href":"https:\/\/boostgrowb.com\/es\/wp-json\/wp\/v2\/product_brand?post=30433"},{"taxonomy":"product_cat","embeddable":true,"href":"https:\/\/boostgrowb.com\/es\/wp-json\/wp\/v2\/product_cat?post=30433"},{"taxonomy":"product_tag","embeddable":true,"href":"https:\/\/boostgrowb.com\/es\/wp-json\/wp\/v2\/product_tag?post=30433"}],"curies":[{"name":"wp","href":"https:\/\/api.w.org\/{rel}","templated":true}]}}