{"id":30435,"date":"2024-06-10T10:13:44","date_gmt":"2024-06-10T10:13:44","guid":{"rendered":"https:\/\/boostgrowb.com\/software\/tiburon-surfista\/"},"modified":"2026-01-22T14:03:37","modified_gmt":"2026-01-22T14:03:37","slug":"tiburon-surfista","status":"publish","type":"product","link":"https:\/\/boostgrowb.com\/es\/software\/tiburon-surfista\/","title":{"rendered":"Tibur\u00f3n surfista"},"content":{"rendered":"\t\t<div data-elementor-type=\"product-post\" data-elementor-id=\"30435\" class=\"elementor elementor-30435 elementor-1368\" data-elementor-post-type=\"product\">\n\t\t\t\t<div class=\"elementor-element elementor-element-3294330 e-flex e-con-boxed wpr-particle-no wpr-jarallax-no wpr-parallax-no wpr-sticky-section-no e-con e-parent\" data-id=\"3294330\" data-element_type=\"container\" data-e-type=\"container\">\n\t\t\t\t\t<div class=\"e-con-inner\">\n\t\t\t\t<div class=\"elementor-element elementor-element-d442a2c elementor-widget elementor-widget-heading\" data-id=\"d442a2c\" data-element_type=\"widget\" data-e-type=\"widget\" data-widget_type=\"heading.default\">\n\t\t\t\t<div class=\"elementor-widget-container\">\n\t\t\t\t\t<h1 class=\"elementor-heading-title elementor-size-default\">\u00bfQu\u00e9 es Surf Shark?<\/h1>\t\t\t\t<\/div>\n\t\t\t\t<\/div>\n\t\t\t\t\t<\/div>\n\t\t\t\t<\/div>\n\t\t<div class=\"elementor-element elementor-element-bf7ec90 e-flex e-con-boxed wpr-particle-no wpr-jarallax-no wpr-parallax-no wpr-sticky-section-no e-con e-parent\" data-id=\"bf7ec90\" data-element_type=\"container\" data-e-type=\"container\">\n\t\t\t\t\t<div class=\"e-con-inner\">\n\t\t\t\t<div class=\"elementor-element elementor-element-c15e67b elementor-widget elementor-widget-text-editor\" data-id=\"c15e67b\" data-element_type=\"widget\" data-e-type=\"widget\" data-widget_type=\"text-editor.default\">\n\t\t\t\t<div class=\"elementor-widget-container\">\n\t\t\t\t\t\t\t\t\t<p data-pm-slice=\"1 1 []\"><strong>Surfshark<\/strong> es mucho m\u00e1s que una <strong>red privada virtual (VPN)<\/strong>. Es una potente herramienta que te permite navegar por Internet de forma segura, <strong>proteger tus datos<\/strong> y <strong>disfrutar de una privacidad total<\/strong>, todo ello con una facilidad de uso que se adapta a todos los usuarios. Lanzada en 2018, Surfshark se ha establecido r\u00e1pidamente como una de las mejores VPN gracias a su <strong>cifrado de alto nivel<\/strong>, su <strong>interfaz intuitiva<\/strong> y sus <strong>funciones avanzadas<\/strong> que van m\u00e1s all\u00e1 de la simple protecci\u00f3n de la privacidad. Con Surfshark, puedes acceder a contenidos bloqueados, eludir restricciones geogr\u00e1ficas y proteger tus datos personales de los ciberdelincuentes, todo ello a un precio competitivo.   <\/p>\n<p data-pm-slice=\"1 1 []\"><strong>La seguridad en Internet es una cuesti\u00f3n crucial<\/strong>, y las VPN se han convertido en herramientas esenciales para proteger nuestra vida digital. Elegir <strong>Surfshark<\/strong> significa optar por <strong>una seguridad de vanguardia<\/strong>, <strong>total libertad en Internet<\/strong> y una <strong>interfaz f\u00e1cil de usar<\/strong>. Si quieres <strong>eludir la censura<\/strong>, <strong>proteger tus datos personales<\/strong> o simplemente <strong>navegar sin dejar rastro<\/strong>, Surfshark est\u00e1 dise\u00f1ada para satisfacer todas estas necesidades. Esta VPN te permite <strong>cambiar tu direcci\u00f3n IP<\/strong> con un solo clic y explorar la web con total libertad, sin que nadie pueda rastrear tus actividades.   <\/p>\t\t\t\t\t\t\t\t<\/div>\n\t\t\t\t<\/div>\n\t\t\t\t<div class=\"elementor-element elementor-element-074abe3 elementor-widget elementor-widget-heading\" data-id=\"074abe3\" data-element_type=\"widget\" data-e-type=\"widget\" data-widget_type=\"heading.default\">\n\t\t\t\t<div class=\"elementor-widget-container\">\n\t\t\t\t\t<h2 class=\"elementor-heading-title elementor-size-default\">\u00bfCu\u00e1les son las principales caracter\u00edsticas de Surf Shark?<\/h2>\t\t\t\t<\/div>\n\t\t\t\t<\/div>\n\t\t\t\t<div class=\"elementor-element elementor-element-c3aa560 elementor-widget elementor-widget-text-editor\" data-id=\"c3aa560\" data-element_type=\"widget\" data-e-type=\"widget\" data-widget_type=\"text-editor.default\">\n\t\t\t\t<div class=\"elementor-widget-container\">\n\t\t\t\t\t\t\t\t\t<ol start=\"1\" data-spread=\"true\" data-pm-slice=\"3 3 []\"><li><p><strong>Cifrado AES de 256 bits: protecci\u00f3n inquebrantable<\/strong> Surfshark utiliza <strong>cifrado AES de 256 bits<\/strong>, uno de los niveles de seguridad m\u00e1s fuertes del mundo. Esta encriptaci\u00f3n garantiza que tus datos sean <strong>inviolables<\/strong>, ya se trate de tu informaci\u00f3n personal, tus comunicaciones o tus transacciones financieras. Con Surfshark, tus datos est\u00e1n en buenas manos.  <\/p><\/li><li><p><strong>Conexiones ilimitadas: Protege a toda tu familia<\/strong> A diferencia de la mayor\u00eda de las VPN que limitan el n\u00famero de conexiones simult\u00e1neas, Surfshark te permite conectar <strong>un n\u00famero ilimitado de dispositivos<\/strong> con una sola suscripci\u00f3n. Esto significa que puedes proteger todos tus dispositivos, incluso los de tu familia, sin coste adicional. <\/p><\/li><li><p><strong>Modo camuflaje<\/strong> <strong>: Pasa desapercibido<\/strong> <strong>El modo camuflaje<\/strong> es una funci\u00f3n exclusiva de Surfshark que oculta tu uso de la VPN incluso a tu proveedor de servicios de Internet (ISP). Esto significa que nadie, ni siquiera tu ISP, sabr\u00e1 que utilizas una VPN, lo que garantiza <strong>una navegaci\u00f3n verdaderamente privada<\/strong>. <\/p><\/li><li><p><strong>Interruptor de corte<\/strong> <strong>autom\u00e1tico: seguridad continua<\/strong> Surfshark incorpora un <strong>interruptor de corte<\/strong> que interrumpe autom\u00e1ticamente tu conexi\u00f3n a Internet si la VPN se desconecta. Esto evita cualquier fuga accidental de datos, garantiz\u00e1ndote una <strong>seguridad<\/strong> continua sin fisuras. <\/p><\/li><li><p><strong>Acceso a contenidos con restricciones geogr\u00e1ficas: navega sin l\u00edmites<\/strong> Con m\u00e1s de <strong>3.200 servidores<\/strong> en <strong>m\u00e1s de 65 pa\u00edses<\/strong>, Surfshark te permite saltarte las restricciones geogr\u00e1ficas y acceder a contenidos normalmente bloqueados en tu regi\u00f3n. Mira tus series de TV favoritas, accede a plataformas de streaming o explora sitios bloqueados: <strong>no hay l\u00edmites para lo que puedes hacer<\/strong>. <\/p><\/li><\/ol>\t\t\t\t\t\t\t\t<\/div>\n\t\t\t\t<\/div>\n\t\t\t\t<div class=\"elementor-element elementor-element-d9b4b22 elementor-widget elementor-widget-heading\" data-id=\"d9b4b22\" data-element_type=\"widget\" data-e-type=\"widget\" data-widget_type=\"heading.default\">\n\t\t\t\t<div class=\"elementor-widget-container\">\n\t\t\t\t\t<h3 class=\"elementor-heading-title elementor-size-default\">\u00bfCu\u00e1les son las ventajas de utilizar Surf Shark?<\/h3>\t\t\t\t<\/div>\n\t\t\t\t<\/div>\n\t\t\t\t<div class=\"elementor-element elementor-element-aab0015 elementor-widget elementor-widget-text-editor\" data-id=\"aab0015\" data-element_type=\"widget\" data-e-type=\"widget\" data-widget_type=\"text-editor.default\">\n\t\t\t\t<div class=\"elementor-widget-container\">\n\t\t\t\t\t\t\t\t\t<ul data-spread=\"false\" data-pm-slice=\"3 3 []\"><li><p><strong>Anonimato total<\/strong>: Al enmascarar tu <strong>direcci\u00f3n IP<\/strong> y cifrar todos tus datos, Surfshark garantiza el anonimato total. Nadie puede rastrear tus actividades en l\u00ednea ni recopilar tu informaci\u00f3n personal. <\/p><\/li><li><p><strong>Seguridad en Wi-Fi p\u00fablicas<\/strong>: Las redes Wi-Fi p\u00fablicas suelen ser objetivo de los hackers. Con Surfshark, puedes conectarte a cualquier Wi-Fi con total seguridad, sin miedo a los ciberdelincuentes, porque tus datos est\u00e1n <strong>encriptados<\/strong> y <strong>protegidos<\/strong>. <\/p><\/li><li><p><strong>Velocidad ultrarr\u00e1pida<\/strong>: Gracias a una infraestructura de servidores de alto rendimiento, Surfshark te ofrece <strong>velocidades de conexi\u00f3n ultrarr\u00e1pidas<\/strong>, incluso al conectarte a servidores remotos. Perfecto para <strong>streaming<\/strong> ininterrumpido o <strong>juegos en l\u00ednea<\/strong>. <\/p><\/li><li><p><strong>Bloqueador<\/strong> de anuncios y rastreadores: Surfshark incluye un <strong>bloqueador de anuncios integrado<\/strong> que elimina los anuncios intrusivos y bloquea los rastreadores, haciendo que tu experiencia de navegaci\u00f3n sea mucho m\u00e1s fluida y segura.<\/p><\/li><li><p><strong>Relaci\u00f3n calidad-precio inigualable<\/strong>: Con potentes funciones, conexiones ilimitadas y un precio competitivo, Surfshark es una de las <strong>VPN m\u00e1s asequibles<\/strong> del mercado sin sacrificar la calidad.<\/p><\/li><\/ul>\t\t\t\t\t\t\t\t<\/div>\n\t\t\t\t<\/div>\n\t\t\t\t<div class=\"elementor-element elementor-element-fa8baf9 elementor-widget elementor-widget-heading\" data-id=\"fa8baf9\" data-element_type=\"widget\" data-e-type=\"widget\" data-widget_type=\"heading.default\">\n\t\t\t\t<div class=\"elementor-widget-container\">\n\t\t\t\t\t<h3 class=\"elementor-heading-title elementor-size-default\">\u00bfQui\u00e9nes son los usuarios de Surf Shark?<\/h3>\t\t\t\t<\/div>\n\t\t\t\t<\/div>\n\t\t\t\t<div class=\"elementor-element elementor-element-6e413dc elementor-widget elementor-widget-text-editor\" data-id=\"6e413dc\" data-element_type=\"widget\" data-e-type=\"widget\" data-widget_type=\"text-editor.default\">\n\t\t\t\t<div class=\"elementor-widget-container\">\n\t\t\t\t\t\t\t\t\t<ul data-spread=\"false\" data-pm-slice=\"3 3 []\"><li><p><strong>Entusiastas del streaming<\/strong>: Para los aficionados al cine y las series, Surfshark es una herramienta esencial para <strong>desbloquear plataformas de streaming<\/strong> y acceder a contenidos con restricciones geogr\u00e1ficas est\u00e9s donde est\u00e9s. Netflix, Hulu, BBC iPlayer y muchos otros son accesibles sin l\u00edmites. <\/p><\/li><li><p><strong>Viajeros internacionales<\/strong>: Quienes viajan con frecuencia utilizan Surfshark para <strong>saltarse las restricciones locales<\/strong> y acceder a sitios web bloqueados en determinados pa\u00edses. Surfshark te garantiza total libertad en Internet, est\u00e9s donde est\u00e9s. <\/p><\/li><li><p><strong>Profesionales y teletrabajadores<\/strong>: Los profesionales que suelen trabajar a distancia utilizan Surfshark para <strong>asegurar sus conexiones<\/strong> y proteger sus comunicaciones. Esto es especialmente importante cuando se conectan a redes p\u00fablicas o compartidas. <\/p><\/li><li><p><strong>Personas preocupadas por su privacidad<\/strong>: Para quienes valoran su <strong>privacidad online<\/strong>, Surfshark es una soluci\u00f3n ideal. Evita que terceros, piratas inform\u00e1ticos e incluso proveedores de servicios de Internet <strong>rastreen tus actividades online<\/strong>. <\/p><\/li><\/ul>\t\t\t\t\t\t\t\t<\/div>\n\t\t\t\t<\/div>\n\t\t\t\t\t<\/div>\n\t\t\t\t<\/div>\n\t\t<div class=\"elementor-element elementor-element-104c597 e-flex e-con-boxed wpr-particle-no wpr-jarallax-no wpr-parallax-no wpr-sticky-section-no e-con e-parent\" data-id=\"104c597\" data-element_type=\"container\" data-e-type=\"container\">\n\t\t\t\t\t<div class=\"e-con-inner\">\n\t\t\t\t<div class=\"elementor-element elementor-element-50fbde1 elementor-widget elementor-widget-heading\" data-id=\"50fbde1\" data-element_type=\"widget\" data-e-type=\"widget\" data-widget_type=\"heading.default\">\n\t\t\t\t<div class=\"elementor-widget-container\">\n\t\t\t\t\t<h2 class=\"elementor-heading-title elementor-size-default\">Conclusi\u00f3n<\/h2>\t\t\t\t<\/div>\n\t\t\t\t<\/div>\n\t\t\t\t\t<\/div>\n\t\t\t\t<\/div>\n\t\t<div class=\"elementor-element elementor-element-bdbdb40 e-flex e-con-boxed wpr-particle-no wpr-jarallax-no wpr-parallax-no wpr-sticky-section-no e-con e-parent\" data-id=\"bdbdb40\" data-element_type=\"container\" data-e-type=\"container\">\n\t\t\t\t\t<div class=\"e-con-inner\">\n\t\t\t\t<div class=\"elementor-element elementor-element-9412102 elementor-widget elementor-widget-text-editor\" data-id=\"9412102\" data-element_type=\"widget\" data-e-type=\"widget\" data-widget_type=\"text-editor.default\">\n\t\t\t\t<div class=\"elementor-widget-container\">\n\t\t\t\t\t\t\t\t\t<p><span style=\"text-align: var(--text-align); background-color: var( --e-global-color-ca921c0 );\"><b>Surf Shark<\/b><\/span> destaca por su <strong>equilibrio perfecto entre seguridad, rendimiento y accesibilidad<\/strong>. Tanto si buscas una VPN para proteger tus datos, desbloquear contenidos internacionales o eludir la censura, <strong>Surfshark<\/strong> te ofrece una soluci\u00f3n flexible y de alto rendimiento. Con conexiones r\u00e1pidas, cifrado de alto nivel, una estricta pol\u00edtica de no registros y la posibilidad de conectar un n\u00famero ilimitado de dispositivos, <strong>Surfshark<\/strong> satisface todas tus necesidades de seguridad y privacidad en l\u00ednea, sin dejar de ser f\u00e1cil de usar para todos los perfiles de usuario.  <\/p>\t\t\t\t\t\t\t\t<\/div>\n\t\t\t\t<\/div>\n\t\t\t\t\t<\/div>\n\t\t\t\t<\/div>\n\t\t\t\t<\/div>\n\t\t","protected":false},"excerpt":{"rendered":"<p>Surf Shark es un completo servicio de red privada virtual (VPN) que combina seguridad avanzada, m\u00e1xima confidencialidad y acceso ilimitado a contenidos georrestringidos. Gracias a sus funciones innovadoras, su interfaz f\u00e1cil de usar y su compromiso con la protecci\u00f3n del usuario <\/p>\n<ul>\n<li class=\"styles_title__2Q87u\">Protecci\u00f3n completa de datos<\/li>\n<li class=\"styles_heading___Y9zm\">Acceso ilimitado al Contenido<\/li>\n<li>Experiencia \u00f3ptima del usuario<\/li>\n<li>Modo camuflaje<\/li>\n<\/ul>\n","protected":false},"featured_media":31594,"comment_status":"open","ping_status":"closed","template":"","meta":{"_acf_changed":false,"_glsr_average":0,"_glsr_ranking":0,"_glsr_reviews":0},"product_brand":[],"product_cat":[4183],"product_tag":[],"class_list":{"0":"post-30435","1":"product","2":"type-product","3":"status-publish","4":"has-post-thumbnail","6":"product_cat-vpn-es","8":"first","9":"instock","10":"shipping-taxable","11":"product-type-external"},"acf":[],"_links":{"self":[{"href":"https:\/\/boostgrowb.com\/es\/wp-json\/wp\/v2\/product\/30435","targetHints":{"allow":["GET"]}}],"collection":[{"href":"https:\/\/boostgrowb.com\/es\/wp-json\/wp\/v2\/product"}],"about":[{"href":"https:\/\/boostgrowb.com\/es\/wp-json\/wp\/v2\/types\/product"}],"replies":[{"embeddable":true,"href":"https:\/\/boostgrowb.com\/es\/wp-json\/wp\/v2\/comments?post=30435"}],"version-history":[{"count":0,"href":"https:\/\/boostgrowb.com\/es\/wp-json\/wp\/v2\/product\/30435\/revisions"}],"wp:featuredmedia":[{"embeddable":true,"href":"https:\/\/boostgrowb.com\/es\/wp-json\/wp\/v2\/media\/31594"}],"wp:attachment":[{"href":"https:\/\/boostgrowb.com\/es\/wp-json\/wp\/v2\/media?parent=30435"}],"wp:term":[{"taxonomy":"product_brand","embeddable":true,"href":"https:\/\/boostgrowb.com\/es\/wp-json\/wp\/v2\/product_brand?post=30435"},{"taxonomy":"product_cat","embeddable":true,"href":"https:\/\/boostgrowb.com\/es\/wp-json\/wp\/v2\/product_cat?post=30435"},{"taxonomy":"product_tag","embeddable":true,"href":"https:\/\/boostgrowb.com\/es\/wp-json\/wp\/v2\/product_tag?post=30435"}],"curies":[{"name":"wp","href":"https:\/\/api.w.org\/{rel}","templated":true}]}}