{"id":30437,"date":"2024-06-10T10:04:07","date_gmt":"2024-06-10T10:04:07","guid":{"rendered":"https:\/\/boostgrowb.com\/software\/internet-privado\/"},"modified":"2026-03-27T09:54:53","modified_gmt":"2026-03-27T09:54:53","slug":"internet-privado","status":"publish","type":"product","link":"https:\/\/boostgrowb.com\/es\/software\/internet-privado\/","title":{"rendered":"Internet privado"},"content":{"rendered":"\t\t<div data-elementor-type=\"product-post\" data-elementor-id=\"30437\" class=\"elementor elementor-30437 elementor-1361\" data-elementor-post-type=\"product\">\n\t\t\t\t<div class=\"elementor-element elementor-element-dd00592 e-flex e-con-boxed wpr-particle-no wpr-jarallax-no wpr-parallax-no wpr-sticky-section-no e-con e-parent\" data-id=\"dd00592\" data-element_type=\"container\" data-e-type=\"container\">\n\t\t\t\t\t<div class=\"e-con-inner\">\n\t\t\t\t<div class=\"elementor-element elementor-element-965ebb5 elementor-widget elementor-widget-heading\" data-id=\"965ebb5\" data-element_type=\"widget\" data-e-type=\"widget\" data-widget_type=\"heading.default\">\n\t\t\t\t<div class=\"elementor-widget-container\">\n\t\t\t\t\t<h2 class=\"elementor-heading-title elementor-size-default\">\u00bfQu\u00e9 es el Acceso Privado a Internet (AIP)?<\/h2>\t\t\t\t<\/div>\n\t\t\t\t<\/div>\n\t\t\t\t<div class=\"elementor-element elementor-element-29a2615 elementor-widget elementor-widget-text-editor\" data-id=\"29a2615\" data-element_type=\"widget\" data-e-type=\"widget\" data-widget_type=\"text-editor.default\">\n\t\t\t\t<div class=\"elementor-widget-container\">\n\t\t\t\t\t\t\t\t\t<p data-pm-slice=\"1 1 []\"><strong>Private Internet Access (PIA)<\/strong> es una <strong>red privada virtual (VPN<\/strong> ) de confianza dise\u00f1ada para garantizar tu <strong>privacidad en l\u00ednea<\/strong>, asegurar tus conexiones y darte <strong>total libertad en la red<\/strong>. Con una s\u00f3lida reputaci\u00f3n forjada a lo largo de los a\u00f1os, PIA es conocida por su <strong>potente encriptaci\u00f3n<\/strong>, su <strong>estricta pol\u00edtica de no-logs<\/strong> y su <strong>interfaz f\u00e1cil de usar<\/strong>, apta para todo tipo de usuarios. <strong>PIA<\/strong> es tu aliado ideal para navegar por Internet con total seguridad, <strong>proteger tus datos confidenciales<\/strong> de las amenazas online y acceder a contenidos bloqueados est\u00e9s donde est\u00e9s. <\/p><p data-pm-slice=\"1 1 []\">En un mundo donde <strong>la seguridad<\/strong> y la <strong>privacidad<\/strong> <strong>online<\/strong> son primordiales, <strong>Private Internet Access<\/strong> destaca por su capacidad de ofrecer <strong>una protecci\u00f3n completa<\/strong> y una <strong>navegaci\u00f3n an\u00f3nima<\/strong> sin esfuerzo. Tanto si eres un profesional, un teletrabajador, un aficionado al streaming o simplemente alguien que valora su privacidad, PIA satisface todas tus necesidades con una <strong>seguridad<\/strong> de vanguardia y una <strong>interfaz f\u00e1cil de usar<\/strong>. Con <strong>m\u00e1s de 35.000 servidores<\/strong> en todo el mundo, PIA te garantiza una <strong>conexi\u00f3n r\u00e1pida, estable y segura<\/strong> est\u00e9s donde est\u00e9s.  <\/p>\t\t\t\t\t\t\t\t<\/div>\n\t\t\t\t<\/div>\n\t\t\t\t<div class=\"elementor-element elementor-element-78b01ce elementor-widget elementor-widget-heading\" data-id=\"78b01ce\" data-element_type=\"widget\" data-e-type=\"widget\" data-widget_type=\"heading.default\">\n\t\t\t\t<div class=\"elementor-widget-container\">\n\t\t\t\t\t<h2 class=\"elementor-heading-title elementor-size-default\">\u00bfCu\u00e1les son las principales caracter\u00edsticas del Acceso Privado a Internet?<\/h2>\t\t\t\t<\/div>\n\t\t\t\t<\/div>\n\t\t\t\t<div class=\"elementor-element elementor-element-62738de elementor-widget elementor-widget-text-editor\" data-id=\"62738de\" data-element_type=\"widget\" data-e-type=\"widget\" data-widget_type=\"text-editor.default\">\n\t\t\t\t<div class=\"elementor-widget-container\">\n\t\t\t\t\t\t\t\t\t<ol start=\"1\" data-spread=\"true\" data-pm-slice=\"3 1 []\"><li><p><strong>Cifrado<\/strong> <strong>AES de<\/strong><strong>256 bits: seguridad inquebrantable<\/strong> <strong>El Acceso Privado a Internet<\/strong> utiliza <strong>cifrado AES de 256 bits<\/strong>, considerado el est\u00e1ndar de seguridad m\u00e1s alto disponible. Este nivel de protecci\u00f3n garantiza que tus <strong>datos personales<\/strong>, contrase\u00f1as y todas tus comunicaciones en l\u00ednea permanezcan <strong>a salvo de piratas inform\u00e1ticos<\/strong> y otras ciberamenazas. <\/p><\/li><li><p><strong>Sin registro: tu privacidad es lo primero<\/strong> <strong>PIA<\/strong> aplica una <strong>estricta pol\u00edtica de no registro<\/strong>, que garantiza que ninguna de tus actividades en l\u00ednea quede registrada. <strong>Se preserva<\/strong> tu <strong>anonimato<\/strong>, y puedes navegar con tranquilidad, sabiendo que nadie puede acceder a tu historial de navegaci\u00f3n. <\/p><\/li><li><p><strong>Con<\/strong> <strong>PIA MACE<\/strong>, el Acceso Privado a Internet te protege de la <strong>publicidad intrusiva<\/strong>, los <strong>rastreadores<\/strong> y el <strong>malware<\/strong>. Esto hace que <strong>la experiencia de navegaci\u00f3n sea m\u00e1s r\u00e1pida<\/strong> y segura, al tiempo que protege tu privacidad de los recopiladores de datos. <\/p><\/li><li><p><strong>Red de m\u00e1s de 35.000 servidores en 84 pa\u00edses: acceso sin fronteras<\/strong> PIA cuenta con una enorme red de <strong>m\u00e1s de 35.000 servidores<\/strong> ubicados en <strong>84 pa\u00edses<\/strong>, lo que te permite <strong>cambiar de ubicaci\u00f3n virtual<\/strong> para eludir las restricciones geogr\u00e1ficas. Tanto si quieres acceder a contenidos bloqueados como disfrutar de plataformas de streaming, <strong>PIA<\/strong> te <strong>abre las puertas a Internet sin l\u00edmites<\/strong>. <\/p><\/li><li><p><strong>Interruptor de corte<\/strong> <strong>autom\u00e1tico: mant\u00e9n el control de tus datos<\/strong> <strong>Private Internet Access<\/strong> est\u00e1 equipado con un <strong>Interruptor de corte<\/strong> que protege tus datos para que no se filtren en caso de desconexi\u00f3n inesperada de la VPN. Esta funci\u00f3n garantiza que tu <strong>identidad<\/strong> e <strong>informaci\u00f3n sensible<\/strong> permanezcan seguras, incluso si la conexi\u00f3n se interrumpe repentinamente. <\/p><\/li><\/ol>\t\t\t\t\t\t\t\t<\/div>\n\t\t\t\t<\/div>\n\t\t\t\t<div class=\"elementor-element elementor-element-7d0c4c1 elementor-widget elementor-widget-heading\" data-id=\"7d0c4c1\" data-element_type=\"widget\" data-e-type=\"widget\" data-widget_type=\"heading.default\">\n\t\t\t\t<div class=\"elementor-widget-container\">\n\t\t\t\t\t<h2 class=\"elementor-heading-title elementor-size-default\">\u00bfCu\u00e1les son las ventajas de utilizar el Acceso Privado a Internet?<\/h2>\t\t\t\t<\/div>\n\t\t\t\t<\/div>\n\t\t\t\t<div class=\"elementor-element elementor-element-ea1b354 elementor-widget elementor-widget-text-editor\" data-id=\"ea1b354\" data-element_type=\"widget\" data-e-type=\"widget\" data-widget_type=\"text-editor.default\">\n\t\t\t\t<div class=\"elementor-widget-container\">\n\t\t\t\t\t\t\t\t\t<ul data-spread=\"false\" data-pm-slice=\"3 3 []\"><li><p><strong>Anonimato total y seguro<\/strong>: Con PIA, tu <strong>direcci\u00f3n IP est\u00e1 enmascarada<\/strong> y todas tus conexiones est\u00e1n <strong>encriptadas<\/strong>, lo que garantiza <strong>un anonimato total<\/strong>. Tus actividades online permanecen invisibles, incluso para tu ISP. <\/p><\/li><li><p><strong>Acceso mundial a contenidos<\/strong>: Gracias a PIA, puedes <strong>desbloquear Netflix, Hulu, BBC iPlayer<\/strong> y muchas otras plataformas de streaming. PIA te permite saltarte <strong>las restricciones geogr\u00e1ficas<\/strong> y acceder a tus contenidos favoritos est\u00e9s donde est\u00e9s. <\/p><\/li><li><p><strong>Seguridad en Wi-Fi p\u00fablicas<\/strong>: Las redes Wi-Fi p\u00fablicas pueden ser peligrosas. Con <strong>el Acceso Privado a Internet<\/strong>, puedes conectarte a cualquier Wi-Fi sin miedo, porque tus datos est\u00e1n <strong>totalmente encriptados<\/strong>, lo que garantiza <strong>una seguridad \u00f3ptima<\/strong>. <\/p><\/li><li><p><strong>Velocidad de conexi\u00f3n ultrarr\u00e1pida<\/strong>: Gracias a su amplia red de servidores, PIA ofrece <strong>velocidades de conexi\u00f3n excepcionales<\/strong>, ideales para <strong>hacer streaming<\/strong>, <strong>descargar<\/strong> y <strong>jugar online<\/strong> sin interrupciones ni ralentizaciones.<\/p><\/li><li><p><strong>La mejor relaci\u00f3n calidad-precio<\/strong>: Con <strong>seguridad de grado militar<\/strong>, <strong>funciones avanzadas<\/strong> y <strong>un servicio de atenci\u00f3n al cliente receptivo<\/strong>, PIA es una de las <strong>VPN m\u00e1s asequibles<\/strong> del mercado, sin renunciar a la calidad.<\/p><\/li><\/ul>\t\t\t\t\t\t\t\t<\/div>\n\t\t\t\t<\/div>\n\t\t\t\t\t<\/div>\n\t\t\t\t<\/div>\n\t\t<div class=\"elementor-element elementor-element-144d7ae e-flex e-con-boxed wpr-particle-no wpr-jarallax-no wpr-parallax-no wpr-sticky-section-no e-con e-parent\" data-id=\"144d7ae\" data-element_type=\"container\" data-e-type=\"container\">\n\t\t\t\t\t<div class=\"e-con-inner\">\n\t\t\t\t<div class=\"elementor-element elementor-element-3dec754 elementor-widget elementor-widget-heading\" data-id=\"3dec754\" data-element_type=\"widget\" data-e-type=\"widget\" data-widget_type=\"heading.default\">\n\t\t\t\t<div class=\"elementor-widget-container\">\n\t\t\t\t\t<h2 class=\"elementor-heading-title elementor-size-default\">Conclusi\u00f3n<\/h2>\t\t\t\t<\/div>\n\t\t\t\t<\/div>\n\t\t\t\t<div class=\"elementor-element elementor-element-f3b4816 elementor-widget elementor-widget-text-editor\" data-id=\"f3b4816\" data-element_type=\"widget\" data-e-type=\"widget\" data-widget_type=\"text-editor.default\">\n\t\t\t\t<div class=\"elementor-widget-container\">\n\t\t\t\t\t\t\t\t\t<p><strong>Private Internet Access<\/strong> es m\u00e1s que una VPN, es una soluci\u00f3n completa para quienes quieren proteger su privacidad, asegurar sus datos y disfrutar de una experiencia en l\u00ednea sin restricciones. Con una amplia red, encriptaci\u00f3n de alto nivel y una estricta pol\u00edtica de no registros, ofrece una combinaci\u00f3n \u00fanica de seguridad, confidencialidad y rendimiento. &nbsp;<\/p><p>Tanto si quieres desbloquear contenidos, navegar de forma an\u00f3nima o proteger tus conexiones en redes p\u00fablicas, te ofrece todo lo que necesitas para mantenerte protegido en Internet.<\/p>\t\t\t\t\t\t\t\t<\/div>\n\t\t\t\t<\/div>\n\t\t\t\t\t<\/div>\n\t\t\t\t<\/div>\n\t\t\t\t<\/div>\n\t\t","protected":false},"excerpt":{"rendered":"<p>Private Internet Access (PIA) es un proveedor de servicios VPN con una larga presencia en el mercado y caracter\u00edsticas centradas en la protecci\u00f3n de la privacidad en l\u00ednea.<\/p>\n<ul>\n<li>Bloqueo de anuncios integrado<\/li>\n<li>Funcionalidades avanzadas<\/li>\n<li>F\u00e1cil configuraci\u00f3n<\/li>\n<li>Atenci\u00f3n al cliente 24 horas al d\u00eda, 7 d\u00edas a la semana<\/li>\n<\/ul>\n","protected":false},"featured_media":31149,"comment_status":"open","ping_status":"closed","template":"","meta":{"_acf_changed":false,"_glsr_average":0,"_glsr_ranking":0,"_glsr_reviews":0},"product_brand":[],"product_cat":[4183],"product_tag":[],"class_list":{"0":"post-30437","1":"product","2":"type-product","3":"status-publish","4":"has-post-thumbnail","6":"product_cat-vpn-es","8":"first","9":"instock","10":"shipping-taxable","11":"product-type-external"},"acf":[],"_links":{"self":[{"href":"https:\/\/boostgrowb.com\/es\/wp-json\/wp\/v2\/product\/30437","targetHints":{"allow":["GET"]}}],"collection":[{"href":"https:\/\/boostgrowb.com\/es\/wp-json\/wp\/v2\/product"}],"about":[{"href":"https:\/\/boostgrowb.com\/es\/wp-json\/wp\/v2\/types\/product"}],"replies":[{"embeddable":true,"href":"https:\/\/boostgrowb.com\/es\/wp-json\/wp\/v2\/comments?post=30437"}],"version-history":[{"count":0,"href":"https:\/\/boostgrowb.com\/es\/wp-json\/wp\/v2\/product\/30437\/revisions"}],"wp:featuredmedia":[{"embeddable":true,"href":"https:\/\/boostgrowb.com\/es\/wp-json\/wp\/v2\/media\/31149"}],"wp:attachment":[{"href":"https:\/\/boostgrowb.com\/es\/wp-json\/wp\/v2\/media?parent=30437"}],"wp:term":[{"taxonomy":"product_brand","embeddable":true,"href":"https:\/\/boostgrowb.com\/es\/wp-json\/wp\/v2\/product_brand?post=30437"},{"taxonomy":"product_cat","embeddable":true,"href":"https:\/\/boostgrowb.com\/es\/wp-json\/wp\/v2\/product_cat?post=30437"},{"taxonomy":"product_tag","embeddable":true,"href":"https:\/\/boostgrowb.com\/es\/wp-json\/wp\/v2\/product_tag?post=30437"}],"curies":[{"name":"wp","href":"https:\/\/api.w.org\/{rel}","templated":true}]}}