{"id":30440,"date":"2024-06-11T12:59:28","date_gmt":"2024-06-11T12:59:28","guid":{"rendered":"https:\/\/boostgrowb.com\/software\/systeme-io\/"},"modified":"2026-04-26T14:03:46","modified_gmt":"2026-04-26T14:03:46","slug":"systeme-io","status":"publish","type":"product","link":"https:\/\/boostgrowb.com\/es\/software\/systeme-io\/","title":{"rendered":"Systeme.io"},"content":{"rendered":"\t\t<div data-elementor-type=\"product-post\" data-elementor-id=\"30440\" class=\"elementor elementor-30440 elementor-1631\" data-elementor-post-type=\"product\">\n\t\t\t\t<div class=\"elementor-element elementor-element-b361f4c e-flex e-con-boxed wpr-particle-no wpr-jarallax-no wpr-parallax-no wpr-sticky-section-no e-con e-parent\" data-id=\"b361f4c\" data-element_type=\"container\" data-e-type=\"container\">\n\t\t\t\t\t<div class=\"e-con-inner\">\n\t\t\t\t<div class=\"elementor-element elementor-element-c756e18 elementor-widget elementor-widget-heading\" data-id=\"c756e18\" data-element_type=\"widget\" data-e-type=\"widget\" data-widget_type=\"heading.default\">\n\t\t\t\t<div class=\"elementor-widget-container\">\n\t\t\t\t\t<h2 class=\"elementor-heading-title elementor-size-default\">\u00bfQu\u00e9 es Systeme io?<\/h2>\t\t\t\t<\/div>\n\t\t\t\t<\/div>\n\t\t\t\t\t<\/div>\n\t\t\t\t<\/div>\n\t\t<div class=\"elementor-element elementor-element-7918c15 e-flex e-con-boxed wpr-particle-no wpr-jarallax-no wpr-parallax-no wpr-sticky-section-no e-con e-parent\" data-id=\"7918c15\" data-element_type=\"container\" data-e-type=\"container\">\n\t\t\t\t\t<div class=\"e-con-inner\">\n\t\t\t\t<div class=\"elementor-element elementor-element-8b6b152 elementor-widget elementor-widget-text-editor\" data-id=\"8b6b152\" data-element_type=\"widget\" data-e-type=\"widget\" data-widget_type=\"text-editor.default\">\n\t\t\t\t<div class=\"elementor-widget-container\">\n\t\t\t\t\t\t\t\t\t<hr class=\"\" data-start=\"236\" data-end=\"239\"><p class=\"\" data-start=\"241\" data-end=\"689\"><strong data-start=\"241\" data-end=\"456\">Systeme.io es una plataforma de marketing todo en uno dise\u00f1ada para ayudar a empresarios y aut\u00f3nomos a crear, gestionar y automatizar f\u00e1cilmente sus t\u00faneles de ventas&#8230;<\/strong> Gracias a una interfaz fluida e intuitiva, puedes crear tus t\u00faneles de venta, lanzar campa\u00f1as de email marketing, automatizar tus tareas, alojar tus cursos de formaci\u00f3n online y gestionar tus ventas desde una \u00fanica herramienta centralizada.<\/p><p class=\"\" data-start=\"691\" data-end=\"1265\"><strong data-start=\"691\" data-end=\"918\">Uno de los grandes puntos fuertes de Systeme.io reside en su capacidad para sustituir multitud de soluciones complejas y costosas (ClickFunnels, Mailchimp, Teachable, Zapier&#8230;) por una alternativa \u00fanica, accesible y de alto rendimiento.<\/strong>  Crea f\u00e1cilmente p\u00e1ginas de captura optimizadas para la conversi\u00f3n, programa secuencias automatizadas de correo electr\u00f3nico, gestiona tus lanzamientos, ofrece webinars o productos digitales, mientras realizas un seguimiento de tu rendimiento en tiempo real. El resultado: ahorras tiempo, dinero y te centras en hacer crecer tu negocio. <\/p><p class=\"\" data-start=\"1267\" data-end=\"1737\"><strong data-start=\"1267\" data-end=\"1450\">Tanto si eres un principiante como un empresario experimentado, Systeme.io se adapta a todos los perfiles, gracias a sus plantillas listas para usar, su r\u00e1pida puesta en marcha y sus amplios recursos.<\/strong>  Ideal para lanzar un curso de formaci\u00f3n, desarrollar un negocio de coaching o vender productos digitales, te ayuda en todas las fases de tu estrategia digital. Sencillo, potente y dise\u00f1ado para escalar <\/p>\t\t\t\t\t\t\t\t<\/div>\n\t\t\t\t<\/div>\n\t\t\t\t<div class=\"elementor-element elementor-element-f210aee elementor-widget elementor-widget-heading\" data-id=\"f210aee\" data-element_type=\"widget\" data-e-type=\"widget\" data-widget_type=\"heading.default\">\n\t\t\t\t<div class=\"elementor-widget-container\">\n\t\t\t\t\t<h2 class=\"elementor-heading-title elementor-size-default\">Las 5 principales ventajas de Systeme.io<\/h2>\t\t\t\t<\/div>\n\t\t\t\t<\/div>\n\t\t\t\t<div class=\"elementor-element elementor-element-3f101b0 elementor-widget elementor-widget-text-editor\" data-id=\"3f101b0\" data-element_type=\"widget\" data-e-type=\"widget\" data-widget_type=\"text-editor.default\">\n\t\t\t\t<div class=\"elementor-widget-container\">\n\t\t\t\t\t\t\t\t\t<ul><li><p><strong><span>Crear t\u00faneles de venta automatizados<\/span><\/strong><span> Systeme.io facilita la creaci\u00f3n de <\/span><strong><span>embudos de ventas completos<\/span><\/strong><span> desde la captaci\u00f3n de clientes potenciales hasta la conversi\u00f3n, automatizando cada etapa del proceso para maximizar tus resultados sin ning\u00fan esfuerzo adicional.<\/span><\/p><\/li><li><p><strong><span>Alojar cursos de formaci\u00f3n online<\/span><\/strong><span> Puedes crear, alojar y vender tus <\/span><strong><span>cursos de formaci\u00f3n en l\u00ednea<\/span><\/strong><span>  directamente en Systeme.io, sin necesidad de utilizar plataformas externas. El sistema de gesti\u00f3n de cursos proporciona una experiencia fluida a tus alumnos. <\/span><\/p><\/li><li><p><strong><span>Programa de afiliados integrado<\/span><\/strong><span> Systeme.io incluye un <\/span><strong><span>programa de afiliados<\/span><\/strong><span> que te permite crear y gestionar tu propio programa de afiliados, aumentando tu alcance y tus ventas a trav\u00e9s de tus afiliados.<\/span><\/p><\/li><li><p><strong><span>Marketing automatizado por correo electr\u00f3nico<\/span><\/strong><span> La herramienta integra un <\/span><strong><span>sistema de marketing por correo electr\u00f3nico<\/span><\/strong><span> que te permite crear campa\u00f1as autom\u00e1ticas, seguir el rendimiento y segmentar tu audiencia para una personalizaci\u00f3n \u00f3ptima.<\/span><\/p><\/li><li><p><strong><span>Herramienta rentable todo en uno<\/span><\/strong><span> Con Systeme.io, tienes acceso a todas las funciones que necesitas para gestionar tu empresa, lo que te permite <\/span><strong><span>reducir los costes<\/span><\/strong><span> asociados a la utilizaci\u00f3n de varias herramientas distintas.<\/span><\/p><\/li><\/ul>\t\t\t\t\t\t\t\t<\/div>\n\t\t\t\t<\/div>\n\t\t\t\t\t<\/div>\n\t\t\t\t<\/div>\n\t\t<div class=\"elementor-element elementor-element-026ef10 e-flex e-con-boxed wpr-particle-no wpr-jarallax-no wpr-parallax-no wpr-sticky-section-no e-con e-parent\" data-id=\"026ef10\" data-element_type=\"container\" data-e-type=\"container\">\n\t\t\t\t\t<div class=\"e-con-inner\">\n\t\t\t\t<div class=\"elementor-element elementor-element-0375fd7 elementor-widget elementor-widget-heading\" data-id=\"0375fd7\" data-element_type=\"widget\" data-e-type=\"widget\" data-widget_type=\"heading.default\">\n\t\t\t\t<div class=\"elementor-widget-container\">\n\t\t\t\t\t<h2 class=\"elementor-heading-title elementor-size-default\">Una soluci\u00f3n ideal para emprendedores y PYME<\/h2>\t\t\t\t<\/div>\n\t\t\t\t<\/div>\n\t\t\t\t\t<\/div>\n\t\t\t\t<\/div>\n\t\t<div class=\"elementor-element elementor-element-0b65ba7 e-flex e-con-boxed wpr-particle-no wpr-jarallax-no wpr-parallax-no wpr-sticky-section-no e-con e-parent\" data-id=\"0b65ba7\" data-element_type=\"container\" data-e-type=\"container\">\n\t\t\t\t\t<div class=\"e-con-inner\">\n\t\t\t\t<div class=\"elementor-element elementor-element-91feac6 elementor-widget elementor-widget-text-editor\" data-id=\"91feac6\" data-element_type=\"widget\" data-e-type=\"widget\" data-widget_type=\"text-editor.default\">\n\t\t\t\t<div class=\"elementor-widget-container\">\n\t\t\t\t\t\t\t\t\t<p><strong>Systeme.<\/strong> io est\u00e1 dise\u00f1ado para <strong>emprendedores<\/strong>, <strong>PYMES<\/strong> y <strong>entrenadores<\/strong> que quieren lanzar y desarrollar su <strong>negocio online<\/strong> de forma sencilla y eficaz. Tanto si vendes <strong>formaci\u00f3n<\/strong>, <strong>productos<\/strong> o <strong>servicios<\/strong>, <strong>Systeme.io<\/strong> te ofrece todas las herramientas que necesitas para crear un <strong>embudo de ventas<\/strong>, automatizar tu <strong>marketing<\/strong> y maximizar tus <strong>ingresos<\/strong>. <\/p>\t\t\t\t\t\t\t\t<\/div>\n\t\t\t\t<\/div>\n\t\t\t\t\t<\/div>\n\t\t\t\t<\/div>\n\t\t<div class=\"elementor-element elementor-element-385c11f e-flex e-con-boxed wpr-particle-no wpr-jarallax-no wpr-parallax-no wpr-sticky-section-no e-con e-parent\" data-id=\"385c11f\" data-element_type=\"container\" data-e-type=\"container\">\n\t\t\t\t\t<div class=\"e-con-inner\">\n\t\t\t\t<div class=\"elementor-element elementor-element-3e09582 elementor-widget elementor-widget-heading\" data-id=\"3e09582\" data-element_type=\"widget\" data-e-type=\"widget\" data-widget_type=\"heading.default\">\n\t\t\t\t<div class=\"elementor-widget-container\">\n\t\t\t\t\t<h2 class=\"elementor-heading-title elementor-size-default\">Conclusi\u00f3n<\/h2>\t\t\t\t<\/div>\n\t\t\t\t<\/div>\n\t\t\t\t\t<\/div>\n\t\t\t\t<\/div>\n\t\t<div class=\"elementor-element elementor-element-ba013ea e-flex e-con-boxed wpr-particle-no wpr-jarallax-no wpr-parallax-no wpr-sticky-section-no e-con e-parent\" data-id=\"ba013ea\" data-element_type=\"container\" data-e-type=\"container\">\n\t\t\t\t\t<div class=\"e-con-inner\">\n\t\t\t\t<div class=\"elementor-element elementor-element-44b017f elementor-widget elementor-widget-text-editor\" data-id=\"44b017f\" data-element_type=\"widget\" data-e-type=\"widget\" data-widget_type=\"text-editor.default\">\n\t\t\t\t<div class=\"elementor-widget-container\">\n\t\t\t\t\t\t\t\t\t<p><strong>Systeme.<\/strong> io es una plataforma <strong>todo en uno<\/strong> que simplifica la gesti\u00f3n de los negocios online, desde la creaci\u00f3n de t\u00faneles de ventas hasta la automatizaci\u00f3n del marketing y el alojamiento de cursos de formaci\u00f3n. Tanto si eres un empresario en solitario como una peque\u00f1a empresa en crecimiento, <strong>Systeme.<\/strong> io te proporciona <strong>todas las herramientas que necesitas<\/strong> para automatizar tus procesos y centrarte en <strong>lo importante: hacer crecer tu negocio<\/strong>. Si buscas una soluci\u00f3n de alto rendimiento, asequible y f\u00e1cil de usar, <strong>Systeme.<\/strong> io es el socio ideal para impulsar tu \u00e9xito en Internet.  <\/p>\t\t\t\t\t\t\t\t<\/div>\n\t\t\t\t<\/div>\n\t\t\t\t\t<\/div>\n\t\t\t\t<\/div>\n\t\t\t\t<\/div>\n\t\t","protected":false},"excerpt":{"rendered":"<p data-pm-slice=\"1 1 []\">Systeme.io, la plataforma de marketing todo en uno ideal para crear t\u00faneles de venta, automatizar tus campa\u00f1as, vender tus cursos de formaci\u00f3n y desarrollar tu negocio online sin conocimientos t\u00e9cnicos.<\/p>\n<ul>\n<li dir=\"ltr\">Crear t\u00faneles de venta<\/li>\n<li>Env\u00eda campa\u00f1as por correo electr\u00f3nico<\/li>\n<li>Crear sitios web<\/li>\n<li>Pon en marcha tu programa de afiliaci\u00f3n<\/li>\n<\/ul>\n","protected":false},"featured_media":30443,"comment_status":"open","ping_status":"closed","template":"","meta":{"_acf_changed":false,"_glsr_average":0,"_glsr_ranking":0,"_glsr_reviews":0},"product_brand":[],"product_cat":[4296,4707,4706],"product_tag":[],"class_list":{"0":"post-30440","1":"product","2":"type-product","3":"status-publish","4":"has-post-thumbnail","6":"product_cat-automatizacion-del-marketing","7":"product_cat-boletin","8":"product_cat-enviando-un-correo-electronico-a","10":"first","11":"instock","12":"shipping-taxable","13":"product-type-external"},"acf":[],"_links":{"self":[{"href":"https:\/\/boostgrowb.com\/es\/wp-json\/wp\/v2\/product\/30440","targetHints":{"allow":["GET"]}}],"collection":[{"href":"https:\/\/boostgrowb.com\/es\/wp-json\/wp\/v2\/product"}],"about":[{"href":"https:\/\/boostgrowb.com\/es\/wp-json\/wp\/v2\/types\/product"}],"replies":[{"embeddable":true,"href":"https:\/\/boostgrowb.com\/es\/wp-json\/wp\/v2\/comments?post=30440"}],"version-history":[{"count":0,"href":"https:\/\/boostgrowb.com\/es\/wp-json\/wp\/v2\/product\/30440\/revisions"}],"wp:featuredmedia":[{"embeddable":true,"href":"https:\/\/boostgrowb.com\/es\/wp-json\/wp\/v2\/media\/30443"}],"wp:attachment":[{"href":"https:\/\/boostgrowb.com\/es\/wp-json\/wp\/v2\/media?parent=30440"}],"wp:term":[{"taxonomy":"product_brand","embeddable":true,"href":"https:\/\/boostgrowb.com\/es\/wp-json\/wp\/v2\/product_brand?post=30440"},{"taxonomy":"product_cat","embeddable":true,"href":"https:\/\/boostgrowb.com\/es\/wp-json\/wp\/v2\/product_cat?post=30440"},{"taxonomy":"product_tag","embeddable":true,"href":"https:\/\/boostgrowb.com\/es\/wp-json\/wp\/v2\/product_tag?post=30440"}],"curies":[{"name":"wp","href":"https:\/\/api.w.org\/{rel}","templated":true}]}}