{"id":30442,"date":"2024-06-11T16:23:58","date_gmt":"2024-06-11T16:23:58","guid":{"rendered":"https:\/\/boostgrowb.com\/software\/semrush\/"},"modified":"2026-02-15T14:03:30","modified_gmt":"2026-02-15T14:03:30","slug":"semrush","status":"publish","type":"product","link":"https:\/\/boostgrowb.com\/es\/software\/semrush\/","title":{"rendered":"Semrush"},"content":{"rendered":"\t\t<div data-elementor-type=\"product-post\" data-elementor-id=\"30442\" class=\"elementor elementor-30442 elementor-1656\" data-elementor-post-type=\"product\">\n\t\t\t\t<div class=\"elementor-element elementor-element-bf79d7e e-flex e-con-boxed wpr-particle-no wpr-jarallax-no wpr-parallax-no wpr-sticky-section-no e-con e-parent\" data-id=\"bf79d7e\" data-element_type=\"container\" data-e-type=\"container\">\n\t\t\t\t\t<div class=\"e-con-inner\">\n\t\t\t\t<div class=\"elementor-element elementor-element-97dfa1e elementor-widget elementor-widget-heading\" data-id=\"97dfa1e\" data-element_type=\"widget\" data-e-type=\"widget\" data-widget_type=\"heading.default\">\n\t\t\t\t<div class=\"elementor-widget-container\">\n\t\t\t\t\t<h2 class=\"elementor-heading-title elementor-size-default\">\u00bfQu\u00e9 es Semrush?<\/h2>\t\t\t\t<\/div>\n\t\t\t\t<\/div>\n\t\t\t\t<div class=\"elementor-element elementor-element-2c8e983 elementor-widget elementor-widget-text-editor\" data-id=\"2c8e983\" data-element_type=\"widget\" data-e-type=\"widget\" data-widget_type=\"text-editor.default\">\n\t\t\t\t<div class=\"elementor-widget-container\">\n\t\t\t\t\t\t\t\t\t<p class=\"\" data-start=\"169\" data-end=\"761\"><strong data-start=\"169\" data-end=\"231\">Semrush es una plataforma de marketing digital todo en uno<\/strong> dise\u00f1ada para ayudar a las empresas a optimizar su visibilidad online. Tanto si quieres mejorar tu SEO, lanzar campa\u00f1as publicitarias eficaces o reforzar tu estrategia de marketing de contenidos, Semrush re\u00fane m\u00e1s de 55 potentes herramientas en una interfaz intuitiva. Con funciones avanzadas como el an\u00e1lisis de palabras clave, la auditor\u00eda SEO, el seguimiento de posiciones y el an\u00e1lisis de la competencia, tendr\u00e1s todos los datos que necesitas para tomar decisiones de marketing con conocimiento de causa.  <\/p><p class=\"\" data-start=\"763\" data-end=\"1291\">Lo que diferencia a Semrush es la <strong data-start=\"798\" data-end=\"826\">potencia de sus datos<\/strong> y la precisi\u00f3n de sus informes. La herramienta te permite identificar los puntos d\u00e9biles de tu sitio en tiempo real, controlar el rendimiento de tus competidores y detectar oportunidades de SEO de alto potencial. Los especialistas en PPC, netlinking, redes sociales y marketing de contenidos encontrar\u00e1n un completo panel de control para la gesti\u00f3n centralizada de sus campa\u00f1as multicanal, al tiempo que maximizan el retorno de la inversi\u00f3n.<\/p><p class=\"\" data-start=\"1293\" data-end=\"1789\">Tanto si eres una <strong data-start=\"1312\" data-end=\"1356\">start-up, una PYME o una agencia digital<\/strong>, Semrush te proporciona una ventaja competitiva sostenible. Con su interfaz intuitiva, sus plantillas de informes personalizadas y sus bases de datos internacionales, te ayudar\u00e1 en todas las fases de tu crecimiento en Internet. Es la herramienta esencial para construir una estrategia SEO s\u00f3lida, dirigir tus acciones de marketing con precisi\u00f3n e impulsar tu rendimiento en un entorno digital cada vez m\u00e1s competitivo.<\/p>\t\t\t\t\t\t\t\t<\/div>\n\t\t\t\t<\/div>\n\t\t\t\t\t<\/div>\n\t\t\t\t<\/div>\n\t\t<div class=\"elementor-element elementor-element-2677452 e-flex e-con-boxed wpr-particle-no wpr-jarallax-no wpr-parallax-no wpr-sticky-section-no e-con e-parent\" data-id=\"2677452\" data-element_type=\"container\" data-e-type=\"container\">\n\t\t\t\t\t<div class=\"e-con-inner\">\n\t\t\t\t<div class=\"elementor-element elementor-element-01d9040 elementor-widget elementor-widget-heading\" data-id=\"01d9040\" data-element_type=\"widget\" data-e-type=\"widget\" data-widget_type=\"heading.default\">\n\t\t\t\t<div class=\"elementor-widget-container\">\n\t\t\t\t\t<h2 class=\"elementor-heading-title elementor-size-default\">Principales ventajas de Semrush<\/h2>\t\t\t\t<\/div>\n\t\t\t\t<\/div>\n\t\t\t\t<div class=\"elementor-element elementor-element-09fbaa6 elementor-widget elementor-widget-text-editor\" data-id=\"09fbaa6\" data-element_type=\"widget\" data-e-type=\"widget\" data-widget_type=\"text-editor.default\">\n\t\t\t\t<div class=\"elementor-widget-container\">\n\t\t\t\t\t\t\t\t\t<p data-pm-slice=\"0 0 []\"><b>An\u00e1lisis SEO en profundidad:<\/b> Semrush ofrece potentes herramientas para <strong>auditar tu sitio web<\/strong>, analizar tus palabras clave y hacer un seguimiento de tu posicionamiento en buscadores. Podr\u00e1s identificar tus puntos fuertes y d\u00e9biles, as\u00ed como las oportunidades de mejora. <\/p><p data-pm-slice=\"0 0 []\"><b>Investigaci\u00f3n de palabras clave:<\/b> Utiliza Semrush para descubrir las <strong>palabras clave m\u00e1s relevantes para tu negocio<\/strong>. Puedes analizar el volumen de b\u00fasqueda, la dificultad de las palabras clave y las oportunidades de cola larga para dirigirte mejor a tu p\u00fablico. <\/p><p data-pm-slice=\"0 0 []\"><b>An\u00e1lisis de la competencia:<\/b> La herramienta de an\u00e1lisis de la competencia de Semrush te permite <strong>monitorizar a tus competidores<\/strong> online, estudiando su estrategia SEO, backlinks y tr\u00e1fico. Puedes identificar lo que les funciona y aplicarlo a tu propia estrategia. <\/p><p data-pm-slice=\"0 0 []\"><b>Gesti\u00f3n de backlinks:<\/b> Con Semrush, explora tus backlinks existentes e identifica <strong>nuevas oportunidades de enlaces<\/strong> para aumentar la autoridad de tu sitio web. Tambi\u00e9n puedes controlar tus enlaces rotos y comprobar los de tus competidores. <\/p><p data-pm-slice=\"0 0 []\"><b>Gesti\u00f3n de campa\u00f1as publicitarias:<\/b> Optimiza tus campa\u00f1as de Google Ads con Semrush. <strong>Analiza las palabras clave de pago<\/strong> y los anuncios de tus competidores e identifica oportunidades para maximizar tu ROI.<\/p><p data-pm-slice=\"0 0 []\"><b>Herramientas de creaci\u00f3n de contenidos:<\/b> Semrush ofrece herramientas para <strong>optimizar tus art\u00edculos y p\u00e1ginas web<\/strong>, proporcionando recomendaciones basadas en las tendencias actuales, las palabras clave que debes incluir y las mejores pr\u00e1cticas de SEO.<\/p>\t\t\t\t\t\t\t\t<\/div>\n\t\t\t\t<\/div>\n\t\t\t\t<div class=\"elementor-element elementor-element-c95ce13 elementor-widget elementor-widget-heading\" data-id=\"c95ce13\" data-element_type=\"widget\" data-e-type=\"widget\" data-widget_type=\"heading.default\">\n\t\t\t\t<div class=\"elementor-widget-container\">\n\t\t\t\t\t<h2 class=\"elementor-heading-title elementor-size-default\">\u00bfCu\u00e1les son las ventajas de utilizar Semrush?<\/h2>\t\t\t\t<\/div>\n\t\t\t\t<\/div>\n\t\t\t\t<div class=\"elementor-element elementor-element-9bb8f19 elementor-widget elementor-widget-text-editor\" data-id=\"9bb8f19\" data-element_type=\"widget\" data-e-type=\"widget\" data-widget_type=\"text-editor.default\">\n\t\t\t\t<div class=\"elementor-widget-container\">\n\t\t\t\t\t\t\t\t\t<p data-pm-slice=\"0 0 []\"><b>Una plataforma todo en uno: <\/b>Semrush re\u00fane <strong>todas las herramientas que necesitas para gestionar tu marketing digital<\/strong> en un solo lugar. No necesitas hacer malabarismos con varias plataformas, todo est\u00e1 centralizado. <\/p><p data-pm-slice=\"0 0 []\"><b>Ahorra tiempo: <\/b>Gracias a su interfaz intuitiva y a sus funciones automatizadas, Semrush te <strong>ahorra un tiempo precioso<\/strong>, ya sea analizando datos o generando informes.<\/p><p data-pm-slice=\"0 0 []\"><b>An\u00e1lisis competitivo en profundidad:<\/b> Con Semrush, obtienes ventaja al <strong>acceder a los datos clave de tus competidores<\/strong>, lo que te permite comprender mejor su estrategia y superarlos.<\/p><p data-pm-slice=\"0 0 []\"><b>Datos precisos y actualizados:<\/b> Semrush proporciona an\u00e1lisis basados en datos fiables y actualizados, para que puedas tomar decisiones informadas sobre tu estrategia.<\/p><p data-pm-slice=\"0 0 []\"><b>Apto para todos los niveles:<\/b> Tanto si eres un principiante en SEO como un experto en marketing digital, <strong>Semrush se adapta a tu nivel<\/strong> gracias a sus herramientas intuitivas y recursos educativos.<\/p>\t\t\t\t\t\t\t\t<\/div>\n\t\t\t\t<\/div>\n\t\t\t\t\t<\/div>\n\t\t\t\t<\/div>\n\t\t<div class=\"elementor-element elementor-element-a05bfb2 e-flex e-con-boxed wpr-particle-no wpr-jarallax-no wpr-parallax-no wpr-sticky-section-no e-con e-parent\" data-id=\"a05bfb2\" data-element_type=\"container\" data-e-type=\"container\">\n\t\t\t\t\t<div class=\"e-con-inner\">\n\t\t\t\t<div class=\"elementor-element elementor-element-65fc140 elementor-widget elementor-widget-heading\" data-id=\"65fc140\" data-element_type=\"widget\" data-e-type=\"widget\" data-widget_type=\"heading.default\">\n\t\t\t\t<div class=\"elementor-widget-container\">\n\t\t\t\t\t<h2 class=\"elementor-heading-title elementor-size-default\">\u00bfA qu\u00e9 tipo de usuario se dirige Semrush?<\/h2>\t\t\t\t<\/div>\n\t\t\t\t<\/div>\n\t\t\t\t\t<\/div>\n\t\t\t\t<\/div>\n\t\t<div class=\"elementor-element elementor-element-bc2c6b1 e-flex e-con-boxed wpr-particle-no wpr-jarallax-no wpr-parallax-no wpr-sticky-section-no e-con e-parent\" data-id=\"bc2c6b1\" data-element_type=\"container\" data-e-type=\"container\">\n\t\t\t\t\t<div class=\"e-con-inner\">\n\t\t\t\t<div class=\"elementor-element elementor-element-673b5b2 elementor-widget elementor-widget-text-editor\" data-id=\"673b5b2\" data-element_type=\"widget\" data-e-type=\"widget\" data-widget_type=\"text-editor.default\">\n\t\t\t\t<div class=\"elementor-widget-container\">\n\t\t\t\t\t\t\t\t\t<p><strong>Semrush<\/strong> est\u00e1 dise\u00f1ado para <strong>agencias de marketing<\/strong>, <strong>PYMES<\/strong> y grandes empresas que buscan mejorar su <strong>presencia online<\/strong> y optimizar su <strong>estrategia SEO<\/strong>. Tanto si eres un <strong>profesional del marketing<\/strong> que busca maximizar <strong>el retorno de la inversi\u00f3n<\/strong>, un <strong>especialista en SEO<\/strong> que busca mejorar <strong>los rankings<\/strong> o una <strong>agencia<\/strong> que busca ofrecer resultados reales a sus clientes, <strong>Semrush<\/strong> es la herramienta que te ayudar\u00e1 a alcanzar tus objetivos. <\/p>\t\t\t\t\t\t\t\t<\/div>\n\t\t\t\t<\/div>\n\t\t\t\t\t<\/div>\n\t\t\t\t<\/div>\n\t\t<div class=\"elementor-element elementor-element-7cbc4df e-flex e-con-boxed wpr-particle-no wpr-jarallax-no wpr-parallax-no wpr-sticky-section-no e-con e-parent\" data-id=\"7cbc4df\" data-element_type=\"container\" data-e-type=\"container\">\n\t\t\t\t\t<div class=\"e-con-inner\">\n\t\t\t\t<div class=\"elementor-element elementor-element-a7aa7d1 elementor-widget elementor-widget-heading\" data-id=\"a7aa7d1\" data-element_type=\"widget\" data-e-type=\"widget\" data-widget_type=\"heading.default\">\n\t\t\t\t<div class=\"elementor-widget-container\">\n\t\t\t\t\t<h2 class=\"elementor-heading-title elementor-size-default\">Conclusi\u00f3n<\/h2>\t\t\t\t<\/div>\n\t\t\t\t<\/div>\n\t\t\t\t\t<\/div>\n\t\t\t\t<\/div>\n\t\t<div class=\"elementor-element elementor-element-57ab32d e-flex e-con-boxed wpr-particle-no wpr-jarallax-no wpr-parallax-no wpr-sticky-section-no e-con e-parent\" data-id=\"57ab32d\" data-element_type=\"container\" data-e-type=\"container\">\n\t\t\t\t\t<div class=\"e-con-inner\">\n\t\t\t\t<div class=\"elementor-element elementor-element-1e52c4a elementor-widget elementor-widget-text-editor\" data-id=\"1e52c4a\" data-element_type=\"widget\" data-e-type=\"widget\" data-widget_type=\"text-editor.default\">\n\t\t\t\t<div class=\"elementor-widget-container\">\n\t\t\t\t\t\t\t\t\t<p><strong>Semrush<\/strong> es una plataforma <strong>de marketing digital<\/strong> todo en uno que ofrece potentes herramientas para mejorar <strong>la visibilidad online<\/strong>, superar a la competencia y maximizar <strong>el rendimiento SEO<\/strong>. Con funciones como el<g id=\"gid_4\">an\u00e1lisis de palabras clave<\/g>, la<g id=\"gid_5\">auditor\u00eda del sitio<\/g> y la <g id=\"gid_6\">investigaci\u00f3n de la competencia<\/g>, <g id=\"gid_7\">Semrush<\/g> te permite crear una estrategia de marketing s\u00f3lida y generar resultados concretos. Si buscas una herramienta completa para impulsar tu <strong>presencia en Internet<\/strong> y mejorar tu <strong>estrategia de marketing<\/strong>, <strong>Semrush<\/strong> es la elecci\u00f3n perfecta.  <\/p>\t\t\t\t\t\t\t\t<\/div>\n\t\t\t\t<\/div>\n\t\t\t\t\t<\/div>\n\t\t\t\t<\/div>\n\t\t\t\t<\/div>\n\t\t","protected":false},"excerpt":{"rendered":"<p>Semrush es una plataforma de marketing digital todo en uno que ayuda a las empresas a aumentar su visibilidad online, mejorar su posicionamiento en buscadores (SEO), gestionar sus campa\u00f1as publicitarias, analizar a la competencia y optimizar sus contenidos para atraer m\u00e1s tr\u00e1fico y generar m\u00e1s conversiones.<\/p>\n<ul>\n<li>Auditor\u00eda SEO completa<\/li>\n<li>An\u00e1lisis de backlinks<\/li>\n<li>An\u00e1lisis de la competencia<\/li>\n<li>PPC Publicidad B\u00fasqueda<\/li>\n<\/ul>\n","protected":false},"featured_media":30452,"comment_status":"open","ping_status":"closed","template":"","meta":{"_acf_changed":false,"_glsr_average":0,"_glsr_ranking":0,"_glsr_reviews":0},"product_brand":[],"product_cat":[4296,4539,4538],"product_tag":[],"class_list":{"0":"post-30442","1":"product","2":"type-product","3":"status-publish","4":"has-post-thumbnail","6":"product_cat-automatizacion-del-marketing","7":"product_cat-busqueda-por-palabra-clave","8":"product_cat-seo-es","10":"first","11":"instock","12":"shipping-taxable","13":"product-type-external"},"acf":[],"_links":{"self":[{"href":"https:\/\/boostgrowb.com\/es\/wp-json\/wp\/v2\/product\/30442","targetHints":{"allow":["GET"]}}],"collection":[{"href":"https:\/\/boostgrowb.com\/es\/wp-json\/wp\/v2\/product"}],"about":[{"href":"https:\/\/boostgrowb.com\/es\/wp-json\/wp\/v2\/types\/product"}],"replies":[{"embeddable":true,"href":"https:\/\/boostgrowb.com\/es\/wp-json\/wp\/v2\/comments?post=30442"}],"version-history":[{"count":0,"href":"https:\/\/boostgrowb.com\/es\/wp-json\/wp\/v2\/product\/30442\/revisions"}],"wp:featuredmedia":[{"embeddable":true,"href":"https:\/\/boostgrowb.com\/es\/wp-json\/wp\/v2\/media\/30452"}],"wp:attachment":[{"href":"https:\/\/boostgrowb.com\/es\/wp-json\/wp\/v2\/media?parent=30442"}],"wp:term":[{"taxonomy":"product_brand","embeddable":true,"href":"https:\/\/boostgrowb.com\/es\/wp-json\/wp\/v2\/product_brand?post=30442"},{"taxonomy":"product_cat","embeddable":true,"href":"https:\/\/boostgrowb.com\/es\/wp-json\/wp\/v2\/product_cat?post=30442"},{"taxonomy":"product_tag","embeddable":true,"href":"https:\/\/boostgrowb.com\/es\/wp-json\/wp\/v2\/product_tag?post=30442"}],"curies":[{"name":"wp","href":"https:\/\/api.w.org\/{rel}","templated":true}]}}