{"id":30459,"date":"2024-06-11T12:57:09","date_gmt":"2024-06-11T12:57:09","guid":{"rendered":"https:\/\/boostgrowb.com\/software\/embudos-de-clics\/"},"modified":"2026-04-26T14:03:49","modified_gmt":"2026-04-26T14:03:49","slug":"embudos-de-clics","status":"publish","type":"product","link":"https:\/\/boostgrowb.com\/es\/software\/embudos-de-clics\/","title":{"rendered":"Embudos de clics"},"content":{"rendered":"\t\t<div data-elementor-type=\"product-post\" data-elementor-id=\"30459\" class=\"elementor elementor-30459 elementor-1630\" data-elementor-post-type=\"product\">\n\t\t\t\t<div class=\"elementor-element elementor-element-4f0fbcf e-flex e-con-boxed wpr-particle-no wpr-jarallax-no wpr-parallax-no wpr-sticky-section-no e-con e-parent\" data-id=\"4f0fbcf\" data-element_type=\"container\" data-e-type=\"container\">\n\t\t\t\t\t<div class=\"e-con-inner\">\n\t\t\t\t<div class=\"elementor-element elementor-element-71b459b elementor-widget elementor-widget-heading\" data-id=\"71b459b\" data-element_type=\"widget\" data-e-type=\"widget\" data-widget_type=\"heading.default\">\n\t\t\t\t<div class=\"elementor-widget-container\">\n\t\t\t\t\t<h2 class=\"elementor-heading-title elementor-size-default\">\u00bfQu\u00e9 son los Embudos de clics?<\/h2>\t\t\t\t<\/div>\n\t\t\t\t<\/div>\n\t\t\t\t\t<\/div>\n\t\t\t\t<\/div>\n\t\t<div class=\"elementor-element elementor-element-cd9993b e-flex e-con-boxed wpr-particle-no wpr-jarallax-no wpr-parallax-no wpr-sticky-section-no e-con e-parent\" data-id=\"cd9993b\" data-element_type=\"container\" data-e-type=\"container\">\n\t\t\t\t\t<div class=\"e-con-inner\">\n\t\t\t\t<div class=\"elementor-element elementor-element-b7b0780 elementor-widget elementor-widget-text-editor\" data-id=\"b7b0780\" data-element_type=\"widget\" data-e-type=\"widget\" data-widget_type=\"text-editor.default\">\n\t\t\t\t<div class=\"elementor-widget-container\">\n\t\t\t\t\t\t\t\t\t<p class=\"\" data-start=\"138\" data-end=\"625\"><strong data-start=\"138\" data-end=\"241\">ClickFunnels es una plataforma todo en uno dise\u00f1ada para convertir tu tr\u00e1fico en clientes fieles.<\/strong>  Con su interfaz intuitiva y sin necesidad de conocimientos t\u00e9cnicos, permite a empresarios, infopreneurs, coaches y vendedores electr\u00f3nicos crear t\u00faneles de ventas de alto rendimiento en unos pocos clics. Desde la p\u00e1gina de captaci\u00f3n hasta la confirmaci\u00f3n de la compra, cada etapa del recorrido del cliente est\u00e1 dise\u00f1ada para maximizar la conversi\u00f3n y automatizar la venta de tus productos o servicios. <\/p><p class=\"\" data-start=\"627\" data-end=\"1156\"><strong data-start=\"627\" data-end=\"756\">Uno de los grandes puntos fuertes de ClickFunnels es su capacidad para centralizar todas las herramientas de marketing que necesitas.<\/strong>  Creaci\u00f3n de p\u00e1ginas de ventas, gesti\u00f3n de campa\u00f1as por correo electr\u00f3nico, automatizaci\u00f3n del marketing, upsell, cross-sell, seguimiento del rendimiento&#8230; Todo reunido en una \u00fanica plataforma para impulsar tus ventas sin tener que depender de varios paquetes de software. Tambi\u00e9n puedes integrar elementos narrativos, a\u00f1adir testimonios y probar diferentes versiones para optimizar tus tasas de conversi\u00f3n. <\/p><p class=\"\" data-start=\"1158\" data-end=\"1651\"><strong data-start=\"1158\" data-end=\"1225\">ClickFunnels es mucho m\u00e1s que un simple constructor de p\u00e1ginas.<\/strong>  Es una aut\u00e9ntica m\u00e1quina de ventas, ideal para lanzar productos, crear listas de correo electr\u00f3nico cualificadas y construir una audiencia fiel. Tanto si eres principiante como experto en marketing digital, la plataforma te gu\u00eda paso a paso con plantillas predise\u00f1adas, formaci\u00f3n integrada y una comunidad activa. El resultado: ahorras tiempo, aumentas tus ventas y desarrollas un negocio escalable por tu cuenta.  <\/p>\t\t\t\t\t\t\t\t<\/div>\n\t\t\t\t<\/div>\n\t\t\t\t\t<\/div>\n\t\t\t\t<\/div>\n\t\t<div class=\"elementor-element elementor-element-275e971 e-flex e-con-boxed wpr-particle-no wpr-jarallax-no wpr-parallax-no wpr-sticky-section-no e-con e-parent\" data-id=\"275e971\" data-element_type=\"container\" data-e-type=\"container\">\n\t\t\t\t\t<div class=\"e-con-inner\">\n\t\t\t\t<div class=\"elementor-element elementor-element-2c3b6b8 elementor-widget elementor-widget-heading\" data-id=\"2c3b6b8\" data-element_type=\"widget\" data-e-type=\"widget\" data-widget_type=\"heading.default\">\n\t\t\t\t<div class=\"elementor-widget-container\">\n\t\t\t\t\t<h2 class=\"elementor-heading-title elementor-size-default\">Activos clave de ClickFunnels  <\/h2>\t\t\t\t<\/div>\n\t\t\t\t<\/div>\n\t\t\t\t<div class=\"elementor-element elementor-element-dbb0394 elementor-widget elementor-widget-text-editor\" data-id=\"dbb0394\" data-element_type=\"widget\" data-e-type=\"widget\" data-widget_type=\"text-editor.default\">\n\t\t\t\t<div class=\"elementor-widget-container\">\n\t\t\t\t\t\t\t\t\t<p data-pm-slice=\"0 0 []\"><b>T\u00faneles de ventas a medida:<\/b> Con su editor de arrastrar y soltar, ClickFunnels facilita el dise\u00f1o de t\u00faneles de ventas profesionales sin conocimientos de codificaci\u00f3n. Personaliza cada paso para adaptarlo a tu marca y objetivos. <\/p><p data-pm-slice=\"0 0 []\"><b>Automatiza tus campa\u00f1as de correo electr\u00f3nico:<\/b> ClickFunnels integra herramientas de automatizaci\u00f3n del marketing para enviar correos electr\u00f3nicos personalizados basados en las acciones de tus clientes potenciales. Ideal para seguimientos, promociones o nutrici\u00f3n. <\/p><p data-pm-slice=\"0 0 []\"><b>Convierte a tus visitantes en clientes:<\/b> Utiliza plantillas probadas y optimizadas para crear p\u00e1ginas de ventas persuasivas que animen a tus visitantes a pasar a la acci\u00f3n.<\/p><p data-pm-slice=\"0 0 []\"><b>Maximiza tus conversiones: <\/b>Las p\u00e1ginas de destino de ClickFunnels est\u00e1n dise\u00f1adas para maximizar las conversiones. Recopila f\u00e1cilmente correos electr\u00f3nicos de tus visitantes ofreciendo recursos gratuitos, seminarios web o promociones. <\/p><p data-pm-slice=\"0 0 []\"><b>Supervisi\u00f3n y optimizaci\u00f3n del rendimiento:<\/b> Mide la eficacia de tus t\u00faneles en tiempo real mediante paneles detallados. Haz un seguimiento de las conversiones, el ROI y los puntos de fricci\u00f3n para perfeccionar tu estrategia. <\/p>\t\t\t\t\t\t\t\t<\/div>\n\t\t\t\t<\/div>\n\t\t\t\t<div class=\"elementor-element elementor-element-8e6b2ac elementor-widget elementor-widget-heading\" data-id=\"8e6b2ac\" data-element_type=\"widget\" data-e-type=\"widget\" data-widget_type=\"heading.default\">\n\t\t\t\t<div class=\"elementor-widget-container\">\n\t\t\t\t\t<h2 class=\"elementor-heading-title elementor-size-default\">\u00bfA qu\u00e9 tipo de usuario se dirige ClickFunnels?<\/h2>\t\t\t\t<\/div>\n\t\t\t\t<\/div>\n\t\t\t\t<div class=\"elementor-element elementor-element-74fec12 elementor-widget elementor-widget-text-editor\" data-id=\"74fec12\" data-element_type=\"widget\" data-e-type=\"widget\" data-widget_type=\"text-editor.default\">\n\t\t\t\t<div class=\"elementor-widget-container\">\n\t\t\t\t\t\t\t\t\t<p data-pm-slice=\"0 0 []\"><strong>ClickFunnels<\/strong> est\u00e1 dirigido principalmente a <strong>emprendedores online<\/strong>, <strong>propietarios de tiendas de comercio electr\u00f3nico<\/strong>, <strong>consultores<\/strong>, <strong>coaches<\/strong>, <strong>conferenciantes<\/strong>, <strong>agencias de marketing<\/strong>, <strong>proveedores de servicios B2B<\/strong> y cualquier empresa que desee mejorar sus <strong>procesos de venta online<\/strong>. Tanto si vendes <strong>productos f\u00edsicos<\/strong> o <strong>digitales<\/strong>, como si ofreces <strong>servicios<\/strong> o generas <strong>clientes potenciales<\/strong>, <strong>ClickFunnels<\/strong> ofrece soluciones adaptadas para crear <strong>t\u00faneles de ventas eficaces<\/strong> y optimizar <strong>las conversiones<\/strong>.<\/p>\t\t\t\t\t\t\t\t<\/div>\n\t\t\t\t<\/div>\n\t\t\t\t\t<\/div>\n\t\t\t\t<\/div>\n\t\t\t\t<\/div>\n\t\t","protected":false},"excerpt":{"rendered":"<p>ClickFunnels es una plataforma de marketing online vers\u00e1til y potente, que ofrece una funcionalidad completa para ayudar a las empresas a crear, gestionar y optimizar sus embudos de ventas. Gracias a su interfaz intuitiva, sus capacidades de personalizaci\u00f3n <\/p>\n<ul>\n<li>P\u00e1ginas de captaci\u00f3n de clientes potenciales<\/li>\n<li>Crear p\u00e1ginas optimizadas<\/li>\n<li>Correos electr\u00f3nicos automatizados<\/li>\n<li>Automatizaci\u00f3n y eficacia<\/li>\n<\/ul>\n","protected":false},"featured_media":31381,"comment_status":"open","ping_status":"closed","template":"","meta":{"_acf_changed":false,"_glsr_average":0,"_glsr_ranking":0,"_glsr_reviews":0},"product_brand":[],"product_cat":[4296],"product_tag":[],"class_list":{"0":"post-30459","1":"product","2":"type-product","3":"status-publish","4":"has-post-thumbnail","6":"product_cat-automatizacion-del-marketing","8":"first","9":"instock","10":"shipping-taxable","11":"product-type-external"},"acf":[],"_links":{"self":[{"href":"https:\/\/boostgrowb.com\/es\/wp-json\/wp\/v2\/product\/30459","targetHints":{"allow":["GET"]}}],"collection":[{"href":"https:\/\/boostgrowb.com\/es\/wp-json\/wp\/v2\/product"}],"about":[{"href":"https:\/\/boostgrowb.com\/es\/wp-json\/wp\/v2\/types\/product"}],"replies":[{"embeddable":true,"href":"https:\/\/boostgrowb.com\/es\/wp-json\/wp\/v2\/comments?post=30459"}],"version-history":[{"count":0,"href":"https:\/\/boostgrowb.com\/es\/wp-json\/wp\/v2\/product\/30459\/revisions"}],"wp:featuredmedia":[{"embeddable":true,"href":"https:\/\/boostgrowb.com\/es\/wp-json\/wp\/v2\/media\/31381"}],"wp:attachment":[{"href":"https:\/\/boostgrowb.com\/es\/wp-json\/wp\/v2\/media?parent=30459"}],"wp:term":[{"taxonomy":"product_brand","embeddable":true,"href":"https:\/\/boostgrowb.com\/es\/wp-json\/wp\/v2\/product_brand?post=30459"},{"taxonomy":"product_cat","embeddable":true,"href":"https:\/\/boostgrowb.com\/es\/wp-json\/wp\/v2\/product_cat?post=30459"},{"taxonomy":"product_tag","embeddable":true,"href":"https:\/\/boostgrowb.com\/es\/wp-json\/wp\/v2\/product_tag?post=30459"}],"curies":[{"name":"wp","href":"https:\/\/api.w.org\/{rel}","templated":true}]}}