{"id":30462,"date":"2024-06-11T16:09:41","date_gmt":"2024-06-11T16:09:41","guid":{"rendered":"https:\/\/boostgrowb.com\/software\/swello\/"},"modified":"2025-07-07T16:13:39","modified_gmt":"2025-07-07T16:13:39","slug":"swello","status":"publish","type":"product","link":"https:\/\/boostgrowb.com\/es\/software\/swello\/","title":{"rendered":"Swello"},"content":{"rendered":"\t\t<div data-elementor-type=\"product-post\" data-elementor-id=\"30462\" class=\"elementor elementor-30462 elementor-1644\" data-elementor-post-type=\"product\">\n\t\t\t\t<div class=\"elementor-element elementor-element-141b0e8 e-flex e-con-boxed wpr-particle-no wpr-jarallax-no wpr-parallax-no wpr-sticky-section-no e-con e-parent\" data-id=\"141b0e8\" data-element_type=\"container\" data-e-type=\"container\">\n\t\t\t\t\t<div class=\"e-con-inner\">\n\t\t\t\t<div class=\"elementor-element elementor-element-b33475d elementor-widget elementor-widget-heading\" data-id=\"b33475d\" data-element_type=\"widget\" data-e-type=\"widget\" data-widget_type=\"heading.default\">\n\t\t\t\t<div class=\"elementor-widget-container\">\n\t\t\t\t\t<h2 class=\"elementor-heading-title elementor-size-default\">\u00bfQu\u00e9 es Swello?<\/h2>\t\t\t\t<\/div>\n\t\t\t\t<\/div>\n\t\t\t\t\t<\/div>\n\t\t\t\t<\/div>\n\t\t<div class=\"elementor-element elementor-element-03c26d3 e-flex e-con-boxed wpr-particle-no wpr-jarallax-no wpr-parallax-no wpr-sticky-section-no e-con e-parent\" data-id=\"03c26d3\" data-element_type=\"container\" data-e-type=\"container\">\n\t\t\t\t\t<div class=\"e-con-inner\">\n\t\t\t\t<div class=\"elementor-element elementor-element-c844798 elementor-widget elementor-widget-text-editor\" data-id=\"c844798\" data-element_type=\"widget\" data-e-type=\"widget\" data-widget_type=\"text-editor.default\">\n\t\t\t\t<div class=\"elementor-widget-container\">\n\t\t\t\t\t\t\t\t\t<p class=\"\" data-start=\"0\" data-end=\"432\">Swello es una plataforma francesa \u00abtodo en uno\u00bb dise\u00f1ada para simplificar la gesti\u00f3n de las redes sociales, tanto si eres aut\u00f3nomo, startup, PYME, agencia o incluso una gran empresa. Gracias a su intuitiva interfaz, 100% en franc\u00e9s, la herramienta te permite programar, organizar y optimizar tus publicaciones en las principales plataformas sociales, como Facebook, Twitter, LinkedIn e Instagram, desde un \u00fanico panel centralizado. <\/p><p class=\"\" data-start=\"434\" data-end=\"943\">La fuerza de Swello reside en su capacidad para ahorrarte un tiempo precioso, al tiempo que maximiza el impacto de tu estrategia en las redes sociales. Puedes planificar tus contenidos con precisi\u00f3n y antelaci\u00f3n, acceder a una vista previa de c\u00f3mo quedar\u00e1n tus posts antes de publicarlos, y colaborar f\u00e1cilmente en equipo gracias a un sistema de validaci\u00f3n integrado. Swello tambi\u00e9n incluye una biblioteca de contenidos, un calendario editorial visual y sugerencias de hashtags optimizados para mejorar tu alcance org\u00e1nico.  <\/p><p class=\"\" data-start=\"945\" data-end=\"1448\">Por \u00faltimo, Swello no se limita a publicar tus contenidos: tambi\u00e9n te ayuda a controlar su rendimiento. La herramienta proporciona estad\u00edsticas claras y detalladas sobre la participaci\u00f3n, el alcance y el rendimiento de tus campa\u00f1as. As\u00ed puedes ajustar tu estrategia en tiempo real, identificar los contenidos m\u00e1s eficaces y reforzar tu presencia digital. Swello es mucho m\u00e1s que una herramienta de planificaci\u00f3n: es un aut\u00e9ntico copiloto para una comunicaci\u00f3n social eficaz y bien controlada.   <\/p>\t\t\t\t\t\t\t\t<\/div>\n\t\t\t\t<\/div>\n\t\t\t\t<div class=\"elementor-element elementor-element-b9effd2 elementor-widget elementor-widget-heading\" data-id=\"b9effd2\" data-element_type=\"widget\" data-e-type=\"widget\" data-widget_type=\"heading.default\">\n\t\t\t\t<div class=\"elementor-widget-container\">\n\t\t\t\t\t<h2 class=\"elementor-heading-title elementor-size-default\">Principales caracter\u00edsticas de Swello  <\/h2>\t\t\t\t<\/div>\n\t\t\t\t<\/div>\n\t\t\t\t<div class=\"elementor-element elementor-element-77d4755 elementor-widget elementor-widget-text-editor\" data-id=\"77d4755\" data-element_type=\"widget\" data-e-type=\"widget\" data-widget_type=\"text-editor.default\">\n\t\t\t\t<div class=\"elementor-widget-container\">\n\t\t\t\t\t\t\t\t\t<p data-pm-slice=\"0 0 []\"><b>Planificaci\u00f3n simplificada:<\/b> programa tus publicaciones en varias redes sociales (Facebook, Twitter, Instagram, LinkedIn) desde un \u00fanico panel de control. <span style=\"text-align: var(--text-align); color: var( --e-global-color-text ); background-color: var( --e-global-color-ca921c0 ); letter-spacing: 0px;\">Visualiza tu calendario editorial a trav\u00e9s de una interfaz clara y f\u00e1cil de usar.<\/span><\/p><p><strong>An\u00e1lisis del rendimiento:<\/strong> Sigue las estad\u00edsticas de tus publicaciones (alcance, compromiso, clics) en tiempo real. Averigua qu\u00e9 contenido est\u00e1 funcionando mejor para que puedas ajustar tu estrategia. <\/p><p><strong>Colaboraci\u00f3n en equipo:<\/strong> Trabaja en equipo utilizando funciones de colaboraci\u00f3n como la validaci\u00f3n de publicaciones o los comentarios internos. <span style=\"text-align: var(--text-align); color: var( --e-global-color-text ); background-color: var( --e-global-color-ca921c0 ); letter-spacing: 0px;\">Asigna funciones y autorizaciones espec\u00edficas a cada miembro de tu equipo.<\/span><\/p><p data-pm-slice=\"0 0 []\"><b>Sugerencias de contenido:<\/b> insp\u00edrate en las tendencias con herramientas que analizan los temas populares y sugieren ideas de contenido adaptadas a tu audiencia.<\/p><p><b>Moderaci\u00f3n y compromiso:<\/b> Responde r\u00e1pidamente a los comentarios y mensajes privados para mantener una relaci\u00f3n s\u00f3lida con tu comunidad. Automatiza ciertas tareas repetitivas para ahorrar tiempo. <\/p>\t\t\t\t\t\t\t\t<\/div>\n\t\t\t\t<\/div>\n\t\t\t\t\t<\/div>\n\t\t\t\t<\/div>\n\t\t\t\t<\/div>\n\t\t","protected":false},"excerpt":{"rendered":"<p>Swello es una plataforma dise\u00f1ada para ayudar a las empresas a gestionar eficazmente su presencia en las redes sociales. Lanzada en Francia, Swello destaca por su facilidad de uso y su s\u00f3lida funcionalidad. <\/p>\n<ul>\n<li class=\"features-part-1__bloc-title sw-secondary\">Programa tus publicaciones<\/li>\n<li class=\"features-part-1__bloc-title sw-secondary\">Gestiona tu comunidad<\/li>\n<li class=\"features-part-1__bloc-title sw-secondary\">Analiza tu impacto<\/li>\n<\/ul>\n","protected":false},"featured_media":30473,"comment_status":"open","ping_status":"closed","template":"","meta":{"_acf_changed":false,"_glsr_average":0,"_glsr_ranking":0,"_glsr_reviews":0},"product_brand":[],"product_cat":[4296],"product_tag":[],"class_list":{"0":"post-30462","1":"product","2":"type-product","3":"status-publish","4":"has-post-thumbnail","6":"product_cat-automatizacion-del-marketing","8":"first","9":"instock","10":"shipping-taxable","11":"product-type-external"},"acf":[],"_links":{"self":[{"href":"https:\/\/boostgrowb.com\/es\/wp-json\/wp\/v2\/product\/30462","targetHints":{"allow":["GET"]}}],"collection":[{"href":"https:\/\/boostgrowb.com\/es\/wp-json\/wp\/v2\/product"}],"about":[{"href":"https:\/\/boostgrowb.com\/es\/wp-json\/wp\/v2\/types\/product"}],"replies":[{"embeddable":true,"href":"https:\/\/boostgrowb.com\/es\/wp-json\/wp\/v2\/comments?post=30462"}],"version-history":[{"count":0,"href":"https:\/\/boostgrowb.com\/es\/wp-json\/wp\/v2\/product\/30462\/revisions"}],"wp:featuredmedia":[{"embeddable":true,"href":"https:\/\/boostgrowb.com\/es\/wp-json\/wp\/v2\/media\/30473"}],"wp:attachment":[{"href":"https:\/\/boostgrowb.com\/es\/wp-json\/wp\/v2\/media?parent=30462"}],"wp:term":[{"taxonomy":"product_brand","embeddable":true,"href":"https:\/\/boostgrowb.com\/es\/wp-json\/wp\/v2\/product_brand?post=30462"},{"taxonomy":"product_cat","embeddable":true,"href":"https:\/\/boostgrowb.com\/es\/wp-json\/wp\/v2\/product_cat?post=30462"},{"taxonomy":"product_tag","embeddable":true,"href":"https:\/\/boostgrowb.com\/es\/wp-json\/wp\/v2\/product_tag?post=30462"}],"curies":[{"name":"wp","href":"https:\/\/api.w.org\/{rel}","templated":true}]}}