{"id":30464,"date":"2024-06-11T08:54:37","date_gmt":"2024-06-11T08:54:37","guid":{"rendered":"https:\/\/boostgrowb.com\/software\/libros-rapidos\/"},"modified":"2026-02-15T14:03:29","modified_gmt":"2026-02-15T14:03:29","slug":"libros-rapidos","status":"publish","type":"product","link":"https:\/\/boostgrowb.com\/es\/software\/libros-rapidos\/","title":{"rendered":"Libros r\u00e1pidos"},"content":{"rendered":"\t\t<div data-elementor-type=\"product-post\" data-elementor-id=\"30464\" class=\"elementor elementor-30464 elementor-1502\" data-elementor-post-type=\"product\">\n\t\t\t\t<div class=\"elementor-element elementor-element-053b5b7 e-flex e-con-boxed wpr-particle-no wpr-jarallax-no wpr-parallax-no wpr-sticky-section-no e-con e-parent\" data-id=\"053b5b7\" data-element_type=\"container\" data-e-type=\"container\">\n\t\t\t\t\t<div class=\"e-con-inner\">\n\t\t\t\t<div class=\"elementor-element elementor-element-b218484 elementor-widget elementor-widget-heading\" data-id=\"b218484\" data-element_type=\"widget\" data-e-type=\"widget\" data-widget_type=\"heading.default\">\n\t\t\t\t<div class=\"elementor-widget-container\">\n\t\t\t\t\t<h2 class=\"elementor-heading-title elementor-size-default\">\u00bfQu\u00e9 es Quick Books?<\/h2>\t\t\t\t<\/div>\n\t\t\t\t<\/div>\n\t\t\t\t\t<\/div>\n\t\t\t\t<\/div>\n\t\t<div class=\"elementor-element elementor-element-0beeaad e-flex e-con-boxed wpr-particle-no wpr-jarallax-no wpr-parallax-no wpr-sticky-section-no e-con e-parent\" data-id=\"0beeaad\" data-element_type=\"container\" data-e-type=\"container\">\n\t\t\t\t\t<div class=\"e-con-inner\">\n\t\t\t\t<div class=\"elementor-element elementor-element-d0cf274 elementor-widget elementor-widget-text-editor\" data-id=\"d0cf274\" data-element_type=\"widget\" data-e-type=\"widget\" data-widget_type=\"text-editor.default\">\n\t\t\t\t<div class=\"elementor-widget-container\">\n\t\t\t\t\t\t\t\t\t<p data-pm-slice=\"1 1 []\"><strong>QuickBooks<\/strong> es un paquete de software de contabilidad de Intuit que se ha consolidado como una soluci\u00f3n esencial para <strong>las peque\u00f1as y medianas empresas<\/strong> (PYMES) y los <strong>aut\u00f3nomos<\/strong>. Con su interfaz intuitiva y su completa funcionalidad, QuickBooks <strong>facilita a<\/strong> los usuarios la <strong>gesti\u00f3n de sus finanzas<\/strong>, el <strong>seguimiento de sus facturas<\/strong> y el <strong>ahorro de tiempo en tareas administrativas<\/strong>. Este software es ideal para quienes quieren llevar un control de sus cuentas sin ser necesariamente expertos en la materia.  <\/p><p data-pm-slice=\"1 1 []\">Elegir <strong>QuickBooks<\/strong> significa optar por una soluci\u00f3n de contabilidad que pone la eficiencia y la sencillez en el centro de tu negocio. Tanto si <strong>eres aut\u00f3nomo<\/strong> como si diriges una <strong>PYME<\/strong>, QuickBooks te ofrece potentes herramientas para llevar el control de tus finanzas sin problemas. Gracias a una <strong>interfaz f\u00e1cil de usar<\/strong>, puedes automatizar tus tareas contables, gestionar tus gastos y ahorrar un tiempo precioso, al tiempo que te aseguras de <strong>seguir cumpliendo con tus obligaciones fiscales<\/strong>.  <\/p><p data-pm-slice=\"1 1 []\"><strong>QuickBooks<\/strong> destaca por su capacidad para <strong>simplificar la gesti\u00f3n financiera<\/strong>, al tiempo que ofrece una amplia funcionalidad adaptada a las necesidades de las peque\u00f1as empresas. A diferencia de muchos otros paquetes de contabilidad, QuickBooks est\u00e1 dise\u00f1ado para ser <strong>accesible a todo el mundo<\/strong>, incluso a quienes no tienen experiencia en contabilidad. Con herramientas de <strong>control financiero en tiempo real<\/strong>, informes personalizables y una <strong>interfaz f\u00e1cil de usar<\/strong>, QuickBooks convierte la contabilidad en una tarea r\u00e1pida y sencilla.  <\/p>\t\t\t\t\t\t\t\t<\/div>\n\t\t\t\t<\/div>\n\t\t\t\t<div class=\"elementor-element elementor-element-ff016f5 elementor-widget elementor-widget-heading\" data-id=\"ff016f5\" data-element_type=\"widget\" data-e-type=\"widget\" data-widget_type=\"heading.default\">\n\t\t\t\t<div class=\"elementor-widget-container\">\n\t\t\t\t\t<h2 class=\"elementor-heading-title elementor-size-default\">\u00bfCu\u00e1les son las principales funciones de Quick Books?<\/h2>\t\t\t\t<\/div>\n\t\t\t\t<\/div>\n\t\t\t\t<div class=\"elementor-element elementor-element-1ce4651 elementor-widget elementor-widget-text-editor\" data-id=\"1ce4651\" data-element_type=\"widget\" data-e-type=\"widget\" data-widget_type=\"text-editor.default\">\n\t\t\t\t<div class=\"elementor-widget-container\">\n\t\t\t\t\t\t\t\t\t<ol start=\"1\" data-spread=\"true\" data-pm-slice=\"3 3 []\"><li><p>QuickBooks te permite <strong>hacer<\/strong> un seguimiento de todas tus transacciones financieras. Ofrece <strong>cuadros de mando en tiempo real<\/strong> para que no pierdas de vista tu actividad financiera. Tanto si quieres conocer tu saldo bancario, revisar tus gastos o generar informes financieros, QuickBooks est\u00e1 dise\u00f1ado para proporcionarte <strong>informaci\u00f3n clara y precisa<\/strong>.  <\/p><\/li><li><p><strong>Facturaci\u00f3n y pagos : La automatizaci\u00f3n hecha f\u00e1cil<\/strong> Crear <strong>facturas personalizadas<\/strong> es f\u00e1cil con QuickBooks. No s\u00f3lo puedes enviar facturas a tus clientes, sino que tambi\u00e9n puedes aceptar pagos directamente a trav\u00e9s de la plataforma. Esto <strong>reduce los plazos de pago<\/strong> y facilita el seguimiento de qui\u00e9n te debe qu\u00e9.  <\/p><\/li><li><p><strong>Seguimiento de gastos e ingresos: optimiza tu gesti\u00f3n<\/strong> QuickBooks simplifica el <strong>seguimiento de los gastos<\/strong> permiti\u00e9ndote vincular tus cuentas bancarias y tarjetas de cr\u00e9dito y clasificar autom\u00e1ticamente cada gasto. Con s\u00f3lo unos clics, puedes ver tus ingresos y gastos, y <strong>gestionar mejor tu tesorer\u00eda<\/strong>. <\/p><\/li><li><p><strong>Gesti\u00f3n de impuestos :<\/strong> Aseg\u00farate <strong>de cumplir la<\/strong> normativa Con las funciones avanzadas <strong>de c\u00e1lculo de impuestos<\/strong>, QuickBooks te ayuda a cumplir la normativa fiscal. Tanto si se trata de declaraciones de IVA como de otras obligaciones fiscales, todo est\u00e1 automatizado y centralizado, lo que reduce el riesgo de errores. <\/p><\/li><li><p><strong>Informes financieros: datos para ayudarte a tomar las decisiones correctas<\/strong> QuickBooks te da acceso a <strong>informes detallados<\/strong> para ayudarte a comprender mejor la salud financiera de tu empresa. Estos informes incluyen balances, cuentas de resultados y otros indicadores clave, lo que te permite <strong>tomar decisiones informadas<\/strong> para desarrollar tu negocio. <\/p><\/li><\/ol>\t\t\t\t\t\t\t\t<\/div>\n\t\t\t\t<\/div>\n\t\t\t\t<div class=\"elementor-element elementor-element-e1e79f9 elementor-widget elementor-widget-heading\" data-id=\"e1e79f9\" data-element_type=\"widget\" data-e-type=\"widget\" data-widget_type=\"heading.default\">\n\t\t\t\t<div class=\"elementor-widget-container\">\n\t\t\t\t\t<h2 class=\"elementor-heading-title elementor-size-default\">\u00bfCu\u00e1les son las ventajas de utilizar Quick Books?<\/h2>\t\t\t\t<\/div>\n\t\t\t\t<\/div>\n\t\t\t\t<div class=\"elementor-element elementor-element-7593daf elementor-widget elementor-widget-text-editor\" data-id=\"7593daf\" data-element_type=\"widget\" data-e-type=\"widget\" data-widget_type=\"text-editor.default\">\n\t\t\t\t<div class=\"elementor-widget-container\">\n\t\t\t\t\t\t\t\t\t<ul data-spread=\"false\" data-pm-slice=\"3 3 []\"><li><p><strong>Ahorro de tiempo<\/strong>: con QuickBooks, <strong>las tediosas tareas manuales son cosa del pasado<\/strong>. Las funciones automatizadas te permiten ahorrar tiempo en actividades repetitivas, d\u00e1ndote m\u00e1s tiempo para concentrarte en hacer crecer tu negocio. <\/p><\/li><li><p><strong>Acceso en cualquier momento<\/strong>: QuickBooks es una <strong>soluci\u00f3n en la nube<\/strong>, lo que significa que puedes acceder a tus datos desde cualquier lugar, en cualquier dispositivo conectado. Esto facilita la <strong>colaboraci\u00f3n con tu contable<\/strong> u otros miembros de tu equipo. <\/p><\/li><li><p><strong>Cumplimiento fiscal m\u00e1s f\u00e1cil<\/strong>: El programa est\u00e1 dise\u00f1ado para ayudarte a cumplir las obligaciones <strong>fiscales<\/strong>, proporcion\u00e1ndote herramientas para automatizar los c\u00e1lculos fiscales y preparar tus declaraciones de la renta con facilidad.<\/p><\/li><li><p><strong>Interfaz intuitiva<\/strong>: QuickBooks es f\u00e1cil de manejar, incluso sin tener conocimientos profundos de contabilidad. Su interfaz clara e intuitiva facilita la navegaci\u00f3n y la gesti\u00f3n de las finanzas, incluso a los principiantes. <\/p><\/li><li><p><strong>Asistencia al cliente y comunidad<\/strong>: QuickBooks ofrece <strong>una asistencia al cliente especializada<\/strong> y una gran <strong>comunidad de usuarios<\/strong>. Esto significa que puedes obtener r\u00e1pidamente respuestas a tus preguntas y sacar el m\u00e1ximo partido del software. <\/p><\/li><\/ul>\t\t\t\t\t\t\t\t<\/div>\n\t\t\t\t<\/div>\n\t\t\t\t<div class=\"elementor-element elementor-element-d92e9c1 elementor-widget elementor-widget-heading\" data-id=\"d92e9c1\" data-element_type=\"widget\" data-e-type=\"widget\" data-widget_type=\"heading.default\">\n\t\t\t\t<div class=\"elementor-widget-container\">\n\t\t\t\t\t<h2 class=\"elementor-heading-title elementor-size-default\">\u00bfQui\u00e9nes son los usuarios de Quick Books?<\/h2>\t\t\t\t<\/div>\n\t\t\t\t<\/div>\n\t\t\t\t<div class=\"elementor-element elementor-element-8df3e82 elementor-widget elementor-widget-text-editor\" data-id=\"8df3e82\" data-element_type=\"widget\" data-e-type=\"widget\" data-widget_type=\"text-editor.default\">\n\t\t\t\t<div class=\"elementor-widget-container\">\n\t\t\t\t\t\t\t\t\t<ul data-spread=\"false\" data-pm-slice=\"3 1 []\"><li><p><strong>Aut\u00f3nomos y trabajadores por cuenta propia<\/strong>: QuickBooks es la soluci\u00f3n perfecta para los <strong>aut\u00f3nomos<\/strong> que quieren llevar un control de sus facturas, pagos y gastos, y al mismo tiempo poder preparar sus declaraciones fiscales f\u00e1cilmente.<\/p><\/li><li><p><strong>Peque\u00f1as empresas<\/strong>: Para <strong>las PYMES<\/strong>, QuickBooks ofrece una soluci\u00f3n completa para gestionar la contabilidad, la facturaci\u00f3n y el seguimiento de los pagos. Las peque\u00f1as empresas pueden automatizar f\u00e1cilmente sus procesos administrativos y concentrarse en su actividad principal. <\/p><\/li><li><p><strong>Minoristas<\/strong> y <strong>artesanos<\/strong>: <strong>Los minoristas<\/strong> y <strong>artesanos<\/strong> encontrar\u00e1n en QuickBooks una forma sencilla de gestionar sus ventas, existencias y finanzas. Gracias a la movilidad que ofrece la soluci\u00f3n en la nube, pueden llevar el control de su negocio incluso cuando se desplazan. <\/p><\/li><li><p><strong>Contables<\/strong>: <strong>Los contables<\/strong> tambi\u00e9n utilizan QuickBooks para gestionar las cuentas de sus clientes, gracias a sus funciones avanzadas de elaboraci\u00f3n de informes y al acceso multiusuario que fomenta la colaboraci\u00f3n.<\/p><\/li><\/ul>\t\t\t\t\t\t\t\t<\/div>\n\t\t\t\t<\/div>\n\t\t\t\t\t<\/div>\n\t\t\t\t<\/div>\n\t\t\t\t<\/div>\n\t\t","protected":false},"excerpt":{"rendered":"<p>Quick Books es una soluci\u00f3n de contabilidad online completa y potente, ideal para peque\u00f1as y medianas empresas. Su funcionalidad avanzada y su combinaci\u00f3n de facilidad de uso, eficacia y seguridad la convierten en una herramienta esencial para cualquier empresa que desee optimizar su contabilidad. <\/p>\n<ul>\n<li>Cuadro de mando financiero<\/li>\n<li>Informes personalizados<\/li>\n<li>Integraci\u00f3n con otras herramientas<\/li>\n<li>Tratamiento de salarios<\/li>\n<\/ul>\n","protected":false},"featured_media":30479,"comment_status":"open","ping_status":"closed","template":"","meta":{"_acf_changed":false,"_glsr_average":0,"_glsr_ranking":0,"_glsr_reviews":0},"product_brand":[],"product_cat":[4409],"product_tag":[],"class_list":{"0":"post-30464","1":"product","2":"type-product","3":"status-publish","4":"has-post-thumbnail","6":"product_cat-software-de-contabilidad","8":"first","9":"instock","10":"shipping-taxable","11":"product-type-external"},"acf":[],"_links":{"self":[{"href":"https:\/\/boostgrowb.com\/es\/wp-json\/wp\/v2\/product\/30464","targetHints":{"allow":["GET"]}}],"collection":[{"href":"https:\/\/boostgrowb.com\/es\/wp-json\/wp\/v2\/product"}],"about":[{"href":"https:\/\/boostgrowb.com\/es\/wp-json\/wp\/v2\/types\/product"}],"replies":[{"embeddable":true,"href":"https:\/\/boostgrowb.com\/es\/wp-json\/wp\/v2\/comments?post=30464"}],"version-history":[{"count":0,"href":"https:\/\/boostgrowb.com\/es\/wp-json\/wp\/v2\/product\/30464\/revisions"}],"wp:featuredmedia":[{"embeddable":true,"href":"https:\/\/boostgrowb.com\/es\/wp-json\/wp\/v2\/media\/30479"}],"wp:attachment":[{"href":"https:\/\/boostgrowb.com\/es\/wp-json\/wp\/v2\/media?parent=30464"}],"wp:term":[{"taxonomy":"product_brand","embeddable":true,"href":"https:\/\/boostgrowb.com\/es\/wp-json\/wp\/v2\/product_brand?post=30464"},{"taxonomy":"product_cat","embeddable":true,"href":"https:\/\/boostgrowb.com\/es\/wp-json\/wp\/v2\/product_cat?post=30464"},{"taxonomy":"product_tag","embeddable":true,"href":"https:\/\/boostgrowb.com\/es\/wp-json\/wp\/v2\/product_tag?post=30464"}],"curies":[{"name":"wp","href":"https:\/\/api.w.org\/{rel}","templated":true}]}}