{"id":30467,"date":"2024-06-11T16:09:06","date_gmt":"2024-06-11T16:09:06","guid":{"rendered":"https:\/\/boostgrowb.com\/software\/keap\/"},"modified":"2025-07-07T16:13:39","modified_gmt":"2025-07-07T16:13:39","slug":"keap","status":"publish","type":"product","link":"https:\/\/boostgrowb.com\/es\/software\/keap\/","title":{"rendered":"Keap"},"content":{"rendered":"\t\t<div data-elementor-type=\"product-post\" data-elementor-id=\"30467\" class=\"elementor elementor-30467 elementor-1643\" data-elementor-post-type=\"product\">\n\t\t\t\t<div class=\"elementor-element elementor-element-faa8fc7 e-flex e-con-boxed wpr-particle-no wpr-jarallax-no wpr-parallax-no wpr-sticky-section-no e-con e-parent\" data-id=\"faa8fc7\" data-element_type=\"container\" data-e-type=\"container\">\n\t\t\t\t\t<div class=\"e-con-inner\">\n\t\t\t\t<div class=\"elementor-element elementor-element-4999cf4 elementor-widget elementor-widget-heading\" data-id=\"4999cf4\" data-element_type=\"widget\" data-e-type=\"widget\" data-widget_type=\"heading.default\">\n\t\t\t\t<div class=\"elementor-widget-container\">\n\t\t\t\t\t<h2 class=\"elementor-heading-title elementor-size-default\">\n\u00bfQu\u00e9 es Keap?<\/h2>\t\t\t\t<\/div>\n\t\t\t\t<\/div>\n\t\t\t\t\t<\/div>\n\t\t\t\t<\/div>\n\t\t<div class=\"elementor-element elementor-element-ed14b96 e-flex e-con-boxed wpr-particle-no wpr-jarallax-no wpr-parallax-no wpr-sticky-section-no e-con e-parent\" data-id=\"ed14b96\" data-element_type=\"container\" data-e-type=\"container\">\n\t\t\t\t\t<div class=\"e-con-inner\">\n\t\t\t\t<div class=\"elementor-element elementor-element-749c405 elementor-widget elementor-widget-text-editor\" data-id=\"749c405\" data-element_type=\"widget\" data-e-type=\"widget\" data-widget_type=\"text-editor.default\">\n\t\t\t\t<div class=\"elementor-widget-container\">\n\t\t\t\t\t\t\t\t\t<p class=\"\" data-start=\"0\" data-end=\"619\"><strong data-start=\"0\" data-end=\"8\">Keap<\/strong> es una <strong data-start=\"17\" data-end=\"33\">soluci\u00f3n de CRM<\/strong> y<strong data-start=\"39\" data-end=\"70\" data-is-only-node=\"\">automatizaci\u00f3n del marketing<\/strong> dise\u00f1ada espec\u00edficamente para <strong data-start=\"100\" data-end=\"123\">peque\u00f1as empresas<\/strong> y <strong data-start=\"131\" data-end=\"148\">empresarios<\/strong> que buscan simplificar la gesti\u00f3n de <strong data-start=\"196\" data-end=\"208\">contactos<\/strong> y <strong data-start=\"214\" data-end=\"240\">optimizar las ventas<\/strong>. Anteriormente conocida como<strong data-start=\"275\" data-end=\"291\">Infusionsoft<\/strong>, Keap ofrece una <strong data-start=\"308\" data-end=\"333\">plataforma todo en uno<\/strong> para gestionar eficazmente <strong data-start=\"371\" data-end=\"380\">clientes potenciales<\/strong>, <strong data-start=\"386\" data-end=\"397\">clientes<\/strong> y <strong data-start=\"405\" data-end=\"428\">campa\u00f1as de marketing<\/strong> desde una \u00fanica interfaz <strong data-start=\"460\" data-end=\"473\">intuitiva<\/strong>. Keap permite automatizar tareas repetitivas, al tiempo que mejora <strong data-start=\"572\" data-end=\"591\">la relaci\u00f3n con los clientes<\/strong> y <strong data-start=\"598\" data-end=\"618\">ahorra tiempo<\/strong>.  <\/p><p class=\"\" data-start=\"621\" data-end=\"1209\">Una de las principales ventajas de Keap es su capacidad para <strong data-start=\"685\" data-end=\"732\">centralizar toda la informaci\u00f3n de los clientes<\/strong> y <strong data-start=\"738\" data-end=\"777\">automatizar procesos complejos<\/strong>. Los usuarios pueden rastrear f\u00e1cilmente <strong data-start=\"826\" data-end=\"842\">las interacciones<\/strong> con los clientes potenciales, <strong data-start=\"863\" data-end=\"899\">personalizar las comunicaciones<\/strong> y automatizar <strong data-start=\"919\" data-end=\"938\">el seguimiento de las ventas<\/strong> para no perder nunca una oportunidad. Con herramientas de<strong data-start=\"1007\" data-end=\"1033\">automatizaci\u00f3n avanzadas<\/strong>, Keap simplifica las tareas administrativas y permite a los equipos centrarse en lo que realmente importa: <strong data-start=\"1154\" data-end=\"1179\">aumentar los ingresos<\/strong> y <strong data-start=\"1183\" data-end=\"1208\">retener a los clientes<\/strong>.  <\/p><p class=\"\" data-start=\"1211\" data-end=\"1851\">Keap no es s\u00f3lo un <strong data-start=\"1239\" data-end=\"1246\">CRM<\/strong> cl\u00e1sico, es una plataforma que te ayuda a <strong data-start=\"1295\" data-end=\"1336\">impulsar el rendimiento de tus ventas<\/strong>. Con potentes herramientas <strong data-start=\"1367\" data-end=\"1400\">de gesti\u00f3n de las relaciones con los clientes<\/strong>, <strong data-start=\"1406\" data-end=\"1429\">an\u00e1lisis detallados<\/strong> de las campa\u00f1as de marketing y funciones adaptadas a cada etapa del recorrido del cliente, Keap proporciona una <strong data-start=\"1536\" data-end=\"1553\">visi\u00f3n clara de<\/strong> las acciones que debes emprender para mejorar la <strong data-start=\"1599\" data-end=\"1614\">rentabilidad<\/strong> de tu empresa. Si eres una peque\u00f1a empresa que busca <strong data-start=\"1683\" data-end=\"1710\">optimizar sus procesos<\/strong> y <strong data-start=\"1716\" data-end=\"1746\">acelerar su crecimiento<\/strong>, Keap es la herramienta ideal para ayudarte a automatizar, organizar e <strong data-start=\"1815\" data-end=\"1837\">impulsar tus ventas<\/strong> con eficacia.  <\/p>\t\t\t\t\t\t\t\t<\/div>\n\t\t\t\t<\/div>\n\t\t\t\t<div class=\"elementor-element elementor-element-d45c99c elementor-widget elementor-widget-heading\" data-id=\"d45c99c\" data-element_type=\"widget\" data-e-type=\"widget\" data-widget_type=\"heading.default\">\n\t\t\t\t<div class=\"elementor-widget-container\">\n\t\t\t\t\t<h2 class=\"elementor-heading-title elementor-size-default\">Los 5 activos clave de Keap<\/h2>\t\t\t\t<\/div>\n\t\t\t\t<\/div>\n\t\t\t\t<div class=\"elementor-element elementor-element-76dc175 elementor-widget elementor-widget-text-editor\" data-id=\"76dc175\" data-element_type=\"widget\" data-e-type=\"widget\" data-widget_type=\"text-editor.default\">\n\t\t\t\t<div class=\"elementor-widget-container\">\n\t\t\t\t\t\t\t\t\t<ul><li data-start=\"41\" data-end=\"363\"><strong data-start=\"41\" data-end=\"75\">Automatizaci\u00f3n del marketing: <\/strong>Keap automatiza <strong data-start=\"108\" data-end=\"128\">las tareas<\/strong> repetitivas <strong data-start=\"108\" data-end=\"128\">de marketing<\/strong>, como el env\u00edo de correos electr\u00f3nicos, el seguimiento de clientes potenciales y la gesti\u00f3n de campa\u00f1as. Esta automatizaci\u00f3n permite a las empresas <strong data-start=\"270\" data-end=\"289\">ahorrar tiempo<\/strong> y mantener un contacto constante con los clientes, sin ning\u00fan esfuerzo manual. <\/li><\/ul><div> <\/div><ul><li data-start=\"365\" data-end=\"688\"><strong data-start=\"365\" data-end=\"403\">Gesti\u00f3n de contactos simplificada: <\/strong>Con Keap, puedes <strong data-start=\"429\" data-end=\"476\">centralizar toda la informaci\u00f3n de tus clientes<\/strong> en una \u00fanica interfaz. Esto facilita el seguimiento de <strong data-start=\"540\" data-end=\"556\">las interacciones<\/strong>, el <strong data-start=\"562\" data-end=\"595\">historial de comunicaci\u00f3n<\/strong> y <strong data-start=\"603\" data-end=\"628\">las oportunidades de venta<\/strong>, para ofrecer una experiencia m\u00e1s personalizada y receptiva. <\/li><\/ul><div> <\/div><ul><li data-start=\"690\" data-end=\"1053\"><strong data-start=\"690\" data-end=\"722\">Seguimiento eficaz de las ventas: <\/strong>Keap permite realizar un seguimiento de <strong data-start=\"751\" data-end=\"760\">los clientes potenciales<\/strong> a lo largo del <strong data-start=\"777\" data-end=\"798\">proceso de ventas<\/strong>, automatizando el proceso de gesti\u00f3n de clientes potenciales. Con herramientas de <strong data-start=\"878\" data-end=\"898\">seguimiento de tareas<\/strong>, recordatorios y notificaciones autom\u00e1ticas, los equipos de ventas pueden centrarse en lo que importa: <strong data-start=\"1014\" data-end=\"1052\">convertir clientes potenciales en clientes<\/strong>. <\/li><\/ul><div> <\/div><ul><li data-start=\"1055\" data-end=\"1391\"><strong data-start=\"1055\" data-end=\"1089\">Integraciones y flexibilidad: <\/strong>Keap se integra f\u00e1cilmente con muchas <strong data-start=\"1135\" data-end=\"1151\">herramientas de terceros<\/strong>, como <strong data-start=\"1158\" data-end=\"1168\">Zapier<\/strong>, <strong data-start=\"1170\" data-end=\"1179\">Gmail<\/strong> y <strong data-start=\"1184\" data-end=\"1198\">QuickBooks<\/strong>, lo que te permite conectar la plataforma a otras aplicaciones que ya utilices, ofreciendo <strong data-start=\"1307\" data-end=\"1331\" data-is-only-node=\"\">la m\u00e1xima flexibilidad<\/strong> para adaptarla a las necesidades espec\u00edficas de tu negocio.<\/li><\/ul><div> <\/div><ul><li data-start=\"1393\" data-end=\"1753\"><strong data-start=\"1393\" data-end=\"1430\">An\u00e1lisis e informes detallados: <\/strong>mediante herramientas <strong data-start=\"1455\" data-end=\"1476\">avanzadas de elaboraci\u00f3n de informes<\/strong>, Keap proporciona <strong data-start=\"1495\" data-end=\"1521\">an\u00e1lisis en tiempo real<\/strong> para supervisar el rendimiento de las campa\u00f1as, evaluar el retorno de la inversi\u00f3n (ROI) y ajustar las estrategias de ventas y marketing en funci\u00f3n de los resultados obtenidos, lo que permite optimizar continuamente los procesos.<\/li><\/ul>\t\t\t\t\t\t\t\t<\/div>\n\t\t\t\t<\/div>\n\t\t\t\t<div class=\"elementor-element elementor-element-cd9630c elementor-widget elementor-widget-heading\" data-id=\"cd9630c\" data-element_type=\"widget\" data-e-type=\"widget\" data-widget_type=\"heading.default\">\n\t\t\t\t<div class=\"elementor-widget-container\">\n\t\t\t\t\t<h2 class=\"elementor-heading-title elementor-size-default\">\u00bfCu\u00e1les son las ventajas de utilizar Keap?<\/h2>\t\t\t\t<\/div>\n\t\t\t\t<\/div>\n\t\t\t\t<div class=\"elementor-element elementor-element-e20c1ec elementor-widget elementor-widget-text-editor\" data-id=\"e20c1ec\" data-element_type=\"widget\" data-e-type=\"widget\" data-widget_type=\"text-editor.default\">\n\t\t\t\t<div class=\"elementor-widget-container\">\n\t\t\t\t\t\t\t\t\t<ul><li><strong>Mejora de la productividad<\/strong>: con Keap, centralizas todos tus datos de clientes y marketing en un solo lugar, simplificando el trabajo de tus equipos. Puedes <strong>controlar las interacciones con los clientes<\/strong> en tiempo real y adaptar tus acciones a las necesidades de tus clientes potenciales. <\/li><\/ul><div> <\/div><ul><li><p><strong>Optimizaci\u00f3n de las ventas<\/strong>: Keap te ayuda a hacer un seguimiento de las oportunidades de venta y a <strong>convertir m\u00e1s clientes potenciales en clientes<\/strong> con sus herramientas de automatizaci\u00f3n de ventas y su avanzado sistema de gesti\u00f3n de contactos.<\/p><\/li><li><p><strong>Personalizaci\u00f3n de campa\u00f1as<\/strong>: Con Keap, puedes segmentar tus contactos y crear campa\u00f1as personalizadas que respondan a las expectativas espec\u00edficas de cada grupo, aumentando tus posibilidades de conversi\u00f3n.<\/p><\/li><li><p><strong>Visibilidad total del rendimiento<\/strong>: Con sus <strong>informes en tiempo real<\/strong>, Keap te da una visibilidad completa de tus esfuerzos de marketing y ventas, permiti\u00e9ndote tomar <strong>decisiones informadas<\/strong> basadas en datos precisos.<\/p><\/li><\/ul>\t\t\t\t\t\t\t\t<\/div>\n\t\t\t\t<\/div>\n\t\t\t\t\t<\/div>\n\t\t\t\t<\/div>\n\t\t<div class=\"elementor-element elementor-element-a422585 e-flex e-con-boxed wpr-particle-no wpr-jarallax-no wpr-parallax-no wpr-sticky-section-no e-con e-parent\" data-id=\"a422585\" data-element_type=\"container\" data-e-type=\"container\">\n\t\t\t\t\t<div class=\"e-con-inner\">\n\t\t\t\t<div class=\"elementor-element elementor-element-bc9727c elementor-widget elementor-widget-heading\" data-id=\"bc9727c\" data-element_type=\"widget\" data-e-type=\"widget\" data-widget_type=\"heading.default\">\n\t\t\t\t<div class=\"elementor-widget-container\">\n\t\t\t\t\t<h2 class=\"elementor-heading-title elementor-size-default\">Conclusi\u00f3n<\/h2>\t\t\t\t<\/div>\n\t\t\t\t<\/div>\n\t\t\t\t<div class=\"elementor-element elementor-element-c60876c elementor-widget elementor-widget-text-editor\" data-id=\"c60876c\" data-element_type=\"widget\" data-e-type=\"widget\" data-widget_type=\"text-editor.default\">\n\t\t\t\t<div class=\"elementor-widget-container\">\n\t\t\t\t\t\t\t\t\t<p>Keap es el CRM perfecto para <strong data-start=\"33\" data-end=\"56\">peque\u00f1as empresas<\/strong> y <strong data-start=\"60\" data-end=\"77\">empresarios<\/strong> que buscan simplificar y optimizar sus <strong data-start=\"122\" data-end=\"147\">procesos de ventas<\/strong>. Con sus funciones<strong data-start=\"179\" data-end=\"210\">de automatizaci\u00f3n del marketing<\/strong>, <strong data-start=\"215\" data-end=\"251\">gesti\u00f3n centralizada de contactos<\/strong> y potentes <strong data-start=\"260\" data-end=\"290\">herramientas de seguimiento<\/strong> e <strong data-start=\"297\" data-end=\"310\">informes de<\/strong> <strong data-start=\"260\" data-end=\"290\">ventas<\/strong>, Keap te ayuda a <strong data-start=\"344\" data-end=\"363\">ahorrar tiempo<\/strong>,<strong data-start=\"367\" data-end=\"397\">aumentar la eficacia<\/strong> y <strong data-start=\"404\" data-end=\"436\">fortalecer las relaciones con los clientes<\/strong>. Si buscas <strong data-start=\"457\" data-end=\"487\">acelerar tu crecimiento<\/strong>, <strong data-start=\"489\" data-end=\"511\">impulsar tus ventas<\/strong> y <strong data-start=\"515\" data-end=\"547\">mejorar tu productividad<\/strong>, Keap te ofrece una soluci\u00f3n <strong data-start=\"575\" data-end=\"588\">intuitiva<\/strong> y <strong data-start=\"592\" data-end=\"604\">completa<\/strong> que te apoya en todo tu desarrollo.  <\/p>\t\t\t\t\t\t\t\t<\/div>\n\t\t\t\t<\/div>\n\t\t\t\t\t<\/div>\n\t\t\t\t<\/div>\n\t\t\t\t<\/div>\n\t\t","protected":false},"excerpt":{"rendered":"<p>Keap te ayuda a crear crecimiento, beneficios y libertad con un software que automatiza todo tu negocio, proporcion\u00e1ndote servicios de implantaci\u00f3n y asesoramiento estrat\u00e9gico experto.<\/p>\n<ul>\n<li>Automatizaci\u00f3n del marketing<\/li>\n<li>Comercio electr\u00f3nico integrado<\/li>\n<li>Flujos de trabajo personalizados<\/li>\n<li>Gesti\u00f3n de ventas<\/li>\n<\/ul>\n","protected":false},"featured_media":30470,"comment_status":"open","ping_status":"closed","template":"","meta":{"_acf_changed":false,"_glsr_average":0,"_glsr_ranking":0,"_glsr_reviews":0},"product_brand":[],"product_cat":[4296,4228],"product_tag":[],"class_list":{"0":"post-30467","1":"product","2":"type-product","3":"status-publish","4":"has-post-thumbnail","6":"product_cat-automatizacion-del-marketing","7":"product_cat-gestion-de-proyectos","9":"first","10":"instock","11":"shipping-taxable","12":"product-type-external"},"acf":[],"_links":{"self":[{"href":"https:\/\/boostgrowb.com\/es\/wp-json\/wp\/v2\/product\/30467","targetHints":{"allow":["GET"]}}],"collection":[{"href":"https:\/\/boostgrowb.com\/es\/wp-json\/wp\/v2\/product"}],"about":[{"href":"https:\/\/boostgrowb.com\/es\/wp-json\/wp\/v2\/types\/product"}],"replies":[{"embeddable":true,"href":"https:\/\/boostgrowb.com\/es\/wp-json\/wp\/v2\/comments?post=30467"}],"version-history":[{"count":0,"href":"https:\/\/boostgrowb.com\/es\/wp-json\/wp\/v2\/product\/30467\/revisions"}],"wp:featuredmedia":[{"embeddable":true,"href":"https:\/\/boostgrowb.com\/es\/wp-json\/wp\/v2\/media\/30470"}],"wp:attachment":[{"href":"https:\/\/boostgrowb.com\/es\/wp-json\/wp\/v2\/media?parent=30467"}],"wp:term":[{"taxonomy":"product_brand","embeddable":true,"href":"https:\/\/boostgrowb.com\/es\/wp-json\/wp\/v2\/product_brand?post=30467"},{"taxonomy":"product_cat","embeddable":true,"href":"https:\/\/boostgrowb.com\/es\/wp-json\/wp\/v2\/product_cat?post=30467"},{"taxonomy":"product_tag","embeddable":true,"href":"https:\/\/boostgrowb.com\/es\/wp-json\/wp\/v2\/product_tag?post=30467"}],"curies":[{"name":"wp","href":"https:\/\/api.w.org\/{rel}","templated":true}]}}