{"id":30474,"date":"2024-06-11T08:52:42","date_gmt":"2024-06-11T08:52:42","guid":{"rendered":"https:\/\/boostgrowb.com\/software\/salvia\/"},"modified":"2026-02-13T14:02:54","modified_gmt":"2026-02-13T14:02:54","slug":"salvia","status":"publish","type":"product","link":"https:\/\/boostgrowb.com\/es\/software\/salvia\/","title":{"rendered":"Salvia"},"content":{"rendered":"\t\t<div data-elementor-type=\"product-post\" data-elementor-id=\"30474\" class=\"elementor elementor-30474 elementor-1499\" data-elementor-post-type=\"product\">\n\t\t\t\t<div class=\"elementor-element elementor-element-d312d67 e-flex e-con-boxed wpr-particle-no wpr-jarallax-no wpr-parallax-no wpr-sticky-section-no e-con e-parent\" data-id=\"d312d67\" data-element_type=\"container\" data-e-type=\"container\">\n\t\t\t\t\t<div class=\"e-con-inner\">\n\t\t\t\t<div class=\"elementor-element elementor-element-d5fa495 elementor-widget elementor-widget-heading\" data-id=\"d5fa495\" data-element_type=\"widget\" data-e-type=\"widget\" data-widget_type=\"heading.default\">\n\t\t\t\t<div class=\"elementor-widget-container\">\n\t\t\t\t\t<h2 class=\"elementor-heading-title elementor-size-default\">\u00bfQu\u00e9 es Sage?<\/h2>\t\t\t\t<\/div>\n\t\t\t\t<\/div>\n\t\t\t\t\t<\/div>\n\t\t\t\t<\/div>\n\t\t<div class=\"elementor-element elementor-element-2b7d8cb e-flex e-con-boxed wpr-particle-no wpr-jarallax-no wpr-parallax-no wpr-sticky-section-no e-con e-parent\" data-id=\"2b7d8cb\" data-element_type=\"container\" data-e-type=\"container\">\n\t\t\t\t\t<div class=\"e-con-inner\">\n\t\t\t\t<div class=\"elementor-element elementor-element-3363d98 elementor-widget elementor-widget-text-editor\" data-id=\"3363d98\" data-element_type=\"widget\" data-e-type=\"widget\" data-widget_type=\"text-editor.default\">\n\t\t\t\t<div class=\"elementor-widget-container\">\n\t\t\t\t\t\t\t\t\t<p class=\"\" data-start=\"128\" data-end=\"721\"><strong data-start=\"128\" data-end=\"340\">Sage es una soluci\u00f3n integral de gesti\u00f3n empresarial dise\u00f1ada para ayudar a las peque\u00f1as empresas, pymes y contables a controlar su contabilidad, finanzas y operaciones diarias.<\/strong>  Tanto si necesitas gestionar tu facturaci\u00f3n, controlar tu tesorer\u00eda o automatizar tus declaraciones fiscales, Sage te ofrece una plataforma robusta y modular adaptada a las necesidades de las empresas en crecimiento. Gracias a una interfaz intuitiva y funciones avanzadas, puedes gestionar tu empresa con total seguridad, cumpliendo al mismo tiempo con las obligaciones legales. <\/p><p class=\"\" data-start=\"723\" data-end=\"1281\"><strong data-start=\"723\" data-end=\"856\">Con Sage, te beneficias de un aut\u00e9ntico ecosistema de gesti\u00f3n financiera y contable, dise\u00f1ado para maximizar tu productividad.<\/strong>  El programa te permite automatizar tareas que consumen mucho tiempo, como los asientos contables, las conciliaciones bancarias y las declaraciones del IVA. Tienes acceso a cuadros de mando personalizados, informes financieros detallados y herramientas de previsi\u00f3n para ayudarte a tomar decisiones estrat\u00e9gicas. Al integrar tus datos en tiempo real, Sage te ofrece una visi\u00f3n clara de tu rendimiento financiero.  <\/p><p class=\"\" data-start=\"1283\" data-end=\"1786\"><strong data-start=\"1283\" data-end=\"1416\">Sage destaca por su capacidad para adaptarse a todos los perfiles de usuario, ya seas ejecutivo, contable o directivo.<\/strong>  Gracias a sus numerosas integraciones, actualizaciones peri\u00f3dicas y asistencia de expertos, el software te permite gestionar tu empresa con eficacia, reduciendo al mismo tiempo el riesgo de error. Tanto si eres un peque\u00f1o negocio como una empresa consolidada, Sage es una potente herramienta para estructurar tu gesti\u00f3n, anticiparte a tus necesidades y acelerar tu desarrollo. <\/p>\t\t\t\t\t\t\t\t<\/div>\n\t\t\t\t<\/div>\n\t\t\t\t<div class=\"elementor-element elementor-element-31233f9 elementor-widget elementor-widget-heading\" data-id=\"31233f9\" data-element_type=\"widget\" data-e-type=\"widget\" data-widget_type=\"heading.default\">\n\t\t\t\t<div class=\"elementor-widget-container\">\n\t\t\t\t\t<h2 class=\"elementor-heading-title elementor-size-default\">Principales caracter\u00edsticas de Sage<\/h2>\t\t\t\t<\/div>\n\t\t\t\t<\/div>\n\t\t\t\t<div class=\"elementor-element elementor-element-285e6d7 elementor-widget elementor-widget-text-editor\" data-id=\"285e6d7\" data-element_type=\"widget\" data-e-type=\"widget\" data-widget_type=\"text-editor.default\">\n\t\t\t\t<div class=\"elementor-widget-container\">\n\t\t\t\t\t\t\t\t\t<ol start=\"1\" data-spread=\"true\" data-pm-slice=\"3 3 []\"><li><p><strong>Contabilidad y finanzas: mant\u00e9n el control de tus finanzas<\/strong><br>Sage te proporciona funciones avanzadas para <strong>gestionar tu contabilidad<\/strong>, generar informes financieros y controlar el rendimiento de tu empresa en tiempo real. Con herramientas de balance, gesti\u00f3n de tesorer\u00eda e informes, obtendr\u00e1s una visi\u00f3n clara y precisa de tu empresa, lo que te permitir\u00e1 tomar <strong>decisiones con conocimiento de causa<\/strong>. <\/p><\/li><li><p><strong>Gesti\u00f3n<\/strong> de <strong>n\u00f3minas: simplifica la remuneraci\u00f3n de tus equipos<\/strong><br><strong>La gesti\u00f3n de n\u00f3minas<\/strong> se simplifica con Sage. Gestiona f\u00e1cilmente los salarios, genera n\u00f3minas y garantiza el cumplimiento de la normativa vigente. Sage te ahorra un tiempo valioso a la vez que garantiza que tus empleados cobran con precisi\u00f3n y a tiempo.  <\/p><\/li><li><p><strong>Facturaci\u00f3n y Gesti\u00f3n de Ventas : Optimiza tu tesorer\u00eda<\/strong><br>Con Sage, <strong>crear presupuestos<\/strong>, <strong>facturas<\/strong> y controlar tu proceso de ventas nunca ha sido tan f\u00e1cil. Te beneficiar\u00e1s de un seguimiento \u00f3ptimo de los ingresos, al tiempo que mejoras las relaciones con tus clientes y proveedores, para un <strong>ciclo de ventas m\u00e1s fluido<\/strong>. <\/p><\/li><li><p><strong>Gesti\u00f3n de existencias: controla tu inventario<\/strong><br>Sage te ayuda a <strong>gestionar<\/strong> de forma proactiva tus existencias y a controlar tus inventarios. Sigue los movimientos de existencias en tiempo real, anticipa las faltas y optimiza la gesti\u00f3n de tu cadena de suministro, garantizando la m\u00e1xima eficacia. <\/p><\/li><li><p><strong>An\u00e1lisis e informes: toma decisiones estrat\u00e9gicas<\/strong><br>Con Sage, tienes acceso a <strong>herramientas anal\u00edticas avanzadas<\/strong> que te permiten evaluar el rendimiento de tu empresa. Los cuadros de mando personalizables te ayudan a controlar tus indicadores clave de rendimiento (KPI), proporcion\u00e1ndote todos los datos que necesitas para <strong>desarrollar una estrategia ganadora<\/strong>. <\/p><\/li><\/ol>\t\t\t\t\t\t\t\t<\/div>\n\t\t\t\t<\/div>\n\t\t\t\t<div class=\"elementor-element elementor-element-9a12351 elementor-widget elementor-widget-heading\" data-id=\"9a12351\" data-element_type=\"widget\" data-e-type=\"widget\" data-widget_type=\"heading.default\">\n\t\t\t\t<div class=\"elementor-widget-container\">\n\t\t\t\t\t<h2 class=\"elementor-heading-title elementor-size-default\">\u00bfQui\u00e9nes son los usuarios de sage?<\/h2>\t\t\t\t<\/div>\n\t\t\t\t<\/div>\n\t\t\t\t<div class=\"elementor-element elementor-element-59a8b3c elementor-widget elementor-widget-text-editor\" data-id=\"59a8b3c\" data-element_type=\"widget\" data-e-type=\"widget\" data-widget_type=\"text-editor.default\">\n\t\t\t\t<div class=\"elementor-widget-container\">\n\t\t\t\t\t\t\t\t\t<ul data-spread=\"false\" data-pm-slice=\"3 3 []\"><li><p><strong>Peque\u00f1as y medianas empresas (PYME<\/strong> ): Para las PYMES, Sage es un activo importante que automatiza la contabilidad, gestiona eficazmente las n\u00f3minas y mejora la gesti\u00f3n general de la empresa. El resultado es una mayor eficacia y productividad. <\/p><\/li><li><p><strong>Empresas en crecimiento<\/strong>: Las empresas en r\u00e1pido crecimiento utilizan Sage para beneficiarse de su modularidad y de su capacidad para evolucionar en paralelo a su desarrollo. Sage ofrece una base s\u00f3lida que respalda cada etapa de crecimiento. <\/p><\/li><li><p><strong>Aut\u00f3nomos y Emprendedores<\/strong>: Para los aut\u00f3nomos, Sage es un completo aliado para gestionar la contabilidad, la facturaci\u00f3n y las n\u00f3minas sin esfuerzo. No tendr\u00e1s que preocuparte de tareas administrativas, todo se simplifica para que puedas concentrarte en tu actividad principal. <\/p><\/li><li><p><strong>Grandes grupos<\/strong>: Para las grandes empresas, Sage ofrece funcionalidades avanzadas de gesti\u00f3n financiera, an\u00e1lisis estrat\u00e9gico y coordinaci\u00f3n de operaciones. Esto la convierte en una <strong>herramienta<\/strong> potente y <strong>centralizada<\/strong> para gestionar actividades a gran escala. <\/p><\/li><\/ul>\t\t\t\t\t\t\t\t<\/div>\n\t\t\t\t<\/div>\n\t\t\t\t\t<\/div>\n\t\t\t\t<\/div>\n\t\t\t\t<\/div>\n\t\t","protected":false},"excerpt":{"rendered":"<p>Sage es un completo paquete de software de gesti\u00f3n empresarial que simplifica la contabilidad, la facturaci\u00f3n y la gesti\u00f3n financiera de las VSE y las PYMES. Automatiza tus tareas, haz un seguimiento de tus finanzas en tiempo real y gestiona tu negocio con tranquilidad. <\/p>\n<ul>\n<li>Contabilidad automatizada<\/li>\n<li>Facturaci\u00f3n simplificada<\/li>\n<li>Gesti\u00f3n de proyectos<\/li>\n<li>Control del flujo de caja<\/li>\n<\/ul>\n","protected":false},"featured_media":30481,"comment_status":"open","ping_status":"closed","template":"","meta":{"_acf_changed":false,"_glsr_average":0,"_glsr_ranking":0,"_glsr_reviews":0},"product_brand":[],"product_cat":[4409],"product_tag":[],"class_list":{"0":"post-30474","1":"product","2":"type-product","3":"status-publish","4":"has-post-thumbnail","6":"product_cat-software-de-contabilidad","8":"first","9":"instock","10":"shipping-taxable","11":"product-type-external"},"acf":[],"_links":{"self":[{"href":"https:\/\/boostgrowb.com\/es\/wp-json\/wp\/v2\/product\/30474","targetHints":{"allow":["GET"]}}],"collection":[{"href":"https:\/\/boostgrowb.com\/es\/wp-json\/wp\/v2\/product"}],"about":[{"href":"https:\/\/boostgrowb.com\/es\/wp-json\/wp\/v2\/types\/product"}],"replies":[{"embeddable":true,"href":"https:\/\/boostgrowb.com\/es\/wp-json\/wp\/v2\/comments?post=30474"}],"version-history":[{"count":0,"href":"https:\/\/boostgrowb.com\/es\/wp-json\/wp\/v2\/product\/30474\/revisions"}],"wp:featuredmedia":[{"embeddable":true,"href":"https:\/\/boostgrowb.com\/es\/wp-json\/wp\/v2\/media\/30481"}],"wp:attachment":[{"href":"https:\/\/boostgrowb.com\/es\/wp-json\/wp\/v2\/media?parent=30474"}],"wp:term":[{"taxonomy":"product_brand","embeddable":true,"href":"https:\/\/boostgrowb.com\/es\/wp-json\/wp\/v2\/product_brand?post=30474"},{"taxonomy":"product_cat","embeddable":true,"href":"https:\/\/boostgrowb.com\/es\/wp-json\/wp\/v2\/product_cat?post=30474"},{"taxonomy":"product_tag","embeddable":true,"href":"https:\/\/boostgrowb.com\/es\/wp-json\/wp\/v2\/product_tag?post=30474"}],"curies":[{"name":"wp","href":"https:\/\/api.w.org\/{rel}","templated":true}]}}