{"id":30477,"date":"2024-06-11T13:00:01","date_gmt":"2024-06-11T13:00:01","guid":{"rendered":"https:\/\/boostgrowb.com\/software\/landingi\/"},"modified":"2026-02-15T14:03:41","modified_gmt":"2026-02-15T14:03:41","slug":"landingi","status":"publish","type":"product","link":"https:\/\/boostgrowb.com\/es\/software\/landingi\/","title":{"rendered":"Landingi"},"content":{"rendered":"\t\t<div data-elementor-type=\"product-post\" data-elementor-id=\"30477\" class=\"elementor elementor-30477 elementor-1632\" data-elementor-post-type=\"product\">\n\t\t\t\t<div class=\"elementor-element elementor-element-c84a82e e-flex e-con-boxed wpr-particle-no wpr-jarallax-no wpr-parallax-no wpr-sticky-section-no e-con e-parent\" data-id=\"c84a82e\" data-element_type=\"container\" data-e-type=\"container\">\n\t\t\t\t\t<div class=\"e-con-inner\">\n\t\t\t\t<div class=\"elementor-element elementor-element-66f9a2c elementor-widget elementor-widget-heading\" data-id=\"66f9a2c\" data-element_type=\"widget\" data-e-type=\"widget\" data-widget_type=\"heading.default\">\n\t\t\t\t<div class=\"elementor-widget-container\">\n\t\t\t\t\t<h2 class=\"elementor-heading-title elementor-size-default\">\u00bfQu\u00e9 es Landingi?<\/h2>\t\t\t\t<\/div>\n\t\t\t\t<\/div>\n\t\t\t\t\t<\/div>\n\t\t\t\t<\/div>\n\t\t<div class=\"elementor-element elementor-element-50a6e76 e-flex e-con-boxed wpr-particle-no wpr-jarallax-no wpr-parallax-no wpr-sticky-section-no e-con e-parent\" data-id=\"50a6e76\" data-element_type=\"container\" data-e-type=\"container\">\n\t\t\t\t\t<div class=\"e-con-inner\">\n\t\t\t\t<div class=\"elementor-element elementor-element-94f462c elementor-widget elementor-widget-text-editor\" data-id=\"94f462c\" data-element_type=\"widget\" data-e-type=\"widget\" data-widget_type=\"text-editor.default\">\n\t\t\t\t<div class=\"elementor-widget-container\">\n\t\t\t\t\t\t\t\t\t<p class=\"\" data-start=\"342\" data-end=\"706\">Landingi es una <strong data-start=\"359\" data-end=\"432\">plataforma de creaci\u00f3n de p\u00e1ginas de destino optimizada para la conversi\u00f3n<\/strong>, ideal para emprendedores, profesionales del marketing y equipos de crecimiento. Tanto si quieres generar clientes potenciales, lanzar un producto u optimizar tus campa\u00f1as publicitarias, Landingi te permite dise\u00f1ar p\u00e1ginas de destino de alto rendimiento <strong data-start=\"666\" data-end=\"705\">sin escribir una sola l\u00ednea de c\u00f3digo<\/strong>. <\/p><p class=\"\" data-start=\"708\" data-end=\"1113\">Su <strong data-start=\"720\" data-end=\"756\">intuitivo editor de arrastrar y soltar<\/strong> hace que crear p\u00e1ginas de destino sea r\u00e1pido, f\u00e1cil y eficaz. Tienes acceso a una amplia biblioteca de plantillas listas para usar, probadas y dise\u00f1adas para maximizar las tasas de conversi\u00f3n. Adem\u00e1s, <strong data-start=\"961\" data-end=\"985\">las herramientas de pruebas A\/B<\/strong> y los <strong data-start=\"993\" data-end=\"1030\">an\u00e1lisis de rendimiento integrados<\/strong> te ayudan a tomar las decisiones correctas para mejorar tus resultados de marketing.  <\/p><p class=\"\" data-start=\"1115\" data-end=\"1545\">Landingi es una <strong data-start=\"1143\" data-end=\"1228\">soluci\u00f3n completa para crear p\u00e1ginas web para tus campa\u00f1as de marketing digital<\/strong>. Compatible con numerosas herramientas como HubSpot, Mailchimp y Google Ads, la plataforma facilita la integraci\u00f3n en tu pila existente. Tanto si eres una start-up como una empresa de r\u00e1pido crecimiento, Landingi te ayudar\u00e1 a <strong data-start=\"1459\" data-end=\"1497\">convertir a tus visitantes en clientes<\/strong>, a la vez que te ahorra un tiempo precioso.  <\/p>\t\t\t\t\t\t\t\t<\/div>\n\t\t\t\t<\/div>\n\t\t\t\t<div class=\"elementor-element elementor-element-c7a1c84 elementor-widget elementor-widget-heading\" data-id=\"c7a1c84\" data-element_type=\"widget\" data-e-type=\"widget\" data-widget_type=\"heading.default\">\n\t\t\t\t<div class=\"elementor-widget-container\">\n\t\t\t\t\t<h2 class=\"elementor-heading-title elementor-size-default\">\u00bfCu\u00e1les son las principales caracter\u00edsticas de Landingi?<\/h2>\t\t\t\t<\/div>\n\t\t\t\t<\/div>\n\t\t\t\t<div class=\"elementor-element elementor-element-ba0f882 elementor-widget elementor-widget-text-editor\" data-id=\"ba0f882\" data-element_type=\"widget\" data-e-type=\"widget\" data-widget_type=\"text-editor.default\">\n\t\t\t\t<div class=\"elementor-widget-container\">\n\t\t\t\t\t\t\t\t\t<p><strong style=\"text-align: var(--text-align); color: var( --e-global-color-text ); background-color: var( --e-global-color-ca921c0 ); letter-spacing: 0px;\">Editor de p\u00e1ginas de arrastrar y soltar :  <\/strong><span style=\"text-align: var(--text-align); color: var( --e-global-color-text ); background-color: var( --e-global-color-ca921c0 ); letter-spacing: 0px;\">Dise\u00f1a tus p\u00e1ginas en pocos minutos con un editor intuitivo que no requiere conocimientos t\u00e9cnicos. Personaliza tus dise\u00f1os con bloques, im\u00e1genes, v\u00eddeos y botones de llamada a la acci\u00f3n para maximizar el compromiso. <\/span><\/p><p data-pm-slice=\"0 0 []\"><strong>Plantillas profesionales listas para usar:<\/strong> accede a una biblioteca de m\u00e1s de 300 plantillas optimizadas, adecuadas para diversos sectores y finalidades: inscripciones, ventas, eventos o promociones. Modifica f\u00e1cilmente las plantillas para reflejar tu identidad corporativa. <\/p><p data-pm-slice=\"0 0 []\"><strong>Pop-ups interactivos y lightboxes:<\/strong> A\u00f1ade ventanas emergentes din\u00e1micas para captar correos electr\u00f3nicos, promocionar ofertas especiales o reforzar tus llamadas a la acci\u00f3n. Personaliza los activadores para maximizar su impacto (tiempo de permanencia, clic, desplazamiento, etc.). <\/p><p data-pm-slice=\"0 0 []\"><strong>Integraci\u00f3n avanzada de formularios:<\/strong> Crea formularios personalizados para recopilar informaci\u00f3n esencial sobre tus clientes potenciales. Conecta estos formularios a tu CRM o herramientas de automatizaci\u00f3n para un seguimiento \u00f3ptimo. <\/p><p data-pm-slice=\"0 0 []\"><b>Herramientas de an\u00e1lisis e informes:<\/b> Sigue tu rendimiento con m\u00e9tricas clave como las tasas de conversi\u00f3n, los clics y el comportamiento de los usuarios. Exporta informes detallados para evaluar la eficacia de tus campa\u00f1as. <\/p>\t\t\t\t\t\t\t\t<\/div>\n\t\t\t\t<\/div>\n\t\t\t\t<div class=\"elementor-element elementor-element-bebdc6a elementor-widget elementor-widget-heading\" data-id=\"bebdc6a\" data-element_type=\"widget\" data-e-type=\"widget\" data-widget_type=\"heading.default\">\n\t\t\t\t<div class=\"elementor-widget-container\">\n\t\t\t\t\t<h2 class=\"elementor-heading-title elementor-size-default\">\u00bfCu\u00e1les son las ventajas de utilizar Landingi?<\/h2>\t\t\t\t<\/div>\n\t\t\t\t<\/div>\n\t\t\t\t<div class=\"elementor-element elementor-element-ba0e289 elementor-widget elementor-widget-text-editor\" data-id=\"ba0e289\" data-element_type=\"widget\" data-e-type=\"widget\" data-widget_type=\"text-editor.default\">\n\t\t\t\t<div class=\"elementor-widget-container\">\n\t\t\t\t\t\t\t\t\t<p data-pm-slice=\"0 0 []\"><strong>R\u00e1pido y f\u00e1cil:<\/strong> la interfaz intuitiva de Landingi permite a todos, desde principiantes a expertos, crear p\u00e1ginas de destino eficaces en un tiempo r\u00e9cord.<\/p><p><strong>Optimizaci\u00f3n de la conversi\u00f3n:<\/strong> Con sus plantillas preoptimizadas, sus pruebas A\/B y sus herramientas de an\u00e1lisis, Landingi te ayuda a maximizar tus resultados en cada etapa.<\/p><p><strong>Ahorra tiempo:<\/strong> con plantillas listas para usar y una f\u00e1cil integraci\u00f3n con otras herramientas, puedes dedicar m\u00e1s tiempo a la estrategia y menos a la creaci\u00f3n.<\/p><p data-pm-slice=\"0 0 []\"><strong>Flexibilidad y personalizaci\u00f3n:<\/strong> adapta tus p\u00e1ginas a tu identidad visual y a las necesidades espec\u00edficas de tu campa\u00f1a mediante herramientas avanzadas de personalizaci\u00f3n.<\/p>\t\t\t\t\t\t\t\t<\/div>\n\t\t\t\t<\/div>\n\t\t\t\t\t<\/div>\n\t\t\t\t<\/div>\n\t\t\t\t<\/div>\n\t\t","protected":false},"excerpt":{"rendered":"<p>Landigi es una plataforma sin c\u00f3digo dise\u00f1ada espec\u00edficamente para profesionales del marketing digital impulsados por los datos, que les permite crear f\u00e1cilmente p\u00e1ginas de destino optimizadas.<\/p>\n<ul>\n<li>Creaci\u00f3n de P\u00e1ginas de Aterrizaje<\/li>\n<li>Integraci\u00f3n en tu pila de marketing<\/li>\n<li>Maximizar el rendimiento de la p\u00e1gina<\/li>\n<li>Personalizaci\u00f3n de modelos<\/li>\n<\/ul>\n","protected":false},"featured_media":31380,"comment_status":"open","ping_status":"closed","template":"","meta":{"_acf_changed":false,"_glsr_average":0,"_glsr_ranking":0,"_glsr_reviews":0},"product_brand":[],"product_cat":[4296],"product_tag":[],"class_list":{"0":"post-30477","1":"product","2":"type-product","3":"status-publish","4":"has-post-thumbnail","6":"product_cat-automatizacion-del-marketing","8":"first","9":"instock","10":"shipping-taxable","11":"product-type-external"},"acf":[],"_links":{"self":[{"href":"https:\/\/boostgrowb.com\/es\/wp-json\/wp\/v2\/product\/30477","targetHints":{"allow":["GET"]}}],"collection":[{"href":"https:\/\/boostgrowb.com\/es\/wp-json\/wp\/v2\/product"}],"about":[{"href":"https:\/\/boostgrowb.com\/es\/wp-json\/wp\/v2\/types\/product"}],"replies":[{"embeddable":true,"href":"https:\/\/boostgrowb.com\/es\/wp-json\/wp\/v2\/comments?post=30477"}],"version-history":[{"count":0,"href":"https:\/\/boostgrowb.com\/es\/wp-json\/wp\/v2\/product\/30477\/revisions"}],"wp:featuredmedia":[{"embeddable":true,"href":"https:\/\/boostgrowb.com\/es\/wp-json\/wp\/v2\/media\/31380"}],"wp:attachment":[{"href":"https:\/\/boostgrowb.com\/es\/wp-json\/wp\/v2\/media?parent=30477"}],"wp:term":[{"taxonomy":"product_brand","embeddable":true,"href":"https:\/\/boostgrowb.com\/es\/wp-json\/wp\/v2\/product_brand?post=30477"},{"taxonomy":"product_cat","embeddable":true,"href":"https:\/\/boostgrowb.com\/es\/wp-json\/wp\/v2\/product_cat?post=30477"},{"taxonomy":"product_tag","embeddable":true,"href":"https:\/\/boostgrowb.com\/es\/wp-json\/wp\/v2\/product_tag?post=30477"}],"curies":[{"name":"wp","href":"https:\/\/api.w.org\/{rel}","templated":true}]}}