{"id":30485,"date":"2024-06-11T16:26:46","date_gmt":"2024-06-11T16:26:46","guid":{"rendered":"https:\/\/boostgrowb.com\/software\/neilpatel\/"},"modified":"2026-01-19T14:03:35","modified_gmt":"2026-01-19T14:03:35","slug":"neilpatel","status":"publish","type":"product","link":"https:\/\/boostgrowb.com\/es\/software\/neilpatel\/","title":{"rendered":"NeilPatel"},"content":{"rendered":"\t\t<div data-elementor-type=\"product-post\" data-elementor-id=\"30485\" class=\"elementor elementor-30485 elementor-1659\" data-elementor-post-type=\"product\">\n\t\t\t\t<div class=\"elementor-element elementor-element-8b514d5 e-flex e-con-boxed wpr-particle-no wpr-jarallax-no wpr-parallax-no wpr-sticky-section-no e-con e-parent\" data-id=\"8b514d5\" data-element_type=\"container\" data-e-type=\"container\">\n\t\t\t\t\t<div class=\"e-con-inner\">\n\t\t\t\t<div class=\"elementor-element elementor-element-ea07ec5 elementor-widget elementor-widget-heading\" data-id=\"ea07ec5\" data-element_type=\"widget\" data-e-type=\"widget\" data-widget_type=\"heading.default\">\n\t\t\t\t<div class=\"elementor-widget-container\">\n\t\t\t\t\t<h2 class=\"elementor-heading-title elementor-size-default\">\u00bfQu\u00e9 es NeilPatel?<\/h2>\t\t\t\t<\/div>\n\t\t\t\t<\/div>\n\t\t\t\t\t<\/div>\n\t\t\t\t<\/div>\n\t\t<div class=\"elementor-element elementor-element-046ecfe e-flex e-con-boxed wpr-particle-no wpr-jarallax-no wpr-parallax-no wpr-sticky-section-no e-con e-parent\" data-id=\"046ecfe\" data-element_type=\"container\" data-e-type=\"container\">\n\t\t\t\t\t<div class=\"e-con-inner\">\n\t\t\t\t<div class=\"elementor-element elementor-element-dd9654a elementor-widget elementor-widget-text-editor\" data-id=\"dd9654a\" data-element_type=\"widget\" data-e-type=\"widget\" data-widget_type=\"text-editor.default\">\n\t\t\t\t<div class=\"elementor-widget-container\">\n\t\t\t\t\t\t\t\t\t<p><strong>NeilPatel<\/strong> es una reputada <strong>plataforma de marketing digital<\/strong> dise\u00f1ada para ayudar a empresas, aut\u00f3nomos y profesionales del marketing a <strong data-start=\"500\" data-end=\"536\">impulsar su visibilidad online<\/strong>, atraer tr\u00e1fico cualificado y convertir de forma m\u00e1s eficiente mediante estrategias eficaces de contenido y SEO. Tanto si eres una PYME como una gran marca, los recursos de Neil Patel est\u00e1n dise\u00f1ados para adaptarse a todos los niveles de experiencia. <\/p><p>En el coraz\u00f3n de la plataforma est\u00e1 <strong data-start=\"921\" data-end=\"936\">Ubersuggest<\/strong>, una completa herramienta de an\u00e1lisis SEO que realiza <strong data-start=\"996\" data-end=\"1022\">investigaci\u00f3n de palabras clave<\/strong>, <strong data-start=\"1028\" data-end=\"1055\">an\u00e1lisis de la competencia<\/strong>, auditor\u00edas de sitios y <strong data-start=\"1084\" data-end=\"1106\">seguimiento de la posici\u00f3n en<\/strong> buscadores. F\u00e1cil de usar, ofrece recomendaciones concretas para mejorar tus contenidos, optimizar tus p\u00e1ginas y reforzar tu estrategia digital. Gracias a sus intuitivos cuadros de mando, puedes visualizar tu rendimiento y detectar r\u00e1pidamente las oportunidades que debes aprovechar.  <\/p><p>Neil Patel no s\u00f3lo proporciona herramientas: la plataforma tambi\u00e9n ofrece una gran cantidad de <strong data-start=\"1578\" data-end=\"1632\">gu\u00edas, cursos de formaci\u00f3n, seminarios web y art\u00edculos de blog<\/strong> actualizados peri\u00f3dicamente para mantenerte a la vanguardia de las tendencias de marketing. Te beneficiar\u00e1s de <strong data-start=\"1754\" data-end=\"1795\">un apoyo estrat\u00e9gico a medida<\/strong>, basado en datos fiables y en una experiencia de renombre mundial. Con Neil Patel, tienes todo lo que necesitas para <strong data-start=\"1924\" data-end=\"1996\">desarrollar tu presencia digital, aumentar tu tr\u00e1fico org\u00e1nico<\/strong> y convertir a tus visitantes en clientes fieles.  <\/p>\t\t\t\t\t\t\t\t<\/div>\n\t\t\t\t<\/div>\n\t\t\t\t<div class=\"elementor-element elementor-element-6315226 elementor-widget elementor-widget-heading\" data-id=\"6315226\" data-element_type=\"widget\" data-e-type=\"widget\" data-widget_type=\"heading.default\">\n\t\t\t\t<div class=\"elementor-widget-container\">\n\t\t\t\t\t<h2 class=\"elementor-heading-title elementor-size-default\">Principales activos de Neil Patel<\/h2>\t\t\t\t<\/div>\n\t\t\t\t<\/div>\n\t\t\t\t<div class=\"elementor-element elementor-element-8f6596b elementor-widget elementor-widget-text-editor\" data-id=\"8f6596b\" data-element_type=\"widget\" data-e-type=\"widget\" data-widget_type=\"text-editor.default\">\n\t\t\t\t<div class=\"elementor-widget-container\">\n\t\t\t\t\t\t\t\t\t<ul>\n<li><b>An\u00e1lisis SEO exhaustivo e intuitivo: <\/b>Neil Patel ofrece potentes herramientas como <strong data-start=\"269\" data-end=\"284\">Ubersuggest<\/strong> que permiten un an\u00e1lisis en profundidad de tu sitio, tus competidores y tus palabras clave, con informes claros y f\u00e1ciles de usar.<\/li><\/ul><div><br><\/div><ul>\n<li data-pm-slice=\"1 1 []\"><b>Optimizaci\u00f3n de contenidos e investigaci\u00f3n de palabras clave:<\/b> La herramienta te ayuda a identificar las <strong data-start=\"742\" data-end=\"769\">mejores palabras clave SEO<\/strong>, detectar los temas de tendencia y optimizar tu contenido para generar tr\u00e1fico org\u00e1nico cualificado.<\/li><\/ul><div><br><\/div><ul>\n<li data-pm-slice=\"1 1 []\"><b>Recursos educativos:<\/b> Neil Patel comparte <strong data-start=\"965\" data-end=\"1007\">gu\u00edas, tutoriales, seminarios web y blogs<\/strong> gratuitos, perfectos para aprender o estar al d\u00eda de las \u00faltimas estrategias de SEO y marketing digital.<\/li><\/ul><div><br><\/div><ul>\n<li data-pm-slice=\"1 1 []\"><b>Estrategias basadas en datos fiables:<\/b> cada art\u00edculo de Neil Patel se basa en un <b>s\u00f3lido<\/b> an\u00e1lisis de <b>datos<\/b>, para que puedas tomar decisiones informadas sobre tus campa\u00f1as.<\/li><\/ul><div><br><\/div><ul>\n<li data-pm-slice=\"0 0 []\"><b>Herramientas gratuitas y asequibles: <\/b>A diferencia de otras soluciones caras, Neil Patel ofrece herramientas gratuitas como Ubersuggest, as\u00ed como suscripciones premium a precios competitivos.<\/li>\n<\/ul>\t\t\t\t\t\t\t\t<\/div>\n\t\t\t\t<\/div>\n\t\t\t\t\t<\/div>\n\t\t\t\t<\/div>\n\t\t\t\t<\/div>\n\t\t","protected":false},"excerpt":{"rendered":"<p><strong>Ubersuggest<\/strong>, es una completa herramienta de marketing digital dise\u00f1ada para ayudar a empresas y profesionales del marketing a mejorar su presencia online. Ubersuggest destaca por su capacidad para proporcionar informaci\u00f3n detallada sobre SEO, investigaci\u00f3n de palabras clave, an\u00e1lisis de la competencia y oportunidades de contenido. <\/p>\n<ul>\n<li>Auditor\u00eda del sitio web<\/li>\n<li>An\u00e1lisis de la competencia<\/li>\n<li>An\u00e1lisis del tr\u00e1fico web<\/li>\n<li>B\u00fasqueda por palabra clave<\/li>\n<\/ul>\n","protected":false},"featured_media":30453,"comment_status":"open","ping_status":"closed","template":"","meta":{"_acf_changed":false,"_glsr_average":0,"_glsr_ranking":0,"_glsr_reviews":0},"product_brand":[],"product_cat":[4296],"product_tag":[],"class_list":{"0":"post-30485","1":"product","2":"type-product","3":"status-publish","4":"has-post-thumbnail","6":"product_cat-automatizacion-del-marketing","8":"first","9":"instock","10":"shipping-taxable","11":"product-type-external"},"acf":[],"_links":{"self":[{"href":"https:\/\/boostgrowb.com\/es\/wp-json\/wp\/v2\/product\/30485","targetHints":{"allow":["GET"]}}],"collection":[{"href":"https:\/\/boostgrowb.com\/es\/wp-json\/wp\/v2\/product"}],"about":[{"href":"https:\/\/boostgrowb.com\/es\/wp-json\/wp\/v2\/types\/product"}],"replies":[{"embeddable":true,"href":"https:\/\/boostgrowb.com\/es\/wp-json\/wp\/v2\/comments?post=30485"}],"version-history":[{"count":0,"href":"https:\/\/boostgrowb.com\/es\/wp-json\/wp\/v2\/product\/30485\/revisions"}],"wp:featuredmedia":[{"embeddable":true,"href":"https:\/\/boostgrowb.com\/es\/wp-json\/wp\/v2\/media\/30453"}],"wp:attachment":[{"href":"https:\/\/boostgrowb.com\/es\/wp-json\/wp\/v2\/media?parent=30485"}],"wp:term":[{"taxonomy":"product_brand","embeddable":true,"href":"https:\/\/boostgrowb.com\/es\/wp-json\/wp\/v2\/product_brand?post=30485"},{"taxonomy":"product_cat","embeddable":true,"href":"https:\/\/boostgrowb.com\/es\/wp-json\/wp\/v2\/product_cat?post=30485"},{"taxonomy":"product_tag","embeddable":true,"href":"https:\/\/boostgrowb.com\/es\/wp-json\/wp\/v2\/product_tag?post=30485"}],"curies":[{"name":"wp","href":"https:\/\/api.w.org\/{rel}","templated":true}]}}