{"id":30488,"date":"2024-06-11T16:26:23","date_gmt":"2024-06-11T16:26:23","guid":{"rendered":"https:\/\/boostgrowb.com\/software\/mailchimp\/"},"modified":"2026-02-15T14:03:31","modified_gmt":"2026-02-15T14:03:31","slug":"mailchimp","status":"publish","type":"product","link":"https:\/\/boostgrowb.com\/es\/software\/mailchimp\/","title":{"rendered":"Mailchimp"},"content":{"rendered":"\t\t<div data-elementor-type=\"product-post\" data-elementor-id=\"30488\" class=\"elementor elementor-30488 elementor-1658\" data-elementor-post-type=\"product\">\n\t\t\t\t<div class=\"elementor-element elementor-element-738fe07 e-flex e-con-boxed wpr-particle-no wpr-jarallax-no wpr-parallax-no wpr-sticky-section-no e-con e-parent\" data-id=\"738fe07\" data-element_type=\"container\" data-e-type=\"container\">\n\t\t\t\t\t<div class=\"e-con-inner\">\n\t\t\t\t<div class=\"elementor-element elementor-element-ee213d4 elementor-widget elementor-widget-heading\" data-id=\"ee213d4\" data-element_type=\"widget\" data-e-type=\"widget\" data-widget_type=\"heading.default\">\n\t\t\t\t<div class=\"elementor-widget-container\">\n\t\t\t\t\t<h2 class=\"elementor-heading-title elementor-size-default\">\u00bfQu\u00e9 es Mailchimp?<\/h2>\t\t\t\t<\/div>\n\t\t\t\t<\/div>\n\t\t\t\t\t<\/div>\n\t\t\t\t<\/div>\n\t\t<div class=\"elementor-element elementor-element-930aac4 e-flex e-con-boxed wpr-particle-no wpr-jarallax-no wpr-parallax-no wpr-sticky-section-no e-con e-parent\" data-id=\"930aac4\" data-element_type=\"container\" data-e-type=\"container\">\n\t\t\t\t\t<div class=\"e-con-inner\">\n\t\t\t\t<div class=\"elementor-element elementor-element-2342389 elementor-widget elementor-widget-text-editor\" data-id=\"2342389\" data-element_type=\"widget\" data-e-type=\"widget\" data-widget_type=\"text-editor.default\">\n\t\t\t\t<div class=\"elementor-widget-container\">\n\t\t\t\t\t\t\t\t\t<p data-start=\"426\" data-end=\"783\"><strong data-start=\"426\" data-end=\"439\">Mailchimp<\/strong> es una plataforma<strong data-start=\"461\" data-end=\"512\">de automatizaci\u00f3n y marketing por correo electr\u00f3nico todo en uno<\/strong> que ayuda a las empresas a dise\u00f1ar, gestionar y optimizar sus campa\u00f1as digitales. Con ella, puedes crear boletines atractivos, planificar secuencias automatizadas y realizar un seguimiento detallado del rendimiento de tus acciones gracias a informes claros y precisos. <\/p><p data-start=\"785\" data-end=\"1148\">Dise\u00f1ado para satisfacer las necesidades tanto de <strong data-start=\"832\" data-end=\"855\">peque\u00f1as empresas<\/strong> como de <strong data-start=\"863\" data-end=\"888\">grandes organizaciones<\/strong>, Mailchimp destaca por su <strong data-start=\"921\" data-end=\"944\">interfaz intuitiva<\/strong> y sus potentes herramientas. Tanto si buscas aumentar tu visibilidad como fidelizar a tus clientes o impulsar las ventas, te ofrece una soluci\u00f3n completa para llegar a tu p\u00fablico de forma eficaz. <\/p>\t\t\t\t\t\t\t\t<\/div>\n\t\t\t\t<\/div>\n\t\t\t\t<div class=\"elementor-element elementor-element-468a800 elementor-widget elementor-widget-heading\" data-id=\"468a800\" data-element_type=\"widget\" data-e-type=\"widget\" data-widget_type=\"heading.default\">\n\t\t\t\t<div class=\"elementor-widget-container\">\n\t\t\t\t\t<h2 class=\"elementor-heading-title elementor-size-default\">Caracter\u00edsticas principales de Mailchimp<\/h2>\t\t\t\t<\/div>\n\t\t\t\t<\/div>\n\t\t\t\t<div class=\"elementor-element elementor-element-614ff7d elementor-widget elementor-widget-text-editor\" data-id=\"614ff7d\" data-element_type=\"widget\" data-e-type=\"widget\" data-widget_type=\"text-editor.default\">\n\t\t\t\t<div class=\"elementor-widget-container\">\n\t\t\t\t\t\t\t\t\t<p data-start=\"1357\" data-end=\"1636\">Un <strong data-start=\"1360\" data-end=\"1417\">editor de correo electr\u00f3nico intuitivo y f\u00e1cil de aprender<\/strong>: gracias a su sistema de arrastrar y soltar y a una biblioteca de plantillas personalizables, puedes dise\u00f1ar boletines profesionales en l\u00ednea con tu identidad visual, sin necesidad de conocimientos t\u00e9cnicos.<\/p><p data-start=\"1638\" data-end=\"1942\"><strong data-start=\"1642\" data-end=\"1675\">Automatizaci\u00f3n inteligente<\/strong>: Mailchimp te permite activar escenarios adaptados al comportamiento de tus contactos. Por ejemplo, puedes enviar un correo electr\u00f3nico de bienvenida tras un registro, relanzar una cesta de la compra abandonada u ofrecer una oferta exclusiva a tus clientes m\u00e1s fieles. <\/p><p data-start=\"1944\" data-end=\"2183\"><strong data-start=\"1948\" data-end=\"1993\">Segmentaci\u00f3n y personalizaci\u00f3n avanzadas<\/strong>: dir\u00edgete a tus suscriptores seg\u00fan sus preferencias, ubicaci\u00f3n o historial de compras. Esta precisi\u00f3n aumenta la relevancia de tus mensajes y fomenta el compromiso. <\/p><p data-start=\"2185\" data-end=\"2391\"><strong data-start=\"2189\" data-end=\"2212\">Pruebas A\/B eficaces<\/strong>: al comparar varias versiones del mismo correo electr\u00f3nico (asunto, elementos visuales, CTA), puedes identificar las variantes con mejor rendimiento y mejorar tus resultados campa\u00f1a tras campa\u00f1a.<\/p><p data-start=\"2393\" data-end=\"2640\"><strong data-start=\"2397\" data-end=\"2431\">Informes y an\u00e1lisis detallados<\/strong>: haz un seguimiento de tus tasas de apertura, clic y conversi\u00f3n, y mide el impacto real en tus ventas. Estos datos te permiten ajustar tus estrategias y optimizar el retorno de la inversi\u00f3n. <\/p><p data-start=\"2642\" data-end=\"2875\">Una estrategia <strong data-start=\"2659\" data-end=\"2683\">de marketing multicanal<\/strong>: m\u00e1s all\u00e1 del env\u00edo de correos electr\u00f3nicos, Mailchimp te ayuda a crear p\u00e1ginas de destino, gestionar tus formularios y lanzar anuncios sociales, ofreci\u00e9ndote una comunicaci\u00f3n coherente y diversificada.<\/p><p data-start=\"2877\" data-end=\"3084\"><strong data-start=\"2881\" data-end=\"2908\">Potentes integraciones<\/strong>: con m\u00e1s de 300 conectores (Shopify, WooCommerce, WordPress, Salesforce, Zapier, etc.), Mailchimp se adapta f\u00e1cilmente a tus herramientas existentes y simplifica tus flujos de trabajo.<\/p>\t\t\t\t\t\t\t\t<\/div>\n\t\t\t\t<\/div>\n\t\t\t\t<div class=\"elementor-element elementor-element-ea67fc3 elementor-widget elementor-widget-heading\" data-id=\"ea67fc3\" data-element_type=\"widget\" data-e-type=\"widget\" data-widget_type=\"heading.default\">\n\t\t\t\t<div class=\"elementor-widget-container\">\n\t\t\t\t\t<h2 class=\"elementor-heading-title elementor-size-default\">\u00bfC\u00f3mo puedo utilizar Mailchimp de forma eficaz?<\/h2>\t\t\t\t<\/div>\n\t\t\t\t<\/div>\n\t\t\t\t\t<\/div>\n\t\t\t\t<\/div>\n\t\t<div class=\"elementor-element elementor-element-f5a1cfc e-flex e-con-boxed wpr-particle-no wpr-jarallax-no wpr-parallax-no wpr-sticky-section-no e-con e-parent\" data-id=\"f5a1cfc\" data-element_type=\"container\" data-e-type=\"container\">\n\t\t\t\t\t<div class=\"e-con-inner\">\n\t\t\t\t<div class=\"elementor-element elementor-element-7af0043 elementor-widget elementor-widget-text-editor\" data-id=\"7af0043\" data-element_type=\"widget\" data-e-type=\"widget\" data-widget_type=\"text-editor.default\">\n\t\t\t\t<div class=\"elementor-widget-container\">\n\t\t\t\t\t\t\t\t\t<p data-start=\"3139\" data-end=\"3483\">Para aprovechar todo el potencial de Mailchimp, empieza por <strong data-start=\"3207\" data-end=\"3244\">estructurar tu base de datos de contactos<\/strong>: importa tus suscriptores, segm\u00e9ntalos en grupos coherentes y mant\u00e9n tus datos actualizados. A continuaci\u00f3n, configura tus <strong data-start=\"3366\" data-end=\"3400\">primeras automatizaciones clave<\/strong>, como correos electr\u00f3nicos de bienvenida, recordatorios de la cesta de la compra o recordatorios de eventos. <\/p><p data-start=\"3485\" data-end=\"3838\">Para aumentar la eficacia de tus campa\u00f1as, personaliza tus mensajes utilizando etiquetas din\u00e1micas (nombre, historial de compra, preferencias) y prueba varias versiones utilizando la funci\u00f3n A\/B. Por \u00faltimo, analiza tus resultados con los informes detallados, para comprender el comportamiento de tu p\u00fablico y mejorar tu rendimiento con el tiempo. <\/p><p data-start=\"3840\" data-end=\"4006\">Consejo \ud83d\udca1: combina tus correos electr\u00f3nicos con anuncios sociales y p\u00e1ginas de captura para adoptar una verdadera estrategia multicanal y maximizar tu impacto.<\/p>\t\t\t\t\t\t\t\t<\/div>\n\t\t\t\t<\/div>\n\t\t\t\t<div class=\"elementor-element elementor-element-d9ad610 elementor-widget elementor-widget-heading\" data-id=\"d9ad610\" data-element_type=\"widget\" data-e-type=\"widget\" data-widget_type=\"heading.default\">\n\t\t\t\t<div class=\"elementor-widget-container\">\n\t\t\t\t\t<h2 class=\"elementor-heading-title elementor-size-default\">\u00bfPor qu\u00e9 Mailchimp es diferente de los dem\u00e1s?<\/h2>\t\t\t\t<\/div>\n\t\t\t\t<\/div>\n\t\t\t\t<div class=\"elementor-element elementor-element-d801cfc elementor-widget elementor-widget-text-editor\" data-id=\"d801cfc\" data-element_type=\"widget\" data-e-type=\"widget\" data-widget_type=\"text-editor.default\">\n\t\t\t\t<div class=\"elementor-widget-container\">\n\t\t\t\t\t\t\t\t\t<p data-start=\"4068\" data-end=\"4735\">A diferencia de otras soluciones como Brevo o ActiveCampaign, Mailchimp consigue combinar <strong data-start=\"4163\" data-end=\"4217\">la sencillez de uso con una gran cantidad de funcionalidades<\/strong>. Su interfaz f\u00e1cil de usar lo hace accesible incluso para los principiantes, mientras que sus funciones avanzadas atraen a los usuarios m\u00e1s experimentados. Su <strong data-start=\"4372\" data-end=\"4402\">generosa versi\u00f3n gratuita<\/strong> permite a las peque\u00f1as organizaciones empezar sin limitaciones, y sus <strong data-start=\"4469\" data-end=\"4495\">m\u00faltiples integraciones<\/strong> lo hacen perfectamente escalable para entornos m\u00e1s complejos. Por \u00faltimo, la fuerza de su comunidad y la riqueza de sus recursos did\u00e1cticos son una baza importante para apoyar a los usuarios a medida que progresan.   <\/p>\t\t\t\t\t\t\t\t<\/div>\n\t\t\t\t<\/div>\n\t\t\t\t<div class=\"elementor-element elementor-element-a1fb7ca elementor-widget elementor-widget-heading\" data-id=\"a1fb7ca\" data-element_type=\"widget\" data-e-type=\"widget\" data-widget_type=\"heading.default\">\n\t\t\t\t<div class=\"elementor-widget-container\">\n\t\t\t\t\t<h2 class=\"elementor-heading-title elementor-size-default\">\u00bfPara qui\u00e9n es Mailchimp?<\/h2>\t\t\t\t<\/div>\n\t\t\t\t<\/div>\n\t\t\t\t<div class=\"elementor-element elementor-element-6416d73 elementor-widget elementor-widget-text-editor\" data-id=\"6416d73\" data-element_type=\"widget\" data-e-type=\"widget\" data-widget_type=\"text-editor.default\">\n\t\t\t\t<div class=\"elementor-widget-container\">\n\t\t\t\t\t\t\t\t\t<p data-start=\"2156\" data-end=\"2575\">Mailchimp es una soluci\u00f3n dise\u00f1ada para diferentes perfiles:  <\/p><ul><li data-start=\"4839\" data-end=\"4972\"><p data-start=\"4841\" data-end=\"4972\"><strong data-start=\"4845\" data-end=\"4880\">Peque\u00f1as empresas y empresas de nueva creaci\u00f3n<\/strong> que quieren estructurar sus comunicaciones digitales con una herramienta sencilla y asequible.<\/p><\/li><li data-start=\"4973\" data-end=\"5096\"><p data-start=\"4975\" data-end=\"5096\"><strong data-start=\"4979\" data-end=\"4996\">Comerciantes electr\u00f3nicos<\/strong>, que utilizan la automatizaci\u00f3n para reactivar las cestas de la compra abandonadas y fidelizar a los clientes.<\/p><\/li><li data-start=\"5097\" data-end=\"5226\"><p data-start=\"5099\" data-end=\"5226\"><strong data-start=\"5103\" data-end=\"5141\">Aut\u00f3nomos y creadores de contenidos<\/strong> que quieren construir y captar una audiencia en torno a su marca personal.<\/p><\/li><li data-start=\"5227\" data-end=\"5342\"><p data-start=\"5229\" data-end=\"5342\"><strong data-start=\"5233\" data-end=\"5254\">Equipos de marketing<\/strong> de PYMES y grandes empresas que buscan una plataforma s\u00f3lida y multicanal.<\/p><\/li><li data-start=\"5343\" data-end=\"5481\"><p data-start=\"5345\" data-end=\"5481\"><strong data-start=\"5349\" data-end=\"5392\">Asociaciones y organismos de formaci\u00f3n<\/strong>, que necesitan mantener una comunicaci\u00f3n regular y espec\u00edfica con sus miembros.<\/p><\/li><\/ul>\t\t\t\t\t\t\t\t<\/div>\n\t\t\t\t<\/div>\n\t\t\t\t\t<\/div>\n\t\t\t\t<\/div>\n\t\t\t\t<\/div>\n\t\t","protected":false},"excerpt":{"rendered":"<p>Mailchimp es una plataforma de automatizaci\u00f3n de correo electr\u00f3nico y marketing que ayuda a las empresas a crecer. Dando a millones de clientes de todo el mundo el poder de crear y hacer crecer su negocio. <\/p>\n<ul>\n<li class=\"h4 margin--bottom-2\">Plantillas de correo electr\u00f3nico predefinidas<\/li>\n<li class=\"h4 margin--bottom-2\">Integraci\u00f3n con CRM<\/li>\n<li class=\"h4 margin--bottom-2\">Editor de arrastrar y soltar<\/li>\n<li>Integraci\u00f3n de imagen y v\u00eddeo<\/li>\n<\/ul>\n","protected":false},"featured_media":30454,"comment_status":"open","ping_status":"closed","template":"","meta":{"_acf_changed":false,"_glsr_average":0,"_glsr_ranking":0,"_glsr_reviews":0},"product_brand":[],"product_cat":[4296,4707,4706,4342],"product_tag":[],"class_list":{"0":"post-30488","1":"product","2":"type-product","3":"status-publish","4":"has-post-thumbnail","6":"product_cat-automatizacion-del-marketing","7":"product_cat-boletin","8":"product_cat-enviando-un-correo-electronico-a","9":"product_cat-marketing-es","11":"first","12":"instock","13":"shipping-taxable","14":"product-type-external"},"acf":[],"_links":{"self":[{"href":"https:\/\/boostgrowb.com\/es\/wp-json\/wp\/v2\/product\/30488","targetHints":{"allow":["GET"]}}],"collection":[{"href":"https:\/\/boostgrowb.com\/es\/wp-json\/wp\/v2\/product"}],"about":[{"href":"https:\/\/boostgrowb.com\/es\/wp-json\/wp\/v2\/types\/product"}],"replies":[{"embeddable":true,"href":"https:\/\/boostgrowb.com\/es\/wp-json\/wp\/v2\/comments?post=30488"}],"version-history":[{"count":0,"href":"https:\/\/boostgrowb.com\/es\/wp-json\/wp\/v2\/product\/30488\/revisions"}],"wp:featuredmedia":[{"embeddable":true,"href":"https:\/\/boostgrowb.com\/es\/wp-json\/wp\/v2\/media\/30454"}],"wp:attachment":[{"href":"https:\/\/boostgrowb.com\/es\/wp-json\/wp\/v2\/media?parent=30488"}],"wp:term":[{"taxonomy":"product_brand","embeddable":true,"href":"https:\/\/boostgrowb.com\/es\/wp-json\/wp\/v2\/product_brand?post=30488"},{"taxonomy":"product_cat","embeddable":true,"href":"https:\/\/boostgrowb.com\/es\/wp-json\/wp\/v2\/product_cat?post=30488"},{"taxonomy":"product_tag","embeddable":true,"href":"https:\/\/boostgrowb.com\/es\/wp-json\/wp\/v2\/product_tag?post=30488"}],"curies":[{"name":"wp","href":"https:\/\/api.w.org\/{rel}","templated":true}]}}