{"id":30491,"date":"2024-06-29T20:51:30","date_gmt":"2024-06-29T20:51:30","guid":{"rendered":"https:\/\/boostgrowb.com\/software\/smartsheet\/"},"modified":"2026-02-15T14:03:28","modified_gmt":"2026-02-15T14:03:28","slug":"smartsheet","status":"publish","type":"product","link":"https:\/\/boostgrowb.com\/es\/software\/smartsheet\/","title":{"rendered":"Smartsheet"},"content":{"rendered":"\t\t<div data-elementor-type=\"product-post\" data-elementor-id=\"30491\" class=\"elementor elementor-30491 elementor-3727\" data-elementor-post-type=\"product\">\n\t\t\t\t<div class=\"elementor-element elementor-element-2c183bf e-flex e-con-boxed wpr-particle-no wpr-jarallax-no wpr-parallax-no wpr-sticky-section-no e-con e-parent\" data-id=\"2c183bf\" data-element_type=\"container\" data-e-type=\"container\">\n\t\t\t\t\t<div class=\"e-con-inner\">\n\t\t\t\t<div class=\"elementor-element elementor-element-6e41a35 elementor-widget elementor-widget-heading\" data-id=\"6e41a35\" data-element_type=\"widget\" data-e-type=\"widget\" data-widget_type=\"heading.default\">\n\t\t\t\t<div class=\"elementor-widget-container\">\n\t\t\t\t\t<h2 class=\"elementor-heading-title elementor-size-default\">\u00bfQu\u00e9 es Smartsheet?<\/h2>\t\t\t\t<\/div>\n\t\t\t\t<\/div>\n\t\t\t\t<div class=\"elementor-element elementor-element-25410d0 elementor-widget elementor-widget-text-editor\" data-id=\"25410d0\" data-element_type=\"widget\" data-e-type=\"widget\" data-widget_type=\"text-editor.default\">\n\t\t\t\t<div class=\"elementor-widget-container\">\n\t\t\t\t\t\t\t\t\t<p><strong>Smartsheet<\/strong> es una plataforma <strong>todo en uno<\/strong> de <strong>gesti\u00f3n de proyectos<\/strong> y <strong>colaboraci\u00f3n en equipo<\/strong> dise\u00f1ada para ayudar a las empresas a <strong>planificar<\/strong>, <strong>realizar un seguimiento<\/strong> y <strong>automatizar<\/strong> tareas de forma eficaz. Ofreciendo una interfaz familiar <strong>al estilo de una hoja de c\u00e1lculo<\/strong>, Smartsheet puede gestionar una amplia gama de proyectos, desde <strong>tareas sencillas<\/strong> a <strong>proyectos complejos<\/strong>, permitiendo a los equipos realizar un seguimiento del progreso en tiempo real. Con potentes herramientas de <strong>planificaci\u00f3n<\/strong>, Smartsheet simplifica la gesti\u00f3n de tus proyectos a la vez que optimiza la <strong>productividad<\/strong> de tus empleados.  <\/p><p>Uno de los grandes puntos fuertes de Smartsheet es su capacidad para centralizar <strong>los flujos de trabajo<\/strong> y automatizar los procesos repetitivos, permitiendo a tus equipos centrarse en tareas de mayor valor a\u00f1adido. Con herramientas de <strong>seguimiento de tareas<\/strong>, <strong>alertas personalizadas<\/strong> e <strong>informes automatizados<\/strong>, puedes gestionar tus proyectos de forma m\u00e1s eficaz y sin errores, al tiempo que mantienes una visi\u00f3n general del progreso de las distintas iniciativas. Esta gesti\u00f3n fluida tambi\u00e9n mejora <strong>la comunicaci\u00f3n interna<\/strong> y refuerza la colaboraci\u00f3n entre los miembros del equipo, lo que es esencial para garantizar <strong>una ejecuci\u00f3n impecable de los proyectos<\/strong>.  <\/p><p>Adem\u00e1s de sus funciones de gesti\u00f3n de proyectos, Smartsheet ofrece <strong>una integraci\u00f3n perfecta<\/strong> con una serie de herramientas populares como <strong>Google Workspace<\/strong>, <strong>Slack<\/strong> y <strong>Microsoft Teams<\/strong>, lo que te permite conectar tus plataformas preferidas. Esto permite <strong>una colaboraci\u00f3n fluida<\/strong> y un acceso simplificado a la informaci\u00f3n, al tiempo que reduce <strong>los tiempos de sincronizaci\u00f3n<\/strong> y el riesgo de error humano. Smartsheet es la soluci\u00f3n ideal para equipos que quieren mejorar <strong>la gesti\u00f3n de proyectos<\/strong>, aumentar la <strong>eficiencia<\/strong> y acelerar la <strong>productividad<\/strong>, manteniendo al mismo tiempo <strong>una comunicaci\u00f3n fluida<\/strong> dentro de sus equipos.  <\/p>\t\t\t\t\t\t\t\t<\/div>\n\t\t\t\t<\/div>\n\t\t\t\t<div class=\"elementor-element elementor-element-0edfb26 elementor-widget elementor-widget-heading\" data-id=\"0edfb26\" data-element_type=\"widget\" data-e-type=\"widget\" data-widget_type=\"heading.default\">\n\t\t\t\t<div class=\"elementor-widget-container\">\n\t\t\t\t\t<h2 class=\"elementor-heading-title elementor-size-default\">Las 5 principales ventajas de Smartsheet<\/h2>\t\t\t\t<\/div>\n\t\t\t\t<\/div>\n\t\t\t\t<div class=\"elementor-element elementor-element-295c350 elementor-widget elementor-widget-text-editor\" data-id=\"295c350\" data-element_type=\"widget\" data-e-type=\"widget\" data-widget_type=\"text-editor.default\">\n\t\t\t\t<div class=\"elementor-widget-container\">\n\t\t\t\t\t\t\t\t\t<ul><li><p><strong>Interfaz intuitiva<\/strong>: <span style=\"background-color: transparent; text-align: var(--text-align); color: var( --e-global-color-text ); letter-spacing: 0px;\">Smartsheet ofrece una <\/span><strong style=\"background-color: transparent; text-align: var(--text-align); color: var( --e-global-color-text ); letter-spacing: 0px;\" data-start=\"118\" data-end=\"144\">interfaz similar a la de una hoja de c\u00e1lculo.<\/strong><span style=\"background-color: transparent; text-align: var(--text-align); color: var( --e-global-color-text ); letter-spacing: 0px;\">  que es f\u00e1cil de entender y utilizar, incluso para quienes no son expertos en gesti\u00f3n de proyectos. Esta interfaz permite a los usuarios adaptarse r\u00e1pidamente a la plataforma, al tiempo que ofrece una   <\/span><strong style=\"background-color: transparent; text-align: var(--text-align); color: var( --e-global-color-text ); letter-spacing: 0px;\" data-start=\"350\" data-end=\"375\">una visi\u00f3n clara<\/strong><span style=\"background-color: transparent; text-align: var(--text-align); color: var( --e-global-color-text ); letter-spacing: 0px;\"> sobre el progreso de los proyectos y tareas.<\/span><\/p><\/li><li><p><strong>Automatizaci\u00f3n del flujo de trabajo<\/strong>: Con Smartsheet, puedes automatizar las tareas repetitivas con <strong>reglas de automatizaci\u00f3n<\/strong> que reducen los errores y te ahorran tiempo. Puedes activar notificaciones, asignar tareas y mucho m\u00e1s de forma autom\u00e1tica. <\/p><\/li><li><p><strong>Colaboraci\u00f3n en tiempo real<\/strong>: Smartsheet facilita la colaboraci\u00f3n de los equipos ofreciendo funciones de comentarios, archivos adjuntos y uso compartido seguro de archivos. Tus equipos pueden colaborar en un proyecto en tiempo real, mejorando <strong>la transparencia<\/strong> y la <strong>comunicaci\u00f3n<\/strong>. <\/p><\/li><li><p><strong>Personalizaci\u00f3n y flexibilidad<\/strong>: Ya sea para gestionar tareas, proyectos o recursos, Smartsheet ofrece <strong>plantillas personalizables<\/strong> y una interfaz flexible que se adapta a distintos tipos de proyectos e industrias.<\/p><\/li><li><p><strong><span style=\"background-color: transparent; text-align: var(--text-align); color: var( --e-global-color-text ); letter-spacing: 0px;\">S\u00f3lidas integraciones con otras herramientas<\/span> <\/strong><span style=\"background-color: transparent; text-align: var(--text-align); color: var( --e-global-color-text ); letter-spacing: 0px;\">Smartsheet ofrece una integraci\u00f3n perfecta con herramientas populares como <\/span><strong style=\"background-color: transparent; text-align: var(--text-align); color: var( --e-global-color-text ); letter-spacing: 0px;\" data-start=\"1798\" data-end=\"1818\">Google Workspace<\/strong><span style=\"background-color: transparent; text-align: var(--text-align); color: var( --e-global-color-text ); letter-spacing: 0px;\">, <\/span><strong style=\"background-color: transparent; text-align: var(--text-align); color: var( --e-global-color-text ); letter-spacing: 0px;\" data-start=\"1820\" data-end=\"1839\">Microsoft Teams<\/strong><span style=\"background-color: transparent; text-align: var(--text-align); color: var( --e-global-color-text ); letter-spacing: 0px;\">, <\/span><strong style=\"background-color: transparent; text-align: var(--text-align); color: var( --e-global-color-text ); letter-spacing: 0px;\" data-start=\"1841\" data-end=\"1850\">Slack<\/strong><span style=\"background-color: transparent; text-align: var(--text-align); color: var( --e-global-color-text ); letter-spacing: 0px;\"> y <\/span><strong style=\"background-color: transparent; text-align: var(--text-align); color: var( --e-global-color-text ); letter-spacing: 0px;\" data-start=\"1854\" data-end=\"1864\">Zapier<\/strong>. <span style=\"background-color: transparent; text-align: var(--text-align); color: var( --e-global-color-text ); letter-spacing: 0px;\">Esto facilita la conexi\u00f3n de plataformas ya en uso en tu empresa. Esto garantiza un flujo de trabajo fluido   <\/span><strong style=\"background-color: transparent; text-align: var(--text-align); color: var( --e-global-color-text ); letter-spacing: 0px;\" data-start=\"1994\" data-end=\"2009\" data-is-only-node=\"\">transparente<\/strong><span style=\"background-color: transparent; text-align: var(--text-align); color: var( --e-global-color-text ); letter-spacing: 0px;\"> y reduce <\/span><strong style=\"background-color: transparent; text-align: var(--text-align); color: var( --e-global-color-text ); letter-spacing: 0px;\" data-start=\"2024\" data-end=\"2061\">la duplicaci\u00f3n de esfuerzos<\/strong><span style=\"background-color: transparent; text-align: var(--text-align); color: var( --e-global-color-text ); letter-spacing: 0px;\">al tiempo que garantiza <\/span><strong style=\"background-color: transparent; text-align: var(--text-align); color: var( --e-global-color-text ); letter-spacing: 0px;\" data-start=\"2084\" data-end=\"2125\">la sincronizaci\u00f3n del equipo<\/strong><span style=\"background-color: transparent; text-align: var(--text-align); color: var( --e-global-color-text ); letter-spacing: 0px;\">.<\/span><\/p><\/li><\/ul>\t\t\t\t\t\t\t\t<\/div>\n\t\t\t\t<\/div>\n\t\t\t\t\t<\/div>\n\t\t\t\t<\/div>\n\t\t<div class=\"elementor-element elementor-element-06cc27d e-flex e-con-boxed wpr-particle-no wpr-jarallax-no wpr-parallax-no wpr-sticky-section-no e-con e-parent\" data-id=\"06cc27d\" data-element_type=\"container\" data-e-type=\"container\">\n\t\t\t\t\t<div class=\"e-con-inner\">\n\t\t\t\t<div class=\"elementor-element elementor-element-7e1e48b elementor-widget elementor-widget-heading\" data-id=\"7e1e48b\" data-element_type=\"widget\" data-e-type=\"widget\" data-widget_type=\"heading.default\">\n\t\t\t\t<div class=\"elementor-widget-container\">\n\t\t\t\t\t<h2 class=\"elementor-heading-title elementor-size-default\">\u00bfPara qui\u00e9n est\u00e1 dise\u00f1ada Smartsheet?<\/h2>\t\t\t\t<\/div>\n\t\t\t\t<\/div>\n\t\t\t\t<div class=\"elementor-element elementor-element-35a916d elementor-widget elementor-widget-text-editor\" data-id=\"35a916d\" data-element_type=\"widget\" data-e-type=\"widget\" data-widget_type=\"text-editor.default\">\n\t\t\t\t<div class=\"elementor-widget-container\">\n\t\t\t\t\t\t\t\t\t<p class=\"\" data-start=\"0\" data-end=\"505\"><strong data-start=\"0\" data-end=\"14\">Smartsheet<\/strong> se dirige principalmente a <strong data-start=\"44\" data-end=\"55\" data-is-only-node=\"\">equipos<\/strong> y <strong data-start=\"59\" data-end=\"76\">organizaciones<\/strong> de todos los tama\u00f1os, desde <strong data-start=\"100\" data-end=\"107\">PYMES<\/strong> a <strong data-start=\"112\" data-end=\"135\">grandes empresas<\/strong>, que buscan optimizar su gesti\u00f3n de proyectos y mejorar la <strong data-start=\"211\" data-end=\"236\">colaboraci\u00f3n interna<\/strong>. Est\u00e1 especialmente indicado para <strong data-start=\"273\" data-end=\"300\">gestores de proyectos<\/strong>, <strong data-start=\"302\" data-end=\"329\">gestores de tareas<\/strong>, <strong data-start=\"331\" data-end=\"352\">equipos de marketing<\/strong>, <strong data-start=\"354\" data-end=\"368\">equipos inform\u00e1ticos<\/strong> y <strong data-start=\"383\" data-end=\"413\">gestores operativos<\/strong> que necesitan gestionar varios proyectos complejos simult\u00e1neamente y supervisar los flujos de trabajo. <\/p><p class=\"\" data-start=\"507\" data-end=\"1060\"><strong data-start=\"511\" data-end=\"528\">Los empresarios<\/strong> y las <strong data-start=\"532\" data-end=\"544\">empresas de nueva creaci\u00f3n<\/strong> tambi\u00e9n pueden beneficiarse de la <strong data-start=\"609\" data-end=\"624\">flexibilidad<\/strong> y la interfaz <strong data-start=\"645\" data-end=\"658\">intuitiva<\/strong> de la plataforma, que facilita la gesti\u00f3n de proyectos sin necesidad de conocimientos t\u00e9cnicos avanzados. Smartsheet tambi\u00e9n es adecuada para <strong data-start=\"780\" data-end=\"792\">sectores<\/strong> como <strong data-start=\"802\" data-end=\"818\">la construcci\u00f3n<\/strong>, la <strong data-start=\"823\" data-end=\"832\">sanidad<\/strong>, la <strong data-start=\"837\" data-end=\"852\">tecnolog\u00eda<\/strong> y cualquier empresa que necesite <strong data-start=\"898\" data-end=\"929\">realizar un seguimiento de m\u00faltiples tareas<\/strong>, asegurar <strong data-start=\"945\" data-end=\"969\">una colaboraci\u00f3n fluida<\/strong> y garantizar <strong data-start=\"988\" data-end=\"1011\">un seguimiento en tiempo real<\/strong> para maximizar la productividad de sus equipos. <\/p>\t\t\t\t\t\t\t\t<\/div>\n\t\t\t\t<\/div>\n\t\t\t\t\t<\/div>\n\t\t\t\t<\/div>\n\t\t\t\t<\/div>\n\t\t","protected":false},"excerpt":{"rendered":"<p>Smartsheet es una plataforma de gesti\u00f3n de proyectos y colaboraci\u00f3n todo en uno, ideal para planificar, automatizar y realizar el seguimiento de tus tareas en tiempo real. Aumenta la productividad con una herramienta flexible e intuitiva, apta para equipos de todos los tama\u00f1os. <\/p>\n<ul>\n<li>Automatizaci\u00f3n y flujos de trabajo<\/li>\n<li>Cuadros de mando personalizados<\/li>\n<li>Integraci\u00f3n con herramientas de terceros<\/li>\n<li>Modelos de proyectos<\/li>\n<\/ul>\n<p>&nbsp;<\/p>\n","protected":false},"featured_media":30493,"comment_status":"open","ping_status":"closed","template":"","meta":{"_acf_changed":false,"_glsr_average":0,"_glsr_ranking":0,"_glsr_reviews":0},"product_brand":[],"product_cat":[4228],"product_tag":[],"class_list":{"0":"post-30491","1":"product","2":"type-product","3":"status-publish","4":"has-post-thumbnail","6":"product_cat-gestion-de-proyectos","8":"first","9":"instock","10":"shipping-taxable","11":"product-type-external"},"acf":[],"_links":{"self":[{"href":"https:\/\/boostgrowb.com\/es\/wp-json\/wp\/v2\/product\/30491","targetHints":{"allow":["GET"]}}],"collection":[{"href":"https:\/\/boostgrowb.com\/es\/wp-json\/wp\/v2\/product"}],"about":[{"href":"https:\/\/boostgrowb.com\/es\/wp-json\/wp\/v2\/types\/product"}],"replies":[{"embeddable":true,"href":"https:\/\/boostgrowb.com\/es\/wp-json\/wp\/v2\/comments?post=30491"}],"version-history":[{"count":0,"href":"https:\/\/boostgrowb.com\/es\/wp-json\/wp\/v2\/product\/30491\/revisions"}],"wp:featuredmedia":[{"embeddable":true,"href":"https:\/\/boostgrowb.com\/es\/wp-json\/wp\/v2\/media\/30493"}],"wp:attachment":[{"href":"https:\/\/boostgrowb.com\/es\/wp-json\/wp\/v2\/media?parent=30491"}],"wp:term":[{"taxonomy":"product_brand","embeddable":true,"href":"https:\/\/boostgrowb.com\/es\/wp-json\/wp\/v2\/product_brand?post=30491"},{"taxonomy":"product_cat","embeddable":true,"href":"https:\/\/boostgrowb.com\/es\/wp-json\/wp\/v2\/product_cat?post=30491"},{"taxonomy":"product_tag","embeddable":true,"href":"https:\/\/boostgrowb.com\/es\/wp-json\/wp\/v2\/product_tag?post=30491"}],"curies":[{"name":"wp","href":"https:\/\/api.w.org\/{rel}","templated":true}]}}