{"id":30492,"date":"2024-06-11T16:25:46","date_gmt":"2024-06-11T16:25:46","guid":{"rendered":"https:\/\/boostgrowb.com\/software\/brevo\/"},"modified":"2025-09-29T10:54:37","modified_gmt":"2025-09-29T10:54:37","slug":"brevo","status":"publish","type":"product","link":"https:\/\/boostgrowb.com\/es\/software\/brevo\/","title":{"rendered":"Brevo"},"content":{"rendered":"\t\t<div data-elementor-type=\"product-post\" data-elementor-id=\"30492\" class=\"elementor elementor-30492 elementor-1657\" data-elementor-post-type=\"product\">\n\t\t\t\t<div class=\"elementor-element elementor-element-83c7748 e-flex e-con-boxed wpr-particle-no wpr-jarallax-no wpr-parallax-no wpr-sticky-section-no e-con e-parent\" data-id=\"83c7748\" data-element_type=\"container\" data-e-type=\"container\">\n\t\t\t\t\t<div class=\"e-con-inner\">\n\t\t\t\t<div class=\"elementor-element elementor-element-4a34cfb elementor-widget elementor-widget-heading\" data-id=\"4a34cfb\" data-element_type=\"widget\" data-e-type=\"widget\" data-widget_type=\"heading.default\">\n\t\t\t\t<div class=\"elementor-widget-container\">\n\t\t\t\t\t<h2 class=\"elementor-heading-title elementor-size-default\">\u00bfQu\u00e9 es Brevo?<\/h2>\t\t\t\t<\/div>\n\t\t\t\t<\/div>\n\t\t\t\t<div class=\"elementor-element elementor-element-b0c054f elementor-widget elementor-widget-text-editor\" data-id=\"b0c054f\" data-element_type=\"widget\" data-e-type=\"widget\" data-widget_type=\"text-editor.default\">\n\t\t\t\t<div class=\"elementor-widget-container\">\n\t\t\t\t\t\t\t\t\t<p>Brevo es una plataforma de marketing digital todo en uno dise\u00f1ada para ayudar a las empresas a gestionar y automatizar sus campa\u00f1as omnicanal. Gracias a sus s\u00f3lidas funciones, como el marketing por correo electr\u00f3nico, la automatizaci\u00f3n del marketing, el marketing por SMS, los formularios personalizados y el CRM integrado, Brevo centraliza todas las palancas esenciales para impulsar la comunicaci\u00f3n digital. Ofrece una experiencia fluida y coherente en cada punto de contacto con tus clientes potenciales y clientes.  <\/p><p class=\"\" data-start=\"823\" data-end=\"1349\">Uno de los principales puntos fuertes de Brevo es su capacidad para adaptarse a las necesidades de todas las organizaciones, desde las empresas muy peque\u00f1as hasta las grandes corporaciones. La interfaz intuitiva te permite crear campa\u00f1as personalizadas con unos pocos clics, mientras que las herramientas de automatizaci\u00f3n inteligente activan acciones basadas en el comportamiento del usuario. Gracias a sus funciones avanzadas de segmentaci\u00f3n y a su sistema de puntuaci\u00f3n de clientes, puedes optimizar el compromiso y la conversi\u00f3n en cada etapa del recorrido del cliente.  <\/p><p class=\"\" data-start=\"1351\" data-end=\"1798\">Por \u00faltimo, Brevo destaca por su excelente relaci\u00f3n calidad-precio y su facilidad de integraci\u00f3n con las principales plataformas de comercio electr\u00f3nico y CMS del mercado (Shopify, WordPress, WooCommerce, etc.). Si quieres fidelizar a tus clientes, aumentar tu volumen de negocio o ahorrar tiempo en tus actividades de marketing, Brevo es una soluci\u00f3n potente y escalable que te ayuda a gestionar tu estrategia digital de forma eficaz y sostenible. <\/p>\t\t\t\t\t\t\t\t<\/div>\n\t\t\t\t<\/div>\n\t\t\t\t<div class=\"elementor-element elementor-element-06d5375 elementor-widget elementor-widget-heading\" data-id=\"06d5375\" data-element_type=\"widget\" data-e-type=\"widget\" data-widget_type=\"heading.default\">\n\t\t\t\t<div class=\"elementor-widget-container\">\n\t\t\t\t\t<h2 class=\"elementor-heading-title elementor-size-default\">Las 5 principales ventajas de Brevo<\/h2>\t\t\t\t<\/div>\n\t\t\t\t<\/div>\n\t\t\t\t<div class=\"elementor-element elementor-element-716bd0d elementor-widget elementor-widget-text-editor\" data-id=\"716bd0d\" data-element_type=\"widget\" data-e-type=\"widget\" data-widget_type=\"text-editor.default\">\n\t\t\t\t<div class=\"elementor-widget-container\">\n\t\t\t\t\t\t\t\t\t<ol><li><p><strong>Automatizaci\u00f3n de campa\u00f1as de marketing<\/strong>: Brevo te permite configurar flujos de trabajo automatizados para enviar correos electr\u00f3nicos o mensajes SMS en el momento adecuado y a los segmentos adecuados de tu audiencia. Puedes crear escenarios personalizados para <strong>generar m\u00e1s conversiones<\/strong> sin intervenci\u00f3n manual. <\/p><\/li><li><p><strong>CRM integrado para una gesti\u00f3n \u00f3ptima de los clientes<\/strong>: Brevo integra un <strong>CRM completo<\/strong> para gestionar tus contactos, seguir las interacciones y analizar el comportamiento de los clientes. Esto te permite <strong>personalizar cada interacci\u00f3n<\/strong> y mejorar la fidelidad del cliente. <\/p><\/li><li><p><strong>Potentes herramientas de marketing por correo electr\u00f3nico y SMS<\/strong>: Brevo ofrece una interfaz sencilla para crear y personalizar tus correos electr\u00f3nicos y mensajes SMS de marketing. Gracias a sus herramientas avanzadas de edici\u00f3n y segmentaci\u00f3n, puedes <strong>dirigirte con precisi\u00f3n a tu audiencia<\/strong> y optimizar las tasas de compromiso. <\/p><\/li><li><p><strong>Informes anal\u00edticos detallados<\/strong>: Gracias a los <strong>an\u00e1lisis en tiempo real<\/strong> de Brevo, puedes seguir el rendimiento de cada campa\u00f1a, ajustar tus estrategias y <strong>optimizar tu ROI<\/strong>. Los cuadros de mando te ofrecen informaci\u00f3n clara para que puedas entender qu\u00e9 est\u00e1 funcionando. <\/p><\/li><li><p><strong>Flexibilidad y precios asequibles<\/strong>: Brevo ofrece precios flexibles y sin compromiso, adecuados tanto para peque\u00f1as empresas como para grandes organizaciones, lo que lo hace <strong>accesible y escalable<\/strong> seg\u00fan tus necesidades.<\/p><\/li><\/ol>\t\t\t\t\t\t\t\t<\/div>\n\t\t\t\t<\/div>\n\t\t\t\t\t<\/div>\n\t\t\t\t<\/div>\n\t\t<div class=\"elementor-element elementor-element-fa5cc26 e-flex e-con-boxed wpr-particle-no wpr-jarallax-no wpr-parallax-no wpr-sticky-section-no e-con e-parent\" data-id=\"fa5cc26\" data-element_type=\"container\" data-e-type=\"container\">\n\t\t\t\t\t<div class=\"e-con-inner\">\n\t\t\t\t<div class=\"elementor-element elementor-element-5b3ab70 elementor-widget elementor-widget-heading\" data-id=\"5b3ab70\" data-element_type=\"widget\" data-e-type=\"widget\" data-widget_type=\"heading.default\">\n\t\t\t\t<div class=\"elementor-widget-container\">\n\t\t\t\t\t<h2 class=\"elementor-heading-title elementor-size-default\">\u00bfPara qui\u00e9n es Brevo?<\/h2>\t\t\t\t<\/div>\n\t\t\t\t<\/div>\n\t\t\t\t\t<\/div>\n\t\t\t\t<\/div>\n\t\t<div class=\"elementor-element elementor-element-1bb247c e-flex e-con-boxed wpr-particle-no wpr-jarallax-no wpr-parallax-no wpr-sticky-section-no e-con e-parent\" data-id=\"1bb247c\" data-element_type=\"container\" data-e-type=\"container\">\n\t\t\t\t\t<div class=\"e-con-inner\">\n\t\t\t\t<div class=\"elementor-element elementor-element-a93dc82 elementor-widget elementor-widget-text-editor\" data-id=\"a93dc82\" data-element_type=\"widget\" data-e-type=\"widget\" data-widget_type=\"text-editor.default\">\n\t\t\t\t<div class=\"elementor-widget-container\">\n\t\t\t\t\t\t\t\t\t<ul><li><p><strong><span>Peque\u00f1as y medianas empresas (PYME)<\/span><\/strong><span> Brevo ofrece herramientas de marketing asequibles e intuitivas que permiten a las PYMEs <\/span><strong><span>gestionar eficazmente sus campa\u00f1as<\/span><\/strong><span> sin conocimientos t\u00e9cnicos avanzados.<\/span><\/p><\/li><li><p><strong><span>Comerciantes electr\u00f3nicos<\/span><\/strong><span> Con sus herramientas de automatizaci\u00f3n, CRM y segmentaci\u00f3n, Brevo ayuda a los e-comerciantes a <\/span><strong><span>orientar y personalizar las interacciones con los clientes<\/span><\/strong><span> lo que mejora las conversiones y la fidelidad.<\/span><\/p><\/li><li><p><strong><span>Agencias de marketing digital<\/span><\/strong><span> Para las agencias, Brevo ofrece una soluci\u00f3n completa para <\/span><strong><span>gestionar m\u00faltiples clientes y campa\u00f1as<\/span><\/strong><span> con informes anal\u00edticos precisos y herramientas de automatizaci\u00f3n.<\/span><\/p><\/li><li><p><strong><span>Empresas en crecimiento<\/span><\/strong><span> Brevo es una plataforma escalable que se adapta a las necesidades de las empresas en crecimiento, permiti\u00e9ndoles <\/span><strong><span>ampliar sus operaciones de marketing<\/span><\/strong><span> manteniendo unos costes optimizados.<\/span><\/p><\/li><\/ul>\t\t\t\t\t\t\t\t<\/div>\n\t\t\t\t<\/div>\n\t\t\t\t\t<\/div>\n\t\t\t\t<\/div>\n\t\t<div class=\"elementor-element elementor-element-05f63d5 e-flex e-con-boxed wpr-particle-no wpr-jarallax-no wpr-parallax-no wpr-sticky-section-no e-con e-parent\" data-id=\"05f63d5\" data-element_type=\"container\" data-e-type=\"container\">\n\t\t\t\t\t<div class=\"e-con-inner\">\n\t\t\t\t<div class=\"elementor-element elementor-element-0e0d1be elementor-widget elementor-widget-heading\" data-id=\"0e0d1be\" data-element_type=\"widget\" data-e-type=\"widget\" data-widget_type=\"heading.default\">\n\t\t\t\t<div class=\"elementor-widget-container\">\n\t\t\t\t\t<h2 class=\"elementor-heading-title elementor-size-default\">Conclusi\u00f3n<\/h2>\t\t\t\t<\/div>\n\t\t\t\t<\/div>\n\t\t\t\t<div class=\"elementor-element elementor-element-aa750d0 elementor-widget elementor-widget-text-editor\" data-id=\"aa750d0\" data-element_type=\"widget\" data-e-type=\"widget\" data-widget_type=\"text-editor.default\">\n\t\t\t\t<div class=\"elementor-widget-container\">\n\t\t\t\t\t\t\t\t\t<p><strong>Brevo<\/strong> es una soluci\u00f3n potente y asequible para todas las empresas que buscan <strong>centralizar sus campa\u00f1as de marketing<\/strong>, automatizar las interacciones con los clientes y mejorar el rendimiento general. Tanto si eres una PYME, un comercio electr\u00f3nico o una gran empresa, <strong>Brevo<\/strong> te ayuda a llegar a tu p\u00fablico de forma selectiva y personalizada. Con sus avanzadas herramientas de segmentaci\u00f3n, CRM integrado y flujos de trabajo de automatizaci\u00f3n, <strong>Brevo<\/strong> es el aliado ideal para transformar tus campa\u00f1as en aut\u00e9nticos motores de crecimiento.  <\/p>\t\t\t\t\t\t\t\t<\/div>\n\t\t\t\t<\/div>\n\t\t\t\t\t<\/div>\n\t\t\t\t<\/div>\n\t\t\t\t<\/div>\n\t\t","protected":false},"excerpt":{"rendered":"<p>Brevo es una plataforma de marketing digital todo en uno dise\u00f1ada para ayudar a las empresas a gestionar sus campa\u00f1as de marketing, automatizar los procesos y mejorar la captaci\u00f3n de clientes.<\/p>\n<ul>\n<li>\n<section class=\"dist_marketing-product__body__cY9pZ\">Automatizaci\u00f3n del marketing<\/section>\n<\/li>\n<li>\n<section class=\"dist_marketing-product__body__cY9pZ\">An\u00e1lisis e informes<\/section>\n<\/li>\n<li>Marketing multicanal<\/li>\n<li>Marketing por correo electr\u00f3nico<\/li>\n<\/ul>\n","protected":false},"featured_media":30496,"comment_status":"open","ping_status":"closed","template":"","meta":{"_acf_changed":false,"_glsr_average":0,"_glsr_ranking":0,"_glsr_reviews":0},"product_brand":[],"product_cat":[4296,4707,4706],"product_tag":[],"class_list":{"0":"post-30492","1":"product","2":"type-product","3":"status-publish","4":"has-post-thumbnail","6":"product_cat-automatizacion-del-marketing","7":"product_cat-boletin","8":"product_cat-enviando-un-correo-electronico-a","10":"first","11":"instock","12":"shipping-taxable","13":"product-type-external"},"acf":[],"_links":{"self":[{"href":"https:\/\/boostgrowb.com\/es\/wp-json\/wp\/v2\/product\/30492","targetHints":{"allow":["GET"]}}],"collection":[{"href":"https:\/\/boostgrowb.com\/es\/wp-json\/wp\/v2\/product"}],"about":[{"href":"https:\/\/boostgrowb.com\/es\/wp-json\/wp\/v2\/types\/product"}],"replies":[{"embeddable":true,"href":"https:\/\/boostgrowb.com\/es\/wp-json\/wp\/v2\/comments?post=30492"}],"version-history":[{"count":0,"href":"https:\/\/boostgrowb.com\/es\/wp-json\/wp\/v2\/product\/30492\/revisions"}],"wp:featuredmedia":[{"embeddable":true,"href":"https:\/\/boostgrowb.com\/es\/wp-json\/wp\/v2\/media\/30496"}],"wp:attachment":[{"href":"https:\/\/boostgrowb.com\/es\/wp-json\/wp\/v2\/media?parent=30492"}],"wp:term":[{"taxonomy":"product_brand","embeddable":true,"href":"https:\/\/boostgrowb.com\/es\/wp-json\/wp\/v2\/product_brand?post=30492"},{"taxonomy":"product_cat","embeddable":true,"href":"https:\/\/boostgrowb.com\/es\/wp-json\/wp\/v2\/product_cat?post=30492"},{"taxonomy":"product_tag","embeddable":true,"href":"https:\/\/boostgrowb.com\/es\/wp-json\/wp\/v2\/product_tag?post=30492"}],"curies":[{"name":"wp","href":"https:\/\/api.w.org\/{rel}","templated":true}]}}