{"id":30504,"date":"2024-06-29T20:33:08","date_gmt":"2024-06-29T20:33:08","guid":{"rendered":"https:\/\/boostgrowb.com\/software\/trello\/"},"modified":"2026-01-21T14:09:47","modified_gmt":"2026-01-21T14:09:47","slug":"trello","status":"publish","type":"product","link":"https:\/\/boostgrowb.com\/es\/software\/trello\/","title":{"rendered":"Trello"},"content":{"rendered":"\t\t<div data-elementor-type=\"product-post\" data-elementor-id=\"30504\" class=\"elementor elementor-30504 elementor-3718\" data-elementor-post-type=\"product\">\n\t\t\t\t<div class=\"elementor-element elementor-element-f614322 e-flex e-con-boxed wpr-particle-no wpr-jarallax-no wpr-parallax-no wpr-sticky-section-no e-con e-parent\" data-id=\"f614322\" data-element_type=\"container\" data-e-type=\"container\">\n\t\t\t\t\t<div class=\"e-con-inner\">\n\t\t\t\t<div class=\"elementor-element elementor-element-bb48ec1 elementor-widget elementor-widget-heading\" data-id=\"bb48ec1\" data-element_type=\"widget\" data-e-type=\"widget\" data-widget_type=\"heading.default\">\n\t\t\t\t<div class=\"elementor-widget-container\">\n\t\t\t\t\t<h2 class=\"elementor-heading-title elementor-size-default\">\u00bfQu\u00e9 es Trello?<\/h2>\t\t\t\t<\/div>\n\t\t\t\t<\/div>\n\t\t\t\t<div class=\"elementor-element elementor-element-c18ff6d elementor-widget elementor-widget-text-editor\" data-id=\"c18ff6d\" data-element_type=\"widget\" data-e-type=\"widget\" data-widget_type=\"text-editor.default\">\n\t\t\t\t<div class=\"elementor-widget-container\">\n\t\t\t\t\t\t\t\t\t<p><strong>Trello<\/strong> es una <strong>herramienta visual de gesti\u00f3n de proyectos<\/strong> que ayuda a equipos e individuos a organizar sus tareas y colaborar eficazmente mediante un sistema intuitivo de tablas, listas y tarjetas. Utilizado por millones de personas en todo el mundo, Trello es famoso por su <strong>facilidad de uso<\/strong> y <strong>flexibilidad<\/strong>. Tanto si eres una empresa en crecimiento, un creador de contenidos o un gestor de proyectos experimentado, Trello te permite <strong>visualizar tus flujos de trabajo<\/strong> y mantener tus proyectos bajo control.  <\/p><p>La principal baza de <strong>Trello<\/strong> es su interfaz visual, que te permite <strong>gestionar todos los aspectos de tu proyecto<\/strong> de un vistazo. Al organizar tus tareas en forma de tarjetas, listas y tablas, obtienes una visi\u00f3n de conjunto que facilita el seguimiento y mejora la colaboraci\u00f3n en equipo. Si buscas una soluci\u00f3n flexible e intuitiva para aumentar tu productividad, <strong>Trello<\/strong> es la herramienta ideal.  <\/p>\t\t\t\t\t\t\t\t<\/div>\n\t\t\t\t<\/div>\n\t\t\t\t<div class=\"elementor-element elementor-element-572fdc2 elementor-widget elementor-widget-heading\" data-id=\"572fdc2\" data-element_type=\"widget\" data-e-type=\"widget\" data-widget_type=\"heading.default\">\n\t\t\t\t<div class=\"elementor-widget-container\">\n\t\t\t\t\t<h2 class=\"elementor-heading-title elementor-size-default\">Las 5 principales ventajas de Trello<\/h2>\t\t\t\t<\/div>\n\t\t\t\t<\/div>\n\t\t\t\t<div class=\"elementor-element elementor-element-4a5452d elementor-widget elementor-widget-text-editor\" data-id=\"4a5452d\" data-element_type=\"widget\" data-e-type=\"widget\" data-widget_type=\"text-editor.default\">\n\t\t\t\t<div class=\"elementor-widget-container\">\n\t\t\t\t\t\t\t\t\t<ul><li><p><strong>F\u00e1cil de usar y r\u00e1pido de aprender<\/strong>: Trello est\u00e1 dise\u00f1ado para ser <strong>intuitivo<\/strong> y accesible, incluso para los principiantes en la gesti\u00f3n de proyectos. Puedes crear tarjetas, organizar tareas y seguir el progreso sin ninguna curva de aprendizaje compleja. <\/p><\/li><li><p><strong>Personalizaci\u00f3n avanzada del flujo<\/strong> de trabajo: Trello ofrece opciones de personalizaci\u00f3n para configurar tus tableros, automatizar determinadas tareas y adaptar los flujos de trabajo a tus necesidades. Puedes crear flujos de trabajo que se adapten perfectamente a la forma de trabajar de tu equipo. <\/p><\/li><li><p><strong>Colaboraci\u00f3n en tiempo real<\/strong>: Trello permite que varios usuarios <strong>trabajen en el mismo tabl\u00f3n al mismo tiempo<\/strong>. Los miembros del equipo pueden a\u00f1adir comentarios, archivos adjuntos y plazos, lo que permite una colaboraci\u00f3n fluida y sincronizada. <\/p><\/li><li><p><strong>Automatizaci\u00f3n y potentes integraciones<\/strong>: Trello facilita la automatizaci\u00f3n de tareas repetitivas con Butler, su herramienta de automatizaci\u00f3n incorporada, y ofrece una amplia gama de integraciones denominadas Power-Ups. Puedes conectar Trello con Slack para recibir notificaciones instant\u00e1neas, Google Drive y Dropbox para almacenar archivos, o con herramientas avanzadas como Zapier, Salesforce y JIRA para personalizar tu espacio de trabajo y centralizar tus herramientas favoritas. Estas integraciones mejoran la productividad y simplifican la gesti\u00f3n de proyectos.  <\/p><\/li><li><p><strong>Visualizaci\u00f3n flexible de los proyectos<\/strong>: Trello ofrece distintas vistas de los proyectos, como <strong>la vista de calendario<\/strong>, <strong>la vista de cronograma<\/strong> y <strong>la vista de tablero Kanban<\/strong>, lo que permite a los equipos visualizar sus tareas de la forma que m\u00e1s les convenga.<\/p><\/li><\/ul>\t\t\t\t\t\t\t\t<\/div>\n\t\t\t\t<\/div>\n\t\t\t\t<div class=\"elementor-element elementor-element-a955a7c elementor-widget elementor-widget-heading\" data-id=\"a955a7c\" data-element_type=\"widget\" data-e-type=\"widget\" data-widget_type=\"heading.default\">\n\t\t\t\t<div class=\"elementor-widget-container\">\n\t\t\t\t\t<h2 class=\"elementor-heading-title elementor-size-default\">\u00bfCu\u00e1les son las ventajas de utilizar Trello?<\/h2>\t\t\t\t<\/div>\n\t\t\t\t<\/div>\n\t\t\t\t<div class=\"elementor-element elementor-element-fdc347f elementor-widget elementor-widget-text-editor\" data-id=\"fdc347f\" data-element_type=\"widget\" data-e-type=\"widget\" data-widget_type=\"text-editor.default\">\n\t\t\t\t<div class=\"elementor-widget-container\">\n\t\t\t\t\t\t\t\t\t<ul><li><p><strong>Centraliza tus tareas<\/strong>: Trello te permite <strong>gestionar todos tus proyectos y tareas<\/strong> en un \u00fanico espacio visual, lo que facilita el seguimiento de las prioridades y optimiza tu flujo de trabajo.<\/p><\/li><li><p><strong>Mayor visibilidad y transparencia<\/strong>: Al proporcionar una visi\u00f3n general de los proyectos, Trello mejora la transparencia y ayuda a cada miembro del equipo a ver c\u00f3mo progresan las tareas, lo que refuerza la coordinaci\u00f3n y la responsabilidad.<\/p><\/li><li><p><strong>Mejora de la productividad<\/strong>: Con sus funciones de automatizaci\u00f3n e integraciones, Trello reduce las tareas repetitivas y optimiza el tiempo del equipo, mejorando la productividad.<\/p><\/li><li><p><strong>Acceso en tiempo real y movilidad<\/strong>: Trello est\u00e1 disponible en ordenadores y m\u00f3viles, lo que permite a los equipos <strong>colaborar en tiempo real<\/strong> y realizar un seguimiento de los proyectos incluso cuando est\u00e1n en movimiento.<\/p><\/li><li><p><strong>Espacio de trabajo adaptable<\/strong>: Gracias a los Power-Ups y a las vistas personalizables, Trello puede configurarse para satisfacer las necesidades espec\u00edficas de tu equipo, tanto si se trata de una peque\u00f1a empresa como de un equipo en r\u00e1pido crecimiento.<\/p><\/li><\/ul>\t\t\t\t\t\t\t\t<\/div>\n\t\t\t\t<\/div>\n\t\t\t\t<div class=\"elementor-element elementor-element-e75256b elementor-widget elementor-widget-heading\" data-id=\"e75256b\" data-element_type=\"widget\" data-e-type=\"widget\" data-widget_type=\"heading.default\">\n\t\t\t\t<div class=\"elementor-widget-container\">\n\t\t\t\t\t<h2 class=\"elementor-heading-title elementor-size-default\">Conclusi\u00f3n<\/h2>\t\t\t\t<\/div>\n\t\t\t\t<\/div>\n\t\t\t\t<div class=\"elementor-element elementor-element-404b39b elementor-widget elementor-widget-text-editor\" data-id=\"404b39b\" data-element_type=\"widget\" data-e-type=\"widget\" data-widget_type=\"text-editor.default\">\n\t\t\t\t<div class=\"elementor-widget-container\">\n\t\t\t\t\t\t\t\t\t<p><strong>Trello<\/strong> es una plataforma de gesti\u00f3n de proyectos flexible e intuitiva que permite a equipos de todos los tama\u00f1os organizar sus tareas y colaborar eficazmente. Tanto si eres una PYME, una agencia o un aut\u00f3nomo, <strong>Trello<\/strong> te ofrece las herramientas que necesitas para estructurar tus proyectos, optimizar los flujos de trabajo y mejorar la comunicaci\u00f3n en equipo. Si buscas una soluci\u00f3n visual y accesible para impulsar la productividad y organizar tus proyectos en un abrir y cerrar de ojos, <strong>Trello<\/strong> es la herramienta que necesitas.  <\/p>\t\t\t\t\t\t\t\t<\/div>\n\t\t\t\t<\/div>\n\t\t\t\t\t<\/div>\n\t\t\t\t<\/div>\n\t\t\t\t<\/div>\n\t\t","protected":false},"excerpt":{"rendered":"<p>Trello es una plataforma de gesti\u00f3n de proyectos visual, flexible e intuitiva que ayuda a equipos de todos los tama\u00f1os a planificar, organizar y hacer un seguimiento de sus tareas en tiempo real. Gracias a sus tablas, listas y tarjetas personalizables. <\/p>\n<ul>\n<li>Automatizar tareas<\/li>\n<li>Colaboraci\u00f3n en tiempo real<\/li>\n<li>Integraci\u00f3n con otras herramientas<\/li>\n<li>Interfaz intuitiva<\/li>\n<\/ul>\n<div class=\"UiNavLinkstyles__NavLinkDescription-sc-lgpipn-4 bSzYmp\">\n<div class=\"UiNavLinkstyles__NavLinkDescription-sc-lgpipn-4 bSzYmp\"><\/div>\n<div class=\"UiNavLinkstyles__NavLinkDescription-sc-lgpipn-4 bSzYmp\"><\/div>\n<\/div>\n","protected":false},"featured_media":30505,"comment_status":"open","ping_status":"closed","template":"","meta":{"_acf_changed":false,"_glsr_average":0,"_glsr_ranking":0,"_glsr_reviews":0},"product_brand":[],"product_cat":[4228],"product_tag":[],"class_list":{"0":"post-30504","1":"product","2":"type-product","3":"status-publish","4":"has-post-thumbnail","6":"product_cat-gestion-de-proyectos","8":"first","9":"instock","10":"shipping-taxable","11":"product-type-external"},"acf":[],"_links":{"self":[{"href":"https:\/\/boostgrowb.com\/es\/wp-json\/wp\/v2\/product\/30504","targetHints":{"allow":["GET"]}}],"collection":[{"href":"https:\/\/boostgrowb.com\/es\/wp-json\/wp\/v2\/product"}],"about":[{"href":"https:\/\/boostgrowb.com\/es\/wp-json\/wp\/v2\/types\/product"}],"replies":[{"embeddable":true,"href":"https:\/\/boostgrowb.com\/es\/wp-json\/wp\/v2\/comments?post=30504"}],"version-history":[{"count":0,"href":"https:\/\/boostgrowb.com\/es\/wp-json\/wp\/v2\/product\/30504\/revisions"}],"wp:featuredmedia":[{"embeddable":true,"href":"https:\/\/boostgrowb.com\/es\/wp-json\/wp\/v2\/media\/30505"}],"wp:attachment":[{"href":"https:\/\/boostgrowb.com\/es\/wp-json\/wp\/v2\/media?parent=30504"}],"wp:term":[{"taxonomy":"product_brand","embeddable":true,"href":"https:\/\/boostgrowb.com\/es\/wp-json\/wp\/v2\/product_brand?post=30504"},{"taxonomy":"product_cat","embeddable":true,"href":"https:\/\/boostgrowb.com\/es\/wp-json\/wp\/v2\/product_cat?post=30504"},{"taxonomy":"product_tag","embeddable":true,"href":"https:\/\/boostgrowb.com\/es\/wp-json\/wp\/v2\/product_tag?post=30504"}],"curies":[{"name":"wp","href":"https:\/\/api.w.org\/{rel}","templated":true}]}}