{"id":30507,"date":"2024-06-29T20:23:04","date_gmt":"2024-06-29T20:23:04","guid":{"rendered":"https:\/\/boostgrowb.com\/software\/sellsy\/"},"modified":"2026-02-15T14:03:32","modified_gmt":"2026-02-15T14:03:32","slug":"sellsy","status":"publish","type":"product","link":"https:\/\/boostgrowb.com\/es\/software\/sellsy\/","title":{"rendered":"Sellsy"},"content":{"rendered":"\t\t<div data-elementor-type=\"product-post\" data-elementor-id=\"30507\" class=\"elementor elementor-30507 elementor-3713\" data-elementor-post-type=\"product\">\n\t\t\t\t<div class=\"elementor-element elementor-element-fdfe71e e-flex e-con-boxed wpr-particle-no wpr-jarallax-no wpr-parallax-no wpr-sticky-section-no e-con e-parent\" data-id=\"fdfe71e\" data-element_type=\"container\" data-e-type=\"container\">\n\t\t\t\t\t<div class=\"e-con-inner\">\n\t\t\t\t<div class=\"elementor-element elementor-element-d1571bc elementor-widget elementor-widget-heading\" data-id=\"d1571bc\" data-element_type=\"widget\" data-e-type=\"widget\" data-widget_type=\"heading.default\">\n\t\t\t\t<div class=\"elementor-widget-container\">\n\t\t\t\t\t<h2 class=\"elementor-heading-title elementor-size-default\">\u00bfQu\u00e9 es Sellsy?<\/h2>\t\t\t\t<\/div>\n\t\t\t\t<\/div>\n\t\t\t\t<div class=\"elementor-element elementor-element-0a0e484 elementor-widget elementor-widget-text-editor\" data-id=\"0a0e484\" data-element_type=\"widget\" data-e-type=\"widget\" data-widget_type=\"text-editor.default\">\n\t\t\t\t<div class=\"elementor-widget-container\">\n\t\t\t\t\t\t\t\t\t<p><strong>Sellsy<\/strong> es una <strong>plataforma CRM todo en uno<\/strong> dise\u00f1ada para ayudar a las empresas a <strong>optimizar la gesti\u00f3n de sus procesos de ventas, marketing y administraci\u00f3n<\/strong>. Con su <strong>interfaz intuitiva y centralizada<\/strong>, Sellsy facilita a <strong>los equipos de ventas y marketing<\/strong> la gesti\u00f3n de <strong>clientes potenciales<\/strong>, el seguimiento de <strong>las interacciones con los clientes<\/strong> y la gesti\u00f3n de todo el <strong>proceso de ventas<\/strong>. Esta potente herramienta te permite aumentar la <strong>eficacia<\/strong>, mejorar la <strong>colaboraci\u00f3n interna<\/strong> y <strong>reducir las tareas manuales<\/strong>, al tiempo que centraliza todos los datos esenciales en un \u00fanico espacio.  <\/p><p>Una de las principales ventajas de Sellsy es su capacidad para <strong>centralizar toda la informaci\u00f3n de tus clientes<\/strong> en una \u00fanica plataforma. Tanto si gestionas campa\u00f1as de marketing, presupuestos, facturas o <strong>actividades de prospecci\u00f3n<\/strong>, todo es accesible en tiempo real y de forma fluida. Esto <strong>ahorra<\/strong> tiempo a los equipos, les da una visi\u00f3n clara del rendimiento de las ventas y les permite <strong>tomar decisiones estrat\u00e9gicas con conocimiento de causa<\/strong>. Al automatizar las tareas administrativas, Sellsy libera a tu equipo de ventas para que se centre en lo que realmente importa: <strong>aumentar las ventas<\/strong>.   <\/p><p>Con Sellsy, las empresas tambi\u00e9n pueden aprovechar las funciones avanzadas <strong>de informes y an\u00e1lisis<\/strong> para medir la eficacia de las acciones de venta y ajustar las estrategias en consecuencia. Tanto si eres una <strong>start-up<\/strong> de r\u00e1pido crecimiento como una <strong>PYME<\/strong> consolidada, Sellsy es una <strong>herramienta flexible y potente<\/strong> que se adapta a tus necesidades para mejorar <strong>la gesti\u00f3n de tus relaciones con los clientes<\/strong> y potenciar tus resultados. Al adoptar Sellsy, no s\u00f3lo obtienes un CRM, sino una <strong>soluci\u00f3n completa para centralizar tus datos e impulsar tu productividad<\/strong>.  <\/p>\t\t\t\t\t\t\t\t<\/div>\n\t\t\t\t<\/div>\n\t\t\t\t<div class=\"elementor-element elementor-element-5bc9e55 elementor-widget elementor-widget-heading\" data-id=\"5bc9e55\" data-element_type=\"widget\" data-e-type=\"widget\" data-widget_type=\"heading.default\">\n\t\t\t\t<div class=\"elementor-widget-container\">\n\t\t\t\t\t<h2 class=\"elementor-heading-title elementor-size-default\">Los 5 activos clave de Sellsy<\/h2>\t\t\t\t<\/div>\n\t\t\t\t<\/div>\n\t\t\t\t<div class=\"elementor-element elementor-element-f92502c elementor-widget elementor-widget-text-editor\" data-id=\"f92502c\" data-element_type=\"widget\" data-e-type=\"widget\" data-widget_type=\"text-editor.default\">\n\t\t\t\t<div class=\"elementor-widget-container\">\n\t\t\t\t\t\t\t\t\t<ol><li><p><strong><span>Seguimiento de ventas simplificado<\/span><\/strong><span> Sellsy te permite <\/span><strong><span>seguir cada etapa del ciclo de ventas<\/span><\/strong><span> con precisi\u00f3n, desde la generaci\u00f3n de clientes potenciales hasta la firma de contratos y el seguimiento de oportunidades.<\/span><\/p><\/li><li><p><strong><span>Un CRM completo y personalizado<\/span><\/strong><span> Con Sellsy, te beneficiar\u00e1s de un CRM adaptable y personalizable <\/span><strong><span>CRM adaptable y personalizable<\/span><\/strong><span> que te permite seguir todas las interacciones con los clientes, organizar la informaci\u00f3n clave y gestionar los contactos f\u00e1cilmente.<\/span><\/p><\/li><li><p><strong><span>Facturaci\u00f3n y gesti\u00f3n administrativa<\/span><\/strong><span> Sellsy integra herramientas automatizadas de facturaci\u00f3n, seguimiento de pagos y gesti\u00f3n de presupuestos, lo que facilita <\/span><strong><span>la gesti\u00f3n financiera<\/span><\/strong><span> y mejorando el seguimiento de los pagos de los clientes.<\/span><\/p><\/li><li><p><strong><span>Automatizaci\u00f3n de tareas<\/span><\/strong><span> Con sus avanzadas funciones de automatizaci\u00f3n, Sellsy reduce las tareas repetitivas, permiti\u00e9ndote <\/span><strong><span>centrar tus esfuerzos en acciones de alto valor a\u00f1adido<\/span><\/strong><span>  . La plataforma automatiza el seguimiento de clientes potenciales, las notificaciones y mucho m\u00e1s.<\/span><\/p><\/li><li><p><strong><span>Cuadros de mando e informes anal\u00edticos<\/span><\/strong><span> Sellsy ofrece cuadros de mando <\/span><strong><span>cuadros de mando e informes detallados para analizar<\/span><\/strong><span> para analizar el rendimiento, hacer un seguimiento de los indicadores de ventas y mejorar las estrategias bas\u00e1ndose en los datos.<\/span><\/p><\/li><\/ol>\t\t\t\t\t\t\t\t<\/div>\n\t\t\t\t<\/div>\n\t\t\t\t<div class=\"elementor-element elementor-element-37d5ef0 elementor-widget elementor-widget-heading\" data-id=\"37d5ef0\" data-element_type=\"widget\" data-e-type=\"widget\" data-widget_type=\"heading.default\">\n\t\t\t\t<div class=\"elementor-widget-container\">\n\t\t\t\t\t<h2 class=\"elementor-heading-title elementor-size-default\">\u00bfCu\u00e1les son las ventajas de utilizar Sellsy?<\/h2>\t\t\t\t<\/div>\n\t\t\t\t<\/div>\n\t\t\t\t<div class=\"elementor-element elementor-element-7b1dde0 elementor-widget elementor-widget-text-editor\" data-id=\"7b1dde0\" data-element_type=\"widget\" data-e-type=\"widget\" data-widget_type=\"text-editor.default\">\n\t\t\t\t<div class=\"elementor-widget-container\">\n\t\t\t\t\t\t\t\t\t<ul><li><p><strong><span>Centralizar los datos de clientes y prospectos<\/span><\/strong><span> Sellsy te permite agrupar toda la informaci\u00f3n e interacciones de los clientes en un solo lugar, lo que facilita su seguimiento y organizaci\u00f3n.<\/span><\/p><\/li><li><p><strong><span>Automatizaci\u00f3n y ahorro de tiempo<\/span><\/strong><span> Gracias a sus funciones de automatizaci\u00f3n, Sellsy reduce las tareas administrativas repetitivas, permiti\u00e9ndote <\/span><strong><span>dedicar m\u00e1s tiempo a las ventas y a la relaci\u00f3n con los clientes<\/span><\/strong><span> .<\/span><\/p><\/li><li><p><strong><span>Seguimiento del rendimiento y an\u00e1lisis de datos<\/span><\/strong><span> Con sus cuadros de mando, Sellsy te ayuda a supervisar tu rendimiento de ventas e identificar \u00e1reas de mejora.<\/span><\/p><\/li><li><p><strong><span>Mejorar las relaciones con los clientes<\/span><\/strong><span> Sellsy facilita la comunicaci\u00f3n y el seguimiento del cliente, mejorando su satisfacci\u00f3n y reforzando su fidelidad.<\/span><\/p><\/li><li><p><strong><span>Adaptabilidad a diferentes sectores<\/span><\/strong><span> Ya seas una PYME, una agencia de marketing o una empresa B2B, Sellsy se adapta a tus necesidades espec\u00edficas con funcionalidades modulares.<\/span><\/p><\/li><\/ul>\t\t\t\t\t\t\t\t<\/div>\n\t\t\t\t<\/div>\n\t\t\t\t<div class=\"elementor-element elementor-element-756d4aa elementor-widget elementor-widget-heading\" data-id=\"756d4aa\" data-element_type=\"widget\" data-e-type=\"widget\" data-widget_type=\"heading.default\">\n\t\t\t\t<div class=\"elementor-widget-container\">\n\t\t\t\t\t<h2 class=\"elementor-heading-title elementor-size-default\">\u00bfPara qui\u00e9n es Sellsy?<\/h2>\t\t\t\t<\/div>\n\t\t\t\t<\/div>\n\t\t\t\t<div class=\"elementor-element elementor-element-72abb97 elementor-widget elementor-widget-text-editor\" data-id=\"72abb97\" data-element_type=\"widget\" data-e-type=\"widget\" data-widget_type=\"text-editor.default\">\n\t\t\t\t<div class=\"elementor-widget-container\">\n\t\t\t\t\t\t\t\t\t<p><strong>Sellsy<\/strong> est\u00e1 pensado para <strong>VSE<\/strong>, <strong>PYMES<\/strong>, <strong>start-ups<\/strong> y <strong>aut\u00f3nomos<\/strong> que quieran optimizar su gesti\u00f3n comercial y administrativa. Si buscas una soluci\u00f3n completa para centralizar tus ventas, relaciones con los clientes, facturaci\u00f3n y proyectos, Sellsy es tu herramienta. Su flexibilidad y versatilidad se adaptan a todos los sectores de actividad, desde el comercio electr\u00f3nico hasta los servicios profesionales.  <\/p>\t\t\t\t\t\t\t\t<\/div>\n\t\t\t\t<\/div>\n\t\t\t\t\t<\/div>\n\t\t\t\t<\/div>\n\t\t\t\t<\/div>\n\t\t","protected":false},"excerpt":{"rendered":"<p>Sellsy es una plataforma francesa de gesti\u00f3n comercial \u00abtodo en uno\u00bb que ofrece una gama completa de herramientas para ayudar a las peque\u00f1as y medianas empresas a gestionar eficazmente sus ventas.<\/p>\n<ul>\n<li>Gesti\u00f3n y creaci\u00f3n de proyectos<\/li>\n<li>Gesti\u00f3n Contable<\/li>\n<li>Gesti\u00f3n de Compras<\/li>\n<li>Automatizaci\u00f3n del marketing<\/li>\n<\/ul>\n","protected":false},"featured_media":30510,"comment_status":"open","ping_status":"closed","template":"","meta":{"_acf_changed":false,"_glsr_average":0,"_glsr_ranking":0,"_glsr_reviews":0},"product_brand":[],"product_cat":[4228,4409],"product_tag":[],"class_list":{"0":"post-30507","1":"product","2":"type-product","3":"status-publish","4":"has-post-thumbnail","6":"product_cat-gestion-de-proyectos","7":"product_cat-software-de-contabilidad","9":"first","10":"instock","11":"sale","12":"shipping-taxable","13":"product-type-external"},"acf":[],"_links":{"self":[{"href":"https:\/\/boostgrowb.com\/es\/wp-json\/wp\/v2\/product\/30507","targetHints":{"allow":["GET"]}}],"collection":[{"href":"https:\/\/boostgrowb.com\/es\/wp-json\/wp\/v2\/product"}],"about":[{"href":"https:\/\/boostgrowb.com\/es\/wp-json\/wp\/v2\/types\/product"}],"replies":[{"embeddable":true,"href":"https:\/\/boostgrowb.com\/es\/wp-json\/wp\/v2\/comments?post=30507"}],"version-history":[{"count":0,"href":"https:\/\/boostgrowb.com\/es\/wp-json\/wp\/v2\/product\/30507\/revisions"}],"wp:featuredmedia":[{"embeddable":true,"href":"https:\/\/boostgrowb.com\/es\/wp-json\/wp\/v2\/media\/30510"}],"wp:attachment":[{"href":"https:\/\/boostgrowb.com\/es\/wp-json\/wp\/v2\/media?parent=30507"}],"wp:term":[{"taxonomy":"product_brand","embeddable":true,"href":"https:\/\/boostgrowb.com\/es\/wp-json\/wp\/v2\/product_brand?post=30507"},{"taxonomy":"product_cat","embeddable":true,"href":"https:\/\/boostgrowb.com\/es\/wp-json\/wp\/v2\/product_cat?post=30507"},{"taxonomy":"product_tag","embeddable":true,"href":"https:\/\/boostgrowb.com\/es\/wp-json\/wp\/v2\/product_tag?post=30507"}],"curies":[{"name":"wp","href":"https:\/\/api.w.org\/{rel}","templated":true}]}}