{"id":30516,"date":"2024-06-29T20:02:09","date_gmt":"2024-06-29T20:02:09","guid":{"rendered":"https:\/\/boostgrowb.com\/software\/wrike\/"},"modified":"2026-02-15T14:03:32","modified_gmt":"2026-02-15T14:03:32","slug":"wrike","status":"publish","type":"product","link":"https:\/\/boostgrowb.com\/es\/software\/wrike\/","title":{"rendered":"Wrike"},"content":{"rendered":"\t\t<div data-elementor-type=\"product-post\" data-elementor-id=\"30516\" class=\"elementor elementor-30516 elementor-3706\" data-elementor-post-type=\"product\">\n\t\t\t\t<div class=\"elementor-element elementor-element-d045749 e-flex e-con-boxed wpr-particle-no wpr-jarallax-no wpr-parallax-no wpr-sticky-section-no e-con e-parent\" data-id=\"d045749\" data-element_type=\"container\" data-e-type=\"container\">\n\t\t\t\t\t<div class=\"e-con-inner\">\n\t\t\t\t<div class=\"elementor-element elementor-element-cd1e3a9 elementor-widget elementor-widget-heading\" data-id=\"cd1e3a9\" data-element_type=\"widget\" data-e-type=\"widget\" data-widget_type=\"heading.default\">\n\t\t\t\t<div class=\"elementor-widget-container\">\n\t\t\t\t\t<h2 class=\"elementor-heading-title elementor-size-default\">\u00bfQu\u00e9 es Wrike?<\/h2>\t\t\t\t<\/div>\n\t\t\t\t<\/div>\n\t\t\t\t<div class=\"elementor-element elementor-element-510cc94 elementor-widget elementor-widget-text-editor\" data-id=\"510cc94\" data-element_type=\"widget\" data-e-type=\"widget\" data-widget_type=\"text-editor.default\">\n\t\t\t\t<div class=\"elementor-widget-container\">\n\t\t\t\t\t\t\t\t\t<p class=\"\" data-start=\"155\" data-end=\"764\">Wrike es una soluci\u00f3n de gesti\u00f3n de proyectos dise\u00f1ada para satisfacer las necesidades de las empresas. Con su interfaz intuitiva, permite a los equipos planificar, supervisar y colaborar eficazmente en cada etapa de sus proyectos. Gracias a herramientas como Kanban, Gantt y vistas de gesti\u00f3n de tareas, Wrike centraliza toda la informaci\u00f3n necesaria para un proyecto en una \u00fanica plataforma, ofreciendo una visibilidad completa sobre el progreso del trabajo. Esta caracter\u00edstica garantiza una gesti\u00f3n fluida y una mayor capacidad de respuesta ante imprevistos, optimizando cada minuto de trabajo.   <\/p><p class=\"\" data-start=\"766\" data-end=\"1411\">Este software facilita la comunicaci\u00f3n en tiempo real, tanto para peque\u00f1as empresas de nueva creaci\u00f3n como para grandes empresas. Gracias a la posibilidad de definir prioridades, crear subtareas y asignar responsabilidades espec\u00edficas, Wrike se adapta a cualquier equipo, grande o peque\u00f1o. Adem\u00e1s, su integraci\u00f3n con herramientas populares como Slack, Google Drive y Trello significa que puedes mantener todos tus datos sincronizados, mejorando la colaboraci\u00f3n entre departamentos y evitando los silos de informaci\u00f3n. Esto hace que la gesti\u00f3n de proyectos sea m\u00e1s transparente y accesible para todos los miembros del equipo.   <\/p><p class=\"\" data-start=\"1413\" data-end=\"1992\">Gracias a su avanzada funcionalidad y flexibilidad, Wrike es la herramienta elegida por las empresas que buscan mejorar su productividad y coordinaci\u00f3n. Al ofrecer una plataforma centralizada, Wrike reduce el n\u00famero de herramientas necesarias para la gesti\u00f3n diaria y aumenta la eficiencia general de los proyectos. Tanto si est\u00e1s lanzando un nuevo producto, gestionando una campa\u00f1a de marketing o supervisando un proyecto complejo, Wrike est\u00e1 ah\u00ed para ayudarte a ir un paso por delante, ahorrando tiempo y optimizando los resultados.  <\/p>\t\t\t\t\t\t\t\t<\/div>\n\t\t\t\t<\/div>\n\t\t\t\t<div class=\"elementor-element elementor-element-51fa686 elementor-widget elementor-widget-heading\" data-id=\"51fa686\" data-element_type=\"widget\" data-e-type=\"widget\" data-widget_type=\"heading.default\">\n\t\t\t\t<div class=\"elementor-widget-container\">\n\t\t\t\t\t<h2 class=\"elementor-heading-title elementor-size-default\">\u00bfCu\u00e1les son las ventajas de utilizar Wrike?<\/h2>\t\t\t\t<\/div>\n\t\t\t\t<\/div>\n\t\t\t\t<div class=\"elementor-element elementor-element-a7ee40a elementor-widget elementor-widget-text-editor\" data-id=\"a7ee40a\" data-element_type=\"widget\" data-e-type=\"widget\" data-widget_type=\"text-editor.default\">\n\t\t\t\t<div class=\"elementor-widget-container\">\n\t\t\t\t\t\t\t\t\t<ul><li><p><strong><span>Mejorar la productividad<\/span><\/strong><span> Wrike te ayuda a <\/span><strong><span>gestionar tareas y prioridades<\/span><\/strong><span> para que tus equipos se mantengan centrados y <\/span><strong><span>aumenten su productividad<\/span><\/strong><span>  . Los flujos de trabajo automatizados y los cuadros de mando personalizados reducen las tareas manuales.<\/span><\/p><\/li><li><p><strong><span>Transparencia total del proyecto<\/span><\/strong><span> Gracias a una <\/span><strong><span>visi\u00f3n general completa<\/span><\/strong><span> de los proyectos y las actualizaciones en tiempo real, Wrike permite a los gestores de proyectos y a los equipos saber exactamente <\/span><strong><span>saber exactamente en qu\u00e9 punto se encuentran las tareas<\/span><\/strong><span> y gestionar mejor los plazos.<\/span><\/p><\/li><li><p><strong><span>Colaboraci\u00f3n fluida entre equipos<\/span><\/strong><span> Wrike ofrece un entorno de colaboraci\u00f3n en el que los miembros del equipo pueden <\/span><strong><span>compartir archivos<\/span><\/strong><span> discutir tareas y recibir notificaciones en tiempo real, lo que facilita la <\/span><strong><span>la comunicaci\u00f3n y la coordinaci\u00f3n<\/span><\/strong><span> .<\/span><\/p><\/li><li><p><strong><span>Flexibilidad y personalizaci\u00f3n<\/span><\/strong><span> Tanto si trabajas en un proyecto peque\u00f1o como en una iniciativa a gran escala, Wrike es <\/span><strong><span>altamente personalizable<\/span><\/strong><span> y se adapta a tus procesos internos, para que puedas estructurar tus proyectos de acuerdo con tus necesidades espec\u00edficas.<\/span><\/p><\/li><li><p><strong><span>Toma de decisiones basada en datos<\/span><\/strong><span> Con sus <\/span><strong><span>informes anal\u00edticos detallados<\/span><\/strong><span> Wrike proporciona una visi\u00f3n clara del rendimiento del proyecto, permiti\u00e9ndote <\/span><strong><span>tomar decisiones informadas<\/span><\/strong><span> para optimizar tus flujos de trabajo y mejorar la eficacia de tus equipos.<\/span><\/p><\/li><\/ul>\t\t\t\t\t\t\t\t<\/div>\n\t\t\t\t<\/div>\n\t\t\t\t\t<\/div>\n\t\t\t\t<\/div>\n\t\t<div class=\"elementor-element elementor-element-2e822c8 e-flex e-con-boxed wpr-particle-no wpr-jarallax-no wpr-parallax-no wpr-sticky-section-no e-con e-parent\" data-id=\"2e822c8\" data-element_type=\"container\" data-e-type=\"container\">\n\t\t\t\t\t<div class=\"e-con-inner\">\n\t\t\t\t<div class=\"elementor-element elementor-element-896595c elementor-widget elementor-widget-heading\" data-id=\"896595c\" data-element_type=\"widget\" data-e-type=\"widget\" data-widget_type=\"heading.default\">\n\t\t\t\t<div class=\"elementor-widget-container\">\n\t\t\t\t\t<h2 class=\"elementor-heading-title elementor-size-default\">Conclusi\u00f3n<\/h2>\t\t\t\t<\/div>\n\t\t\t\t<\/div>\n\t\t\t\t\t<\/div>\n\t\t\t\t<\/div>\n\t\t<div class=\"elementor-element elementor-element-5923d0d e-flex e-con-boxed wpr-particle-no wpr-jarallax-no wpr-parallax-no wpr-sticky-section-no e-con e-parent\" data-id=\"5923d0d\" data-element_type=\"container\" data-e-type=\"container\">\n\t\t\t\t\t<div class=\"e-con-inner\">\n\t\t\t\t<div class=\"elementor-element elementor-element-7a86ef7 elementor-widget elementor-widget-text-editor\" data-id=\"7a86ef7\" data-element_type=\"widget\" data-e-type=\"widget\" data-widget_type=\"text-editor.default\">\n\t\t\t\t<div class=\"elementor-widget-container\">\n\t\t\t\t\t\t\t\t\t<p><strong>Wrike<\/strong> es una s\u00f3lida plataforma de gesti\u00f3n de proyectos que permite a tus equipos <strong>colaborar eficazmente<\/strong>, <strong>realizar un seguimiento de cada fase del proyecto<\/strong> y <strong>automatizar tareas<\/strong> para ahorrar tiempo. Tanto si eres un equipo peque\u00f1o como una gran organizaci\u00f3n, Wrike te permite <strong>maximizar la productividad<\/strong>, <strong>facilitar la comunicaci\u00f3n<\/strong> y optimizar los resultados con una visi\u00f3n clara y en tiempo real de tus proyectos. Si buscas que la gesti\u00f3n de tus proyectos sea m\u00e1s fluida y eficaz, <strong>Wrike<\/strong> es la herramienta que necesitas.  <\/p>\t\t\t\t\t\t\t\t<\/div>\n\t\t\t\t<\/div>\n\t\t\t\t\t<\/div>\n\t\t\t\t<\/div>\n\t\t\t\t<\/div>\n\t\t","protected":false},"excerpt":{"rendered":"<p>Wrike es una plataforma de gesti\u00f3n del trabajo colaborativo dise\u00f1ada para ayudar a los equipos a planificar, organizar, supervisar y gestionar sus proyectos con eficacia.<\/p>\n<div class=\"card__description card__description--left\">\n<ul>\n<li>Colaboraci\u00f3n eficaz<\/li>\n<li>Gesti\u00f3n avanzada de proyectos<\/li>\n<li>Flexibilidad de personalizaci\u00f3n<\/li>\n<li>Supervisi\u00f3n e informes de alto rendimiento<\/li>\n<\/ul>\n<\/div>\n","protected":false},"featured_media":30520,"comment_status":"open","ping_status":"closed","template":"","meta":{"_acf_changed":false,"_glsr_average":0,"_glsr_ranking":0,"_glsr_reviews":0},"product_brand":[],"product_cat":[4228],"product_tag":[],"class_list":{"0":"post-30516","1":"product","2":"type-product","3":"status-publish","4":"has-post-thumbnail","6":"product_cat-gestion-de-proyectos","8":"first","9":"instock","10":"sale","11":"shipping-taxable","12":"product-type-external"},"acf":[],"_links":{"self":[{"href":"https:\/\/boostgrowb.com\/es\/wp-json\/wp\/v2\/product\/30516","targetHints":{"allow":["GET"]}}],"collection":[{"href":"https:\/\/boostgrowb.com\/es\/wp-json\/wp\/v2\/product"}],"about":[{"href":"https:\/\/boostgrowb.com\/es\/wp-json\/wp\/v2\/types\/product"}],"replies":[{"embeddable":true,"href":"https:\/\/boostgrowb.com\/es\/wp-json\/wp\/v2\/comments?post=30516"}],"version-history":[{"count":0,"href":"https:\/\/boostgrowb.com\/es\/wp-json\/wp\/v2\/product\/30516\/revisions"}],"wp:featuredmedia":[{"embeddable":true,"href":"https:\/\/boostgrowb.com\/es\/wp-json\/wp\/v2\/media\/30520"}],"wp:attachment":[{"href":"https:\/\/boostgrowb.com\/es\/wp-json\/wp\/v2\/media?parent=30516"}],"wp:term":[{"taxonomy":"product_brand","embeddable":true,"href":"https:\/\/boostgrowb.com\/es\/wp-json\/wp\/v2\/product_brand?post=30516"},{"taxonomy":"product_cat","embeddable":true,"href":"https:\/\/boostgrowb.com\/es\/wp-json\/wp\/v2\/product_cat?post=30516"},{"taxonomy":"product_tag","embeddable":true,"href":"https:\/\/boostgrowb.com\/es\/wp-json\/wp\/v2\/product_tag?post=30516"}],"curies":[{"name":"wp","href":"https:\/\/api.w.org\/{rel}","templated":true}]}}