{"id":30524,"date":"2024-08-20T13:05:53","date_gmt":"2024-08-20T13:05:53","guid":{"rendered":"https:\/\/boostgrowb.com\/software\/openvpn\/"},"modified":"2025-07-07T16:15:56","modified_gmt":"2025-07-07T16:15:56","slug":"openvpn","status":"publish","type":"product","link":"https:\/\/boostgrowb.com\/es\/software\/openvpn\/","title":{"rendered":"OpenVPN"},"content":{"rendered":"\t\t<div data-elementor-type=\"product-post\" data-elementor-id=\"30524\" class=\"elementor elementor-30524 elementor-6580\" data-elementor-post-type=\"product\">\n\t\t\t\t<div class=\"elementor-element elementor-element-7015f35 e-flex e-con-boxed wpr-particle-no wpr-jarallax-no wpr-parallax-no wpr-sticky-section-no e-con e-parent\" data-id=\"7015f35\" data-element_type=\"container\" data-e-type=\"container\">\n\t\t\t\t\t<div class=\"e-con-inner\">\n\t\t\t\t<div class=\"elementor-element elementor-element-daeac2a elementor-widget elementor-widget-heading\" data-id=\"daeac2a\" data-element_type=\"widget\" data-e-type=\"widget\" data-widget_type=\"heading.default\">\n\t\t\t\t<div class=\"elementor-widget-container\">\n\t\t\t\t\t<h1 class=\"elementor-heading-title elementor-size-default\">\u00bfQu\u00e9 es OpenVPN?<\/h1>\t\t\t\t<\/div>\n\t\t\t\t<\/div>\n\t\t\t\t\t<\/div>\n\t\t\t\t<\/div>\n\t\t<div class=\"elementor-element elementor-element-e5d4fd6 e-flex e-con-boxed wpr-particle-no wpr-jarallax-no wpr-parallax-no wpr-sticky-section-no e-con e-parent\" data-id=\"e5d4fd6\" data-element_type=\"container\" data-e-type=\"container\">\n\t\t\t\t\t<div class=\"e-con-inner\">\n\t\t\t\t<div class=\"elementor-element elementor-element-a988fea elementor-widget elementor-widget-text-editor\" data-id=\"a988fea\" data-element_type=\"widget\" data-e-type=\"widget\" data-widget_type=\"text-editor.default\">\n\t\t\t\t<div class=\"elementor-widget-container\">\n\t\t\t\t\t\t\t\t\t<p><strong>OpenVPN<\/strong> es una <strong>soluci\u00f3n VPN de c\u00f3digo abierto<\/strong> flexible y potente que se utiliza para crear conexiones seguras entre distintas redes. Conocida por su solidez y capacidad de personalizaci\u00f3n, protege las comunicaciones en l\u00ednea cifrando los datos, enmascarando las direcciones IP y garantizando el anonimato de los usuarios.   <\/p><p>Ya sea para particulares que buscan proteger su privacidad o para empresas que quieren asegurar sus redes internas, es una opci\u00f3n vers\u00e1til que se adapta a diversas necesidades. Gracias a su compatibilidad multiplataforma y a su arquitectura de c\u00f3digo abierto, es una de las soluciones m\u00e1s fiables y transparentes del mercado para proteger las conexiones en l\u00ednea. <\/p>\t\t\t\t\t\t\t\t<\/div>\n\t\t\t\t<\/div>\n\t\t\t\t<div class=\"elementor-element elementor-element-4ed0350 elementor-widget elementor-widget-heading\" data-id=\"4ed0350\" data-element_type=\"widget\" data-e-type=\"widget\" data-widget_type=\"heading.default\">\n\t\t\t\t<div class=\"elementor-widget-container\">\n\t\t\t\t\t<h2 class=\"elementor-heading-title elementor-size-default\">Principales caracter\u00edsticas de OpenVPN<\/h2>\t\t\t\t<\/div>\n\t\t\t\t<\/div>\n\t\t\t\t<div class=\"elementor-element elementor-element-931db6c elementor-widget elementor-widget-text-editor\" data-id=\"931db6c\" data-element_type=\"widget\" data-e-type=\"widget\" data-widget_type=\"text-editor.default\">\n\t\t\t\t<div class=\"elementor-widget-container\">\n\t\t\t\t\t\t\t\t\t<ol start=\"1\" data-spread=\"true\" data-pm-slice=\"3 3 []\"><li><p><strong>Cifrado de grado militar: protecci\u00f3n mejorada<\/strong> <strong>OpenVPN<\/strong> utiliza <strong>un cifrado AES de 256 bits<\/strong>, uno de los m\u00e1s seguros del mundo, que garantiza <strong>la inviolabilidad de<\/strong> todos tus datos. Tanto si est\u00e1s en una red Wi-Fi p\u00fablica como conectado a tu red corporativa, tu informaci\u00f3n permanecer\u00e1 <strong>protegida<\/strong> frente a intentos de pirateo. <\/p><\/li><li><p><strong>Protocolo de c\u00f3digo abierto: m\u00e1xima transparencia y seguridad<\/strong> La fuerza de OpenVPN reside en su <strong>naturaleza de c\u00f3digo abierto<\/strong>. El c\u00f3digo es abierto y accesible a todo el mundo, lo que permite a miles de desarrolladores de todo el mundo examinarlo y mejorarlo continuamente. El resultado es una <strong>mayor seguridad<\/strong> y una mayor confianza de los usuarios.  <\/p><\/li><li><p><strong>Compatibilidad multiplataforma: seguridad en todos tus dispositivos<\/strong> OpenVPN es compatible con los principales sistemas operativos, como <strong>Windows, macOS, Linux, Android, iOS<\/strong> y muchos m\u00e1s. Esta compatibilidad te permite <strong>proteger todos tus dispositivos<\/strong> con una \u00fanica soluci\u00f3n VPN. <\/p><\/li><li><p><strong>Autenticaci\u00f3n en dos pasos: Asegura tus conexiones<\/strong> Para a\u00f1adir una capa adicional de seguridad, OpenVPN admite la <strong>autenticaci\u00f3n de dos factores (2FA)<\/strong>, lo que hace que tus conexiones sean a\u00fan m\u00e1s seguras. Esto significa que, adem\u00e1s de tu contrase\u00f1a, se requiere un segundo factor, como un c\u00f3digo generado en tu tel\u00e9fono, para acceder a tu red. <\/p><\/li><li><p><strong>Opciones de configuraci\u00f3n avanzadas : Flexibilidad inigualable<\/strong> Tanto si eres un principiante como un usuario avanzado, <strong>OpenVPN<\/strong> ofrece <strong>opciones de configuraci\u00f3n flexibles<\/strong> que se adaptan a tus necesidades espec\u00edficas. Los usuarios avanzados pueden personalizar su VPN seg\u00fan sus requisitos precisos, mientras que los principiantes pueden aprovechar los fiables ajustes predeterminados. <\/p><\/li><\/ol>\t\t\t\t\t\t\t\t<\/div>\n\t\t\t\t<\/div>\n\t\t\t\t<div class=\"elementor-element elementor-element-9cb0ff5 elementor-widget elementor-widget-heading\" data-id=\"9cb0ff5\" data-element_type=\"widget\" data-e-type=\"widget\" data-widget_type=\"heading.default\">\n\t\t\t\t<div class=\"elementor-widget-container\">\n\t\t\t\t\t<h2 class=\"elementor-heading-title elementor-size-default\">\u00bfCu\u00e1les son las ventajas de utilizar OpenVPN?<\/h2>\t\t\t\t<\/div>\n\t\t\t\t<\/div>\n\t\t\t\t<div class=\"elementor-element elementor-element-c833794 elementor-widget elementor-widget-text-editor\" data-id=\"c833794\" data-element_type=\"widget\" data-e-type=\"widget\" data-widget_type=\"text-editor.default\">\n\t\t\t\t<div class=\"elementor-widget-container\">\n\t\t\t\t\t\t\t\t\t<ul data-spread=\"false\" data-pm-slice=\"3 3 []\"><li><p><strong>Transparencia y confianza<\/strong>: La naturaleza de <strong>c\u00f3digo abierto<\/strong> de OpenVPN garantiza <strong>una transparencia total<\/strong>. Los usuarios pueden confiar en la seguridad del servicio, ya que el c\u00f3digo es revisado por la comunidad y actualizado continuamente para resistir nuevas amenazas. <\/p><\/li><li><p><strong>Alta seguridad para redes p\u00fablicas<\/strong>: OpenVPN es perfecto para <strong>proteger tus datos en redes Wi-Fi p\u00fablicas<\/strong>, que suelen ser vulnerables. Con la <strong>encriptaci\u00f3n de grado militar<\/strong>, puedes estar seguro de que tu informaci\u00f3n personal permanece privada, incluso en redes no seguras. <\/p><\/li><li><p><strong>Acceso a contenidos bloqueados<\/strong>: Gracias a OpenVPN, puedes <strong>saltarte las restricciones geogr\u00e1ficas<\/strong> y acceder a contenidos bloqueados en determinadas regiones. Tanto si quieres acceder a sitios web, redes sociales o plataformas de streaming, OpenVPN te da <strong>total libertad<\/strong> en Internet. <\/p><\/li><li><p><strong>Conexiones fiables<\/strong>: Las <strong>conexiones Open<\/strong> VPN son famosas por su <strong>estabilidad y fiabilidad<\/strong>. Incluso en entornos de red inestables, OpenVPN garantiza que te beneficies de una conexi\u00f3n estable y segura. <\/p><\/li><li><p><strong>Control total de la configuraci\u00f3n<\/strong>: OpenVPN ofrece <strong>un control total<\/strong> sobre tu seguridad y la configuraci\u00f3n de la conexi\u00f3n. Puedes ajustar cada aspecto de la conexi\u00f3n para adaptarlo a tus necesidades, proporcionando una soluci\u00f3n verdaderamente <strong>a medida<\/strong>. <\/p><\/li><\/ul>\t\t\t\t\t\t\t\t<\/div>\n\t\t\t\t<\/div>\n\t\t\t\t<div class=\"elementor-element elementor-element-a0e5f56 elementor-widget elementor-widget-heading\" data-id=\"a0e5f56\" data-element_type=\"widget\" data-e-type=\"widget\" data-widget_type=\"heading.default\">\n\t\t\t\t<div class=\"elementor-widget-container\">\n\t\t\t\t\t<h2 class=\"elementor-heading-title elementor-size-default\">Conclusi\u00f3n<\/h2>\t\t\t\t<\/div>\n\t\t\t\t<\/div>\n\t\t\t\t<div class=\"elementor-element elementor-element-f90b869 elementor-widget elementor-widget-text-editor\" data-id=\"f90b869\" data-element_type=\"widget\" data-e-type=\"widget\" data-widget_type=\"text-editor.default\">\n\t\t\t\t<div class=\"elementor-widget-container\">\n\t\t\t\t\t\t\t\t\t<p data-pm-slice=\"1 1 []\"><strong>OpenVPN<\/strong> es mucho m\u00e1s que una VPN. Es una <strong>soluci\u00f3n de seguridad de c\u00f3digo abierto<\/strong> dise\u00f1ada para <strong>proteger tu privacidad<\/strong>, garantizar <strong>una navegaci\u00f3n sin fronteras<\/strong> y ofrecer <strong>una flexibilidad inigualable<\/strong>. Con una <strong>interfaz intuitiva<\/strong>, funciones avanzadas y <strong>un cifrado de nivel militar<\/strong>, <strong>OpenVPN<\/strong> es la elecci\u00f3n perfecta para quienes buscan <strong>una protecci\u00f3n fiable<\/strong> y <strong>una libertad digital sin compromisos<\/strong>.  <\/p>\t\t\t\t\t\t\t\t<\/div>\n\t\t\t\t<\/div>\n\t\t\t\t\t<\/div>\n\t\t\t\t<\/div>\n\t\t\t\t<\/div>\n\t\t","protected":false},"excerpt":{"rendered":"<div class=\"markdown prose w-full break-words dark:prose-invert light\">\n<p>OpenVPN es una soluci\u00f3n VPN robusta y flexible, adecuada tanto para particulares como para empresas, que ofrece un alto nivel de seguridad y una gran libertad de configuraci\u00f3n.<\/p>\n<\/div>\n<ul>\n<li>Seguridad probada<\/li>\n<li>Uso variado<\/li>\n<li>Compatibilidad entre plataformas<\/li>\n<li>Configuraci\u00f3n flexible<\/li>\n<\/ul>\n","protected":false},"featured_media":30528,"comment_status":"open","ping_status":"closed","template":"","meta":{"_acf_changed":false,"_glsr_average":0,"_glsr_ranking":0,"_glsr_reviews":0},"product_brand":[],"product_cat":[4183],"product_tag":[],"class_list":{"0":"post-30524","1":"product","2":"type-product","3":"status-publish","4":"has-post-thumbnail","6":"product_cat-vpn-es","8":"first","9":"instock","10":"shipping-taxable","11":"product-type-external"},"acf":[],"_links":{"self":[{"href":"https:\/\/boostgrowb.com\/es\/wp-json\/wp\/v2\/product\/30524","targetHints":{"allow":["GET"]}}],"collection":[{"href":"https:\/\/boostgrowb.com\/es\/wp-json\/wp\/v2\/product"}],"about":[{"href":"https:\/\/boostgrowb.com\/es\/wp-json\/wp\/v2\/types\/product"}],"replies":[{"embeddable":true,"href":"https:\/\/boostgrowb.com\/es\/wp-json\/wp\/v2\/comments?post=30524"}],"version-history":[{"count":0,"href":"https:\/\/boostgrowb.com\/es\/wp-json\/wp\/v2\/product\/30524\/revisions"}],"wp:featuredmedia":[{"embeddable":true,"href":"https:\/\/boostgrowb.com\/es\/wp-json\/wp\/v2\/media\/30528"}],"wp:attachment":[{"href":"https:\/\/boostgrowb.com\/es\/wp-json\/wp\/v2\/media?parent=30524"}],"wp:term":[{"taxonomy":"product_brand","embeddable":true,"href":"https:\/\/boostgrowb.com\/es\/wp-json\/wp\/v2\/product_brand?post=30524"},{"taxonomy":"product_cat","embeddable":true,"href":"https:\/\/boostgrowb.com\/es\/wp-json\/wp\/v2\/product_cat?post=30524"},{"taxonomy":"product_tag","embeddable":true,"href":"https:\/\/boostgrowb.com\/es\/wp-json\/wp\/v2\/product_tag?post=30524"}],"curies":[{"name":"wp","href":"https:\/\/api.w.org\/{rel}","templated":true}]}}