{"id":30525,"date":"2024-07-06T09:00:50","date_gmt":"2024-07-06T09:00:50","guid":{"rendered":"https:\/\/boostgrowb.com\/software\/clasificacion-se\/"},"modified":"2026-01-21T14:09:42","modified_gmt":"2026-01-21T14:09:42","slug":"clasificacion-se","status":"publish","type":"product","link":"https:\/\/boostgrowb.com\/es\/software\/clasificacion-se\/","title":{"rendered":"Clasificaci\u00f3n SE"},"content":{"rendered":"\t\t<div data-elementor-type=\"product-post\" data-elementor-id=\"30525\" class=\"elementor elementor-30525 elementor-3969\" data-elementor-post-type=\"product\">\n\t\t\t\t<div class=\"elementor-element elementor-element-b71a290 e-flex e-con-boxed wpr-particle-no wpr-jarallax-no wpr-parallax-no wpr-sticky-section-no e-con e-parent\" data-id=\"b71a290\" data-element_type=\"container\" data-e-type=\"container\">\n\t\t\t\t\t<div class=\"e-con-inner\">\n\t\t\t\t<div class=\"elementor-element elementor-element-7dde9de elementor-widget elementor-widget-heading\" data-id=\"7dde9de\" data-element_type=\"widget\" data-e-type=\"widget\" data-widget_type=\"heading.default\">\n\t\t\t\t<div class=\"elementor-widget-container\">\n\t\t\t\t\t<h2 class=\"elementor-heading-title elementor-size-default\">\u00bfQu\u00e9 es la clasificaci\u00f3n SE?<\/h2>\t\t\t\t<\/div>\n\t\t\t\t<\/div>\n\t\t\t\t\t<\/div>\n\t\t\t\t<\/div>\n\t\t<div class=\"elementor-element elementor-element-6993ee3 e-flex e-con-boxed wpr-particle-no wpr-jarallax-no wpr-parallax-no wpr-sticky-section-no e-con e-parent\" data-id=\"6993ee3\" data-element_type=\"container\" data-e-type=\"container\">\n\t\t\t\t\t<div class=\"e-con-inner\">\n\t\t\t\t<div class=\"elementor-element elementor-element-41444bc elementor-widget elementor-widget-text-editor\" data-id=\"41444bc\" data-element_type=\"widget\" data-e-type=\"widget\" data-widget_type=\"text-editor.default\">\n\t\t\t\t<div class=\"elementor-widget-container\">\n\t\t\t\t\t\t\t\t\t<p data-start=\"208\" data-end=\"620\"><strong data-start=\"208\" data-end=\"250\">SE Ranking es una herramienta SEO todo en uno<\/strong> dise\u00f1ada para ayudar a empresas, aut\u00f3nomos y agencias a mejorar su visibilidad en Internet. Re\u00fane en una \u00fanica plataforma todas las funciones esenciales para desarrollar una estrategia SEO eficaz: <strong data-start=\"468\" data-end=\"495\">seguimiento de rankings<\/strong>, <strong data-start=\"497\" data-end=\"514\">auditor\u00eda del sitio<\/strong>, <strong data-start=\"516\" data-end=\"542\">investigaci\u00f3n de palabras clave<\/strong>, <strong data-start=\"544\" data-end=\"568\">an\u00e1lisis de backlinks<\/strong>, <strong data-start=\"570\" data-end=\"597\">optimizaci\u00f3n de contenidos<\/strong> y mucho m\u00e1s. <\/p><p data-start=\"622\" data-end=\"933\">Dise\u00f1ado para ser a la vez <strong data-start=\"648\" data-end=\"680\">completo y f\u00e1cil de usar<\/strong>, SE Ranking se posiciona como una alternativa asequible a soluciones m\u00e1s caras como Semrush o Ahrefs. Con su interfaz intuitiva y sus informes detallados, te permite <strong data-start=\"869\" data-end=\"930\">gestionar tu estrategia SEO sin necesidad de conocimientos t\u00e9cnicos avanzados<\/strong>. <\/p><p data-start=\"622\" data-end=\"933\"><em>\ud83d\udca1 Es bueno saberlo: SE Ranking es utilizado por m\u00e1s de 800.000 profesionales en todo el mundo, desde peque\u00f1as empresas hasta agencias de marketing, gracias a su flexibilidad y a su inmejorable relaci\u00f3n calidad-precio.<\/em><\/p>\t\t\t\t\t\t\t\t<\/div>\n\t\t\t\t<\/div>\n\t\t\t\t<div class=\"elementor-element elementor-element-159493f elementor-widget elementor-widget-heading\" data-id=\"159493f\" data-element_type=\"widget\" data-e-type=\"widget\" data-widget_type=\"heading.default\">\n\t\t\t\t<div class=\"elementor-widget-container\">\n\t\t\t\t\t<h2 class=\"elementor-heading-title elementor-size-default\">Las 5 principales ventajas del Ranking Se<\/h2>\t\t\t\t<\/div>\n\t\t\t\t<\/div>\n\t\t\t\t<div class=\"elementor-element elementor-element-2588bb3 elementor-widget elementor-widget-text-editor\" data-id=\"2588bb3\" data-element_type=\"widget\" data-e-type=\"widget\" data-widget_type=\"text-editor.default\">\n\t\t\t\t<div class=\"elementor-widget-container\">\n\t\t\t\t\t\t\t\t\t<p data-pm-slice=\"0 0 []\"><b>Una plataforma SEO todo en uno:<\/b> SE Ranking re\u00fane todas las herramientas SEO esenciales en una interfaz \u00fanica e intuitiva: seguimiento de posiciones, auditor\u00eda del sitio, an\u00e1lisis de backlinks, investigaci\u00f3n de palabras clave, an\u00e1lisis competitivo, planificaci\u00f3n de contenidos, etc. Un verdadero ahorro de tiempo para centralizar tus acciones y gestionar eficazmente tu estrategia SEO.<\/p><p data-pm-slice=\"0 0 []\"><b>Seguimiento preciso de palabras clave y posiciones:<\/b> La herramienta proporciona <strong data-start=\"587\" data-end=\"627\">un seguimiento ultrapreciso de las posiciones de<\/strong> tus palabras clave en Google, Bing y Yahoo, con la opci\u00f3n de filtrar por pa\u00eds, idioma o dispositivo (escritorio\/m\u00f3vil). Recibes actualizaciones peri\u00f3dicas para que puedas reaccionar r\u00e1pidamente a los cambios en tu clasificaci\u00f3n. <\/p><p data-pm-slice=\"0 0 []\"><strong>Potente an\u00e1lisis competitivo:<\/strong> SE Ranking te permite<span data-start=\"1236\" data-end=\"1292\">estudiar las estrategias SEO y SEA de tus competidores<\/span>: palabras clave objetivo, backlinks, tr\u00e1fico estimado, p\u00e1ginas con mejor rendimiento, etc. Permiti\u00e9ndote refinar tu estrategia de forma inteligente y detectar oportunidades de gran potencial.<\/p><p data-pm-slice=\"0 0 []\"><strong>Una auditor\u00eda SEO para mejorar tu sitio web:<\/strong> Gracias a su <span data-start=\"913\" data-end=\"937\">auditor\u00eda avanzada del sitio<\/span>, SE Ranking realiza un an\u00e1lisis en profundidad de la salud t\u00e9cnica de tu sitio (velocidad, errores, estructura, enlaces internos, etc.), y proporciona recomendaciones concretas para optimizar su rendimiento SEO y la experiencia del usuario.<\/p><p data-pm-slice=\"0 0 []\"><b>Optimiza tu estrategia de contenidos con la IA de SE Ranking:<\/b> la herramienta incluye un asistente editorial inteligente para crear textos SEO de alto rendimiento, con recomendaciones en tiempo real para enriquecer, estructurar y optimizar tus contenidos. Ideal para mejorar el posicionamiento en buscadores de tus p\u00e1ginas existentes. Ahorra un tiempo precioso a los redactores y especialistas en SEO.  <\/p>\t\t\t\t\t\t\t\t<\/div>\n\t\t\t\t<\/div>\n\t\t\t\t<div class=\"elementor-element elementor-element-a005701 elementor-widget elementor-widget-heading\" data-id=\"a005701\" data-element_type=\"widget\" data-e-type=\"widget\" data-widget_type=\"heading.default\">\n\t\t\t\t<div class=\"elementor-widget-container\">\n\t\t\t\t\t<h2 class=\"elementor-heading-title elementor-size-default\">\u00bfPara qui\u00e9n es el Ranking SE?<\/h2>\t\t\t\t<\/div>\n\t\t\t\t<\/div>\n\t\t\t\t<div class=\"elementor-element elementor-element-14c5ebc elementor-widget elementor-widget-text-editor\" data-id=\"14c5ebc\" data-element_type=\"widget\" data-e-type=\"widget\" data-widget_type=\"text-editor.default\">\n\t\t\t\t<div class=\"elementor-widget-container\">\n\t\t\t\t\t\t\t\t\t<p><strong data-start=\"106\" data-end=\"177\">SE Ranking est\u00e1 dise\u00f1ado para aut\u00f3nomos, PYMES y agencias de marketing.  <\/strong>Los aut\u00f3nomos y consultores encuentran en ella una herramienta sencilla y asequible para gestionar varios proyectos y entregar informes profesionales. Las PYMES y las empresas de nueva creaci\u00f3n la utilizan para internalizar su SEO sin complejidad, mientras que las agencias se benefician de sus funcionalidades avanzadas e informes de marca blanca para gestionar eficazmente a sus clientes. <\/p>\t\t\t\t\t\t\t\t<\/div>\n\t\t\t\t<\/div>\n\t\t\t\t<div class=\"elementor-element elementor-element-9088180 elementor-widget elementor-widget-heading\" data-id=\"9088180\" data-element_type=\"widget\" data-e-type=\"widget\" data-widget_type=\"heading.default\">\n\t\t\t\t<div class=\"elementor-widget-container\">\n\t\t\t\t\t<h2 class=\"elementor-heading-title elementor-size-default\">\u00bfPor qu\u00e9 elegir SE Ranking?<\/h2>\t\t\t\t<\/div>\n\t\t\t\t<\/div>\n\t\t\t\t<div class=\"elementor-element elementor-element-4a57f75 elementor-widget elementor-widget-text-editor\" data-id=\"4a57f75\" data-element_type=\"widget\" data-e-type=\"widget\" data-widget_type=\"text-editor.default\">\n\t\t\t\t<div class=\"elementor-widget-container\">\n\t\t\t\t\t\t\t\t\t<p data-start=\"250\" data-end=\"552\"><strong data-start=\"250\" data-end=\"376\">Porque combina todo lo que necesitas para potenciar tu SEO en una sola herramienta, sin complejidad ni costes elevados.<\/strong>  SE Ranking destaca por su interfaz intuitiva, su seguimiento ultrapreciso de las posiciones y sus auditor\u00edas automatizadas, sin dejar de ser mucho m\u00e1s asequible que Semrush o Ahrefs.<\/p><p data-start=\"554\" data-end=\"630\">Es la soluci\u00f3n ideal para aut\u00f3nomos, PYMES y agencias que quieran :<\/p><ul data-start=\"631\" data-end=\"971\"><li data-start=\"631\" data-end=\"722\"><p data-start=\"633\" data-end=\"722\"><strong data-start=\"633\" data-end=\"652\">Ahorra tiempo<\/strong> con un panel de control centralizado e informes automatizados;<\/p><\/li><li data-start=\"723\" data-end=\"813\"><p data-start=\"725\" data-end=\"813\"><strong data-start=\"725\" data-end=\"754\">Maximiza su presupuesto SEO<\/strong> con una herramienta integral que ofrece la mejor relaci\u00f3n calidad-precio;<\/p><\/li><li data-start=\"814\" data-end=\"971\"><p data-start=\"816\" data-end=\"971\"><strong data-start=\"816\" data-end=\"850\">Consigue resultados concretos<\/strong>, ya sea mejorando sus posiciones, atrayendo m\u00e1s tr\u00e1fico o gestionando eficazmente varios proyectos de clientes.<\/p><\/li><\/ul><p data-start=\"973\" data-end=\"1121\"><em>En resumen, SE Ranking combina las prestaciones de las grandes herramientas SEO con la facilidad de uso.<\/em><\/p>\t\t\t\t\t\t\t\t<\/div>\n\t\t\t\t<\/div>\n\t\t\t\t\t<\/div>\n\t\t\t\t<\/div>\n\t\t\t\t<\/div>\n\t\t","protected":false},"excerpt":{"rendered":"<p>SE Ranking es una plataforma SEO todo en uno dise\u00f1ada para agencias y empresas, que ofrece datos precisos y an\u00e1lisis avanzados gracias a algoritmos de vanguardia basados en IA.<\/p>\n<ul>\n<li id=\"menu-item-29467\" class=\"menu-item menu-item-type-post_type menu-item-object-page menu-item-29467\"><span class=\"title-wrapper\">Generador de palabras clave<\/span><\/li>\n<li id=\"menu-item-29470\" class=\"menu-item menu-item-type-post_type menu-item-object-page menu-item-29470\"><span class=\"title-wrapper\">Comprobador de enlaces externos del sitio<\/span><\/li>\n<li id=\"menu-item-29464\" class=\"menu-item menu-item-type-post_type menu-item-object-page menu-item-29464\"><span class=\"title-wrapper\">An\u00e1lisis del tr\u00e1fico web<\/span><\/li>\n<li>Detecci\u00f3n de errores SEO<\/li>\n<\/ul>\n","protected":false},"featured_media":30527,"comment_status":"open","ping_status":"closed","template":"","meta":{"_acf_changed":false,"_glsr_average":0,"_glsr_ranking":0,"_glsr_reviews":0},"product_brand":[],"product_cat":[4296],"product_tag":[],"class_list":{"0":"post-30525","1":"product","2":"type-product","3":"status-publish","4":"has-post-thumbnail","6":"product_cat-automatizacion-del-marketing","8":"first","9":"instock","10":"shipping-taxable","11":"product-type-external"},"acf":[],"_links":{"self":[{"href":"https:\/\/boostgrowb.com\/es\/wp-json\/wp\/v2\/product\/30525","targetHints":{"allow":["GET"]}}],"collection":[{"href":"https:\/\/boostgrowb.com\/es\/wp-json\/wp\/v2\/product"}],"about":[{"href":"https:\/\/boostgrowb.com\/es\/wp-json\/wp\/v2\/types\/product"}],"replies":[{"embeddable":true,"href":"https:\/\/boostgrowb.com\/es\/wp-json\/wp\/v2\/comments?post=30525"}],"version-history":[{"count":0,"href":"https:\/\/boostgrowb.com\/es\/wp-json\/wp\/v2\/product\/30525\/revisions"}],"wp:featuredmedia":[{"embeddable":true,"href":"https:\/\/boostgrowb.com\/es\/wp-json\/wp\/v2\/media\/30527"}],"wp:attachment":[{"href":"https:\/\/boostgrowb.com\/es\/wp-json\/wp\/v2\/media?parent=30525"}],"wp:term":[{"taxonomy":"product_brand","embeddable":true,"href":"https:\/\/boostgrowb.com\/es\/wp-json\/wp\/v2\/product_brand?post=30525"},{"taxonomy":"product_cat","embeddable":true,"href":"https:\/\/boostgrowb.com\/es\/wp-json\/wp\/v2\/product_cat?post=30525"},{"taxonomy":"product_tag","embeddable":true,"href":"https:\/\/boostgrowb.com\/es\/wp-json\/wp\/v2\/product_tag?post=30525"}],"curies":[{"name":"wp","href":"https:\/\/api.w.org\/{rel}","templated":true}]}}