{"id":30531,"date":"2024-07-04T09:44:29","date_gmt":"2024-07-04T09:44:29","guid":{"rendered":"https:\/\/boostgrowb.com\/software\/jasper-ai\/"},"modified":"2026-02-14T14:02:56","modified_gmt":"2026-02-14T14:02:56","slug":"jasper-ai","status":"publish","type":"product","link":"https:\/\/boostgrowb.com\/es\/software\/jasper-ai\/","title":{"rendered":"Jasper AI"},"content":{"rendered":"\t\t<div data-elementor-type=\"product-post\" data-elementor-id=\"30531\" class=\"elementor elementor-30531 elementor-3908\" data-elementor-post-type=\"product\">\n\t\t\t\t<div class=\"elementor-element elementor-element-28199da e-flex e-con-boxed wpr-particle-no wpr-jarallax-no wpr-parallax-no wpr-sticky-section-no e-con e-parent\" data-id=\"28199da\" data-element_type=\"container\" data-e-type=\"container\">\n\t\t\t\t\t<div class=\"e-con-inner\">\n\t\t\t\t<div class=\"elementor-element elementor-element-1675946 elementor-widget elementor-widget-heading\" data-id=\"1675946\" data-element_type=\"widget\" data-e-type=\"widget\" data-widget_type=\"heading.default\">\n\t\t\t\t<div class=\"elementor-widget-container\">\n\t\t\t\t\t<h2 class=\"elementor-heading-title elementor-size-default\">\u00bfQu\u00e9 es Jasper AI?<\/h2>\t\t\t\t<\/div>\n\t\t\t\t<\/div>\n\t\t\t\t\t<\/div>\n\t\t\t\t<\/div>\n\t\t<div class=\"elementor-element elementor-element-aa6780c e-flex e-con-boxed wpr-particle-no wpr-jarallax-no wpr-parallax-no wpr-sticky-section-no e-con e-parent\" data-id=\"aa6780c\" data-element_type=\"container\" data-e-type=\"container\">\n\t\t\t\t\t<div class=\"e-con-inner\">\n\t\t\t\t<div class=\"elementor-element elementor-element-ed6a5f8 elementor-widget elementor-widget-text-editor\" data-id=\"ed6a5f8\" data-element_type=\"widget\" data-e-type=\"widget\" data-widget_type=\"text-editor.default\">\n\t\t\t\t<div class=\"elementor-widget-container\">\n\t\t\t\t\t\t\t\t\t<p class=\"\" data-start=\"88\" data-end=\"559\">Jasper AI es una plataforma de redacci\u00f3n impulsada por IA que est\u00e1 revolucionando la creaci\u00f3n de contenidos. Dise\u00f1ada para vendedores, redactores y empresarios, esta potente herramienta genera textos atractivos y optimizados en cuesti\u00f3n de segundos. Entradas de blog, descripciones de productos, p\u00e1ginas de ventas&#8230; Jasper se adapta a todas tus necesidades proporcionando contenidos fluidos, naturales e impactantes, alineados con tu estilo y estrategia editorial.  <\/p><p class=\"\" data-start=\"561\" data-end=\"1004\">Gracias a sus avanzados algoritmos, Jasper AI no se limita a escribir, sino que comprende a tu audiencia e incorpora autom\u00e1ticamente las mejores pr\u00e1cticas SEO para maximizar tu visibilidad en Google. Su inteligencia artificial detecta las intenciones de b\u00fasqueda, inserta estrat\u00e9gicamente palabras clave y estructura el contenido para mejorar tu posicionamiento. El resultado es un texto de alto rendimiento, listo para captar la atenci\u00f3n y convertir.  <\/p><p class=\"\" data-start=\"1006\" data-end=\"1420\">Tanto si eres un creador de contenidos, una start-up o una gran empresa, Jasper AI te ahorra un tiempo precioso a la vez que te garantiza una calidad editorial impecable. Se acabaron las p\u00e1ginas en blanco y las horas dedicadas a pulir tus textos. Con Jasper, aumenta tu productividad y mantente un paso por delante de tus competidores con contenidos de gran impacto y estrat\u00e9gicamente optimizados.  <\/p>\t\t\t\t\t\t\t\t<\/div>\n\t\t\t\t<\/div>\n\t\t\t\t<div class=\"elementor-element elementor-element-2caea48 elementor-widget elementor-widget-heading\" data-id=\"2caea48\" data-element_type=\"widget\" data-e-type=\"widget\" data-widget_type=\"heading.default\">\n\t\t\t\t<div class=\"elementor-widget-container\">\n\t\t\t\t\t<h2 class=\"elementor-heading-title elementor-size-default\">Las 5 caracter\u00edsticas principales de la IA de Jasper  <\/h2>\t\t\t\t<\/div>\n\t\t\t\t<\/div>\n\t\t\t\t<div class=\"elementor-element elementor-element-fbd4c22 elementor-widget elementor-widget-text-editor\" data-id=\"fbd4c22\" data-element_type=\"widget\" data-e-type=\"widget\" data-widget_type=\"text-editor.default\">\n\t\t\t\t<div class=\"elementor-widget-container\">\n\t\t\t\t\t\t\t\t\t<p data-pm-slice=\"0 0 []\"><b>Genera contenido ultrarr\u00e1pido:<\/b> Jasper AI proporciona <span style=\"text-align: var(--text-align); color: var( --e-global-color-text ); background-color: var( --e-global-color-ca921c0 ); letter-spacing: 0px;\">contenido de alta calidad<\/span><span style=\"text-align: var(--text-align); color: var( --e-global-color-text ); background-color: var( --e-global-color-ca921c0 ); letter-spacing: 0px;\"> para entradas de blog, p\u00e1ginas de ventas, correos electr\u00f3nicos de marketing y descripciones de productos en segundos, <\/span>maximizando la productividad de los redactores<span style=\"text-align: var(--text-align); color: var( --e-global-color-text ); background-color: var( --e-global-color-ca921c0 ); letter-spacing: 0px;\">.<\/span><\/p><p data-pm-slice=\"0 0 []\"><b>Optimizaci\u00f3n SEO:<\/b> Gracias a su integraci\u00f3n con Surfer SEO, Jasper te ayuda a insertar las palabras clave adecuadas y a estructurar tu contenido para maximizar su visibilidad en Google.<\/p><p data-pm-slice=\"0 0 []\"><strong>Estilo de redacci\u00f3n personalizado:<\/strong> Jasper puede adaptar el tono y la voz del texto para que se ajuste a tu marca, tanto si quieres un estilo formal, amigable o con garra.<\/p><p data-pm-slice=\"0 0 []\"><b>Comprobador de plagio:<\/b> Jasper garantiza la originalidad de tus textos con un comprobador de plagio integrado, asegurando un contenido \u00fanico y aut\u00e9ntico.<\/p><p data-pm-slice=\"0 0 []\"><strong>Soporte multiling\u00fce:<\/strong> Jasper es compatible con m\u00e1s de 25 idiomas, lo que permite a las empresas crear contenidos impactantes para audiencias globales sin esfuerzo.<\/p>\t\t\t\t\t\t\t\t<\/div>\n\t\t\t\t<\/div>\n\t\t\t\t\t<\/div>\n\t\t\t\t<\/div>\n\t\t<div class=\"elementor-element elementor-element-6ff3e28 e-flex e-con-boxed wpr-particle-no wpr-jarallax-no wpr-parallax-no wpr-sticky-section-no e-con e-parent\" data-id=\"6ff3e28\" data-element_type=\"container\" data-e-type=\"container\">\n\t\t\t\t\t<div class=\"e-con-inner\">\n\t\t\t\t<div class=\"elementor-element elementor-element-b5b6121 elementor-widget elementor-widget-heading\" data-id=\"b5b6121\" data-element_type=\"widget\" data-e-type=\"widget\" data-widget_type=\"heading.default\">\n\t\t\t\t<div class=\"elementor-widget-container\">\n\t\t\t\t\t<h2 class=\"elementor-heading-title elementor-size-default\">\u00bfPara qui\u00e9n es Jasper?<\/h2>\t\t\t\t<\/div>\n\t\t\t\t<\/div>\n\t\t\t\t\t<\/div>\n\t\t\t\t<\/div>\n\t\t<div class=\"elementor-element elementor-element-821eac4 e-flex e-con-boxed wpr-particle-no wpr-jarallax-no wpr-parallax-no wpr-sticky-section-no e-con e-parent\" data-id=\"821eac4\" data-element_type=\"container\" data-e-type=\"container\">\n\t\t\t\t\t<div class=\"e-con-inner\">\n\t\t\t\t<div class=\"elementor-element elementor-element-929abf6 elementor-widget elementor-widget-text-editor\" data-id=\"929abf6\" data-element_type=\"widget\" data-e-type=\"widget\" data-widget_type=\"text-editor.default\">\n\t\t\t\t<div class=\"elementor-widget-container\">\n\t\t\t\t\t\t\t\t\t<p><strong>Jasper<\/strong> <strong>AI<\/strong> es ideal para <strong>emprendedores<\/strong>, <strong>PYMES<\/strong>, <strong>agencias de marketing<\/strong> y <strong>creadores de contenidos<\/strong> que quieran <strong>automatizar<\/strong> y <strong>acelerar<\/strong> la producci\u00f3n de sus textos manteniendo <strong>una calidad \u00f3ptima<\/strong>. Tanto si necesitas crear <strong>correos electr\u00f3nicos<\/strong> <strong>optimizados para SEO<\/strong>, <strong>anuncios<\/strong> o <strong>entradas de blog<\/strong>, <strong>Jasper AI<\/strong> te ayuda a producir contenidos de calidad r\u00e1pidamente y sin esfuerzo. <\/p>\t\t\t\t\t\t\t\t<\/div>\n\t\t\t\t<\/div>\n\t\t\t\t\t<\/div>\n\t\t\t\t<\/div>\n\t\t<div class=\"elementor-element elementor-element-43aec6c e-flex e-con-boxed wpr-particle-no wpr-jarallax-no wpr-parallax-no wpr-sticky-section-no e-con e-parent\" data-id=\"43aec6c\" data-element_type=\"container\" data-e-type=\"container\">\n\t\t\t\t\t<div class=\"e-con-inner\">\n\t\t\t\t<div class=\"elementor-element elementor-element-3f94fc6 elementor-widget elementor-widget-heading\" data-id=\"3f94fc6\" data-element_type=\"widget\" data-e-type=\"widget\" data-widget_type=\"heading.default\">\n\t\t\t\t<div class=\"elementor-widget-container\">\n\t\t\t\t\t<h2 class=\"elementor-heading-title elementor-size-default\">Conclusi\u00f3n<\/h2>\t\t\t\t<\/div>\n\t\t\t\t<\/div>\n\t\t\t\t\t<\/div>\n\t\t\t\t<\/div>\n\t\t<div class=\"elementor-element elementor-element-93780f9 e-flex e-con-boxed wpr-particle-no wpr-jarallax-no wpr-parallax-no wpr-sticky-section-no e-con e-parent\" data-id=\"93780f9\" data-element_type=\"container\" data-e-type=\"container\">\n\t\t\t\t\t<div class=\"e-con-inner\">\n\t\t\t\t<div class=\"elementor-element elementor-element-2255b19 elementor-widget elementor-widget-text-editor\" data-id=\"2255b19\" data-element_type=\"widget\" data-e-type=\"widget\" data-widget_type=\"text-editor.default\">\n\t\t\t\t<div class=\"elementor-widget-container\">\n\t\t\t\t\t\t\t\t\t<p><strong>Jasper AI<\/strong> es una herramienta esencial para todas las empresas y creadores de contenidos que deseen <strong>producir textos de alta calidad<\/strong>, <strong>optimizados para SEO<\/strong> y adaptados a sus <strong>objetivos de marketing<\/strong>. Gracias a sus <strong>plantillas predefinidas<\/strong>, funciones<strong>de automatizaci\u00f3n<\/strong> e <strong>interfaz intuitiva<\/strong>, <strong>Jasper AI<\/strong> te ahorra tiempo al tiempo que garantiza <strong>contenidos atractivos<\/strong> y <strong>de alto rendimiento<\/strong>. Si quieres mejorar tu estrategia de contenidos y aumentar tu productividad, <strong>Jasper AI<\/strong> es la herramienta que necesitas.  <\/p>\t\t\t\t\t\t\t\t<\/div>\n\t\t\t\t<\/div>\n\t\t\t\t\t<\/div>\n\t\t\t\t<\/div>\n\t\t\t\t<\/div>\n\t\t","protected":false},"excerpt":{"rendered":"<p>Jasper es una plataforma de generaci\u00f3n de contenidos impulsada por IA que ofrece funciones avanzadas para crear textos optimizados y atractivos. Jasper te ahorra tiempo, mejora tu SEO y mantiene la coherencia de la marca, al tiempo que aumenta tu productividad en marketing de contenidos. <\/p>\n<ul>\n<li>Escribir entradas de blog utilizando IA<\/li>\n<li>An\u00e1lisis de la competencia<\/li>\n<li>Optimizaci\u00f3n SEO<\/li>\n<li>Palabras clave sugeridas<\/li>\n<\/ul>\n","protected":false},"featured_media":30533,"comment_status":"open","ping_status":"closed","template":"","meta":{"_acf_changed":false,"_glsr_average":0,"_glsr_ranking":0,"_glsr_reviews":0},"product_brand":[],"product_cat":[4913,4248],"product_tag":[],"class_list":{"0":"post-30531","1":"product","2":"type-product","3":"status-publish","4":"has-post-thumbnail","6":"product_cat-redaccion-publicitaria-y-seo-web","7":"product_cat-software-de-ia","9":"first","10":"instock","11":"shipping-taxable","12":"product-type-external"},"acf":[],"_links":{"self":[{"href":"https:\/\/boostgrowb.com\/es\/wp-json\/wp\/v2\/product\/30531","targetHints":{"allow":["GET"]}}],"collection":[{"href":"https:\/\/boostgrowb.com\/es\/wp-json\/wp\/v2\/product"}],"about":[{"href":"https:\/\/boostgrowb.com\/es\/wp-json\/wp\/v2\/types\/product"}],"replies":[{"embeddable":true,"href":"https:\/\/boostgrowb.com\/es\/wp-json\/wp\/v2\/comments?post=30531"}],"version-history":[{"count":0,"href":"https:\/\/boostgrowb.com\/es\/wp-json\/wp\/v2\/product\/30531\/revisions"}],"wp:featuredmedia":[{"embeddable":true,"href":"https:\/\/boostgrowb.com\/es\/wp-json\/wp\/v2\/media\/30533"}],"wp:attachment":[{"href":"https:\/\/boostgrowb.com\/es\/wp-json\/wp\/v2\/media?parent=30531"}],"wp:term":[{"taxonomy":"product_brand","embeddable":true,"href":"https:\/\/boostgrowb.com\/es\/wp-json\/wp\/v2\/product_brand?post=30531"},{"taxonomy":"product_cat","embeddable":true,"href":"https:\/\/boostgrowb.com\/es\/wp-json\/wp\/v2\/product_cat?post=30531"},{"taxonomy":"product_tag","embeddable":true,"href":"https:\/\/boostgrowb.com\/es\/wp-json\/wp\/v2\/product_tag?post=30531"}],"curies":[{"name":"wp","href":"https:\/\/api.w.org\/{rel}","templated":true}]}}