{"id":30532,"date":"2024-08-20T11:35:59","date_gmt":"2024-08-20T11:35:59","guid":{"rendered":"https:\/\/boostgrowb.com\/software\/nordlayer\/"},"modified":"2026-01-20T14:03:36","modified_gmt":"2026-01-20T14:03:36","slug":"nordlayer","status":"publish","type":"product","link":"https:\/\/boostgrowb.com\/es\/software\/nordlayer\/","title":{"rendered":"Nordlayer"},"content":{"rendered":"\t\t<div data-elementor-type=\"product-post\" data-elementor-id=\"30532\" class=\"elementor elementor-30532 elementor-6526\" data-elementor-post-type=\"product\">\n\t\t\t\t<div class=\"elementor-element elementor-element-0ec24eb e-flex e-con-boxed wpr-particle-no wpr-jarallax-no wpr-parallax-no wpr-sticky-section-no e-con e-parent\" data-id=\"0ec24eb\" data-element_type=\"container\" data-e-type=\"container\">\n\t\t\t\t\t<div class=\"e-con-inner\">\n\t\t\t\t<div class=\"elementor-element elementor-element-ece68a2 elementor-widget elementor-widget-heading\" data-id=\"ece68a2\" data-element_type=\"widget\" data-e-type=\"widget\" data-widget_type=\"heading.default\">\n\t\t\t\t<div class=\"elementor-widget-container\">\n\t\t\t\t\t<h2 class=\"elementor-heading-title elementor-size-default\">\u00bfQu\u00e9 es NordLayer?<\/h2>\t\t\t\t<\/div>\n\t\t\t\t<\/div>\n\t\t\t\t\t<\/div>\n\t\t\t\t<\/div>\n\t\t<div class=\"elementor-element elementor-element-1afb135 e-flex e-con-boxed wpr-particle-no wpr-jarallax-no wpr-parallax-no wpr-sticky-section-no e-con e-parent\" data-id=\"1afb135\" data-element_type=\"container\" data-e-type=\"container\">\n\t\t\t\t\t<div class=\"e-con-inner\">\n\t\t\t\t<div class=\"elementor-element elementor-element-0481909 elementor-widget elementor-widget-text-editor\" data-id=\"0481909\" data-element_type=\"widget\" data-e-type=\"widget\" data-widget_type=\"text-editor.default\">\n\t\t\t\t<div class=\"elementor-widget-container\">\n\t\t\t\t\t\t\t\t\t<p data-start=\"336\" data-end=\"761\"><strong data-start=\"336\" data-end=\"349\">NordLayer<\/strong> es una soluci\u00f3n de ciberseguridad y red de acceso seguro desarrollada por <strong data-start=\"429\" data-end=\"446\">Nord Security<\/strong>, la empresa que est\u00e1 detr\u00e1s de la popular VPN para consumidores NordVPN. Dise\u00f1ada para profesionales y organizaciones de todos los tama\u00f1os, NordLayer permite proteger los datos sensibles, asegurar las conexiones y facilitar el trabajo a distancia en un entorno fiable que cumple las normas de seguridad. <\/p><p data-start=\"763\" data-end=\"1097\">A diferencia de una simple VPN, NordLayer ofrece un enfoque m\u00e1s <strong data-start=\"828\" data-end=\"873\">completo y flexible de la seguridad de la red<\/strong>, dise\u00f1ado para adaptarse a las necesidades cambiantes de las empresas. Combina funciones avanzadas de cifrado, control de acceso y gesti\u00f3n de usuarios, sin dejar de ser sencillo de implantar y administrar. <\/p>\t\t\t\t\t\t\t\t<\/div>\n\t\t\t\t<\/div>\n\t\t\t\t<div class=\"elementor-element elementor-element-eded70f elementor-widget elementor-widget-heading\" data-id=\"eded70f\" data-element_type=\"widget\" data-e-type=\"widget\" data-widget_type=\"heading.default\">\n\t\t\t\t<div class=\"elementor-widget-container\">\n\t\t\t\t\t<h2 class=\"elementor-heading-title elementor-size-default\">Las principales caracter\u00edsticas clave de NordLayer<\/h2>\t\t\t\t<\/div>\n\t\t\t\t<\/div>\n\t\t\t\t<div class=\"elementor-element elementor-element-a874914 elementor-widget elementor-widget-text-editor\" data-id=\"a874914\" data-element_type=\"widget\" data-e-type=\"widget\" data-widget_type=\"text-editor.default\">\n\t\t\t\t<div class=\"elementor-widget-container\">\n\t\t\t\t\t\t\t\t\t<ul><li data-start=\"1160\" data-end=\"1372\"><p data-start=\"1162\" data-end=\"1372\"><strong data-start=\"1162\" data-end=\"1222\">Acceso seguro a la red (ZTNA - Zero Trust Network Access)<\/strong>: cada usuario debe autenticarse y autorizarse antes de acceder a los recursos internos, lo que reduce considerablemente el riesgo de intrusi\u00f3n.<\/p><\/li><li data-start=\"1374\" data-end=\"1563\"><p data-start=\"1376\" data-end=\"1563\"><strong data-start=\"1376\" data-end=\"1398\">Cifrado avanzado<\/strong>: todos los datos que pasan por NordLayer est\u00e1n protegidos por un cifrado de nivel militar (AES 256 bits), que garantiza la confidencialidad y la integridad.<\/p><\/li><li data-start=\"1565\" data-end=\"1736\"><p data-start=\"1567\" data-end=\"1736\"><strong data-start=\"1567\" data-end=\"1602\">Gesti\u00f3n centralizada de equipos<\/strong>: una consola de administraci\u00f3n te permite controlar las autorizaciones, gestionar los usuarios y supervisar las actividades en tiempo real.<\/p><\/li><li data-start=\"1738\" data-end=\"1910\"><p data-start=\"1740\" data-end=\"1910\"><strong data-start=\"1740\" data-end=\"1762\">Integraci\u00f3n sencilla<\/strong>: compatible con los sistemas y herramientas existentes (Active Directory, Google Workspace, Okta, Azure AD), lo que facilita su implantaci\u00f3n en toda la empresa.<\/p><\/li><li data-start=\"1912\" data-end=\"2070\"><p data-start=\"1914\" data-end=\"2070\"><strong data-start=\"1914\" data-end=\"1954\">Servidores dedicados y direcciones IP fijas<\/strong>: \u00fatiles para asegurar las conexiones, reforzar el cumplimiento y acceder a distancia a recursos cr\u00edticos.<\/p><\/li><li data-start=\"2072\" data-end=\"2221\"><p data-start=\"2074\" data-end=\"2221\"><strong data-start=\"2074\" data-end=\"2106\">Protecci\u00f3n multiplataforma<\/strong>: disponible en Windows, macOS, Linux, iOS y Android, para que puedas proteger todos los dispositivos de tu organizaci\u00f3n.<\/p><\/li><li data-start=\"2223\" data-end=\"2368\"><p data-start=\"2225\" data-end=\"2368\"><strong data-start=\"2225\" data-end=\"2261\">Cumplimiento y seguridad mejorada<\/strong>: NordLayer ayuda a las empresas a cumplir normativas estrictas como RGPD, HIPAA o SOC 2.<\/p><\/li><\/ul>\t\t\t\t\t\t\t\t<\/div>\n\t\t\t\t<\/div>\n\t\t\t\t<div class=\"elementor-element elementor-element-9e9a042 elementor-widget elementor-widget-heading\" data-id=\"9e9a042\" data-element_type=\"widget\" data-e-type=\"widget\" data-widget_type=\"heading.default\">\n\t\t\t\t<div class=\"elementor-widget-container\">\n\t\t\t\t\t<h2 class=\"elementor-heading-title elementor-size-default\">\u00bfCu\u00e1les son las ventajas de utilizar NordLayer?<\/h2>\t\t\t\t<\/div>\n\t\t\t\t<\/div>\n\t\t\t\t<div class=\"elementor-element elementor-element-f7e56a9 elementor-widget elementor-widget-text-editor\" data-id=\"f7e56a9\" data-element_type=\"widget\" data-e-type=\"widget\" data-widget_type=\"text-editor.default\">\n\t\t\t\t<div class=\"elementor-widget-container\">\n\t\t\t\t\t\t\t\t\t<p>Adoptar NordLayer significa beneficiarse de una soluci\u00f3n que combina <strong data-start=\"3473\" data-end=\"3512\">sencillez, seguridad y flexibilidad<\/strong>. Sus principales ventajas son <\/p><ul><li data-start=\"3550\" data-end=\"3666\"><p data-start=\"3552\" data-end=\"3666\"><strong data-start=\"3552\" data-end=\"3582\">Mejorar la ciberseguridad<\/strong>: proteger los datos sensibles y limitar los riesgos asociados al teletrabajo.<\/p><\/li><li data-start=\"3667\" data-end=\"3791\"><p data-start=\"3669\" data-end=\"3791\"><strong data-start=\"3669\" data-end=\"3710\">Facilitar el cumplimiento normativo<\/strong>: cumplimiento de las normas internacionales de seguridad y protecci\u00f3n de datos.<\/p><\/li><li data-start=\"3792\" data-end=\"3923\"><p data-start=\"3794\" data-end=\"3923\"><strong data-start=\"3794\" data-end=\"3835\">Mejora la productividad de los equipos<\/strong>: acceso seguro y sin fisuras a los recursos internos, est\u00e9 donde est\u00e9 tu personal.<\/p><\/li><li data-start=\"3924\" data-end=\"4060\"><p data-start=\"3926\" data-end=\"4060\"><strong data-start=\"3926\" data-end=\"3950\">Reduce los costes inform\u00e1ticos<\/strong>: una soluci\u00f3n flexible, sin infraestructuras pesadas, adecuada tanto para PYMES como para grandes empresas.<\/p><\/li><li data-start=\"4061\" data-end=\"4174\"><p data-start=\"4063\" data-end=\"4174\"><strong data-start=\"4063\" data-end=\"4085\">Seguridad escalable<\/strong>: NordLayer se adapta al crecimiento y a las necesidades espec\u00edficas de tu organizaci\u00f3n.<\/p><\/li><\/ul>\t\t\t\t\t\t\t\t<\/div>\n\t\t\t\t<\/div>\n\t\t\t\t<div class=\"elementor-element elementor-element-52b85e9 elementor-widget elementor-widget-heading\" data-id=\"52b85e9\" data-element_type=\"widget\" data-e-type=\"widget\" data-widget_type=\"heading.default\">\n\t\t\t\t<div class=\"elementor-widget-container\">\n\t\t\t\t\t<h2 class=\"elementor-heading-title elementor-size-default\">\u00bfQui\u00e9nes son los usuarios de NordLayer?<\/h2>\t\t\t\t<\/div>\n\t\t\t\t<\/div>\n\t\t\t\t<div class=\"elementor-element elementor-element-51c5b55 elementor-widget elementor-widget-text-editor\" data-id=\"51c5b55\" data-element_type=\"widget\" data-e-type=\"widget\" data-widget_type=\"text-editor.default\">\n\t\t\t\t<div class=\"elementor-widget-container\">\n\t\t\t\t\t\t\t\t\t<p>NordLayer est\u00e1 dise\u00f1ado para satisfacer las necesidades de organizaciones de todos los tama\u00f1os que deseen reforzar la seguridad de su red:<\/p><ul><li data-start=\"4348\" data-end=\"4467\"><p data-start=\"4350\" data-end=\"4467\"><strong data-start=\"4350\" data-end=\"4369\">PYMES y empresas de nueva creaci\u00f3n<\/strong>: una soluci\u00f3n sencilla y asequible para proteger los datos de los clientes y los sistemas internos.<\/p><\/li><li data-start=\"4468\" data-end=\"4567\"><p data-start=\"4470\" data-end=\"4567\"><strong data-start=\"4470\" data-end=\"4493\">Grandes empresas<\/strong>: una infraestructura escalable que cumpla las normas internacionales.<\/p><\/li><li data-start=\"4568\" data-end=\"4687\"><p data-start=\"4570\" data-end=\"4687\"><strong data-start=\"4570\" data-end=\"4608\">Teletrabajo o equipos h\u00edbridos<\/strong>: los empleados pueden conectarse de forma segura desde cualquier lugar.<\/p><\/li><li data-start=\"4688\" data-end=\"4835\"><p data-start=\"4690\" data-end=\"4835\"><strong data-start=\"4690\" data-end=\"4753\">Sectores regulados (sanidad, finanzas, jur\u00eddico, educaci\u00f3n)<\/strong>: mayor protecci\u00f3n de los datos sensibles y cumplimiento de normas estrictas.<\/p><\/li><li data-start=\"4836\" data-end=\"4966\"><p data-start=\"4838\" data-end=\"4966\"><strong data-start=\"4838\" data-end=\"4880\">Proveedores de servicios inform\u00e1ticos y agencias<\/strong>: asegura el acceso de los clientes y simplifica la gesti\u00f3n de las autorizaciones.<\/p><\/li><\/ul>\t\t\t\t\t\t\t\t<\/div>\n\t\t\t\t<\/div>\n\t\t\t\t\t<\/div>\n\t\t\t\t<\/div>\n\t\t<div class=\"elementor-element elementor-element-0d13f3b e-flex e-con-boxed wpr-particle-no wpr-jarallax-no wpr-parallax-no wpr-sticky-section-no e-con e-parent\" data-id=\"0d13f3b\" data-element_type=\"container\" data-e-type=\"container\">\n\t\t\t\t\t<div class=\"e-con-inner\">\n\t\t\t\t<div class=\"elementor-element elementor-element-e7f9260 elementor-widget elementor-widget-heading\" data-id=\"e7f9260\" data-element_type=\"widget\" data-e-type=\"widget\" data-widget_type=\"heading.default\">\n\t\t\t\t<div class=\"elementor-widget-container\">\n\t\t\t\t\t<h2 class=\"elementor-heading-title elementor-size-default\">Conclusi\u00f3n<\/h2>\t\t\t\t<\/div>\n\t\t\t\t<\/div>\n\t\t\t\t\t<\/div>\n\t\t\t\t<\/div>\n\t\t<div class=\"elementor-element elementor-element-e36bae1 e-flex e-con-boxed wpr-particle-no wpr-jarallax-no wpr-parallax-no wpr-sticky-section-no e-con e-parent\" data-id=\"e36bae1\" data-element_type=\"container\" data-e-type=\"container\">\n\t\t\t\t\t<div class=\"e-con-inner\">\n\t\t\t\t<div class=\"elementor-element elementor-element-fa86522 elementor-widget elementor-widget-text-editor\" data-id=\"fa86522\" data-element_type=\"widget\" data-e-type=\"widget\" data-widget_type=\"text-editor.default\">\n\t\t\t\t<div class=\"elementor-widget-container\">\n\t\t\t\t\t\t\t\t\t<p data-pm-slice=\"1 1 []\"><strong>NordLayer<\/strong> es una soluci\u00f3n de ciberseguridad y acceso seguro a la red para empresas. Protege tus datos, asegura el teletrabajo y cumple las normas de conformidad con una soluci\u00f3n sencilla, flexible y escalable. <\/p>\t\t\t\t\t\t\t\t<\/div>\n\t\t\t\t<\/div>\n\t\t\t\t\t<\/div>\n\t\t\t\t<\/div>\n\t\t\t\t<\/div>\n\t\t","protected":false},"excerpt":{"rendered":"<p>NordLayer es una soluci\u00f3n completa para proteger las redes profesionales, que ofrece una infraestructura robusta y flexible adaptada a las necesidades empresariales actuales.<\/p>\n<ul>\n<li>Protecci\u00f3n de datos<\/li>\n<li>Gesti\u00f3n de contrase\u00f1as<\/li>\n<li>Asegurar el teletrabajo<\/li>\n<li>VPN para empresas<\/li>\n<\/ul>\n","protected":false},"featured_media":30535,"comment_status":"open","ping_status":"closed","template":"","meta":{"_acf_changed":false,"_glsr_average":0,"_glsr_ranking":0,"_glsr_reviews":0},"product_brand":[],"product_cat":[4183],"product_tag":[],"class_list":{"0":"post-30532","1":"product","2":"type-product","3":"status-publish","4":"has-post-thumbnail","6":"product_cat-vpn-es","8":"first","9":"instock","10":"shipping-taxable","11":"product-type-external"},"acf":[],"_links":{"self":[{"href":"https:\/\/boostgrowb.com\/es\/wp-json\/wp\/v2\/product\/30532","targetHints":{"allow":["GET"]}}],"collection":[{"href":"https:\/\/boostgrowb.com\/es\/wp-json\/wp\/v2\/product"}],"about":[{"href":"https:\/\/boostgrowb.com\/es\/wp-json\/wp\/v2\/types\/product"}],"replies":[{"embeddable":true,"href":"https:\/\/boostgrowb.com\/es\/wp-json\/wp\/v2\/comments?post=30532"}],"version-history":[{"count":0,"href":"https:\/\/boostgrowb.com\/es\/wp-json\/wp\/v2\/product\/30532\/revisions"}],"wp:featuredmedia":[{"embeddable":true,"href":"https:\/\/boostgrowb.com\/es\/wp-json\/wp\/v2\/media\/30535"}],"wp:attachment":[{"href":"https:\/\/boostgrowb.com\/es\/wp-json\/wp\/v2\/media?parent=30532"}],"wp:term":[{"taxonomy":"product_brand","embeddable":true,"href":"https:\/\/boostgrowb.com\/es\/wp-json\/wp\/v2\/product_brand?post=30532"},{"taxonomy":"product_cat","embeddable":true,"href":"https:\/\/boostgrowb.com\/es\/wp-json\/wp\/v2\/product_cat?post=30532"},{"taxonomy":"product_tag","embeddable":true,"href":"https:\/\/boostgrowb.com\/es\/wp-json\/wp\/v2\/product_tag?post=30532"}],"curies":[{"name":"wp","href":"https:\/\/api.w.org\/{rel}","templated":true}]}}