{"id":30538,"date":"2024-08-15T00:13:59","date_gmt":"2024-08-15T00:13:59","guid":{"rendered":"https:\/\/boostgrowb.com\/software\/escuela\/"},"modified":"2026-02-15T14:03:36","modified_gmt":"2026-02-15T14:03:36","slug":"escuela","status":"publish","type":"product","link":"https:\/\/boostgrowb.com\/es\/software\/escuela\/","title":{"rendered":"Escuela"},"content":{"rendered":"\t\t<div data-elementor-type=\"product-post\" data-elementor-id=\"30538\" class=\"elementor elementor-30538 elementor-6145\" data-elementor-post-type=\"product\">\n\t\t\t\t<div class=\"elementor-element elementor-element-a415b96 e-flex e-con-boxed wpr-particle-no wpr-jarallax-no wpr-parallax-no wpr-sticky-section-no e-con e-parent\" data-id=\"a415b96\" data-element_type=\"container\" data-e-type=\"container\">\n\t\t\t\t\t<div class=\"e-con-inner\">\n\t\t\t\t<div class=\"elementor-element elementor-element-201a475 elementor-widget elementor-widget-heading\" data-id=\"201a475\" data-element_type=\"widget\" data-e-type=\"widget\" data-widget_type=\"heading.default\">\n\t\t\t\t<div class=\"elementor-widget-container\">\n\t\t\t\t\t<h2 class=\"elementor-heading-title elementor-size-default\">\u00bfQu\u00e9 es Skool?<\/h2>\t\t\t\t<\/div>\n\t\t\t\t<\/div>\n\t\t\t\t<div class=\"elementor-element elementor-element-e4fc5a0 elementor-widget elementor-widget-text-editor\" data-id=\"e4fc5a0\" data-element_type=\"widget\" data-e-type=\"widget\" data-widget_type=\"text-editor.default\">\n\t\t\t\t<div class=\"elementor-widget-container\">\n\t\t\t\t\t\t\t\t\t<p class=\"\" data-start=\"0\" data-end=\"546\">Skool es una <strong data-start=\"14\" data-end=\"39\">plataforma todo en uno<\/strong> que est\u00e1 revolucionando la gesti\u00f3n de comunidades y el aprendizaje electr\u00f3nico. Dise\u00f1ada para <strong data-start=\"126\" data-end=\"179\">creadores de contenidos, formadores y emprendedores<\/strong>, combina un espacio de red social interactiva, herramientas avanzadas <strong data-start=\"259\" data-end=\"287\">para compartir conocimientos<\/strong> y una soluci\u00f3n intuitiva para crear y monetizar cursos online. Con su <strong data-start=\"370\" data-end=\"405\">interfaz fluida y ergon\u00f3mica<\/strong>, Skool simplifica la gesti\u00f3n de los miembros, fomenta el compromiso y transforma el aprendizaje en una experiencia inmersiva y colaborativa.  <\/p><p class=\"\" data-start=\"706\" data-end=\"1399\">Lo que hace que Skool sea realmente \u00fanico es su capacidad para <strong data-start=\"766\" data-end=\"791\">estimular el compromiso de<\/strong> la comunidad, al tiempo que <strong data-start=\"817\" data-end=\"854\">facilita la gesti\u00f3n de los miembros<\/strong>. Con funciones como <strong data-start=\"896\" data-end=\"911\">tablas de clasificaci\u00f3n<\/strong>, <strong data-start=\"917\" data-end=\"932\">recompensas<\/strong> e <strong data-start=\"940\" data-end=\"965\">interacci\u00f3n social<\/strong> din\u00e1mica, los usuarios se mantienen motivados y activos. <strong data-start=\"1026\" data-end=\"1056\">Las herramientas de an\u00e1lisis detallado<\/strong> te permiten seguir el progreso de tus miembros, adaptar tus contenidos y optimizar tu estrategia de e-learning para conseguir <strong data-start=\"1207\" data-end=\"1231\">resultados medibles<\/strong>. Adem\u00e1s, la plataforma est\u00e1 dise\u00f1ada para simplificar la gesti\u00f3n diaria, para que puedas <strong data-start=\"1329\" data-end=\"1348\">ahorrar tiempo<\/strong> y concentrarte en crear valor.   <\/p><p class=\"\" data-start=\"1128\" data-end=\"1633\">Skool est\u00e1 dise\u00f1ado para que sea f\u00e1cil de aprender, con <strong data-start=\"1507\" data-end=\"1554\">recursos did\u00e1cticos y soporte dedicado<\/strong> para ayudarte en cada paso del camino. Tanto si quieres <strong data-start=\"1613\" data-end=\"1642\">monetizar tu experiencia<\/strong>, <strong data-start=\"1644\" data-end=\"1688\">crear un espacio de aprendizaje inmersivo<\/strong> o <strong data-start=\"1693\" data-end=\"1729\">desarrollar una comunidad fiel<\/strong>, Skool te ofrece una <strong data-start=\"1747\" data-end=\"1771\">soluci\u00f3n llave en mano<\/strong> para lograr tus objetivos. <\/p>\t\t\t\t\t\t\t\t<\/div>\n\t\t\t\t<\/div>\n\t\t\t\t<div class=\"elementor-element elementor-element-eca61a1 elementor-widget elementor-widget-heading\" data-id=\"eca61a1\" data-element_type=\"widget\" data-e-type=\"widget\" data-widget_type=\"heading.default\">\n\t\t\t\t<div class=\"elementor-widget-container\">\n\t\t\t\t\t<h2 class=\"elementor-heading-title elementor-size-default\">\u00bfCu\u00e1les son las ventajas de utilizar Skool?<\/h2>\t\t\t\t<\/div>\n\t\t\t\t<\/div>\n\t\t\t\t<div class=\"elementor-element elementor-element-328de32 elementor-widget elementor-widget-text-editor\" data-id=\"328de32\" data-element_type=\"widget\" data-e-type=\"widget\" data-widget_type=\"text-editor.default\">\n\t\t\t\t<div class=\"elementor-widget-container\">\n\t\t\t\t\t\t\t\t\t<ul><li data-pm-slice=\"0 0 []\"><strong>Crea cursos cautivadores y estructurados:<\/strong> con Skool, construye m\u00f3dulos claros y bien organizados. A\u00f1ade v\u00eddeos, textos, cuestionarios o archivos descargables, al tiempo que garantizas una navegaci\u00f3n fluida para los alumnos. <\/li><\/ul><div> <\/div><ul><li data-pm-slice=\"0 0 []\"><strong>Comunidades integradas para el aprendizaje colaborativo:<\/strong> convierte tus cursos en un lugar para compartir. Gracias a los foros integrados, tus alumnos pueden hacer preguntas, compartir ideas y dar su opini\u00f3n. Skool fomenta un <strong>sentimiento de pertenencia<\/strong> que motiva a tus alumnos a progresar juntos.  <\/li><\/ul><div> <\/div><ul><li data-pm-slice=\"0 0 []\"><strong>Gamificaci\u00f3n para aumentar el compromiso:<\/strong> convierte el aprendizaje en un juego con <strong>clasificaciones<\/strong>, <strong>insignias<\/strong> y <strong>recompensas<\/strong>. Estas herramientas de gamificaci\u00f3n mantienen a tus alumnos implicados a largo plazo. <\/li><\/ul><div> <\/div><ul><li data-pm-slice=\"0 0 []\"><strong>Gesti\u00f3n simplificada de los miembros:<\/strong> a\u00f1ade, sigue y segmenta a tus participantes con s\u00f3lo unos clics. Los formadores pueden supervisar el progreso individual y ajustar sus m\u00e9todos de ense\u00f1anza para ofrecer un mejor apoyo. <\/li><\/ul><div> <\/div><ul><li data-pm-slice=\"0 0 []\"><strong>Calendario integrado para planificar tus sesiones en directo:<\/strong> Organiza talleres, seminarios web o lives interactivos y comp\u00e1rtelos directamente con tus alumnos. Skool integra estos eventos en un calendario claro para una experiencia fluida. <\/li><\/ul>\t\t\t\t\t\t\t\t<\/div>\n\t\t\t\t<\/div>\n\t\t\t\t<div class=\"elementor-element elementor-element-841337a elementor-widget elementor-widget-heading\" data-id=\"841337a\" data-element_type=\"widget\" data-e-type=\"widget\" data-widget_type=\"heading.default\">\n\t\t\t\t<div class=\"elementor-widget-container\">\n\t\t\t\t\t<h2 class=\"elementor-heading-title elementor-size-default\">\u00bfPara qui\u00e9n es Skool?<\/h2>\t\t\t\t<\/div>\n\t\t\t\t<\/div>\n\t\t\t\t<div class=\"elementor-element elementor-element-aca07a3 elementor-widget elementor-widget-text-editor\" data-id=\"aca07a3\" data-element_type=\"widget\" data-e-type=\"widget\" data-widget_type=\"text-editor.default\">\n\t\t\t\t<div class=\"elementor-widget-container\">\n\t\t\t\t\t\t\t\t\t<p><strong data-start=\"0\" data-end=\"9\" data-is-only-node=\"\">Skool<\/strong> est\u00e1 dirigido principalmente a <strong data-start=\"39\" data-end=\"63\">creadores de contenidos<\/strong>, <strong data-start=\"65\" data-end=\"79\">formadores<\/strong>, <strong data-start=\"81\" data-end=\"91\">entrenadores<\/strong>, <strong data-start=\"93\" data-end=\"110\">empresarios<\/strong> y <strong data-start=\"114\" data-end=\"132\">grupos privados<\/strong> que buscan <strong data-start=\"145\" data-end=\"197\">desarrollar, gestionar y monetizar sus comunidades online<\/strong>. Tanto si ofreces <strong data-start=\"231\" data-end=\"249\">cursos online<\/strong>, <strong data-start=\"255\" data-end=\"281\">programas de coaching<\/strong> o <strong data-start=\"290\" data-end=\"319\">formaci\u00f3n personalizada<\/strong>, Skool te proporciona las herramientas que necesitas para crear un <strong data-start=\"375\" data-end=\"425\">espacio de aprendizaje interactivo y atractivo<\/strong>.  Tambi\u00e9n permite a <strong data-start=\"447\" data-end=\"464\">los empresarios<\/strong> <strong data-start=\"468\" data-end=\"499\">generar ingresos pasivos<\/strong> transformando su experiencia en <strong data-start=\"534\" data-end=\"554\">contenidos de pago<\/strong>, como <strong data-start=\"565\" data-end=\"580\">suscripciones<\/strong> o <strong data-start=\"588\" data-end=\"613\">recursos exclusivos<\/strong>. Por \u00faltimo, es ideal para <strong data-start=\"644\" data-end=\"668\">comunidades de nicho<\/strong> que quieren fomentar<strong data-start=\"693\" data-end=\"708\">la interacci\u00f3n<\/strong> y la <strong data-start=\"715\" data-end=\"732\">colaboraci\u00f3n<\/strong> entre sus miembros, al tiempo que ofrecen formaci\u00f3n y contenidos de alto valor a\u00f1adido. <\/p>\t\t\t\t\t\t\t\t<\/div>\n\t\t\t\t<\/div>\n\t\t\t\t<div class=\"elementor-element elementor-element-1024dc6 elementor-widget elementor-widget-heading\" data-id=\"1024dc6\" data-element_type=\"widget\" data-e-type=\"widget\" data-widget_type=\"heading.default\">\n\t\t\t\t<div class=\"elementor-widget-container\">\n\t\t\t\t\t<h2 class=\"elementor-heading-title elementor-size-default\">Conclusi\u00f3n  <\/h2>\t\t\t\t<\/div>\n\t\t\t\t<\/div>\n\t\t\t\t<div class=\"elementor-element elementor-element-19b9d35 elementor-widget elementor-widget-text-editor\" data-id=\"19b9d35\" data-element_type=\"widget\" data-e-type=\"widget\" data-widget_type=\"text-editor.default\">\n\t\t\t\t<div class=\"elementor-widget-container\">\n\t\t\t\t\t\t\t\t\t<p><strong data-start=\"15\" data-end=\"24\">Skool<\/strong> es la plataforma ideal para quienes desean <strong data-start=\"75\" data-end=\"130\">convertir sus conocimientos en una fuente de ingresos<\/strong>, al tiempo que crean <strong data-start=\"151\" data-end=\"177\">comunidades din\u00e1micas<\/strong> y ofrecen <strong data-start=\"196\" data-end=\"223\">formaci\u00f3n interactiva<\/strong> de alta calidad. Tanto si eres formador, creador de contenidos, emprendedor o entrenador, Skool te proporciona todas las herramientas que necesitas para <strong data-start=\"358\" data-end=\"384\">atraer a tu audiencia<\/strong>, <strong data-start=\"386\" data-end=\"428\">optimizar la gesti\u00f3n de tus cursos de formaci\u00f3n<\/strong> y <strong data-start=\"432\" data-end=\"458\">monetizar tus conocimientos<\/strong> de forma sencilla y eficaz. <\/p>\t\t\t\t\t\t\t\t<\/div>\n\t\t\t\t<\/div>\n\t\t\t\t\t<\/div>\n\t\t\t\t<\/div>\n\t\t\t\t<\/div>\n\t\t","protected":false},"excerpt":{"rendered":"<p>Skool es una herramienta para creadores de contenidos educativos que no s\u00f3lo quieren compartir sus conocimientos, sino tambi\u00e9n crear una comunidad activa en torno a sus cursos.<\/p>\n<ul>\n<li>Gesti\u00f3n de cursos en l\u00ednea<\/li>\n<li>Facilidad de uso<\/li>\n<li>Gesti\u00f3n de miembros<\/li>\n<li>Un espacio \u00fanico e intuitivo<\/li>\n<\/ul>\n","protected":false},"featured_media":30543,"comment_status":"open","ping_status":"closed","template":"","meta":{"_acf_changed":false,"_glsr_average":0,"_glsr_ranking":0,"_glsr_reviews":0},"product_brand":[],"product_cat":[4228],"product_tag":[],"class_list":{"0":"post-30538","1":"product","2":"type-product","3":"status-publish","4":"has-post-thumbnail","6":"product_cat-gestion-de-proyectos","8":"first","9":"instock","10":"shipping-taxable","11":"product-type-external"},"acf":[],"_links":{"self":[{"href":"https:\/\/boostgrowb.com\/es\/wp-json\/wp\/v2\/product\/30538","targetHints":{"allow":["GET"]}}],"collection":[{"href":"https:\/\/boostgrowb.com\/es\/wp-json\/wp\/v2\/product"}],"about":[{"href":"https:\/\/boostgrowb.com\/es\/wp-json\/wp\/v2\/types\/product"}],"replies":[{"embeddable":true,"href":"https:\/\/boostgrowb.com\/es\/wp-json\/wp\/v2\/comments?post=30538"}],"version-history":[{"count":0,"href":"https:\/\/boostgrowb.com\/es\/wp-json\/wp\/v2\/product\/30538\/revisions"}],"wp:featuredmedia":[{"embeddable":true,"href":"https:\/\/boostgrowb.com\/es\/wp-json\/wp\/v2\/media\/30543"}],"wp:attachment":[{"href":"https:\/\/boostgrowb.com\/es\/wp-json\/wp\/v2\/media?parent=30538"}],"wp:term":[{"taxonomy":"product_brand","embeddable":true,"href":"https:\/\/boostgrowb.com\/es\/wp-json\/wp\/v2\/product_brand?post=30538"},{"taxonomy":"product_cat","embeddable":true,"href":"https:\/\/boostgrowb.com\/es\/wp-json\/wp\/v2\/product_cat?post=30538"},{"taxonomy":"product_tag","embeddable":true,"href":"https:\/\/boostgrowb.com\/es\/wp-json\/wp\/v2\/product_tag?post=30538"}],"curies":[{"name":"wp","href":"https:\/\/api.w.org\/{rel}","templated":true}]}}