{"id":30539,"date":"2024-07-04T08:48:19","date_gmt":"2024-07-04T08:48:19","guid":{"rendered":"https:\/\/boostgrowb.com\/software\/karlia\/"},"modified":"2026-02-14T14:02:55","modified_gmt":"2026-02-14T14:02:55","slug":"karlia","status":"publish","type":"product","link":"https:\/\/boostgrowb.com\/es\/software\/karlia\/","title":{"rendered":"Karlia"},"content":{"rendered":"\t\t<div data-elementor-type=\"product-post\" data-elementor-id=\"30539\" class=\"elementor elementor-30539 elementor-3905\" data-elementor-post-type=\"product\">\n\t\t\t\t<div class=\"elementor-element elementor-element-ac7710b e-flex e-con-boxed wpr-particle-no wpr-jarallax-no wpr-parallax-no wpr-sticky-section-no e-con e-parent\" data-id=\"ac7710b\" data-element_type=\"container\" data-e-type=\"container\">\n\t\t\t\t\t<div class=\"e-con-inner\">\n\t\t\t\t<div class=\"elementor-element elementor-element-8cfbe31 elementor-widget elementor-widget-heading\" data-id=\"8cfbe31\" data-element_type=\"widget\" data-e-type=\"widget\" data-widget_type=\"heading.default\">\n\t\t\t\t<div class=\"elementor-widget-container\">\n\t\t\t\t\t<h2 class=\"elementor-heading-title elementor-size-default\">\u00bfQu\u00e9 es Karlia?<\/h2>\t\t\t\t<\/div>\n\t\t\t\t<\/div>\n\t\t\t\t\t<\/div>\n\t\t\t\t<\/div>\n\t\t<div class=\"elementor-element elementor-element-e403338 e-flex e-con-boxed wpr-particle-no wpr-jarallax-no wpr-parallax-no wpr-sticky-section-no e-con e-parent\" data-id=\"e403338\" data-element_type=\"container\" data-e-type=\"container\">\n\t\t\t\t\t<div class=\"e-con-inner\">\n\t\t\t\t<div class=\"elementor-element elementor-element-47cfe31 elementor-widget elementor-widget-text-editor\" data-id=\"47cfe31\" data-element_type=\"widget\" data-e-type=\"widget\" data-widget_type=\"text-editor.default\">\n\t\t\t\t<div class=\"elementor-widget-container\">\n\t\t\t\t\t\t\t\t\t<p><strong>Karlia<\/strong> es un <strong>paquete de software de gesti\u00f3n empresarial todo en uno<\/strong> especialmente dise\u00f1ado para ayudar a <strong>las PYMES y a los emprendedores<\/strong> a centralizar y simplificar sus <strong>procesos empresariales<\/strong>. Con su interfaz <strong>sencilla, intuitiva y f\u00e1cil de usar<\/strong>, Karlia permite gestionar eficazmente multitud de funciones esenciales, como la <strong>facturaci\u00f3n<\/strong>, el <strong>seguimiento de clientes<\/strong> y la <strong>gesti\u00f3n de proyectos y tareas<\/strong>. M\u00e1s que una simple herramienta, Karlia se convierte en un verdadero aliado para todas las empresas que buscan <strong>ahorrar tiempo<\/strong>, <strong>reducir errores<\/strong> y <strong>optimizar sus flujos de trabajo<\/strong>.  <\/p><p>Uno de los principales puntos fuertes de Karlia reside en sus <strong>funciones de automatizaci\u00f3n<\/strong>. Al eliminar las tareas repetitivas y que consumen mucho tiempo, este software permite a las empresas <strong>centrarse en lo m\u00e1s importante<\/strong>: hacer crecer su negocio. Gracias a sus herramientas <strong>inteligentes de seguimiento de clientes<\/strong>, Karlia facilita la gesti\u00f3n de las relaciones y garantiza <strong>una mejor organizaci\u00f3n de<\/strong> cada proyecto. Desde la creaci\u00f3n de presupuestos hasta la gesti\u00f3n de facturas, todo est\u00e1 automatizado, lo que permite a los equipos ser <strong>m\u00e1s productivos<\/strong> y tomar decisiones con mayor rapidez.   <\/p><p><strong>Karlia<\/strong> no s\u00f3lo centraliza la informaci\u00f3n: <strong>mejora la eficacia general<\/strong> de la empresa. Al proporcionar una <strong>visi\u00f3n<\/strong> clara de todos los aspectos de la gesti\u00f3n, desde el <strong>seguimiento de las tareas hasta la facturaci\u00f3n<\/strong>, permite una mejor <strong>gesti\u00f3n de los proyectos<\/strong> y un mejor servicio al cliente. Este software es la herramienta ideal para PYMES y emprendedores que buscan <strong>maximizar su rentabilidad<\/strong> automatizando al mismo tiempo los procesos clave. Karlia te ayuda a convertir cada tarea en una oportunidad y a <strong>acelerar el desarrollo de tu negocio<\/strong>.   <\/p>\t\t\t\t\t\t\t\t<\/div>\n\t\t\t\t<\/div>\n\t\t\t\t<div class=\"elementor-element elementor-element-95bbe09 elementor-widget elementor-widget-heading\" data-id=\"95bbe09\" data-element_type=\"widget\" data-e-type=\"widget\" data-widget_type=\"heading.default\">\n\t\t\t\t<div class=\"elementor-widget-container\">\n\t\t\t\t\t<h2 class=\"elementor-heading-title elementor-size-default\">Caracter\u00edsticas principales de Karlia<\/h2>\t\t\t\t<\/div>\n\t\t\t\t<\/div>\n\t\t\t\t<div class=\"elementor-element elementor-element-e075c71 elementor-widget elementor-widget-text-editor\" data-id=\"e075c71\" data-element_type=\"widget\" data-e-type=\"widget\" data-widget_type=\"text-editor.default\">\n\t\t\t\t<div class=\"elementor-widget-container\">\n\t\t\t\t\t\t\t\t\t<ul><li><p><strong><span>Gesti\u00f3n integrada de proyectos<\/span><\/strong><span> Karlia te permite <\/span><strong><span>seguir y gestionar todos tus proyectos<\/span><\/strong><span>  todo en un solo lugar. Puedes crear tareas, fijar plazos, asignar responsabilidades y seguir el progreso en tiempo real, lo que te permite   <\/span><strong><span>organ\u00edzate y s\u00e9 productivo<\/span><\/strong><span> .<\/span><\/p><\/li><li><p><strong><span>Facturaci\u00f3n simplificada<\/span><\/strong><span> Con Karlia, gestionar tu <\/span><strong><span>facturaci\u00f3n<\/span><\/strong><span>  se convierte en un juego de ni\u00f1os. Crea y env\u00eda facturas comerciales, haz un seguimiento de los pagos y gestiona tus finanzas de forma centralizada, para que no tengas que&#8230;   <\/span><strong><span>reduce los errores<\/span><\/strong><span> y <\/span><strong><span>optimiza tu flujo de caja<\/span><\/strong><span> .<\/span><\/p><\/li><li><p><strong><span>CRM integrado para la gesti\u00f3n de clientes<\/span><\/strong><span> La herramienta CRM de Karlia te permite <\/span><strong><span>controlar y gestionar las relaciones con tus clientes<\/span><\/strong><span>  f\u00e1cilmente. Puedes acceder al historial de interacciones, al seguimiento de las ventas y a las oportunidades de   <\/span><strong><span>mejorar la satisfacci\u00f3n del cliente<\/span><\/strong><span> y aumentar tus conversiones.<\/span><\/p><\/li><li><p><strong><span>Automatizaci\u00f3n de tareas<\/span><\/strong><span> Karlia te permite <\/span><strong><span>ahorrar tiempo<\/span><\/strong><span> automatizando procesos recurrentes como el env\u00edo de facturas, el seguimiento de tareas o los recordatorios de pago, permiti\u00e9ndote concentrarte en tareas de mayor valor a\u00f1adido.<\/span><\/p><\/li><li><p><strong><span>Cuadros de mando personalizados<\/span><\/strong><span> Karlia ofrece <\/span><strong><span>cuadros de mando personalizables<\/span><\/strong><span>  que proporcionan una visi\u00f3n general del rendimiento de tu empresa. Sigue los indicadores clave en tiempo real para   <\/span><strong><span>tomar decisiones informadas<\/span><\/strong><span> y ajustar tus estrategias r\u00e1pidamente.<\/span><\/p><\/li><\/ul>\t\t\t\t\t\t\t\t<\/div>\n\t\t\t\t<\/div>\n\t\t\t\t<div class=\"elementor-element elementor-element-dbc840b elementor-widget elementor-widget-heading\" data-id=\"dbc840b\" data-element_type=\"widget\" data-e-type=\"widget\" data-widget_type=\"heading.default\">\n\t\t\t\t<div class=\"elementor-widget-container\">\n\t\t\t\t\t<h2 class=\"elementor-heading-title elementor-size-default\">\u00bfCu\u00e1les son las ventajas de utilizar Karlia?<\/h2>\t\t\t\t<\/div>\n\t\t\t\t<\/div>\n\t\t\t\t<div class=\"elementor-element elementor-element-dd629ac elementor-widget elementor-widget-text-editor\" data-id=\"dd629ac\" data-element_type=\"widget\" data-e-type=\"widget\" data-widget_type=\"text-editor.default\">\n\t\t\t\t<div class=\"elementor-widget-container\">\n\t\t\t\t\t\t\t\t\t<ul><li><p><strong>Operaciones centralizadas<\/strong>: Karlia centraliza todas las operaciones empresariales, lo que significa que puedes <strong>gestionar tus proyectos, clientes, facturas y tareas<\/strong> desde una \u00fanica plataforma, eliminando la necesidad de m\u00faltiples aplicaciones de software.<\/p><\/li><li><p><strong>F\u00e1cil de usar<\/strong>: Karlia est\u00e1 dise\u00f1ado para ser <strong>sencillo e intuitivo<\/strong>, sin necesidad de una formaci\u00f3n t\u00e9cnica compleja. Puedes <strong>familiarizarte<\/strong> con la herramienta en s\u00f3lo unos minutos y empezar a gestionar tu empresa con eficacia. <\/p><\/li><li><p><strong>Ahorro de tiempo y automatizaci\u00f3n<\/strong>: Al automatizar los procesos recurrentes, <strong>Karlia te ahorra un tiempo valioso<\/strong>. Puedes planificar tareas, hacer un seguimiento de los plazos y gestionar las finanzas sin tener que intervenir manualmente en cada etapa. <\/p><\/li><li><p><strong>Mejora de la productividad<\/strong>: Gracias a sus funciones de gesti\u00f3n de proyectos y tareas, Karlia te ayuda a <strong>optimizar tu flujo de trabajo<\/strong>, <strong>mejorar la colaboraci\u00f3n<\/strong> entre tus equipos y maximizar la productividad global.<\/p><\/li><li><p><strong>Acceso m\u00f3vil y flexibilidad<\/strong>: Con su interfaz adaptada a los dispositivos m\u00f3viles, Karlia te permite <strong>gestionar tus operaciones en movimiento<\/strong>, garantizando que permanezcas conectado a tu negocio est\u00e9s donde est\u00e9s.<\/p><\/li><\/ul>\t\t\t\t\t\t\t\t<\/div>\n\t\t\t\t<\/div>\n\t\t\t\t<div class=\"elementor-element elementor-element-4cb4820 elementor-widget elementor-widget-heading\" data-id=\"4cb4820\" data-element_type=\"widget\" data-e-type=\"widget\" data-widget_type=\"heading.default\">\n\t\t\t\t<div class=\"elementor-widget-container\">\n\t\t\t\t\t<h2 class=\"elementor-heading-title elementor-size-default\">\u00bfQui\u00e9n utiliza Karlia?<\/h2>\t\t\t\t<\/div>\n\t\t\t\t<\/div>\n\t\t\t\t<div class=\"elementor-element elementor-element-6adac4c elementor-widget elementor-widget-text-editor\" data-id=\"6adac4c\" data-element_type=\"widget\" data-e-type=\"widget\" data-widget_type=\"text-editor.default\">\n\t\t\t\t<div class=\"elementor-widget-container\">\n\t\t\t\t\t\t\t\t\t<p><strong>Karlia<\/strong> est\u00e1 dise\u00f1ado para <strong>PYMES<\/strong>, <strong>empresas de nueva creaci\u00f3n<\/strong> y <strong>grandes empresas<\/strong> que buscan simplificar la gesti\u00f3n de sus operaciones. Tanto si necesitas gestionar mejor tus proyectos, mejorar la colaboraci\u00f3n entre tus equipos u optimizar tus procesos financieros, <strong>Karlia<\/strong> es la herramienta que necesitas para centralizar todas estas tareas en una \u00fanica soluci\u00f3n. <\/p>\t\t\t\t\t\t\t\t<\/div>\n\t\t\t\t<\/div>\n\t\t\t\t\t<\/div>\n\t\t\t\t<\/div>\n\t\t<div class=\"elementor-element elementor-element-01a4802 e-flex e-con-boxed wpr-particle-no wpr-jarallax-no wpr-parallax-no wpr-sticky-section-no e-con e-parent\" data-id=\"01a4802\" data-element_type=\"container\" data-e-type=\"container\">\n\t\t\t\t\t<div class=\"e-con-inner\">\n\t\t\t\t<div class=\"elementor-element elementor-element-594d90b elementor-widget elementor-widget-heading\" data-id=\"594d90b\" data-element_type=\"widget\" data-e-type=\"widget\" data-widget_type=\"heading.default\">\n\t\t\t\t<div class=\"elementor-widget-container\">\n\t\t\t\t\t<h2 class=\"elementor-heading-title elementor-size-default\">Conclusi\u00f3n<\/h2>\t\t\t\t<\/div>\n\t\t\t\t<\/div>\n\t\t\t\t\t<\/div>\n\t\t\t\t<\/div>\n\t\t<div class=\"elementor-element elementor-element-5b7428e e-flex e-con-boxed wpr-particle-no wpr-jarallax-no wpr-parallax-no wpr-sticky-section-no e-con e-parent\" data-id=\"5b7428e\" data-element_type=\"container\" data-e-type=\"container\">\n\t\t\t\t\t<div class=\"e-con-inner\">\n\t\t\t\t<div class=\"elementor-element elementor-element-223b237 elementor-widget elementor-widget-text-editor\" data-id=\"223b237\" data-element_type=\"widget\" data-e-type=\"widget\" data-widget_type=\"text-editor.default\">\n\t\t\t\t<div class=\"elementor-widget-container\">\n\t\t\t\t\t\t\t\t\t<p><span>En conclusi\u00f3n, <\/span><strong><span>Karlia<\/span><\/strong><span> es una herramienta integral que centraliza todas las actividades de gesti\u00f3n empresarial para <\/span><strong><span>optimizar las operaciones<\/span><\/strong><span> mejorar <\/span><strong><span>la colaboraci\u00f3n en equipo<\/span><\/strong><span>  y automatizar procesos. Tanto si eres un   <\/span><strong><span>PYME<\/span><\/strong><span> s, un <\/span><strong><span>aut\u00f3nomo<\/span><\/strong><span> o una <\/span><strong><span>start-up<\/span><\/strong><span> en pleno crecimiento, <\/span><strong><span>Karlia<\/span><\/strong><span>  te ayuda a mantenerte organizado, ser productivo y gestionar f\u00e1cilmente tus proyectos, finanzas y clientes desde una \u00fanica interfaz. Si buscas una soluci\u00f3n sencilla, intuitiva y eficaz para   <\/span><strong><span>automatiza tus procesos<\/span><\/strong><span> y <\/span><strong><span>estimular el crecimiento<\/span><\/strong><span> de tu negocio, <\/span><strong><span>Karlia<\/span><\/strong><span> es la herramienta que necesitas.<\/span><\/p>\t\t\t\t\t\t\t\t<\/div>\n\t\t\t\t<\/div>\n\t\t\t\t\t<\/div>\n\t\t\t\t<\/div>\n\t\t\t\t<\/div>\n\t\t","protected":false},"excerpt":{"rendered":"<p>Karlia es una herramienta integral que centraliza todas las actividades de gesti\u00f3n empresarial para optimizar las operaciones, mejorar la colaboraci\u00f3n en equipo y automatizar los procesos.<\/p>\n<ul>\n<li class=\"wp-block-uagb-icon-list-child uagb-block-4f1c6e92\">Automatizaci\u00f3n de tareas<\/li>\n<li class=\"wp-block-uagb-icon-list-child uagb-block-d4d72a30\">Gesti\u00f3n de las relaciones con los clientes (CRM)<\/li>\n<li class=\"wp-block-uagb-icon-list-child uagb-block-8d303fd4\">Contabilidad y Finanzas<\/li>\n<li class=\"wp-block-uagb-icon-list-child uagb-block-51410556\">Creaci\u00f3n y seguimiento de proyectos<\/li>\n<\/ul>\n","protected":false},"featured_media":30540,"comment_status":"open","ping_status":"closed","template":"","meta":{"_acf_changed":false,"_glsr_average":0,"_glsr_ranking":0,"_glsr_reviews":0},"product_brand":[],"product_cat":[4228,4409],"product_tag":[],"class_list":{"0":"post-30539","1":"product","2":"type-product","3":"status-publish","4":"has-post-thumbnail","6":"product_cat-gestion-de-proyectos","7":"product_cat-software-de-contabilidad","9":"first","10":"instock","11":"shipping-taxable","12":"product-type-external"},"acf":[],"_links":{"self":[{"href":"https:\/\/boostgrowb.com\/es\/wp-json\/wp\/v2\/product\/30539","targetHints":{"allow":["GET"]}}],"collection":[{"href":"https:\/\/boostgrowb.com\/es\/wp-json\/wp\/v2\/product"}],"about":[{"href":"https:\/\/boostgrowb.com\/es\/wp-json\/wp\/v2\/types\/product"}],"replies":[{"embeddable":true,"href":"https:\/\/boostgrowb.com\/es\/wp-json\/wp\/v2\/comments?post=30539"}],"version-history":[{"count":0,"href":"https:\/\/boostgrowb.com\/es\/wp-json\/wp\/v2\/product\/30539\/revisions"}],"wp:featuredmedia":[{"embeddable":true,"href":"https:\/\/boostgrowb.com\/es\/wp-json\/wp\/v2\/media\/30540"}],"wp:attachment":[{"href":"https:\/\/boostgrowb.com\/es\/wp-json\/wp\/v2\/media?parent=30539"}],"wp:term":[{"taxonomy":"product_brand","embeddable":true,"href":"https:\/\/boostgrowb.com\/es\/wp-json\/wp\/v2\/product_brand?post=30539"},{"taxonomy":"product_cat","embeddable":true,"href":"https:\/\/boostgrowb.com\/es\/wp-json\/wp\/v2\/product_cat?post=30539"},{"taxonomy":"product_tag","embeddable":true,"href":"https:\/\/boostgrowb.com\/es\/wp-json\/wp\/v2\/product_tag?post=30539"}],"curies":[{"name":"wp","href":"https:\/\/api.w.org\/{rel}","templated":true}]}}