{"id":30548,"date":"2024-08-02T10:35:31","date_gmt":"2024-08-02T10:35:31","guid":{"rendered":"https:\/\/boostgrowb.com\/software\/writesonic\/"},"modified":"2026-02-15T14:03:29","modified_gmt":"2026-02-15T14:03:29","slug":"writesonic","status":"publish","type":"product","link":"https:\/\/boostgrowb.com\/es\/software\/writesonic\/","title":{"rendered":"Writesonic"},"content":{"rendered":"\t\t<div data-elementor-type=\"product-post\" data-elementor-id=\"30548\" class=\"elementor elementor-30548 elementor-5854\" data-elementor-post-type=\"product\">\n\t\t\t\t<div class=\"elementor-element elementor-element-f9cfdbe e-flex e-con-boxed wpr-particle-no wpr-jarallax-no wpr-parallax-no wpr-sticky-section-no e-con e-parent\" data-id=\"f9cfdbe\" data-element_type=\"container\" data-e-type=\"container\">\n\t\t\t\t\t<div class=\"e-con-inner\">\n\t\t\t\t<div class=\"elementor-element elementor-element-dc349bd elementor-widget elementor-widget-heading\" data-id=\"dc349bd\" data-element_type=\"widget\" data-e-type=\"widget\" data-widget_type=\"heading.default\">\n\t\t\t\t<div class=\"elementor-widget-container\">\n\t\t\t\t\t<h2 class=\"elementor-heading-title elementor-size-default\">\u00bfQu\u00e9 es Writesonic?<\/h2>\t\t\t\t<\/div>\n\t\t\t\t<\/div>\n\t\t\t\t<div class=\"elementor-element elementor-element-f72e360 elementor-widget elementor-widget-text-editor\" data-id=\"f72e360\" data-element_type=\"widget\" data-e-type=\"widget\" data-widget_type=\"text-editor.default\">\n\t\t\t\t<div class=\"elementor-widget-container\">\n\t\t\t\t\t\t\t\t\t<p class=\"\" data-start=\"0\" data-end=\"485\">Writesonic es un asistente de escritura con inteligencia artificial dise\u00f1ado para convertir tus ideas en contenidos impactantes y atractivos en cuesti\u00f3n de segundos. Tanto si quieres escribir una entrada de blog, una p\u00e1gina de ventas o un anuncio impactante, esta herramienta genera textos de alta calidad optimizados para captar la atenci\u00f3n y maximizar tu visibilidad. Su inteligencia artificial se basa en las mejores pr\u00e1cticas de la web para producir contenidos fluidos y persuasivos adaptados a tus necesidades.  <\/p><p class=\"\" data-start=\"487\" data-end=\"911\">Dise\u00f1ado para emprendedores, profesionales del marketing y creadores de contenidos, Writesonic incluye plantillas especializadas para todo tipo de textos: anuncios de Google y Facebook, correos electr\u00f3nicos de marketing, descripciones de productos y mucho m\u00e1s. Su motor SEO garantiza un mejor posicionamiento en Google al integrar de forma natural las palabras clave m\u00e1s relevantes, aumentando tu tr\u00e1fico y tu tasa de conversi\u00f3n. <\/p><p class=\"\" data-start=\"913\" data-end=\"1328\">Con una interfaz intuitiva y opciones de personalizaci\u00f3n avanzadas, Writesonic te permite adaptar el tono y el estilo de tus contenidos con s\u00f3lo pulsar un bot\u00f3n. Tanto si necesitas textos formales, din\u00e1micos o narrativos, la IA se ajusta a tus necesidades para una representaci\u00f3n profesional. Ahorra tiempo, mejora tu impacto y deja que la inteligencia artificial te gu\u00ede hacia contenidos convincentes y de alto rendimiento.  <\/p>\t\t\t\t\t\t\t\t<\/div>\n\t\t\t\t<\/div>\n\t\t\t\t<div class=\"elementor-element elementor-element-0c9a794 elementor-widget elementor-widget-heading\" data-id=\"0c9a794\" data-element_type=\"widget\" data-e-type=\"widget\" data-widget_type=\"heading.default\">\n\t\t\t\t<div class=\"elementor-widget-container\">\n\t\t\t\t\t<h2 class=\"elementor-heading-title elementor-size-default\">Principales caracter\u00edsticas de Writesonic<\/h2>\t\t\t\t<\/div>\n\t\t\t\t<\/div>\n\t\t\t\t<div class=\"elementor-element elementor-element-98da5da elementor-widget elementor-widget-text-editor\" data-id=\"98da5da\" data-element_type=\"widget\" data-e-type=\"widget\" data-widget_type=\"text-editor.default\">\n\t\t\t\t<div class=\"elementor-widget-container\">\n\t\t\t\t\t\t\t\t\t<p data-pm-slice=\"0 0 []\"><b>Creaci\u00f3n ultrarr\u00e1pida de contenidos de IA :<\/b>&nbsp;<span style=\"text-align: var(--text-align); color: var( --e-global-color-text ); background-color: var( --e-global-color-ca921c0 ); letter-spacing: 0px;\">Genera art\u00edculos cautivadores, anuncios impactantes, correos electr\u00f3nicos atractivos y mucho m\u00e1s en un abrir y cerrar de ojos. Gracias a su IA avanzada, Writesonic produce contenidos impactantes que captan la atenci\u00f3n y convierten. <\/span><\/p>\n<p data-pm-slice=\"0 0 []\"><strong>Optimizaci\u00f3n SEO:<\/strong> \u00a1impulsa tu posicionamiento en buscadores sin esfuerzo! Writesonic incorpora las mejores pr\u00e1cticas SEO, inserta las palabras clave esenciales y estructura tus textos para maximizar tu visibilidad en los motores de b\u00fasqueda. <\/p>\n<p data-pm-slice=\"0 0 []\"><span style=\"text-align: var(--text-align); color: var( --e-global-color-text ); background-color: var( --e-global-color-ca921c0 ); letter-spacing: 0px;\"><strong>Versatilidad para todas tus necesidades de marketing:<\/strong> art\u00edculos de blog, descripciones de productos, guiones de v\u00eddeo, p\u00e1ginas de ventas o posts en redes sociales: Writesonic se adapta a todos tus formatos y objetivos, permiti\u00e9ndote acelerar tu estrategia de contenidos de forma eficaz.<\/span><\/p>\n<p data-pm-slice=\"0 0 []\"><strong style=\"text-align: var(--text-align); color: var( --e-global-color-text ); background-color: var( --e-global-color-ca921c0 ); letter-spacing: 0px;\">Compatible con varios idiomas :<\/strong><span style=\"text-align: var(--text-align); color: var( --e-global-color-text ); background-color: var( --e-global-color-ca921c0 ); letter-spacing: 0px;\">  Rompe fronteras con una herramienta capaz de escribir en varios idiomas. Tanto si te diriges a un mercado local como internacional, Writesonic adapta tus contenidos para lograr el m\u00e1ximo impacto. <\/span><\/p>\n<p data-pm-slice=\"1 1 []\"><b>Publicaci\u00f3n simplificada y automatizada:<\/b> distribuye tus contenidos al instante y sin esfuerzo a trav\u00e9s de m\u00faltiples plataformas. Writesonic automatiza la publicaci\u00f3n para ahorrarte tiempo y garantizar una distribuci\u00f3n fluida y eficaz. <\/p>\t\t\t\t\t\t\t\t<\/div>\n\t\t\t\t<\/div>\n\t\t\t\t\t<\/div>\n\t\t\t\t<\/div>\n\t\t<div class=\"elementor-element elementor-element-ac868f3 e-flex e-con-boxed wpr-particle-no wpr-jarallax-no wpr-parallax-no wpr-sticky-section-no e-con e-parent\" data-id=\"ac868f3\" data-element_type=\"container\" data-e-type=\"container\">\n\t\t\t\t\t<div class=\"e-con-inner\">\n\t\t\t\t<div class=\"elementor-element elementor-element-9816ef4 elementor-widget elementor-widget-heading\" data-id=\"9816ef4\" data-element_type=\"widget\" data-e-type=\"widget\" data-widget_type=\"heading.default\">\n\t\t\t\t<div class=\"elementor-widget-container\">\n\t\t\t\t\t<h2 class=\"elementor-heading-title elementor-size-default\">Conclusi\u00f3n<\/h2>\t\t\t\t<\/div>\n\t\t\t\t<\/div>\n\t\t\t\t\t<\/div>\n\t\t\t\t<\/div>\n\t\t<div class=\"elementor-element elementor-element-5c613fa e-flex e-con-boxed wpr-particle-no wpr-jarallax-no wpr-parallax-no wpr-sticky-section-no e-con e-parent\" data-id=\"5c613fa\" data-element_type=\"container\" data-e-type=\"container\">\n\t\t\t\t\t<div class=\"e-con-inner\">\n\t\t\t\t<div class=\"elementor-element elementor-element-86fcac7 elementor-widget elementor-widget-text-editor\" data-id=\"86fcac7\" data-element_type=\"widget\" data-e-type=\"widget\" data-widget_type=\"text-editor.default\">\n\t\t\t\t<div class=\"elementor-widget-container\">\n\t\t\t\t\t\t\t\t\t<p><span>En pocas palabras, <\/span><strong><span>Writesonic<\/span><\/strong><span> es una potente herramienta para todos los equipos que buscan <\/span><strong><span>optimizar su producci\u00f3n de contenidos<\/span><\/strong><span>  sin sacrificar la calidad. Gracias a su interfaz intuitiva, su   <\/span><strong><span>generaci\u00f3n autom\u00e1tica de contenidos<\/span><\/strong><span> y su <\/span><strong><span>optimizaci\u00f3n SEO integrada<\/span><\/strong><span> , <\/span><strong><span>Writesonic<\/span><\/strong><span> te permite <\/span><strong><span>ahorrar tiempo<\/span><\/strong><span>  y mejora la eficacia de tu creaci\u00f3n de contenidos. Tanto si necesitas escribir entradas de blog, descripciones de productos o anuncios cautivadores,   <\/span><strong><span>Writesonic<\/span><\/strong><span> se adapta a tus necesidades y te ayuda a producir textos que capten la atenci\u00f3n de tu p\u00fablico.<\/span><\/p>\t\t\t\t\t\t\t\t<\/div>\n\t\t\t\t<\/div>\n\t\t\t\t\t<\/div>\n\t\t\t\t<\/div>\n\t\t\t\t<\/div>\n\t\t","protected":false},"excerpt":{"rendered":"<p>Writesonic es una soluci\u00f3n completa para cualquiera que desee mejorar la calidad y la eficacia de su producci\u00f3n de contenidos. Con sus funciones avanzadas y su interfaz f\u00e1cil de usar, Writesonic es una herramienta indispensable para los profesionales modernos de los contenidos. <\/p>\n<ul>\n<li>Escribir correos electr\u00f3nicos<\/li>\n<li>Crear anuncios<\/li>\n<li>Integraci\u00f3n con herramientas SEO<\/li>\n<li>Crear contenidos multiling\u00fces<\/li>\n<\/ul>\n","protected":false},"featured_media":30553,"comment_status":"open","ping_status":"closed","template":"","meta":{"_acf_changed":false,"_glsr_average":0,"_glsr_ranking":0,"_glsr_reviews":0},"product_brand":[],"product_cat":[4994,4538,4248],"product_tag":[],"class_list":{"0":"post-30548","1":"product","2":"type-product","3":"status-publish","4":"has-post-thumbnail","6":"product_cat-generador-de-entradas-de-blog-de-ai","7":"product_cat-seo-es","8":"product_cat-software-de-ia","10":"first","11":"instock","12":"shipping-taxable","13":"product-type-external"},"acf":[],"_links":{"self":[{"href":"https:\/\/boostgrowb.com\/es\/wp-json\/wp\/v2\/product\/30548","targetHints":{"allow":["GET"]}}],"collection":[{"href":"https:\/\/boostgrowb.com\/es\/wp-json\/wp\/v2\/product"}],"about":[{"href":"https:\/\/boostgrowb.com\/es\/wp-json\/wp\/v2\/types\/product"}],"replies":[{"embeddable":true,"href":"https:\/\/boostgrowb.com\/es\/wp-json\/wp\/v2\/comments?post=30548"}],"version-history":[{"count":0,"href":"https:\/\/boostgrowb.com\/es\/wp-json\/wp\/v2\/product\/30548\/revisions"}],"wp:featuredmedia":[{"embeddable":true,"href":"https:\/\/boostgrowb.com\/es\/wp-json\/wp\/v2\/media\/30553"}],"wp:attachment":[{"href":"https:\/\/boostgrowb.com\/es\/wp-json\/wp\/v2\/media?parent=30548"}],"wp:term":[{"taxonomy":"product_brand","embeddable":true,"href":"https:\/\/boostgrowb.com\/es\/wp-json\/wp\/v2\/product_brand?post=30548"},{"taxonomy":"product_cat","embeddable":true,"href":"https:\/\/boostgrowb.com\/es\/wp-json\/wp\/v2\/product_cat?post=30548"},{"taxonomy":"product_tag","embeddable":true,"href":"https:\/\/boostgrowb.com\/es\/wp-json\/wp\/v2\/product_tag?post=30548"}],"curies":[{"name":"wp","href":"https:\/\/api.w.org\/{rel}","templated":true}]}}